{"id":18866,"date":"2025-11-07T12:28:15","date_gmt":"2025-11-07T12:28:15","guid":{"rendered":"https:\/\/ocularis.ong\/?page_id=18866"},"modified":"2025-11-07T12:30:09","modified_gmt":"2025-11-07T12:30:09","slug":"em-construcao-2","status":"publish","type":"page","link":"https:\/\/ocularis.ong\/pt-pt\/em-construcao-2\/","title":{"rendered":"Em-constru\u00e7\u00e3o"},"content":{"rendered":"\t\t<div data-elementor-type=\"wp-page\" data-elementor-id=\"18866\" class=\"elementor elementor-18866 elementor-17766\" data-elementor-post-type=\"page\">\n\t\t\t\t\t\t<section class=\"elementor-section elementor-top-section elementor-element elementor-element-362c7e0 elementor-section-full_width elementor-section-height-default elementor-section-height-default\" data-id=\"362c7e0\" data-element_type=\"section\" data-e-type=\"section\" data-settings=\"{&quot;background_background&quot;:&quot;classic&quot;}\">\n\t\t\t\t\t\t\t<div class=\"elementor-background-overlay\"><\/div>\n\t\t\t\t\t\t\t<div class=\"elementor-container elementor-column-gap-no\">\n\t\t\t\t\t<div class=\"elementor-column elementor-col-100 elementor-top-column elementor-element elementor-element-a6397a7\" data-id=\"a6397a7\" data-element_type=\"column\" data-e-type=\"column\">\n\t\t\t<div class=\"elementor-widget-wrap elementor-element-populated\">\n\t\t\t\t\t\t<div class=\"elementor-element elementor-element-7cbeaea elementor-widget elementor-widget-heading\" data-id=\"7cbeaea\" data-element_type=\"widget\" data-e-type=\"widget\" data-widget_type=\"heading.default\">\n\t\t\t\t<div class=\"elementor-widget-container\">\n\t\t\t\t\t<h2 class=\"elementor-heading-title elementor-size-default\">Em constru\u00e7\u00e3o<\/h2>\t\t\t\t<\/div>\n\t\t\t\t<\/div>\n\t\t\t\t\t<\/div>\n\t\t<\/div>\n\t\t\t\t\t<\/div>\n\t\t<\/section>\n\t\t\t\t<section class=\"elementor-section elementor-top-section elementor-element elementor-element-d9dd44f elementor-section-boxed elementor-section-height-default elementor-section-height-default\" data-id=\"d9dd44f\" data-element_type=\"section\" data-e-type=\"section\">\n\t\t\t\t\t\t<div class=\"elementor-container elementor-column-gap-default\">\n\t\t\t\t\t<div class=\"elementor-column elementor-col-50 elementor-top-column elementor-element elementor-element-dceca62\" data-id=\"dceca62\" data-element_type=\"column\" data-e-type=\"column\">\n\t\t\t<div class=\"elementor-widget-wrap elementor-element-populated\">\n\t\t\t\t\t\t<div class=\"elementor-element elementor-element-7e259bc elementor-widget elementor-widget-text-editor\" data-id=\"7e259bc\" data-element_type=\"widget\" data-e-type=\"widget\" data-widget_type=\"text-editor.default\">\n\t\t\t\t<div class=\"elementor-widget-container\">\n\t\t\t\t\t\t\t\t\t<h1>\u00a0<\/h1><p><img fetchpriority=\"high\" decoding=\"async\" src=\"https:\/\/ocularis.ong\/wp-content\/uploads\/2025\/11\/foto_undre_constuction-1024x683.png\" sizes=\"(max-width: 1024px) 100vw, 1024px\" srcset=\"https:\/\/ocularis.ong\/wp-content\/uploads\/2025\/11\/foto_undre_constuction-1024x683.png 1024w, https:\/\/ocularis.ong\/wp-content\/uploads\/2025\/11\/foto_undre_constuction-300x200.png 300w, https:\/\/ocularis.ong\/wp-content\/uploads\/2025\/11\/foto_undre_constuction-768x512.png 768w, https:\/\/ocularis.ong\/wp-content\/uploads\/2025\/11\/foto_undre_constuction.png 1536w\" alt=\"\" width=\"1024\" height=\"683\" \/><\/p><p>\u00a0<\/p>\t\t\t\t\t\t\t\t<\/div>\n\t\t\t\t<\/div>\n\t\t\t\t\t<\/div>\n\t\t<\/div>\n\t\t\t\t<div class=\"elementor-column elementor-col-50 elementor-top-column elementor-element elementor-element-88c6748\" data-id=\"88c6748\" data-element_type=\"column\" data-e-type=\"column\">\n\t\t\t<div class=\"elementor-widget-wrap elementor-element-populated\">\n\t\t\t\t\t\t<div class=\"elementor-element elementor-element-2a89de0 elementor-widget elementor-widget-text-editor\" data-id=\"2a89de0\" data-element_type=\"widget\" data-e-type=\"widget\" data-widget_type=\"text-editor.default\">\n\t\t\t\t<div class=\"elementor-widget-container\">\n\t\t\t\t\t\t\t\t\t<p>Estamos trabalhando no site. Voc\u00ea pode acessar a vers\u00e3o em <a href=\"https:\/\/ocularis.ong\/ca\/todos-los-ojos\/\">catal\u00e3o<\/a> ou em <a href=\"https:\/\/ocularis.ong\/todos-los-ojos\/\">espanhol<\/a>.<br \/><br \/><\/p>\t\t\t\t\t\t\t\t<\/div>\n\t\t\t\t<\/div>\n\t\t\t\t\t<\/div>\n\t\t<\/div>\n\t\t\t\t\t<\/div>\n\t\t<\/section>\n\t\t\t\t<\/div>\n\t\t","protected":false},"excerpt":{"rendered":"<p>Em constru\u00e7\u00e3o \u00a0 \u00a0 Estamos trabalhando no site. Voc\u00ea pode acessar a vers\u00e3o em catal\u00e3o ou em espanhol.<\/p>\n","protected":false},"author":4,"featured_media":0,"parent":0,"menu_order":0,"comment_status":"closed","ping_status":"closed","template":"","meta":{"_mo_disable_npp":"","site-sidebar-layout":"no-sidebar","site-content-layout":"page-builder","ast-site-content-layout":"full-width-container","site-content-style":"unboxed","site-sidebar-style":"unboxed","ast-global-header-display":"","ast-banner-title-visibility":"","ast-main-header-display":"","ast-hfb-above-header-display":"","ast-hfb-below-header-display":"","ast-hfb-mobile-header-display":"","site-post-title":"disabled","ast-breadcrumbs-content":"","ast-featured-img":"disabled","footer-sml-layout":"","theme-transparent-header-meta":"","adv-header-id-meta":"","stick-header-meta":"","header-above-stick-meta":"","header-main-stick-meta":"","header-below-stick-meta":"","astra-migrate-meta-layouts":"set","footnotes":""},"class_list":["post-18866","page","type-page","status-publish","hentry"],"yoast_head":"<!-- This site is optimized with the Yoast SEO plugin v26.3 - https:\/\/yoast.com\/wordpress\/plugins\/seo\/ -->\n<title>Em-constru\u00e7\u00e3o - Ocularis<\/title>\n<meta name=\"robots\" content=\"index, follow, max-snippet:-1, max-image-preview:large, max-video-preview:-1\" \/>\n<link rel=\"canonical\" href=\"https:\/\/ocularis.ong\/pt-pt\/em-construcao-2\/\" \/>\n<meta property=\"og:locale\" content=\"pt_PT\" \/>\n<meta property=\"og:type\" content=\"article\" \/>\n<meta property=\"og:title\" content=\"Em-constru\u00e7\u00e3o - Ocularis\" \/>\n<meta property=\"og:description\" content=\"Em constru\u00e7\u00e3o \u00a0 \u00a0 Estamos trabalhando no site. Voc\u00ea pode acessar a vers\u00e3o em catal\u00e3o ou em espanhol.\" \/>\n<meta property=\"og:url\" content=\"https:\/\/ocularis.ong\/pt-pt\/em-construcao-2\/\" \/>\n<meta property=\"og:site_name\" content=\"Ocularis\" \/>\n<meta property=\"article:modified_time\" content=\"2025-11-07T12:30:09+00:00\" \/>\n<meta property=\"og:image\" content=\"https:\/\/ocularis.ong\/wp-content\/uploads\/2025\/11\/foto_undre_constuction-1024x683.png\" \/>\n<meta name=\"twitter:card\" content=\"summary_large_image\" \/>\n<meta name=\"twitter:label1\" content=\"Tempo estimado de leitura\" \/>\n\t<meta name=\"twitter:data1\" content=\"1 minuto\" \/>\n<script type=\"application\/ld+json\" class=\"yoast-schema-graph\">{\"@context\":\"https:\/\/schema.org\",\"@graph\":[{\"@type\":\"WebPage\",\"@id\":\"https:\/\/ocularis.ong\/pt-pt\/em-construcao-2\/\",\"url\":\"https:\/\/ocularis.ong\/pt-pt\/em-construcao-2\/\",\"name\":\"Em-constru\u00e7\u00e3o - Ocularis\",\"isPartOf\":{\"@id\":\"https:\/\/ocularis.ong\/pt-pt\/#website\"},\"primaryImageOfPage\":{\"@id\":\"https:\/\/ocularis.ong\/pt-pt\/em-construcao-2\/#primaryimage\"},\"image\":{\"@id\":\"https:\/\/ocularis.ong\/pt-pt\/em-construcao-2\/#primaryimage\"},\"thumbnailUrl\":\"https:\/\/ocularis.ong\/wp-content\/uploads\/2025\/11\/foto_undre_constuction-1024x683.png\",\"datePublished\":\"2025-11-07T12:28:15+00:00\",\"dateModified\":\"2025-11-07T12:30:09+00:00\",\"breadcrumb\":{\"@id\":\"https:\/\/ocularis.ong\/pt-pt\/em-construcao-2\/#breadcrumb\"},\"inLanguage\":\"pt-PT\",\"potentialAction\":[{\"@type\":\"ReadAction\",\"target\":[\"https:\/\/ocularis.ong\/pt-pt\/em-construcao-2\/\"]}]},{\"@type\":\"ImageObject\",\"inLanguage\":\"pt-PT\",\"@id\":\"https:\/\/ocularis.ong\/pt-pt\/em-construcao-2\/#primaryimage\",\"url\":\"https:\/\/ocularis.ong\/wp-content\/uploads\/2025\/11\/foto_undre_constuction-1024x683.png\",\"contentUrl\":\"https:\/\/ocularis.ong\/wp-content\/uploads\/2025\/11\/foto_undre_constuction-1024x683.png\"},{\"@type\":\"BreadcrumbList\",\"@id\":\"https:\/\/ocularis.ong\/pt-pt\/em-construcao-2\/#breadcrumb\",\"itemListElement\":[{\"@type\":\"ListItem\",\"position\":1,\"name\":\"Portada\",\"item\":\"https:\/\/ocularis.ong\/pt-pt\/\"},{\"@type\":\"ListItem\",\"position\":2,\"name\":\"Em-constru\u00e7\u00e3o\"}]},{\"@type\":\"WebSite\",\"@id\":\"https:\/\/ocularis.ong\/pt-pt\/#website\",\"url\":\"https:\/\/ocularis.ong\/pt-pt\/\",\"name\":\"Ocularis\",\"description\":\"Teaching to see\",\"publisher\":{\"@id\":\"https:\/\/ocularis.ong\/pt-pt\/#organization\"},\"potentialAction\":[{\"@type\":\"SearchAction\",\"target\":{\"@type\":\"EntryPoint\",\"urlTemplate\":\"https:\/\/ocularis.ong\/pt-pt\/?s={search_term_string}\"},\"query-input\":{\"@type\":\"PropertyValueSpecification\",\"valueRequired\":true,\"valueName\":\"search_term_string\"}}],\"inLanguage\":\"pt-PT\"},{\"@type\":\"Organization\",\"@id\":\"https:\/\/ocularis.ong\/pt-pt\/#organization\",\"name\":\"Ocularis\",\"url\":\"https:\/\/ocularis.ong\/pt-pt\/\",\"logo\":{\"@type\":\"ImageObject\",\"inLanguage\":\"pt-PT\",\"@id\":\"https:\/\/ocularis.ong\/pt-pt\/#\/schema\/logo\/image\/\",\"url\":\"https:\/\/ocularis.ong\/wp-content\/uploads\/2022\/09\/logo_r_139x200.jpg\",\"contentUrl\":\"https:\/\/ocularis.ong\/wp-content\/uploads\/2022\/09\/logo_r_139x200.jpg\",\"width\":139,\"height\":200,\"caption\":\"Ocularis\"},\"image\":{\"@id\":\"https:\/\/ocularis.ong\/pt-pt\/#\/schema\/logo\/image\/\"}}]}<\/script>\n<!-- \/ Yoast SEO plugin. -->","yoast_head_json":{"title":"Em-constru\u00e7\u00e3o - Ocularis","robots":{"index":"index","follow":"follow","max-snippet":"max-snippet:-1","max-image-preview":"max-image-preview:large","max-video-preview":"max-video-preview:-1"},"canonical":"https:\/\/ocularis.ong\/pt-pt\/em-construcao-2\/","og_locale":"pt_PT","og_type":"article","og_title":"Em-constru\u00e7\u00e3o - Ocularis","og_description":"Em constru\u00e7\u00e3o \u00a0 \u00a0 Estamos trabalhando no site. Voc\u00ea pode acessar a vers\u00e3o em catal\u00e3o ou em espanhol.","og_url":"https:\/\/ocularis.ong\/pt-pt\/em-construcao-2\/","og_site_name":"Ocularis","article_modified_time":"2025-11-07T12:30:09+00:00","og_image":[{"url":"https:\/\/ocularis.ong\/wp-content\/uploads\/2025\/11\/foto_undre_constuction-1024x683.png","type":"","width":"","height":""}],"twitter_card":"summary_large_image","twitter_misc":{"Tempo estimado de leitura":"1 minuto"},"schema":{"@context":"https:\/\/schema.org","@graph":[{"@type":"WebPage","@id":"https:\/\/ocularis.ong\/pt-pt\/em-construcao-2\/","url":"https:\/\/ocularis.ong\/pt-pt\/em-construcao-2\/","name":"Em-constru\u00e7\u00e3o - Ocularis","isPartOf":{"@id":"https:\/\/ocularis.ong\/pt-pt\/#website"},"primaryImageOfPage":{"@id":"https:\/\/ocularis.ong\/pt-pt\/em-construcao-2\/#primaryimage"},"image":{"@id":"https:\/\/ocularis.ong\/pt-pt\/em-construcao-2\/#primaryimage"},"thumbnailUrl":"https:\/\/ocularis.ong\/wp-content\/uploads\/2025\/11\/foto_undre_constuction-1024x683.png","datePublished":"2025-11-07T12:28:15+00:00","dateModified":"2025-11-07T12:30:09+00:00","breadcrumb":{"@id":"https:\/\/ocularis.ong\/pt-pt\/em-construcao-2\/#breadcrumb"},"inLanguage":"pt-PT","potentialAction":[{"@type":"ReadAction","target":["https:\/\/ocularis.ong\/pt-pt\/em-construcao-2\/"]}]},{"@type":"ImageObject","inLanguage":"pt-PT","@id":"https:\/\/ocularis.ong\/pt-pt\/em-construcao-2\/#primaryimage","url":"https:\/\/ocularis.ong\/wp-content\/uploads\/2025\/11\/foto_undre_constuction-1024x683.png","contentUrl":"https:\/\/ocularis.ong\/wp-content\/uploads\/2025\/11\/foto_undre_constuction-1024x683.png"},{"@type":"BreadcrumbList","@id":"https:\/\/ocularis.ong\/pt-pt\/em-construcao-2\/#breadcrumb","itemListElement":[{"@type":"ListItem","position":1,"name":"Portada","item":"https:\/\/ocularis.ong\/pt-pt\/"},{"@type":"ListItem","position":2,"name":"Em-constru\u00e7\u00e3o"}]},{"@type":"WebSite","@id":"https:\/\/ocularis.ong\/pt-pt\/#website","url":"https:\/\/ocularis.ong\/pt-pt\/","name":"Ocularis","description":"Teaching to see","publisher":{"@id":"https:\/\/ocularis.ong\/pt-pt\/#organization"},"potentialAction":[{"@type":"SearchAction","target":{"@type":"EntryPoint","urlTemplate":"https:\/\/ocularis.ong\/pt-pt\/?s={search_term_string}"},"query-input":{"@type":"PropertyValueSpecification","valueRequired":true,"valueName":"search_term_string"}}],"inLanguage":"pt-PT"},{"@type":"Organization","@id":"https:\/\/ocularis.ong\/pt-pt\/#organization","name":"Ocularis","url":"https:\/\/ocularis.ong\/pt-pt\/","logo":{"@type":"ImageObject","inLanguage":"pt-PT","@id":"https:\/\/ocularis.ong\/pt-pt\/#\/schema\/logo\/image\/","url":"https:\/\/ocularis.ong\/wp-content\/uploads\/2022\/09\/logo_r_139x200.jpg","contentUrl":"https:\/\/ocularis.ong\/wp-content\/uploads\/2022\/09\/logo_r_139x200.jpg","width":139,"height":200,"caption":"Ocularis"},"image":{"@id":"https:\/\/ocularis.ong\/pt-pt\/#\/schema\/logo\/image\/"}}]}},"_links":{"self":[{"href":"https:\/\/ocularis.ong\/pt-pt\/wp-json\/wp\/v2\/pages\/18866","targetHints":{"allow":["GET"]}}],"collection":[{"href":"https:\/\/ocularis.ong\/pt-pt\/wp-json\/wp\/v2\/pages"}],"about":[{"href":"https:\/\/ocularis.ong\/pt-pt\/wp-json\/wp\/v2\/types\/page"}],"author":[{"embeddable":true,"href":"https:\/\/ocularis.ong\/pt-pt\/wp-json\/wp\/v2\/users\/4"}],"replies":[{"embeddable":true,"href":"https:\/\/ocularis.ong\/pt-pt\/wp-json\/wp\/v2\/comments?post=18866"}],"version-history":[{"count":4,"href":"https:\/\/ocularis.ong\/pt-pt\/wp-json\/wp\/v2\/pages\/18866\/revisions"}],"predecessor-version":[{"id":18870,"href":"https:\/\/ocularis.ong\/pt-pt\/wp-json\/wp\/v2\/pages\/18866\/revisions\/18870"}],"wp:attachment":[{"href":"https:\/\/ocularis.ong\/pt-pt\/wp-json\/wp\/v2\/media?parent=18866"}],"curies":[{"name":"wp","href":"https:\/\/api.w.org\/{rel}","templated":true}]}}