{"id":17771,"date":"2025-11-07T12:18:24","date_gmt":"2025-11-07T12:18:24","guid":{"rendered":"https:\/\/ocularis.ong\/?page_id=17771"},"modified":"2025-11-07T12:18:26","modified_gmt":"2025-11-07T12:18:26","slug":"deseja-colaborar-com-a-ocularis-2","status":"publish","type":"page","link":"https:\/\/ocularis.ong\/pt-pt\/deseja-colaborar-com-a-ocularis-2\/","title":{"rendered":"Deseja colaborar com a OCULARIS?"},"content":{"rendered":"\t\t<div data-elementor-type=\"wp-page\" data-elementor-id=\"17771\" class=\"elementor elementor-17771\" data-elementor-post-type=\"page\">\n\t\t\t\t\t\t<section class=\"elementor-section elementor-top-section elementor-element elementor-element-7217b65 elementor-section-full_width elementor-section-height-default elementor-section-height-default\" data-id=\"7217b65\" data-element_type=\"section\" data-e-type=\"section\" data-settings=\"{&quot;background_background&quot;:&quot;classic&quot;}\">\n\t\t\t\t\t\t\t<div class=\"elementor-background-overlay\"><\/div>\n\t\t\t\t\t\t\t<div class=\"elementor-container elementor-column-gap-no\">\n\t\t\t\t\t<div class=\"elementor-column elementor-col-100 elementor-top-column elementor-element elementor-element-12b8711\" data-id=\"12b8711\" data-element_type=\"column\" data-e-type=\"column\">\n\t\t\t<div class=\"elementor-widget-wrap elementor-element-populated\">\n\t\t\t\t\t\t<div class=\"elementor-element elementor-element-9fd2e7f elementor-widget elementor-widget-heading\" data-id=\"9fd2e7f\" data-element_type=\"widget\" data-e-type=\"widget\" data-widget_type=\"heading.default\">\n\t\t\t\t<div class=\"elementor-widget-container\">\n\t\t\t\t\t<h1 class=\"elementor-heading-title elementor-size-default\">Deseja colaborar com a OCULARIS?<\/h1>\t\t\t\t<\/div>\n\t\t\t\t<\/div>\n\t\t\t\t\t<\/div>\n\t\t<\/div>\n\t\t\t\t\t<\/div>\n\t\t<\/section>\n\t\t\t\t<section class=\"elementor-section elementor-top-section elementor-element elementor-element-67cfcff elementor-section-boxed elementor-section-height-default elementor-section-height-default\" data-id=\"67cfcff\" data-element_type=\"section\" data-e-type=\"section\">\n\t\t\t\t\t\t<div class=\"elementor-container elementor-column-gap-default\">\n\t\t\t\t\t<div class=\"elementor-column elementor-col-50 elementor-top-column elementor-element elementor-element-5a0ef1c\" data-id=\"5a0ef1c\" data-element_type=\"column\" data-e-type=\"column\">\n\t\t\t<div class=\"elementor-widget-wrap elementor-element-populated\">\n\t\t\t\t\t\t<div class=\"elementor-element elementor-element-922efa1 elementor-widget elementor-widget-heading\" data-id=\"922efa1\" data-element_type=\"widget\" data-e-type=\"widget\" data-widget_type=\"heading.default\">\n\t\t\t\t<div class=\"elementor-widget-container\">\n\t\t\t\t\t<h2 class=\"elementor-heading-title elementor-size-default\">Ajude-nos hoje<\/h2>\t\t\t\t<\/div>\n\t\t\t\t<\/div>\n\t\t\t\t<div class=\"elementor-element elementor-element-02e74fb elementor-widget elementor-widget-heading\" data-id=\"02e74fb\" data-element_type=\"widget\" data-e-type=\"widget\" data-widget_type=\"heading.default\">\n\t\t\t\t<div class=\"elementor-widget-container\">\n\t\t\t\t\t<h3 class=\"elementor-heading-title elementor-size-default\">para que um dia n\u00e3o seja mais necess\u00e1rio<\/h3>\t\t\t\t<\/div>\n\t\t\t\t<\/div>\n\t\t\t\t<div class=\"elementor-element elementor-element-33c823f elementor-widget elementor-widget-text-editor\" data-id=\"33c823f\" data-element_type=\"widget\" data-e-type=\"widget\" data-widget_type=\"text-editor.default\">\n\t\t\t\t<div class=\"elementor-widget-container\">\n\t\t\t\t\t\t\t\t\t<p>Apoiar a OCULARIS \u00e9 ajudar os pa\u00edses onde intervimos a alcan\u00e7arem a auto-sufici\u00eancia.<\/p><p>Os efeitos da sua contribui\u00e7\u00e3o ir\u00e3o al\u00e9m da sa\u00fade visual: meninos e meninas com perda de vis\u00e3o poder\u00e3o continuar a escolaridade normal, as fam\u00edlias n\u00e3o ver\u00e3o o seu quotidiano condicionado pela cegueira de um dos seus membros e os habitantes das zonas rurais poder\u00e3o acesso aos cuidados de que necessitam.<\/p>\t\t\t\t\t\t\t\t<\/div>\n\t\t\t\t<\/div>\n\t\t\t\t<div class=\"elementor-element elementor-element-22bf824 elementor-align-center elementor-widget elementor-widget-button\" data-id=\"22bf824\" data-element_type=\"widget\" data-e-type=\"widget\" data-widget_type=\"button.default\">\n\t\t\t\t<div class=\"elementor-widget-container\">\n\t\t\t\t\t\t\t\t\t<div class=\"elementor-button-wrapper\">\n\t\t\t\t\t<a class=\"elementor-button elementor-button-link elementor-size-sm\" href=\"\/pt-pt\/deducoes-fiscais\/\" target=\"_blank\">\n\t\t\t\t\t\t<span class=\"elementor-button-content-wrapper\">\n\t\t\t\t\t\t\t\t\t<span class=\"elementor-button-text\">Conhe\u00e7a as dedu\u00e7\u00f5es fiscais<\/span>\n\t\t\t\t\t<\/span>\n\t\t\t\t\t<\/a>\n\t\t\t\t<\/div>\n\t\t\t\t\t\t\t\t<\/div>\n\t\t\t\t<\/div>\n\t\t\t\t\t<\/div>\n\t\t<\/div>\n\t\t\t\t<div class=\"elementor-column elementor-col-50 elementor-top-column elementor-element elementor-element-3e31b6e\" data-id=\"3e31b6e\" data-element_type=\"column\" data-e-type=\"column\">\n\t\t\t<div class=\"elementor-widget-wrap elementor-element-populated\">\n\t\t\t\t\t\t<div class=\"elementor-element elementor-element-918582c elementor-widget elementor-widget-ucaddon_uc_slider_image\" data-id=\"918582c\" data-element_type=\"widget\" data-e-type=\"widget\" data-widget_type=\"ucaddon_uc_slider_image.default\">\n\t\t\t\t<div class=\"elementor-widget-container\">\n\t\t\t\t\t\n<!-- start Slider Gallery -->\n\t\t<link id='unitegallery-css' href='https:\/\/ocularis.ong\/wp-content\/plugins\/unlimited-elements-for-elementor-premium\/assets_libraries\/unitegallery\/css\/unite-gallery.css' type='text\/css' rel='stylesheet' >\n\n\n<div id=\"uc_uc_slider_image_elementor_918582c\" class=\"uc-items-wrapper  \" style=\"display:none; margin:0 auto;\"  data-remote-type=\"gallery\" data-custom-sethtml=\"true\" >\n\n\n<img decoding=\"async\" alt=\"\"\n   src=\"https:\/\/ocularis.ong\/wp-content\/uploads\/2022\/11\/ocularis_colabora_1.jpg\"\n    data-image=\"https:\/\/ocularis.ong\/wp-content\/uploads\/2022\/11\/ocularis_colabora_1.jpg\">\n\n<img decoding=\"async\" alt=\"\"\n   src=\"https:\/\/ocularis.ong\/wp-content\/uploads\/2022\/11\/ocularis_colabora_2.jpg\"\n    data-image=\"https:\/\/ocularis.ong\/wp-content\/uploads\/2022\/11\/ocularis_colabora_2.jpg\">\n\n<img decoding=\"async\" alt=\"\"\n   src=\"https:\/\/ocularis.ong\/wp-content\/uploads\/2022\/11\/ocularis_colabora_3.jpg\"\n    data-image=\"https:\/\/ocularis.ong\/wp-content\/uploads\/2022\/11\/ocularis_colabora_3.jpg\">\n\n<img decoding=\"async\" alt=\"\"\n   src=\"https:\/\/ocularis.ong\/wp-content\/uploads\/2022\/11\/ocularis_colabora_4.jpg\"\n    data-image=\"https:\/\/ocularis.ong\/wp-content\/uploads\/2022\/11\/ocularis_colabora_4.jpg\">\n\n<img decoding=\"async\" alt=\"\"\n   src=\"https:\/\/ocularis.ong\/wp-content\/uploads\/2022\/11\/ocularis_colabora_5.jpg\"\n    data-image=\"https:\/\/ocularis.ong\/wp-content\/uploads\/2022\/11\/ocularis_colabora_5.jpg\">\n\n  \n<\/div>\n<!-- end Slider Gallery -->\t\t\t\t<\/div>\n\t\t\t\t<\/div>\n\t\t\t\t\t<\/div>\n\t\t<\/div>\n\t\t\t\t\t<\/div>\n\t\t<\/section>\n\t\t\t\t<section class=\"elementor-section elementor-top-section elementor-element elementor-element-ce967f0 elementor-section-boxed elementor-section-height-default elementor-section-height-default\" data-id=\"ce967f0\" data-element_type=\"section\" data-e-type=\"section\" data-settings=\"{&quot;background_background&quot;:&quot;classic&quot;}\">\n\t\t\t\t\t\t<div class=\"elementor-container elementor-column-gap-default\">\n\t\t\t\t\t<div class=\"elementor-column elementor-col-100 elementor-top-column elementor-element elementor-element-b00ce76\" data-id=\"b00ce76\" data-element_type=\"column\" data-e-type=\"column\">\n\t\t\t<div class=\"elementor-widget-wrap elementor-element-populated\">\n\t\t\t\t\t\t<section class=\"elementor-section elementor-inner-section elementor-element elementor-element-00fe1cf elementor-section-boxed elementor-section-height-default elementor-section-height-default\" data-id=\"00fe1cf\" data-element_type=\"section\" data-e-type=\"section\">\n\t\t\t\t\t\t<div class=\"elementor-container elementor-column-gap-default\">\n\t\t\t\t\t<div class=\"elementor-column elementor-col-33 elementor-inner-column elementor-element elementor-element-622eb53\" data-id=\"622eb53\" data-element_type=\"column\" data-e-type=\"column\" data-settings=\"{&quot;background_background&quot;:&quot;classic&quot;}\">\n\t\t\t<div class=\"elementor-widget-wrap elementor-element-populated\">\n\t\t\t\t\t\t<div class=\"elementor-element elementor-element-c467abe elementor-view-stacked elementor-shape-circle elementor-position-block-start elementor-mobile-position-block-start elementor-widget elementor-widget-icon-box\" data-id=\"c467abe\" data-element_type=\"widget\" data-e-type=\"widget\" data-widget_type=\"icon-box.default\">\n\t\t\t\t<div class=\"elementor-widget-container\">\n\t\t\t\t\t\t\t<div class=\"elementor-icon-box-wrapper\">\n\n\t\t\t\t\t\t<div class=\"elementor-icon-box-icon\">\n\t\t\t\t<span  class=\"elementor-icon\">\n\t\t\t\t<i aria-hidden=\"true\" class=\"fas fa-heartbeat\"><\/i>\t\t\t\t<\/span>\n\t\t\t<\/div>\n\t\t\t\n\t\t\t\t\t\t<div class=\"elementor-icon-box-content\">\n\n\t\t\t\t\t\t\t\t\t<h4 class=\"elementor-icon-box-title\">\n\t\t\t\t\t\t<span  >\n\t\t\t\t\t\t\tSou pessoa empenhada\t\t\t\t\t\t<\/span>\n\t\t\t\t\t<\/h4>\n\t\t\t\t\n\t\t\t\t\t\t\t\t\t<p class=\"elementor-icon-box-description\">\n\t\t\t\t\t\tDoar para a OCULARIS vai al\u00e9m de uma ajuda tempor\u00e1ria: cria um c\u00edrculo virtuoso que muda a realidade de um pa\u00eds.\t\t\t\t\t<\/p>\n\t\t\t\t\n\t\t\t<\/div>\n\t\t\t\n\t\t<\/div>\n\t\t\t\t\t\t<\/div>\n\t\t\t\t<\/div>\n\t\t\t\t<div class=\"elementor-element elementor-element-14c9336 elementor-align-left elementor-widget elementor-widget-button\" data-id=\"14c9336\" data-element_type=\"widget\" data-e-type=\"widget\" data-widget_type=\"button.default\">\n\t\t\t\t<div class=\"elementor-widget-container\">\n\t\t\t\t\t\t\t\t\t<div class=\"elementor-button-wrapper\">\n\t\t\t\t\t<a class=\"elementor-button elementor-button-link elementor-size-sm\" href=\"\/pt-pt\/deseja-colaborar-com-a-ocularis\/sou-uma-pessoa-comprometida\/\">\n\t\t\t\t\t\t<span class=\"elementor-button-content-wrapper\">\n\t\t\t\t\t\t<span class=\"elementor-button-icon\">\n\t\t\t\t<i aria-hidden=\"true\" class=\"fas fa-long-arrow-alt-right\"><\/i>\t\t\t<\/span>\n\t\t\t\t\t\t\t\t\t<span class=\"elementor-button-text\">Saber mais<\/span>\n\t\t\t\t\t<\/span>\n\t\t\t\t\t<\/a>\n\t\t\t\t<\/div>\n\t\t\t\t\t\t\t\t<\/div>\n\t\t\t\t<\/div>\n\t\t\t\t\t<\/div>\n\t\t<\/div>\n\t\t\t\t<div class=\"elementor-column elementor-col-33 elementor-inner-column elementor-element elementor-element-28404cd\" data-id=\"28404cd\" data-element_type=\"column\" data-e-type=\"column\" data-settings=\"{&quot;background_background&quot;:&quot;classic&quot;}\">\n\t\t\t<div class=\"elementor-widget-wrap elementor-element-populated\">\n\t\t\t\t\t\t<div class=\"elementor-element elementor-element-aae2767 elementor-view-stacked elementor-shape-circle elementor-position-block-start elementor-mobile-position-block-start elementor-widget elementor-widget-icon-box\" data-id=\"aae2767\" data-element_type=\"widget\" data-e-type=\"widget\" data-widget_type=\"icon-box.default\">\n\t\t\t\t<div class=\"elementor-widget-container\">\n\t\t\t\t\t\t\t<div class=\"elementor-icon-box-wrapper\">\n\n\t\t\t\t\t\t<div class=\"elementor-icon-box-icon\">\n\t\t\t\t<span  class=\"elementor-icon\">\n\t\t\t\t<i aria-hidden=\"true\" class=\"far fa-building\"><\/i>\t\t\t\t<\/span>\n\t\t\t<\/div>\n\t\t\t\n\t\t\t\t\t\t<div class=\"elementor-icon-box-content\">\n\n\t\t\t\t\t\t\t\t\t<h4 class=\"elementor-icon-box-title\">\n\t\t\t\t\t\t<span  >\n\t\t\t\t\t\t\tSou Empresa com Valores\t\t\t\t\t\t<\/span>\n\t\t\t\t\t<\/h4>\n\t\t\t\t\n\t\t\t\t\t\t\t\t\t<p class=\"elementor-icon-box-description\">\n\t\t\t\t\t\tPara voc\u00ea e seus clientes, seus valores s\u00e3o t\u00e3o importantes quanto os produtos e servi\u00e7os que voc\u00ea oferece. \u00a0\u00a0\u00a0\u00a0\u00a0\u00a0\u00a0\u00a0\t\t\t\t\t<\/p>\n\t\t\t\t\n\t\t\t<\/div>\n\t\t\t\n\t\t<\/div>\n\t\t\t\t\t\t<\/div>\n\t\t\t\t<\/div>\n\t\t\t\t<div class=\"elementor-element elementor-element-50ef2fa elementor-align-left elementor-widget elementor-widget-button\" data-id=\"50ef2fa\" data-element_type=\"widget\" data-e-type=\"widget\" data-widget_type=\"button.default\">\n\t\t\t\t<div class=\"elementor-widget-container\">\n\t\t\t\t\t\t\t\t\t<div class=\"elementor-button-wrapper\">\n\t\t\t\t\t<a class=\"elementor-button elementor-button-link elementor-size-sm\" href=\"\/pt-pt\/deseja-colaborar-com-a-ocularis\/sou-uma-empresa-com-valores\/\">\n\t\t\t\t\t\t<span class=\"elementor-button-content-wrapper\">\n\t\t\t\t\t\t<span class=\"elementor-button-icon\">\n\t\t\t\t<i aria-hidden=\"true\" class=\"fas fa-long-arrow-alt-right\"><\/i>\t\t\t<\/span>\n\t\t\t\t\t\t\t\t\t<span class=\"elementor-button-text\">Saber mais<\/span>\n\t\t\t\t\t<\/span>\n\t\t\t\t\t<\/a>\n\t\t\t\t<\/div>\n\t\t\t\t\t\t\t\t<\/div>\n\t\t\t\t<\/div>\n\t\t\t\t\t<\/div>\n\t\t<\/div>\n\t\t\t\t<div class=\"elementor-column elementor-col-33 elementor-inner-column elementor-element elementor-element-55b9e9c\" data-id=\"55b9e9c\" data-element_type=\"column\" data-e-type=\"column\" data-settings=\"{&quot;background_background&quot;:&quot;classic&quot;}\">\n\t\t\t<div class=\"elementor-widget-wrap elementor-element-populated\">\n\t\t\t\t\t\t<div class=\"elementor-element elementor-element-fa12b35 elementor-view-stacked elementor-shape-circle elementor-position-block-start elementor-mobile-position-block-start elementor-widget elementor-widget-icon-box\" data-id=\"fa12b35\" data-element_type=\"widget\" data-e-type=\"widget\" data-widget_type=\"icon-box.default\">\n\t\t\t\t<div class=\"elementor-widget-container\">\n\t\t\t\t\t\t\t<div class=\"elementor-icon-box-wrapper\">\n\n\t\t\t\t\t\t<div class=\"elementor-icon-box-icon\">\n\t\t\t\t<span  class=\"elementor-icon\">\n\t\t\t\t<i aria-hidden=\"true\" class=\"fas fa-glasses\"><\/i>\t\t\t\t<\/span>\n\t\t\t<\/div>\n\t\t\t\n\t\t\t\t\t\t<div class=\"elementor-icon-box-content\">\n\n\t\t\t\t\t\t\t\t\t<h4 class=\"elementor-icon-box-title\">\n\t\t\t\t\t\t<span  >\n\t\t\t\t\t\t\tSou Profesional na area da vis\u00e3o\t\t\t\t\t\t<\/span>\n\t\t\t\t\t<\/h4>\n\t\t\t\t\n\t\t\t\t\t\t\t\t\t<p class=\"elementor-icon-box-description\">\n\t\t\t\t\t\tVoc\u00ea se dedica \u00e0 optometria ou \u00e0 oftalmologia e quer colocar sua experi\u00eancia a servi\u00e7o de uma boa causa? \t\t\t\t\t<\/p>\n\t\t\t\t\n\t\t\t<\/div>\n\t\t\t\n\t\t<\/div>\n\t\t\t\t\t\t<\/div>\n\t\t\t\t<\/div>\n\t\t\t\t<div class=\"elementor-element elementor-element-bff4a22 elementor-align-left elementor-widget elementor-widget-button\" data-id=\"bff4a22\" data-element_type=\"widget\" data-e-type=\"widget\" data-widget_type=\"button.default\">\n\t\t\t\t<div class=\"elementor-widget-container\">\n\t\t\t\t\t\t\t\t\t<div class=\"elementor-button-wrapper\">\n\t\t\t\t\t<a class=\"elementor-button elementor-button-link elementor-size-sm\" href=\"\/pt-pt\/deseja-colaborar-com-a-ocularis\/sou-profesional-na-area-da-visao\/\">\n\t\t\t\t\t\t<span class=\"elementor-button-content-wrapper\">\n\t\t\t\t\t\t<span class=\"elementor-button-icon\">\n\t\t\t\t<i aria-hidden=\"true\" class=\"fas fa-long-arrow-alt-right\"><\/i>\t\t\t<\/span>\n\t\t\t\t\t\t\t\t\t<span class=\"elementor-button-text\">Saber mais<\/span>\n\t\t\t\t\t<\/span>\n\t\t\t\t\t<\/a>\n\t\t\t\t<\/div>\n\t\t\t\t\t\t\t\t<\/div>\n\t\t\t\t<\/div>\n\t\t\t\t\t<\/div>\n\t\t<\/div>\n\t\t\t\t\t<\/div>\n\t\t<\/section>\n\t\t\t\t\t<\/div>\n\t\t<\/div>\n\t\t\t\t\t<\/div>\n\t\t<\/section>\n\t\t\t\t<\/div>\n\t\t","protected":false},"excerpt":{"rendered":"<p>Deseja colaborar com a OCULARIS? Ajude-nos hoje para que um dia n\u00e3o seja mais necess\u00e1rio Apoiar a OCULARIS \u00e9 ajudar os pa\u00edses onde intervimos a alcan\u00e7arem a auto-sufici\u00eancia. Os efeitos da sua contribui\u00e7\u00e3o ir\u00e3o al\u00e9m da sa\u00fade visual: meninos e meninas com perda de vis\u00e3o poder\u00e3o continuar a escolaridade normal, as fam\u00edlias n\u00e3o ver\u00e3o o &hellip;<\/p>\n<p class=\"read-more\"> <a class=\"\" href=\"https:\/\/ocularis.ong\/pt-pt\/deseja-colaborar-com-a-ocularis-2\/\"> <span class=\"screen-reader-text\">Deseja colaborar com a OCULARIS?<\/span> Read More &raquo;<\/a><\/p>\n","protected":false},"author":4,"featured_media":0,"parent":0,"menu_order":0,"comment_status":"closed","ping_status":"closed","template":"","meta":{"_mo_disable_npp":"","site-sidebar-layout":"no-sidebar","site-content-layout":"page-builder","ast-site-content-layout":"full-width-container","site-content-style":"unboxed","site-sidebar-style":"unboxed","ast-global-header-display":"","ast-banner-title-visibility":"","ast-main-header-display":"","ast-hfb-above-header-display":"","ast-hfb-below-header-display":"","ast-hfb-mobile-header-display":"","site-post-title":"disabled","ast-breadcrumbs-content":"","ast-featured-img":"disabled","footer-sml-layout":"","theme-transparent-header-meta":"","adv-header-id-meta":"","stick-header-meta":"","header-above-stick-meta":"","header-main-stick-meta":"","header-below-stick-meta":"","astra-migrate-meta-layouts":"set","footnotes":""},"class_list":["post-17771","page","type-page","status-publish","hentry"],"yoast_head":"<!-- This site is optimized with the Yoast SEO plugin v26.3 - https:\/\/yoast.com\/wordpress\/plugins\/seo\/ -->\n<title>Deseja colaborar com a OCULARIS? - Ocularis<\/title>\n<meta name=\"robots\" content=\"index, follow, max-snippet:-1, max-image-preview:large, max-video-preview:-1\" \/>\n<link rel=\"canonical\" href=\"https:\/\/ocularis.ong\/pt-pt\/deseja-colaborar-com-a-ocularis-2\/\" \/>\n<meta property=\"og:locale\" content=\"pt_PT\" \/>\n<meta property=\"og:type\" content=\"article\" \/>\n<meta property=\"og:title\" content=\"Deseja colaborar com a OCULARIS? - Ocularis\" \/>\n<meta property=\"og:description\" content=\"Deseja colaborar com a OCULARIS? Ajude-nos hoje para que um dia n\u00e3o seja mais necess\u00e1rio Apoiar a OCULARIS \u00e9 ajudar os pa\u00edses onde intervimos a alcan\u00e7arem a auto-sufici\u00eancia. Os efeitos da sua contribui\u00e7\u00e3o ir\u00e3o al\u00e9m da sa\u00fade visual: meninos e meninas com perda de vis\u00e3o poder\u00e3o continuar a escolaridade normal, as fam\u00edlias n\u00e3o ver\u00e3o o &hellip; Deseja colaborar com a OCULARIS? Read More &raquo;\" \/>\n<meta property=\"og:url\" content=\"https:\/\/ocularis.ong\/pt-pt\/deseja-colaborar-com-a-ocularis-2\/\" \/>\n<meta property=\"og:site_name\" content=\"Ocularis\" \/>\n<meta property=\"article:modified_time\" content=\"2025-11-07T12:18:26+00:00\" \/>\n<meta property=\"og:image\" content=\"https:\/\/ocularis.ong\/wp-content\/uploads\/2022\/11\/ocularis_colabora_1.jpg\" \/>\n<meta name=\"twitter:card\" content=\"summary_large_image\" \/>\n<meta name=\"twitter:label1\" content=\"Tempo estimado de leitura\" \/>\n\t<meta name=\"twitter:data1\" content=\"2 minutos\" \/>\n<script type=\"application\/ld+json\" class=\"yoast-schema-graph\">{\"@context\":\"https:\/\/schema.org\",\"@graph\":[{\"@type\":\"WebPage\",\"@id\":\"https:\/\/ocularis.ong\/pt-pt\/deseja-colaborar-com-a-ocularis-2\/\",\"url\":\"https:\/\/ocularis.ong\/pt-pt\/deseja-colaborar-com-a-ocularis-2\/\",\"name\":\"Deseja colaborar com a OCULARIS? - Ocularis\",\"isPartOf\":{\"@id\":\"https:\/\/ocularis.ong\/pt-pt\/#website\"},\"primaryImageOfPage\":{\"@id\":\"https:\/\/ocularis.ong\/pt-pt\/deseja-colaborar-com-a-ocularis-2\/#primaryimage\"},\"image\":{\"@id\":\"https:\/\/ocularis.ong\/pt-pt\/deseja-colaborar-com-a-ocularis-2\/#primaryimage\"},\"thumbnailUrl\":\"https:\/\/ocularis.ong\/wp-content\/uploads\/2022\/11\/ocularis_colabora_1.jpg\",\"datePublished\":\"2025-11-07T12:18:24+00:00\",\"dateModified\":\"2025-11-07T12:18:26+00:00\",\"breadcrumb\":{\"@id\":\"https:\/\/ocularis.ong\/pt-pt\/deseja-colaborar-com-a-ocularis-2\/#breadcrumb\"},\"inLanguage\":\"pt-PT\",\"potentialAction\":[{\"@type\":\"ReadAction\",\"target\":[\"https:\/\/ocularis.ong\/pt-pt\/deseja-colaborar-com-a-ocularis-2\/\"]}]},{\"@type\":\"ImageObject\",\"inLanguage\":\"pt-PT\",\"@id\":\"https:\/\/ocularis.ong\/pt-pt\/deseja-colaborar-com-a-ocularis-2\/#primaryimage\",\"url\":\"https:\/\/ocularis.ong\/wp-content\/uploads\/2022\/11\/ocularis_colabora_1.jpg\",\"contentUrl\":\"https:\/\/ocularis.ong\/wp-content\/uploads\/2022\/11\/ocularis_colabora_1.jpg\"},{\"@type\":\"BreadcrumbList\",\"@id\":\"https:\/\/ocularis.ong\/pt-pt\/deseja-colaborar-com-a-ocularis-2\/#breadcrumb\",\"itemListElement\":[{\"@type\":\"ListItem\",\"position\":1,\"name\":\"Portada\",\"item\":\"https:\/\/ocularis.ong\/pt-pt\/\"},{\"@type\":\"ListItem\",\"position\":2,\"name\":\"Deseja colaborar com a OCULARIS?\"}]},{\"@type\":\"WebSite\",\"@id\":\"https:\/\/ocularis.ong\/pt-pt\/#website\",\"url\":\"https:\/\/ocularis.ong\/pt-pt\/\",\"name\":\"Ocularis\",\"description\":\"Teaching to see\",\"publisher\":{\"@id\":\"https:\/\/ocularis.ong\/pt-pt\/#organization\"},\"potentialAction\":[{\"@type\":\"SearchAction\",\"target\":{\"@type\":\"EntryPoint\",\"urlTemplate\":\"https:\/\/ocularis.ong\/pt-pt\/?s={search_term_string}\"},\"query-input\":{\"@type\":\"PropertyValueSpecification\",\"valueRequired\":true,\"valueName\":\"search_term_string\"}}],\"inLanguage\":\"pt-PT\"},{\"@type\":\"Organization\",\"@id\":\"https:\/\/ocularis.ong\/pt-pt\/#organization\",\"name\":\"Ocularis\",\"url\":\"https:\/\/ocularis.ong\/pt-pt\/\",\"logo\":{\"@type\":\"ImageObject\",\"inLanguage\":\"pt-PT\",\"@id\":\"https:\/\/ocularis.ong\/pt-pt\/#\/schema\/logo\/image\/\",\"url\":\"https:\/\/ocularis.ong\/wp-content\/uploads\/2022\/09\/logo_r_139x200.jpg\",\"contentUrl\":\"https:\/\/ocularis.ong\/wp-content\/uploads\/2022\/09\/logo_r_139x200.jpg\",\"width\":139,\"height\":200,\"caption\":\"Ocularis\"},\"image\":{\"@id\":\"https:\/\/ocularis.ong\/pt-pt\/#\/schema\/logo\/image\/\"}}]}<\/script>\n<!-- \/ Yoast SEO plugin. -->","yoast_head_json":{"title":"Deseja colaborar com a OCULARIS? - Ocularis","robots":{"index":"index","follow":"follow","max-snippet":"max-snippet:-1","max-image-preview":"max-image-preview:large","max-video-preview":"max-video-preview:-1"},"canonical":"https:\/\/ocularis.ong\/pt-pt\/deseja-colaborar-com-a-ocularis-2\/","og_locale":"pt_PT","og_type":"article","og_title":"Deseja colaborar com a OCULARIS? - Ocularis","og_description":"Deseja colaborar com a OCULARIS? Ajude-nos hoje para que um dia n\u00e3o seja mais necess\u00e1rio Apoiar a OCULARIS \u00e9 ajudar os pa\u00edses onde intervimos a alcan\u00e7arem a auto-sufici\u00eancia. Os efeitos da sua contribui\u00e7\u00e3o ir\u00e3o al\u00e9m da sa\u00fade visual: meninos e meninas com perda de vis\u00e3o poder\u00e3o continuar a escolaridade normal, as fam\u00edlias n\u00e3o ver\u00e3o o &hellip; Deseja colaborar com a OCULARIS? Read More &raquo;","og_url":"https:\/\/ocularis.ong\/pt-pt\/deseja-colaborar-com-a-ocularis-2\/","og_site_name":"Ocularis","article_modified_time":"2025-11-07T12:18:26+00:00","og_image":[{"url":"https:\/\/ocularis.ong\/wp-content\/uploads\/2022\/11\/ocularis_colabora_1.jpg","type":"","width":"","height":""}],"twitter_card":"summary_large_image","twitter_misc":{"Tempo estimado de leitura":"2 minutos"},"schema":{"@context":"https:\/\/schema.org","@graph":[{"@type":"WebPage","@id":"https:\/\/ocularis.ong\/pt-pt\/deseja-colaborar-com-a-ocularis-2\/","url":"https:\/\/ocularis.ong\/pt-pt\/deseja-colaborar-com-a-ocularis-2\/","name":"Deseja colaborar com a OCULARIS? - Ocularis","isPartOf":{"@id":"https:\/\/ocularis.ong\/pt-pt\/#website"},"primaryImageOfPage":{"@id":"https:\/\/ocularis.ong\/pt-pt\/deseja-colaborar-com-a-ocularis-2\/#primaryimage"},"image":{"@id":"https:\/\/ocularis.ong\/pt-pt\/deseja-colaborar-com-a-ocularis-2\/#primaryimage"},"thumbnailUrl":"https:\/\/ocularis.ong\/wp-content\/uploads\/2022\/11\/ocularis_colabora_1.jpg","datePublished":"2025-11-07T12:18:24+00:00","dateModified":"2025-11-07T12:18:26+00:00","breadcrumb":{"@id":"https:\/\/ocularis.ong\/pt-pt\/deseja-colaborar-com-a-ocularis-2\/#breadcrumb"},"inLanguage":"pt-PT","potentialAction":[{"@type":"ReadAction","target":["https:\/\/ocularis.ong\/pt-pt\/deseja-colaborar-com-a-ocularis-2\/"]}]},{"@type":"ImageObject","inLanguage":"pt-PT","@id":"https:\/\/ocularis.ong\/pt-pt\/deseja-colaborar-com-a-ocularis-2\/#primaryimage","url":"https:\/\/ocularis.ong\/wp-content\/uploads\/2022\/11\/ocularis_colabora_1.jpg","contentUrl":"https:\/\/ocularis.ong\/wp-content\/uploads\/2022\/11\/ocularis_colabora_1.jpg"},{"@type":"BreadcrumbList","@id":"https:\/\/ocularis.ong\/pt-pt\/deseja-colaborar-com-a-ocularis-2\/#breadcrumb","itemListElement":[{"@type":"ListItem","position":1,"name":"Portada","item":"https:\/\/ocularis.ong\/pt-pt\/"},{"@type":"ListItem","position":2,"name":"Deseja colaborar com a OCULARIS?"}]},{"@type":"WebSite","@id":"https:\/\/ocularis.ong\/pt-pt\/#website","url":"https:\/\/ocularis.ong\/pt-pt\/","name":"Ocularis","description":"Teaching to see","publisher":{"@id":"https:\/\/ocularis.ong\/pt-pt\/#organization"},"potentialAction":[{"@type":"SearchAction","target":{"@type":"EntryPoint","urlTemplate":"https:\/\/ocularis.ong\/pt-pt\/?s={search_term_string}"},"query-input":{"@type":"PropertyValueSpecification","valueRequired":true,"valueName":"search_term_string"}}],"inLanguage":"pt-PT"},{"@type":"Organization","@id":"https:\/\/ocularis.ong\/pt-pt\/#organization","name":"Ocularis","url":"https:\/\/ocularis.ong\/pt-pt\/","logo":{"@type":"ImageObject","inLanguage":"pt-PT","@id":"https:\/\/ocularis.ong\/pt-pt\/#\/schema\/logo\/image\/","url":"https:\/\/ocularis.ong\/wp-content\/uploads\/2022\/09\/logo_r_139x200.jpg","contentUrl":"https:\/\/ocularis.ong\/wp-content\/uploads\/2022\/09\/logo_r_139x200.jpg","width":139,"height":200,"caption":"Ocularis"},"image":{"@id":"https:\/\/ocularis.ong\/pt-pt\/#\/schema\/logo\/image\/"}}]}},"_links":{"self":[{"href":"https:\/\/ocularis.ong\/pt-pt\/wp-json\/wp\/v2\/pages\/17771","targetHints":{"allow":["GET"]}}],"collection":[{"href":"https:\/\/ocularis.ong\/pt-pt\/wp-json\/wp\/v2\/pages"}],"about":[{"href":"https:\/\/ocularis.ong\/pt-pt\/wp-json\/wp\/v2\/types\/page"}],"author":[{"embeddable":true,"href":"https:\/\/ocularis.ong\/pt-pt\/wp-json\/wp\/v2\/users\/4"}],"replies":[{"embeddable":true,"href":"https:\/\/ocularis.ong\/pt-pt\/wp-json\/wp\/v2\/comments?post=17771"}],"version-history":[{"count":2,"href":"https:\/\/ocularis.ong\/pt-pt\/wp-json\/wp\/v2\/pages\/17771\/revisions"}],"predecessor-version":[{"id":18857,"href":"https:\/\/ocularis.ong\/pt-pt\/wp-json\/wp\/v2\/pages\/17771\/revisions\/18857"}],"wp:attachment":[{"href":"https:\/\/ocularis.ong\/pt-pt\/wp-json\/wp\/v2\/media?parent=17771"}],"curies":[{"name":"wp","href":"https:\/\/api.w.org\/{rel}","templated":true}]}}