{"id":13723,"date":"2023-12-12T14:29:31","date_gmt":"2023-12-12T14:29:31","guid":{"rendered":"https:\/\/ocularis.ong\/?page_id=13723"},"modified":"2024-03-19T09:38:29","modified_gmt":"2024-03-19T09:38:29","slug":"politica-de-cookies","status":"publish","type":"page","link":"https:\/\/ocularis.ong\/pt-pt\/politica-de-cookies\/","title":{"rendered":"Pol\u00edtica de cookies"},"content":{"rendered":"\t\t<div data-elementor-type=\"wp-page\" data-elementor-id=\"13723\" class=\"elementor elementor-13723 elementor-8533\" data-elementor-post-type=\"page\">\n\t\t\t\t\t\t<section class=\"elementor-section elementor-top-section elementor-element elementor-element-37dcbdfd elementor-section-boxed elementor-section-height-default elementor-section-height-default\" data-id=\"37dcbdfd\" data-element_type=\"section\" data-e-type=\"section\">\n\t\t\t\t\t\t<div class=\"elementor-container elementor-column-gap-default\">\n\t\t\t\t\t<div class=\"elementor-column elementor-col-100 elementor-top-column elementor-element elementor-element-493f7a2b\" data-id=\"493f7a2b\" data-element_type=\"column\" data-e-type=\"column\">\n\t\t\t<div class=\"elementor-widget-wrap elementor-element-populated\">\n\t\t\t\t\t\t<div class=\"elementor-element elementor-element-49d13335 elementor-widget elementor-widget-text-editor\" data-id=\"49d13335\" data-element_type=\"widget\" data-e-type=\"widget\" data-widget_type=\"text-editor.default\">\n\t\t\t\t<div class=\"elementor-widget-container\">\n\t\t\t\t\t\t\t\t\t<div>\n<h3>SOBRE ESTA POL\u00cdTICA DE COOKIES<\/h3>\n<div>\n<p>Esta Pol\u00edtica de Cookies explica o que s\u00e3o cookies e como os utilizamos. O utilizador deve ler esta pol\u00edtica para compreender o que s\u00e3o cookies, como os utilizamos, os tipos de cookies que utilizamos, ou seja, as informa\u00e7\u00f5es que recolhemos utilizando cookies e como essas informa\u00e7\u00f5es s\u00e3o utilizadas e como controlar as prefer\u00eancias dos cookies. Para mais informa\u00e7\u00f5es sobre a forma como utilizamos, armazenamos e mantemos os seus dados pessoais seguros, consulte a nossa Pol\u00edtica de Privacidade.<\/p>\n<p>O utilizador pode alterar ou retirar o seu consentimento \u00e0 Declara\u00e7\u00e3o de Cookies no nosso s\u00edtio Web em qualquer altura.<\/p>\n<p>Saiba mais sobre quem somos, como nos pode contactar e como processamos os dados pessoais na nossa Pol\u00edtica de Privacidade.<\/p>\n<p>O seu consentimento aplica-se aos seguintes dom\u00ednios:<span style=\"font-style: inherit; font-weight: inherit; color: var(--ast-global-color-3);\">&nbsp;<\/span><a style=\"font-style: inherit; font-weight: inherit; background-color: #ffffff;\" href=\"http:\/\/ocularis.ong\">ocularis.ong<\/a><\/p>\n<p><div class=\"wt-cli-element cli_user_consent_state\"><\/div><\/p>\n<\/div>\n<h3>O QUE S\u00c3O cookies?<\/h3>\n<div>Os cookies s\u00e3o pequenos ficheiros de texto que s\u00e3o utilizados para armazenar pequenas informa\u00e7\u00f5es. Os cookies s\u00e3o armazenados no seu dispositivo quando o s\u00edtio Web \u00e9 carregado no seu navegador. Estes cookies ajudam-nos a fazer com que o s\u00edtio Web funcione corretamente, a torn\u00e1-lo mais seguro, a proporcionar uma melhor experi\u00eancia ao utilizador e a compreender como o s\u00edtio Web funciona e a analisar o que funciona e onde precisa de ser melhorado.<\/div>\n<\/div>\n<div>&nbsp;<\/div>\n<div>&nbsp;<span style=\"color: var(--ast-global-color-0); font-family: &quot;Objectivity Medium&quot;, Helvetica, Arial, sans-serif; font-size: 1.38889rem; font-style: inherit; text-transform: uppercase;\">COMO \u00c9 QUE UTILIZAMOS OS COOKIES?<\/span><\/div><div>\n<div>\n<p>Tal como a maioria dos servi\u00e7os em linha, o nosso s\u00edtio Web utiliza cookies pr\u00f3prios e de terceiros para diversos fins. Os cookies pr\u00f3prios s\u00e3o, na sua maioria, necess\u00e1rios para que o s\u00edtio Web funcione corretamente e n\u00e3o recolhem quaisquer informa\u00e7\u00f5es pessoais identific\u00e1veis do utilizador.<\/p>\n<p>Os cookies de terceiros utilizados nos nossos s\u00edtios Web destinam-se principalmente a compreender o funcionamento do s\u00edtio Web, a forma como o utilizador interage com o nosso s\u00edtio Web, a manter os nossos servi\u00e7os seguros, a fornecer an\u00fancios que sejam relevantes para o utilizador e, de um modo geral, a proporcionar-lhe uma experi\u00eancia de utilizador melhor e mais aperfei\u00e7oada e a ajudar a acelerar as suas futuras interac\u00e7\u00f5es com o nosso s\u00edtio Web.<\/p>\n<\/div>\n<h3>QUE TIPOS DE COOKIES UTILIZAMOS?<\/h3>\n<div>Os cookies utilizados no nosso s\u00edtio Web est\u00e3o agrupados nas seguintes categorias.<\/div>\n<div><div class=\"wt-cli-element cli_cookie_category_single\"><\/div><\/div>\n<div>La siguiente lista detalla las cookies utilizadas en nuestro sitio web.<\/div>\n<div><table class=\"wt-cli-element cookielawinfo-classic cookielawinfo-row-cat-table\"><thead><tr><th scope=\"col\" class=\"cookielawinfo-column-1\">Cookie<\/th><th scope=\"col\" class=\"cookielawinfo-column-4\">Descri\u00e7\u00e3o<\/th><\/thead><tbody><tr class=\"cookielawinfo-row\"><td colspan=\"2\" class=\"cookielawinfo-column-empty\"><\/td><\/tr><\/tbody><\/table><\/div>\n<\/div>\n<div>&nbsp;<\/div>\n<div>&nbsp;<span style=\"color: var(--ast-global-color-0); font-family: &quot;Objectivity Medium&quot;, Helvetica, Arial, sans-serif; font-size: 1.38889rem; font-style: inherit; text-transform: uppercase;\">COMO POSSO CONTROLAR AS MINHAS PREFER\u00caNCIAS DE COOKIES?<\/span><\/div><div>\n<div>\n<p>Pode gerir as suas prefer\u00eancias em mat\u00e9ria de cookies clicando no bot\u00e3o &#8220;Defini\u00e7\u00f5es&#8221; e activando ou desactivando as categorias de cookies na janela pop-up de acordo com as suas prefer\u00eancias.<\/p>\n<p><\/p>\n<p>Se decidir alterar as suas prefer\u00eancias mais tarde na sua sess\u00e3o de navega\u00e7\u00e3o, pode clicar no separador &#8220;Gerir consentimento&#8221; no seu ecr\u00e3. O aviso de consentimento ser\u00e1 novamente apresentado, permitindo-lhe alterar as suas prefer\u00eancias ou retirar completamente o seu consentimento.<\/p>\n<p>Al\u00e9m disso, os diferentes navegadores oferecem diferentes m\u00e9todos para bloquear e apagar os cookies utilizados pelos s\u00edtios Web. Pode alterar as defini\u00e7\u00f5es do seu navegador para bloquear\/eliminar os cookies. Para mais informa\u00e7\u00f5es sobre como gerir e eliminar cookies, visite&nbsp;<a style=\"font-style: inherit; font-weight: inherit; background-color: #ffffff;\" href=\"http:\/\/wikipedia.org\" target=\"_blank\" rel=\"noopener\">wikipedia.org<\/a><span style=\"font-style: inherit; font-weight: inherit; color: var(--ast-global-color-3);\">, <\/span><a style=\"font-style: inherit; font-weight: inherit; background-color: #ffffff;\" href=\"http:\/\/www.allaboutcookies.org\" target=\"_blank\" rel=\"noopener\">www.allaboutcookies.org<\/a><span style=\"font-style: inherit; font-weight: inherit; color: var(--ast-global-color-3);\">.<\/span><\/p>\n<\/div>\n<p><p class=\"wt-cli-element\" style=\"color:#333; clear:both; font-style:italic; font-size:12px; margin-top:15px;\">Powered By <a href=\"https:\/\/www.webtoffee.com\/\" style=\"color:#333; font-weight:600; font-size:12px;\">WebToffee<\/a><\/p><\/p>\n<\/div>\t\t\t\t\t\t\t\t<\/div>\n\t\t\t\t<\/div>\n\t\t\t\t\t<\/div>\n\t\t<\/div>\n\t\t\t\t\t<\/div>\n\t\t<\/section>\n\t\t\t\t<\/div>\n\t\t","protected":false},"excerpt":{"rendered":"<p>SOBRE ESTA POL\u00cdTICA DE COOKIES Esta Pol\u00edtica de Cookies explica o que s\u00e3o cookies e como os utilizamos. O utilizador deve ler esta pol\u00edtica para compreender o que s\u00e3o cookies, como os utilizamos, os tipos de cookies que utilizamos, ou seja, as informa\u00e7\u00f5es que recolhemos utilizando cookies e como essas informa\u00e7\u00f5es s\u00e3o utilizadas e como &hellip;<\/p>\n<p class=\"read-more\"> <a class=\"\" href=\"https:\/\/ocularis.ong\/pt-pt\/politica-de-cookies\/\"> <span class=\"screen-reader-text\">Pol\u00edtica de cookies<\/span> Read More &raquo;<\/a><\/p>\n","protected":false},"author":5,"featured_media":0,"parent":0,"menu_order":0,"comment_status":"closed","ping_status":"closed","template":"","meta":{"_mo_disable_npp":"","site-sidebar-layout":"default","site-content-layout":"","ast-site-content-layout":"","site-content-style":"default","site-sidebar-style":"default","ast-global-header-display":"","ast-banner-title-visibility":"","ast-main-header-display":"","ast-hfb-above-header-display":"","ast-hfb-below-header-display":"","ast-hfb-mobile-header-display":"","site-post-title":"","ast-breadcrumbs-content":"","ast-featured-img":"","footer-sml-layout":"","theme-transparent-header-meta":"","adv-header-id-meta":"","stick-header-meta":"","header-above-stick-meta":"","header-main-stick-meta":"","header-below-stick-meta":"","astra-migrate-meta-layouts":"set","footnotes":""},"class_list":["post-13723","page","type-page","status-publish","hentry"],"yoast_head":"<!-- This site is optimized with the Yoast SEO plugin v26.3 - https:\/\/yoast.com\/wordpress\/plugins\/seo\/ -->\n<title>Pol\u00edtica de cookies - Ocularis<\/title>\n<meta name=\"robots\" content=\"index, follow, max-snippet:-1, max-image-preview:large, max-video-preview:-1\" \/>\n<link rel=\"canonical\" href=\"https:\/\/ocularis.ong\/pt-pt\/politica-de-cookies\/\" \/>\n<meta property=\"og:locale\" content=\"pt_PT\" \/>\n<meta property=\"og:type\" content=\"article\" \/>\n<meta property=\"og:title\" content=\"Pol\u00edtica de cookies - Ocularis\" \/>\n<meta property=\"og:description\" content=\"SOBRE ESTA POL\u00cdTICA DE COOKIES Esta Pol\u00edtica de Cookies explica o que s\u00e3o cookies e como os utilizamos. O utilizador deve ler esta pol\u00edtica para compreender o que s\u00e3o cookies, como os utilizamos, os tipos de cookies que utilizamos, ou seja, as informa\u00e7\u00f5es que recolhemos utilizando cookies e como essas informa\u00e7\u00f5es s\u00e3o utilizadas e como &hellip; Pol\u00edtica de cookies Read More &raquo;\" \/>\n<meta property=\"og:url\" content=\"https:\/\/ocularis.ong\/pt-pt\/politica-de-cookies\/\" \/>\n<meta property=\"og:site_name\" content=\"Ocularis\" \/>\n<meta property=\"article:modified_time\" content=\"2024-03-19T09:38:29+00:00\" \/>\n<meta name=\"twitter:card\" content=\"summary_large_image\" \/>\n<meta name=\"twitter:label1\" content=\"Tempo estimado de leitura\" \/>\n\t<meta name=\"twitter:data1\" content=\"3 minutos\" \/>\n<script type=\"application\/ld+json\" class=\"yoast-schema-graph\">{\"@context\":\"https:\/\/schema.org\",\"@graph\":[{\"@type\":\"WebPage\",\"@id\":\"https:\/\/ocularis.ong\/pt-pt\/politica-de-cookies\/\",\"url\":\"https:\/\/ocularis.ong\/pt-pt\/politica-de-cookies\/\",\"name\":\"Pol\u00edtica de cookies - Ocularis\",\"isPartOf\":{\"@id\":\"https:\/\/ocularis.ong\/pt-pt\/#website\"},\"datePublished\":\"2023-12-12T14:29:31+00:00\",\"dateModified\":\"2024-03-19T09:38:29+00:00\",\"breadcrumb\":{\"@id\":\"https:\/\/ocularis.ong\/pt-pt\/politica-de-cookies\/#breadcrumb\"},\"inLanguage\":\"pt-PT\",\"potentialAction\":[{\"@type\":\"ReadAction\",\"target\":[\"https:\/\/ocularis.ong\/pt-pt\/politica-de-cookies\/\"]}]},{\"@type\":\"BreadcrumbList\",\"@id\":\"https:\/\/ocularis.ong\/pt-pt\/politica-de-cookies\/#breadcrumb\",\"itemListElement\":[{\"@type\":\"ListItem\",\"position\":1,\"name\":\"Portada\",\"item\":\"https:\/\/ocularis.ong\/pt-pt\/\"},{\"@type\":\"ListItem\",\"position\":2,\"name\":\"Pol\u00edtica de cookies\"}]},{\"@type\":\"WebSite\",\"@id\":\"https:\/\/ocularis.ong\/pt-pt\/#website\",\"url\":\"https:\/\/ocularis.ong\/pt-pt\/\",\"name\":\"Ocularis\",\"description\":\"Teaching to see\",\"publisher\":{\"@id\":\"https:\/\/ocularis.ong\/pt-pt\/#organization\"},\"potentialAction\":[{\"@type\":\"SearchAction\",\"target\":{\"@type\":\"EntryPoint\",\"urlTemplate\":\"https:\/\/ocularis.ong\/pt-pt\/?s={search_term_string}\"},\"query-input\":{\"@type\":\"PropertyValueSpecification\",\"valueRequired\":true,\"valueName\":\"search_term_string\"}}],\"inLanguage\":\"pt-PT\"},{\"@type\":\"Organization\",\"@id\":\"https:\/\/ocularis.ong\/pt-pt\/#organization\",\"name\":\"Ocularis\",\"url\":\"https:\/\/ocularis.ong\/pt-pt\/\",\"logo\":{\"@type\":\"ImageObject\",\"inLanguage\":\"pt-PT\",\"@id\":\"https:\/\/ocularis.ong\/pt-pt\/#\/schema\/logo\/image\/\",\"url\":\"https:\/\/ocularis.ong\/wp-content\/uploads\/2022\/09\/logo_r_139x200.jpg\",\"contentUrl\":\"https:\/\/ocularis.ong\/wp-content\/uploads\/2022\/09\/logo_r_139x200.jpg\",\"width\":139,\"height\":200,\"caption\":\"Ocularis\"},\"image\":{\"@id\":\"https:\/\/ocularis.ong\/pt-pt\/#\/schema\/logo\/image\/\"}}]}<\/script>\n<!-- \/ Yoast SEO plugin. -->","yoast_head_json":{"title":"Pol\u00edtica de cookies - Ocularis","robots":{"index":"index","follow":"follow","max-snippet":"max-snippet:-1","max-image-preview":"max-image-preview:large","max-video-preview":"max-video-preview:-1"},"canonical":"https:\/\/ocularis.ong\/pt-pt\/politica-de-cookies\/","og_locale":"pt_PT","og_type":"article","og_title":"Pol\u00edtica de cookies - Ocularis","og_description":"SOBRE ESTA POL\u00cdTICA DE COOKIES Esta Pol\u00edtica de Cookies explica o que s\u00e3o cookies e como os utilizamos. O utilizador deve ler esta pol\u00edtica para compreender o que s\u00e3o cookies, como os utilizamos, os tipos de cookies que utilizamos, ou seja, as informa\u00e7\u00f5es que recolhemos utilizando cookies e como essas informa\u00e7\u00f5es s\u00e3o utilizadas e como &hellip; Pol\u00edtica de cookies Read More &raquo;","og_url":"https:\/\/ocularis.ong\/pt-pt\/politica-de-cookies\/","og_site_name":"Ocularis","article_modified_time":"2024-03-19T09:38:29+00:00","twitter_card":"summary_large_image","twitter_misc":{"Tempo estimado de leitura":"3 minutos"},"schema":{"@context":"https:\/\/schema.org","@graph":[{"@type":"WebPage","@id":"https:\/\/ocularis.ong\/pt-pt\/politica-de-cookies\/","url":"https:\/\/ocularis.ong\/pt-pt\/politica-de-cookies\/","name":"Pol\u00edtica de cookies - Ocularis","isPartOf":{"@id":"https:\/\/ocularis.ong\/pt-pt\/#website"},"datePublished":"2023-12-12T14:29:31+00:00","dateModified":"2024-03-19T09:38:29+00:00","breadcrumb":{"@id":"https:\/\/ocularis.ong\/pt-pt\/politica-de-cookies\/#breadcrumb"},"inLanguage":"pt-PT","potentialAction":[{"@type":"ReadAction","target":["https:\/\/ocularis.ong\/pt-pt\/politica-de-cookies\/"]}]},{"@type":"BreadcrumbList","@id":"https:\/\/ocularis.ong\/pt-pt\/politica-de-cookies\/#breadcrumb","itemListElement":[{"@type":"ListItem","position":1,"name":"Portada","item":"https:\/\/ocularis.ong\/pt-pt\/"},{"@type":"ListItem","position":2,"name":"Pol\u00edtica de cookies"}]},{"@type":"WebSite","@id":"https:\/\/ocularis.ong\/pt-pt\/#website","url":"https:\/\/ocularis.ong\/pt-pt\/","name":"Ocularis","description":"Teaching to see","publisher":{"@id":"https:\/\/ocularis.ong\/pt-pt\/#organization"},"potentialAction":[{"@type":"SearchAction","target":{"@type":"EntryPoint","urlTemplate":"https:\/\/ocularis.ong\/pt-pt\/?s={search_term_string}"},"query-input":{"@type":"PropertyValueSpecification","valueRequired":true,"valueName":"search_term_string"}}],"inLanguage":"pt-PT"},{"@type":"Organization","@id":"https:\/\/ocularis.ong\/pt-pt\/#organization","name":"Ocularis","url":"https:\/\/ocularis.ong\/pt-pt\/","logo":{"@type":"ImageObject","inLanguage":"pt-PT","@id":"https:\/\/ocularis.ong\/pt-pt\/#\/schema\/logo\/image\/","url":"https:\/\/ocularis.ong\/wp-content\/uploads\/2022\/09\/logo_r_139x200.jpg","contentUrl":"https:\/\/ocularis.ong\/wp-content\/uploads\/2022\/09\/logo_r_139x200.jpg","width":139,"height":200,"caption":"Ocularis"},"image":{"@id":"https:\/\/ocularis.ong\/pt-pt\/#\/schema\/logo\/image\/"}}]}},"_links":{"self":[{"href":"https:\/\/ocularis.ong\/pt-pt\/wp-json\/wp\/v2\/pages\/13723","targetHints":{"allow":["GET"]}}],"collection":[{"href":"https:\/\/ocularis.ong\/pt-pt\/wp-json\/wp\/v2\/pages"}],"about":[{"href":"https:\/\/ocularis.ong\/pt-pt\/wp-json\/wp\/v2\/types\/page"}],"author":[{"embeddable":true,"href":"https:\/\/ocularis.ong\/pt-pt\/wp-json\/wp\/v2\/users\/5"}],"replies":[{"embeddable":true,"href":"https:\/\/ocularis.ong\/pt-pt\/wp-json\/wp\/v2\/comments?post=13723"}],"version-history":[{"count":9,"href":"https:\/\/ocularis.ong\/pt-pt\/wp-json\/wp\/v2\/pages\/13723\/revisions"}],"predecessor-version":[{"id":15785,"href":"https:\/\/ocularis.ong\/pt-pt\/wp-json\/wp\/v2\/pages\/13723\/revisions\/15785"}],"wp:attachment":[{"href":"https:\/\/ocularis.ong\/pt-pt\/wp-json\/wp\/v2\/media?parent=13723"}],"curies":[{"name":"wp","href":"https:\/\/api.w.org\/{rel}","templated":true}]}}