{"id":13719,"date":"2023-12-12T12:13:07","date_gmt":"2023-12-12T12:13:07","guid":{"rendered":"https:\/\/ocularis.ong\/?page_id=13719"},"modified":"2023-12-12T14:36:58","modified_gmt":"2023-12-12T14:36:58","slug":"politica-de-privacidade","status":"publish","type":"page","link":"https:\/\/ocularis.ong\/pt-pt\/politica-de-privacidade\/","title":{"rendered":"Pol\u00edtica de Privacidade"},"content":{"rendered":"\t\t<div data-elementor-type=\"wp-page\" data-elementor-id=\"13719\" class=\"elementor elementor-13719 elementor-3452\" data-elementor-post-type=\"page\">\n\t\t\t\t\t\t<section class=\"elementor-section elementor-top-section elementor-element elementor-element-293a981e elementor-section-full_width elementor-section-height-default elementor-section-height-default\" data-id=\"293a981e\" data-element_type=\"section\" data-e-type=\"section\" data-settings=\"{&quot;background_background&quot;:&quot;classic&quot;}\">\n\t\t\t\t\t\t\t<div class=\"elementor-background-overlay\"><\/div>\n\t\t\t\t\t\t\t<div class=\"elementor-container elementor-column-gap-no\">\n\t\t\t\t\t<div class=\"elementor-column elementor-col-100 elementor-top-column elementor-element elementor-element-6eae92ef\" data-id=\"6eae92ef\" data-element_type=\"column\" data-e-type=\"column\">\n\t\t\t<div class=\"elementor-widget-wrap elementor-element-populated\">\n\t\t\t\t\t\t<div class=\"elementor-element elementor-element-67c8e907 elementor-widget elementor-widget-heading\" data-id=\"67c8e907\" data-element_type=\"widget\" data-e-type=\"widget\" data-widget_type=\"heading.default\">\n\t\t\t\t<div class=\"elementor-widget-container\">\n\t\t\t\t\t<h1 class=\"elementor-heading-title elementor-size-default\">POL\u00cdTICA DE PRIVACIDADE<\/h1>\t\t\t\t<\/div>\n\t\t\t\t<\/div>\n\t\t\t\t\t<\/div>\n\t\t<\/div>\n\t\t\t\t\t<\/div>\n\t\t<\/section>\n\t\t\t\t<section class=\"elementor-section elementor-top-section elementor-element elementor-element-f9c5877 elementor-section-boxed elementor-section-height-default elementor-section-height-default\" data-id=\"f9c5877\" data-element_type=\"section\" data-e-type=\"section\">\n\t\t\t\t\t\t<div class=\"elementor-container elementor-column-gap-default\">\n\t\t\t\t\t<div class=\"elementor-column elementor-col-100 elementor-top-column elementor-element elementor-element-9afce09\" data-id=\"9afce09\" data-element_type=\"column\" data-e-type=\"column\">\n\t\t\t<div class=\"elementor-widget-wrap elementor-element-populated\">\n\t\t\t\t\t\t<div class=\"elementor-element elementor-element-b8e9ad3 elementor-widget elementor-widget-text-editor\" data-id=\"b8e9ad3\" data-element_type=\"widget\" data-e-type=\"widget\" data-widget_type=\"text-editor.default\">\n\t\t\t\t<div class=\"elementor-widget-container\">\n\t\t\t\t\t\t\t\t\t<p>A OCULARIS, em conformidade com a legisla\u00e7\u00e3o vigente em mat\u00e9ria de Prote\u00e7\u00e3o de Dados Pessoais, informa os utilizadores do site&nbsp; <a href=\"http:\/\/www.ocularis.ong\">www.ocularis.ong<\/a>&nbsp;(doravante, o Site) da Pol\u00edtica de Privacidade e Prote\u00e7\u00e3o de Dados que ser\u00e1 aplic\u00e1vel ao tratamento dos dados pessoais que os Utilizadores voluntariamente facultem ao aceder ao seu site ou \u00e0 correspondente aplica\u00e7\u00e3o m\u00f3vel.<\/p>\n<p><span style=\"font-style: inherit; font-weight: inherit; color: var(--ast-global-color-3);\">Ao facultar os seus dados pessoais \u00e0 OCULARIS atrav\u00e9s dos formul\u00e1rios electr\u00f3nicos do Site, assinalando a caixa correspondente para aceitar a cl\u00e1usula e a Pol\u00edtica de Privacidade e Prote\u00e7\u00e3o de Dados, o Utilizador consente expressamente que a OCULARIS possa tratar esses dados nos termos estabelecidos em cada cl\u00e1usula e na Pol\u00edtica de Privacidade e Prote\u00e7\u00e3o de Dados.<\/span><br><\/p>\n<p><span style=\"font-style: inherit; font-weight: inherit; color: var(--ast-global-color-3);\">A OCULARIS informa os utilizadores do Site que os seus dados pessoais s\u00f3 poder\u00e3o ser obtidos para tratamento quando forem adequados, pertinentes e n\u00e3o excessivos em rela\u00e7\u00e3o ao \u00e2mbito e finalidades espec\u00edficas, expl\u00edcitas e leg\u00edtimas para as quais foram obtidos.<\/span><br><\/p>\n<p><span style=\"font-style: inherit; font-weight: inherit; color: var(--ast-global-color-3);\">A OCULARIS compromete-se a cumprir a legisla\u00e7\u00e3o em vigor em mat\u00e9ria de prote\u00e7\u00e3o de dados em todos os momentos.<\/span><br><\/p>\n<p>O utilizador \u00e9 o \u00fanico respons\u00e1vel pela veracidade dos dados fornecidos \u00e0 OCULARIS.<\/p>\n<div>\n<div>A Organiza\u00e7\u00e3o gere adequadamente o seu ambiente de servidores, dispondo de uma infraestrutura de firewall rigorosamente conforme. Utiliza continuamente tecnologias actuais para garantir que a confidencialidade e a privacidade das informa\u00e7\u00f5es n\u00e3o s\u00e3o comprometidas. O s\u00edtio utiliza o protocolo Secure Socket Layer (SSL) para aumentar a seguran\u00e7a. O SSL \u00e9 a tecnologia padr\u00e3o do sector utilizada para proteger e manter a seguran\u00e7a das transmiss\u00f5es de mensagens atrav\u00e9s da Internet. Quando o utilizador acede \u00e0s suas contas ou envia informa\u00e7\u00f5es a partir de p\u00e1ginas seguras da Internet, a encripta\u00e7\u00e3o codifica os seus dados num formato ileg\u00edvel para impedir que utilizadores n\u00e3o autorizados acedam a este tipo de dados.<\/div>\n<div><span style=\"color: var(--ast-global-color-3); font-size: 1rem;\"><br><\/span><\/div>\n<div><span style=\"color: var(--ast-global-color-3); font-size: 1rem;\">Para o efeito, s\u00e3o adoptadas as medidas t\u00e9cnicas e organizativas necess\u00e1rias para garantir a seguran\u00e7a dos dados pessoais contidos nos mesmos e evitar a sua altera\u00e7\u00e3o, perda, tratamento ou acesso n\u00e3o autorizado, tendo em conta o estado da tecnologia, a natureza dos dados e os riscos a que est\u00e3o expostos.<\/span><br><\/div>\n<\/div>\n<div><div><br><\/div><div>Quaisquer altera\u00e7\u00f5es introduzidas na Pol\u00edtica de Privacidade e nas pr\u00e1ticas de gest\u00e3o de informa\u00e7\u00e3o ser\u00e3o reflectidas atempadamente, podendo a OCULARIS acrescentar, modificar ou eliminar a referida pol\u00edtica de privacidade conforme considerar necess\u00e1rio.<\/div><div><br><\/div><div>Em caso algum, por\u00e9m, a OCULARIS alterar\u00e1 pol\u00edticas ou pr\u00e1ticas que as tornem menos eficazes na prote\u00e7\u00e3o dos dados pessoais previamente armazenados pelos nossos clientes sem o consentimento pr\u00e9vio dos clientes em causa.<\/div><br><\/div>\t\t\t\t\t\t\t\t<\/div>\n\t\t\t\t<\/div>\n\t\t\t\t\t<\/div>\n\t\t<\/div>\n\t\t\t\t\t<\/div>\n\t\t<\/section>\n\t\t\t\t<\/div>\n\t\t","protected":false},"excerpt":{"rendered":"<p>POL\u00cdTICA DE PRIVACIDADE A OCULARIS, em conformidade com a legisla\u00e7\u00e3o vigente em mat\u00e9ria de Prote\u00e7\u00e3o de Dados Pessoais, informa os utilizadores do site&nbsp; www.ocularis.ong&nbsp;(doravante, o Site) da Pol\u00edtica de Privacidade e Prote\u00e7\u00e3o de Dados que ser\u00e1 aplic\u00e1vel ao tratamento dos dados pessoais que os Utilizadores voluntariamente facultem ao aceder ao seu site ou \u00e0 correspondente &hellip;<\/p>\n<p class=\"read-more\"> <a class=\"\" href=\"https:\/\/ocularis.ong\/pt-pt\/politica-de-privacidade\/\"> <span class=\"screen-reader-text\">Pol\u00edtica de Privacidade<\/span> Read More &raquo;<\/a><\/p>\n","protected":false},"author":5,"featured_media":0,"parent":0,"menu_order":0,"comment_status":"closed","ping_status":"closed","template":"","meta":{"_mo_disable_npp":"","site-sidebar-layout":"no-sidebar","site-content-layout":"page-builder","ast-site-content-layout":"","site-content-style":"default","site-sidebar-style":"default","ast-global-header-display":"","ast-banner-title-visibility":"","ast-main-header-display":"","ast-hfb-above-header-display":"","ast-hfb-below-header-display":"","ast-hfb-mobile-header-display":"","site-post-title":"disabled","ast-breadcrumbs-content":"","ast-featured-img":"disabled","footer-sml-layout":"","theme-transparent-header-meta":"","adv-header-id-meta":"","stick-header-meta":"","header-above-stick-meta":"","header-main-stick-meta":"","header-below-stick-meta":"","astra-migrate-meta-layouts":"set","footnotes":""},"class_list":["post-13719","page","type-page","status-publish","hentry"],"yoast_head":"<!-- This site is optimized with the Yoast SEO plugin v26.3 - https:\/\/yoast.com\/wordpress\/plugins\/seo\/ -->\n<title>Pol\u00edtica de Privacidade - Ocularis<\/title>\n<meta name=\"robots\" content=\"index, follow, max-snippet:-1, max-image-preview:large, max-video-preview:-1\" \/>\n<link rel=\"canonical\" href=\"https:\/\/ocularis.ong\/pt-pt\/politica-de-privacidade\/\" \/>\n<meta property=\"og:locale\" content=\"pt_PT\" \/>\n<meta property=\"og:type\" content=\"article\" \/>\n<meta property=\"og:title\" content=\"Pol\u00edtica de Privacidade - Ocularis\" \/>\n<meta property=\"og:description\" content=\"POL\u00cdTICA DE PRIVACIDADE A OCULARIS, em conformidade com a legisla\u00e7\u00e3o vigente em mat\u00e9ria de Prote\u00e7\u00e3o de Dados Pessoais, informa os utilizadores do site&nbsp; www.ocularis.ong&nbsp;(doravante, o Site) da Pol\u00edtica de Privacidade e Prote\u00e7\u00e3o de Dados que ser\u00e1 aplic\u00e1vel ao tratamento dos dados pessoais que os Utilizadores voluntariamente facultem ao aceder ao seu site ou \u00e0 correspondente &hellip; Pol\u00edtica de Privacidade Read More &raquo;\" \/>\n<meta property=\"og:url\" content=\"https:\/\/ocularis.ong\/pt-pt\/politica-de-privacidade\/\" \/>\n<meta property=\"og:site_name\" content=\"Ocularis\" \/>\n<meta property=\"article:modified_time\" content=\"2023-12-12T14:36:58+00:00\" \/>\n<meta name=\"twitter:card\" content=\"summary_large_image\" \/>\n<meta name=\"twitter:label1\" content=\"Tempo estimado de leitura\" \/>\n\t<meta name=\"twitter:data1\" content=\"3 minutos\" \/>\n<script type=\"application\/ld+json\" class=\"yoast-schema-graph\">{\"@context\":\"https:\/\/schema.org\",\"@graph\":[{\"@type\":\"WebPage\",\"@id\":\"https:\/\/ocularis.ong\/pt-pt\/politica-de-privacidade\/\",\"url\":\"https:\/\/ocularis.ong\/pt-pt\/politica-de-privacidade\/\",\"name\":\"Pol\u00edtica de Privacidade - Ocularis\",\"isPartOf\":{\"@id\":\"https:\/\/ocularis.ong\/pt-pt\/#website\"},\"datePublished\":\"2023-12-12T12:13:07+00:00\",\"dateModified\":\"2023-12-12T14:36:58+00:00\",\"breadcrumb\":{\"@id\":\"https:\/\/ocularis.ong\/pt-pt\/politica-de-privacidade\/#breadcrumb\"},\"inLanguage\":\"pt-PT\",\"potentialAction\":[{\"@type\":\"ReadAction\",\"target\":[\"https:\/\/ocularis.ong\/pt-pt\/politica-de-privacidade\/\"]}]},{\"@type\":\"BreadcrumbList\",\"@id\":\"https:\/\/ocularis.ong\/pt-pt\/politica-de-privacidade\/#breadcrumb\",\"itemListElement\":[{\"@type\":\"ListItem\",\"position\":1,\"name\":\"Portada\",\"item\":\"https:\/\/ocularis.ong\/pt-pt\/\"},{\"@type\":\"ListItem\",\"position\":2,\"name\":\"Pol\u00edtica de Privacidade\"}]},{\"@type\":\"WebSite\",\"@id\":\"https:\/\/ocularis.ong\/pt-pt\/#website\",\"url\":\"https:\/\/ocularis.ong\/pt-pt\/\",\"name\":\"Ocularis\",\"description\":\"Teaching to see\",\"publisher\":{\"@id\":\"https:\/\/ocularis.ong\/pt-pt\/#organization\"},\"potentialAction\":[{\"@type\":\"SearchAction\",\"target\":{\"@type\":\"EntryPoint\",\"urlTemplate\":\"https:\/\/ocularis.ong\/pt-pt\/?s={search_term_string}\"},\"query-input\":{\"@type\":\"PropertyValueSpecification\",\"valueRequired\":true,\"valueName\":\"search_term_string\"}}],\"inLanguage\":\"pt-PT\"},{\"@type\":\"Organization\",\"@id\":\"https:\/\/ocularis.ong\/pt-pt\/#organization\",\"name\":\"Ocularis\",\"url\":\"https:\/\/ocularis.ong\/pt-pt\/\",\"logo\":{\"@type\":\"ImageObject\",\"inLanguage\":\"pt-PT\",\"@id\":\"https:\/\/ocularis.ong\/pt-pt\/#\/schema\/logo\/image\/\",\"url\":\"https:\/\/ocularis.ong\/wp-content\/uploads\/2022\/09\/logo_r_139x200.jpg\",\"contentUrl\":\"https:\/\/ocularis.ong\/wp-content\/uploads\/2022\/09\/logo_r_139x200.jpg\",\"width\":139,\"height\":200,\"caption\":\"Ocularis\"},\"image\":{\"@id\":\"https:\/\/ocularis.ong\/pt-pt\/#\/schema\/logo\/image\/\"}}]}<\/script>\n<!-- \/ Yoast SEO plugin. -->","yoast_head_json":{"title":"Pol\u00edtica de Privacidade - Ocularis","robots":{"index":"index","follow":"follow","max-snippet":"max-snippet:-1","max-image-preview":"max-image-preview:large","max-video-preview":"max-video-preview:-1"},"canonical":"https:\/\/ocularis.ong\/pt-pt\/politica-de-privacidade\/","og_locale":"pt_PT","og_type":"article","og_title":"Pol\u00edtica de Privacidade - Ocularis","og_description":"POL\u00cdTICA DE PRIVACIDADE A OCULARIS, em conformidade com a legisla\u00e7\u00e3o vigente em mat\u00e9ria de Prote\u00e7\u00e3o de Dados Pessoais, informa os utilizadores do site&nbsp; www.ocularis.ong&nbsp;(doravante, o Site) da Pol\u00edtica de Privacidade e Prote\u00e7\u00e3o de Dados que ser\u00e1 aplic\u00e1vel ao tratamento dos dados pessoais que os Utilizadores voluntariamente facultem ao aceder ao seu site ou \u00e0 correspondente &hellip; Pol\u00edtica de Privacidade Read More &raquo;","og_url":"https:\/\/ocularis.ong\/pt-pt\/politica-de-privacidade\/","og_site_name":"Ocularis","article_modified_time":"2023-12-12T14:36:58+00:00","twitter_card":"summary_large_image","twitter_misc":{"Tempo estimado de leitura":"3 minutos"},"schema":{"@context":"https:\/\/schema.org","@graph":[{"@type":"WebPage","@id":"https:\/\/ocularis.ong\/pt-pt\/politica-de-privacidade\/","url":"https:\/\/ocularis.ong\/pt-pt\/politica-de-privacidade\/","name":"Pol\u00edtica de Privacidade - Ocularis","isPartOf":{"@id":"https:\/\/ocularis.ong\/pt-pt\/#website"},"datePublished":"2023-12-12T12:13:07+00:00","dateModified":"2023-12-12T14:36:58+00:00","breadcrumb":{"@id":"https:\/\/ocularis.ong\/pt-pt\/politica-de-privacidade\/#breadcrumb"},"inLanguage":"pt-PT","potentialAction":[{"@type":"ReadAction","target":["https:\/\/ocularis.ong\/pt-pt\/politica-de-privacidade\/"]}]},{"@type":"BreadcrumbList","@id":"https:\/\/ocularis.ong\/pt-pt\/politica-de-privacidade\/#breadcrumb","itemListElement":[{"@type":"ListItem","position":1,"name":"Portada","item":"https:\/\/ocularis.ong\/pt-pt\/"},{"@type":"ListItem","position":2,"name":"Pol\u00edtica de Privacidade"}]},{"@type":"WebSite","@id":"https:\/\/ocularis.ong\/pt-pt\/#website","url":"https:\/\/ocularis.ong\/pt-pt\/","name":"Ocularis","description":"Teaching to see","publisher":{"@id":"https:\/\/ocularis.ong\/pt-pt\/#organization"},"potentialAction":[{"@type":"SearchAction","target":{"@type":"EntryPoint","urlTemplate":"https:\/\/ocularis.ong\/pt-pt\/?s={search_term_string}"},"query-input":{"@type":"PropertyValueSpecification","valueRequired":true,"valueName":"search_term_string"}}],"inLanguage":"pt-PT"},{"@type":"Organization","@id":"https:\/\/ocularis.ong\/pt-pt\/#organization","name":"Ocularis","url":"https:\/\/ocularis.ong\/pt-pt\/","logo":{"@type":"ImageObject","inLanguage":"pt-PT","@id":"https:\/\/ocularis.ong\/pt-pt\/#\/schema\/logo\/image\/","url":"https:\/\/ocularis.ong\/wp-content\/uploads\/2022\/09\/logo_r_139x200.jpg","contentUrl":"https:\/\/ocularis.ong\/wp-content\/uploads\/2022\/09\/logo_r_139x200.jpg","width":139,"height":200,"caption":"Ocularis"},"image":{"@id":"https:\/\/ocularis.ong\/pt-pt\/#\/schema\/logo\/image\/"}}]}},"_links":{"self":[{"href":"https:\/\/ocularis.ong\/pt-pt\/wp-json\/wp\/v2\/pages\/13719","targetHints":{"allow":["GET"]}}],"collection":[{"href":"https:\/\/ocularis.ong\/pt-pt\/wp-json\/wp\/v2\/pages"}],"about":[{"href":"https:\/\/ocularis.ong\/pt-pt\/wp-json\/wp\/v2\/types\/page"}],"author":[{"embeddable":true,"href":"https:\/\/ocularis.ong\/pt-pt\/wp-json\/wp\/v2\/users\/5"}],"replies":[{"embeddable":true,"href":"https:\/\/ocularis.ong\/pt-pt\/wp-json\/wp\/v2\/comments?post=13719"}],"version-history":[{"count":4,"href":"https:\/\/ocularis.ong\/pt-pt\/wp-json\/wp\/v2\/pages\/13719\/revisions"}],"predecessor-version":[{"id":13813,"href":"https:\/\/ocularis.ong\/pt-pt\/wp-json\/wp\/v2\/pages\/13719\/revisions\/13813"}],"wp:attachment":[{"href":"https:\/\/ocularis.ong\/pt-pt\/wp-json\/wp\/v2\/media?parent=13719"}],"curies":[{"name":"wp","href":"https:\/\/api.w.org\/{rel}","templated":true}]}}