{"id":11933,"date":"2023-10-13T10:20:27","date_gmt":"2023-10-13T10:20:27","guid":{"rendered":"https:\/\/ocularis.ong\/?page_id=11933"},"modified":"2023-11-24T12:11:40","modified_gmt":"2023-11-24T12:11:40","slug":"optometria-pediatrica-senegal","status":"publish","type":"page","link":"https:\/\/ocularis.ong\/pt-pt\/formacoes-e-accoes\/optometria-pediatrica-senegal\/","title":{"rendered":"Optometria Pedi\u00e1trica &#8211; SENEGAL"},"content":{"rendered":"\t\t<div data-elementor-type=\"wp-page\" data-elementor-id=\"11933\" class=\"elementor elementor-11933 elementor-4405\" data-elementor-post-type=\"page\">\n\t\t\t\t\t\t<section class=\"elementor-section elementor-top-section elementor-element elementor-element-3ddde6f7 elementor-section-full_width elementor-section-height-default elementor-section-height-default\" data-id=\"3ddde6f7\" data-element_type=\"section\" data-e-type=\"section\" data-settings=\"{&quot;background_background&quot;:&quot;classic&quot;}\">\n\t\t\t\t\t\t\t<div class=\"elementor-background-overlay\"><\/div>\n\t\t\t\t\t\t\t<div class=\"elementor-container elementor-column-gap-no\">\n\t\t\t\t\t<div class=\"elementor-column elementor-col-100 elementor-top-column elementor-element elementor-element-659e0063\" data-id=\"659e0063\" data-element_type=\"column\" data-e-type=\"column\">\n\t\t\t<div class=\"elementor-widget-wrap elementor-element-populated\">\n\t\t\t\t\t\t<div class=\"elementor-element elementor-element-6931aeb6 elementor-widget elementor-widget-heading\" data-id=\"6931aeb6\" data-element_type=\"widget\" data-e-type=\"widget\" data-widget_type=\"heading.default\">\n\t\t\t\t<div class=\"elementor-widget-container\">\n\t\t\t\t\t<h1 class=\"elementor-heading-title elementor-size-default\">Optometria Pedi\u00e1trica<\/h1>\t\t\t\t<\/div>\n\t\t\t\t<\/div>\n\t\t\t\t\t<\/div>\n\t\t<\/div>\n\t\t\t\t\t<\/div>\n\t\t<\/section>\n\t\t\t\t<section class=\"elementor-section elementor-top-section elementor-element elementor-element-023d435 elementor-section-boxed elementor-section-height-default elementor-section-height-default\" data-id=\"023d435\" data-element_type=\"section\" data-e-type=\"section\">\n\t\t\t\t\t\t<div class=\"elementor-container elementor-column-gap-default\">\n\t\t\t\t\t<div class=\"elementor-column elementor-col-100 elementor-top-column elementor-element elementor-element-70eb6ed\" data-id=\"70eb6ed\" data-element_type=\"column\" data-e-type=\"column\">\n\t\t\t<div class=\"elementor-widget-wrap elementor-element-populated\">\n\t\t\t\t\t\t<div class=\"elementor-element elementor-element-fa184fd elementor-widget elementor-widget-heading\" data-id=\"fa184fd\" data-element_type=\"widget\" data-e-type=\"widget\" data-widget_type=\"heading.default\">\n\t\t\t\t<div class=\"elementor-widget-container\">\n\t\t\t\t\t<h4 class=\"elementor-heading-title elementor-size-default\">Senegal<\/h4>\t\t\t\t<\/div>\n\t\t\t\t<\/div>\n\t\t\t\t\t<\/div>\n\t\t<\/div>\n\t\t\t\t\t<\/div>\n\t\t<\/section>\n\t\t\t\t<section class=\"elementor-section elementor-top-section elementor-element elementor-element-bf9a4b1 elementor-section-boxed elementor-section-height-default elementor-section-height-default\" data-id=\"bf9a4b1\" data-element_type=\"section\" data-e-type=\"section\">\n\t\t\t\t\t\t<div class=\"elementor-container elementor-column-gap-default\">\n\t\t\t\t\t<div class=\"elementor-column elementor-col-100 elementor-top-column elementor-element elementor-element-70a1fa8\" data-id=\"70a1fa8\" data-element_type=\"column\" data-e-type=\"column\">\n\t\t\t<div class=\"elementor-widget-wrap elementor-element-populated\">\n\t\t\t\t\t\t<div class=\"elementor-element elementor-element-413f3a7 elementor-widget elementor-widget-heading\" data-id=\"413f3a7\" data-element_type=\"widget\" data-e-type=\"widget\" data-widget_type=\"heading.default\">\n\t\t\t\t<div class=\"elementor-widget-container\">\n\t\t\t\t\t<h2 class=\"elementor-heading-title elementor-size-default\">Os exames optom\u00e9tricos das crian\u00e7as s\u00e3o assim t\u00e3o importantes?<\/h2>\t\t\t\t<\/div>\n\t\t\t\t<\/div>\n\t\t\t\t<div class=\"elementor-element elementor-element-1efd5c5 elementor-widget elementor-widget-text-editor\" data-id=\"1efd5c5\" data-element_type=\"widget\" data-e-type=\"widget\" data-widget_type=\"text-editor.default\">\n\t\t\t\t<div class=\"elementor-widget-container\">\n\t\t\t\t\t\t\t\t\t<p>90% dos problemas de vis\u00e3o podem ser resolvidos com o simples uso de \u00f3culos. Simplesmente?&#8230; nem por isso.<br \/>Na Europa, temos optometristas e \u00f3pticos ao nosso alcance, mas a situa\u00e7\u00e3o \u00e9 muito diferente no Senegal ou em Mo\u00e7ambique.<br \/>O problema \u00e9 duplo:<br \/>1. A falta de profissionais de optometria deixa a grande maioria da popula\u00e7\u00e3o infantil mal atendida.<br \/>2. A falta de forma\u00e7\u00e3o destes profissionais conduz a erros na prescri\u00e7\u00e3o de \u00f3culos.<\/p>\t\t\t\t\t\t\t\t<\/div>\n\t\t\t\t<\/div>\n\t\t\t\t\t<\/div>\n\t\t<\/div>\n\t\t\t\t\t<\/div>\n\t\t<\/section>\n\t\t\t\t<section class=\"elementor-section elementor-top-section elementor-element elementor-element-ac24195 elementor-section-boxed elementor-section-height-default elementor-section-height-default\" data-id=\"ac24195\" data-element_type=\"section\" data-e-type=\"section\">\n\t\t\t\t\t\t<div class=\"elementor-container elementor-column-gap-default\">\n\t\t\t\t\t<div class=\"elementor-column elementor-col-100 elementor-top-column elementor-element elementor-element-20d432a\" data-id=\"20d432a\" data-element_type=\"column\" data-e-type=\"column\">\n\t\t\t<div class=\"elementor-widget-wrap elementor-element-populated\">\n\t\t\t\t\t\t<div class=\"elementor-element elementor-element-52e089b elementor-widget elementor-widget-gallery\" data-id=\"52e089b\" data-element_type=\"widget\" data-e-type=\"widget\" data-settings=\"{&quot;lazyload&quot;:&quot;yes&quot;,&quot;gallery_layout&quot;:&quot;grid&quot;,&quot;columns&quot;:4,&quot;columns_tablet&quot;:2,&quot;columns_mobile&quot;:1,&quot;gap&quot;:{&quot;unit&quot;:&quot;px&quot;,&quot;size&quot;:10,&quot;sizes&quot;:[]},&quot;gap_tablet&quot;:{&quot;unit&quot;:&quot;px&quot;,&quot;size&quot;:10,&quot;sizes&quot;:[]},&quot;gap_mobile&quot;:{&quot;unit&quot;:&quot;px&quot;,&quot;size&quot;:10,&quot;sizes&quot;:[]},&quot;link_to&quot;:&quot;file&quot;,&quot;aspect_ratio&quot;:&quot;3:2&quot;,&quot;overlay_background&quot;:&quot;yes&quot;,&quot;content_hover_animation&quot;:&quot;fade-in&quot;}\" data-widget_type=\"gallery.default\">\n\t\t\t\t<div class=\"elementor-widget-container\">\n\t\t\t\t\t\t\t<div class=\"elementor-gallery__container\">\n\t\t\t\t\t\t\t<a class=\"e-gallery-item elementor-gallery-item elementor-animated-content\" href=\"https:\/\/ocularis.ong\/wp-content\/uploads\/2022\/10\/ocularis_optometria-pediatrica_0-1.jpg\" data-elementor-open-lightbox=\"yes\" data-elementor-lightbox-slideshow=\"52e089b\" data-elementor-lightbox-title=\"ocularis_optometria-pediatrica_0\" data-e-action-hash=\"#elementor-action%3Aaction%3Dlightbox%26settings%3DeyJpZCI6NjMxMiwidXJsIjoiaHR0cHM6XC9cL29jdWxhcmlzLm9uZ1wvd3AtY29udGVudFwvdXBsb2Fkc1wvMjAyMlwvMTBcL29jdWxhcmlzX29wdG9tZXRyaWEtcGVkaWF0cmljYV8wLTEuanBnIiwic2xpZGVzaG93IjoiNTJlMDg5YiJ9\">\n\t\t\t\t\t<div class=\"e-gallery-image elementor-gallery-item__image\" data-thumbnail=\"https:\/\/ocularis.ong\/wp-content\/uploads\/2022\/10\/ocularis_optometria-pediatrica_0-1-300x225.jpg\" data-width=\"300\" data-height=\"225\" aria-label=\"\" role=\"img\" ><\/div>\n\t\t\t\t\t\t\t\t\t\t\t<div class=\"elementor-gallery-item__overlay\"><\/div>\n\t\t\t\t\t\t\t\t\t\t\t\t\t\t<\/a>\n\t\t\t\t\t\t\t<a class=\"e-gallery-item elementor-gallery-item elementor-animated-content\" href=\"https:\/\/ocularis.ong\/wp-content\/uploads\/2022\/10\/ocularis_optometria-pediatrica_1-1.jpg\" data-elementor-open-lightbox=\"yes\" data-elementor-lightbox-slideshow=\"52e089b\" data-elementor-lightbox-title=\"ocularis_optometria-pediatrica_1\" data-e-action-hash=\"#elementor-action%3Aaction%3Dlightbox%26settings%3DeyJpZCI6NjMxOCwidXJsIjoiaHR0cHM6XC9cL29jdWxhcmlzLm9uZ1wvd3AtY29udGVudFwvdXBsb2Fkc1wvMjAyMlwvMTBcL29jdWxhcmlzX29wdG9tZXRyaWEtcGVkaWF0cmljYV8xLTEuanBnIiwic2xpZGVzaG93IjoiNTJlMDg5YiJ9\">\n\t\t\t\t\t<div class=\"e-gallery-image elementor-gallery-item__image\" data-thumbnail=\"https:\/\/ocularis.ong\/wp-content\/uploads\/2022\/10\/ocularis_optometria-pediatrica_1-1-300x225.jpg\" data-width=\"300\" data-height=\"225\" aria-label=\"\" role=\"img\" ><\/div>\n\t\t\t\t\t\t\t\t\t\t\t<div class=\"elementor-gallery-item__overlay\"><\/div>\n\t\t\t\t\t\t\t\t\t\t\t\t\t\t<\/a>\n\t\t\t\t\t\t\t<a class=\"e-gallery-item elementor-gallery-item elementor-animated-content\" href=\"https:\/\/ocularis.ong\/wp-content\/uploads\/2022\/10\/ocularis_optometria-pediatrica_2-1.jpg\" data-elementor-open-lightbox=\"yes\" data-elementor-lightbox-slideshow=\"52e089b\" data-elementor-lightbox-title=\"ocularis_optometria-pediatrica_2\" data-e-action-hash=\"#elementor-action%3Aaction%3Dlightbox%26settings%3DeyJpZCI6NjMyNCwidXJsIjoiaHR0cHM6XC9cL29jdWxhcmlzLm9uZ1wvd3AtY29udGVudFwvdXBsb2Fkc1wvMjAyMlwvMTBcL29jdWxhcmlzX29wdG9tZXRyaWEtcGVkaWF0cmljYV8yLTEuanBnIiwic2xpZGVzaG93IjoiNTJlMDg5YiJ9\">\n\t\t\t\t\t<div class=\"e-gallery-image elementor-gallery-item__image\" data-thumbnail=\"https:\/\/ocularis.ong\/wp-content\/uploads\/2022\/10\/ocularis_optometria-pediatrica_2-1-300x225.jpg\" data-width=\"300\" data-height=\"225\" aria-label=\"\" role=\"img\" ><\/div>\n\t\t\t\t\t\t\t\t\t\t\t<div class=\"elementor-gallery-item__overlay\"><\/div>\n\t\t\t\t\t\t\t\t\t\t\t\t\t\t<\/a>\n\t\t\t\t\t<\/div>\n\t\t\t\t\t<\/div>\n\t\t\t\t<\/div>\n\t\t\t\t\t<\/div>\n\t\t<\/div>\n\t\t\t\t\t<\/div>\n\t\t<\/section>\n\t\t\t\t<section class=\"elementor-section elementor-top-section elementor-element elementor-element-b108078 elementor-section-boxed elementor-section-height-default elementor-section-height-default\" data-id=\"b108078\" data-element_type=\"section\" data-e-type=\"section\">\n\t\t\t\t\t\t<div class=\"elementor-container elementor-column-gap-default\">\n\t\t\t\t\t<div class=\"elementor-column elementor-col-100 elementor-top-column elementor-element elementor-element-6178371\" data-id=\"6178371\" data-element_type=\"column\" data-e-type=\"column\">\n\t\t\t<div class=\"elementor-widget-wrap elementor-element-populated\">\n\t\t\t\t\t\t<div class=\"elementor-element elementor-element-4e71e53 elementor-widget elementor-widget-heading\" data-id=\"4e71e53\" data-element_type=\"widget\" data-e-type=\"widget\" data-widget_type=\"heading.default\">\n\t\t\t\t<div class=\"elementor-widget-container\">\n\t\t\t\t\t<h2 class=\"elementor-heading-title elementor-size-default\">Como \u00e9 que estas revis\u00f5es s\u00e3o efectuadas?<\/h2>\t\t\t\t<\/div>\n\t\t\t\t<\/div>\n\t\t\t\t<div class=\"elementor-element elementor-element-3b902a2 elementor-widget elementor-widget-text-editor\" data-id=\"3b902a2\" data-element_type=\"widget\" data-e-type=\"widget\" data-widget_type=\"text-editor.default\">\n\t\t\t\t<div class=\"elementor-widget-container\">\n\t\t\t\t\t\t\t\t\t<p>Aproveitamos as nossas viagens de forma\u00e7\u00e3o para efetuar um grande n\u00famero de exames optom\u00e9tricos pedi\u00e1tricos em escolas de bairros desfavorecidos ou em orfanatos: al\u00e9m de oferecer a aten\u00e7\u00e3o visual necess\u00e1ria, ensinamos os alunos que nos acompanham a efetuar os v\u00e1rios testes de acuidade visual das crian\u00e7as.<\/p><p>Realizamos pr\u00e1ticas de retinoscopia com pacientes reais: um teste muito importante para determinar o estado refrativo do paciente, ou seja, saber se precisa ou n\u00e3o de \u00f3culos.<\/p><p>Finalmente, mostramos como realizar um bom rastreio visual, muito necess\u00e1rio em pa\u00edses onde n\u00e3o existe a cultura de ir ao m\u00e9dico para um controlo preventivo, mas apenas quando o problema j\u00e1 \u00e9 evidente. A dete\u00e7\u00e3o precoce de altera\u00e7\u00f5es no sistema visual permite trat\u00e1-las de forma mais r\u00e1pida e eficaz.<\/p><div><br><\/div>\t\t\t\t\t\t\t\t<\/div>\n\t\t\t\t<\/div>\n\t\t\t\t\t<\/div>\n\t\t<\/div>\n\t\t\t\t\t<\/div>\n\t\t<\/section>\n\t\t\t\t<section class=\"elementor-section elementor-top-section elementor-element elementor-element-0ea8856 elementor-section-boxed elementor-section-height-default elementor-section-height-default\" data-id=\"0ea8856\" data-element_type=\"section\" data-e-type=\"section\">\n\t\t\t\t\t\t<div class=\"elementor-container elementor-column-gap-default\">\n\t\t\t\t\t<div class=\"elementor-column elementor-col-100 elementor-top-column elementor-element elementor-element-766cea5\" data-id=\"766cea5\" data-element_type=\"column\" data-e-type=\"column\">\n\t\t\t<div class=\"elementor-widget-wrap elementor-element-populated\">\n\t\t\t\t\t\t<div class=\"elementor-element elementor-element-727d972 elementor-widget elementor-widget-gallery\" data-id=\"727d972\" data-element_type=\"widget\" data-e-type=\"widget\" data-settings=\"{&quot;lazyload&quot;:&quot;yes&quot;,&quot;gallery_layout&quot;:&quot;grid&quot;,&quot;columns&quot;:4,&quot;columns_tablet&quot;:2,&quot;columns_mobile&quot;:1,&quot;gap&quot;:{&quot;unit&quot;:&quot;px&quot;,&quot;size&quot;:10,&quot;sizes&quot;:[]},&quot;gap_tablet&quot;:{&quot;unit&quot;:&quot;px&quot;,&quot;size&quot;:10,&quot;sizes&quot;:[]},&quot;gap_mobile&quot;:{&quot;unit&quot;:&quot;px&quot;,&quot;size&quot;:10,&quot;sizes&quot;:[]},&quot;link_to&quot;:&quot;file&quot;,&quot;aspect_ratio&quot;:&quot;3:2&quot;,&quot;overlay_background&quot;:&quot;yes&quot;,&quot;content_hover_animation&quot;:&quot;fade-in&quot;}\" data-widget_type=\"gallery.default\">\n\t\t\t\t<div class=\"elementor-widget-container\">\n\t\t\t\t\t\t\t<div class=\"elementor-gallery__container\">\n\t\t\t\t\t<\/div>\n\t\t\t\t\t<\/div>\n\t\t\t\t<\/div>\n\t\t\t\t\t<\/div>\n\t\t<\/div>\n\t\t\t\t\t<\/div>\n\t\t<\/section>\n\t\t\t\t<\/div>\n\t\t","protected":false},"excerpt":{"rendered":"<p>Optometria Pedi\u00e1trica Senegal Os exames optom\u00e9tricos das crian\u00e7as s\u00e3o assim t\u00e3o importantes? 90% dos problemas de vis\u00e3o podem ser resolvidos com o simples uso de \u00f3culos. Simplesmente?&#8230; nem por isso.Na Europa, temos optometristas e \u00f3pticos ao nosso alcance, mas a situa\u00e7\u00e3o \u00e9 muito diferente no Senegal ou em Mo\u00e7ambique.O problema \u00e9 duplo:1. A falta de &hellip;<\/p>\n<p class=\"read-more\"> <a class=\"\" href=\"https:\/\/ocularis.ong\/pt-pt\/formacoes-e-accoes\/optometria-pediatrica-senegal\/\"> <span class=\"screen-reader-text\">Optometria Pedi\u00e1trica &#8211; SENEGAL<\/span> Read More &raquo;<\/a><\/p>\n","protected":false},"author":6,"featured_media":0,"parent":11910,"menu_order":0,"comment_status":"closed","ping_status":"closed","template":"","meta":{"_mo_disable_npp":"","site-sidebar-layout":"no-sidebar","site-content-layout":"page-builder","ast-site-content-layout":"default","site-content-style":"default","site-sidebar-style":"default","ast-global-header-display":"","ast-banner-title-visibility":"","ast-main-header-display":"","ast-hfb-above-header-display":"","ast-hfb-below-header-display":"","ast-hfb-mobile-header-display":"","site-post-title":"disabled","ast-breadcrumbs-content":"","ast-featured-img":"disabled","footer-sml-layout":"","theme-transparent-header-meta":"","adv-header-id-meta":"","stick-header-meta":"","header-above-stick-meta":"","header-main-stick-meta":"","header-below-stick-meta":"","astra-migrate-meta-layouts":"set","footnotes":""},"class_list":["post-11933","page","type-page","status-publish","hentry"],"yoast_head":"<!-- This site is optimized with the Yoast SEO plugin v26.3 - https:\/\/yoast.com\/wordpress\/plugins\/seo\/ -->\n<title>Optometria Pedi\u00e1trica - SENEGAL - Ocularis<\/title>\n<meta name=\"robots\" content=\"index, follow, max-snippet:-1, max-image-preview:large, max-video-preview:-1\" \/>\n<link rel=\"canonical\" href=\"https:\/\/ocularis.ong\/pt-pt\/formacoes-e-accoes\/optometria-pediatrica-senegal\/\" \/>\n<meta property=\"og:locale\" content=\"pt_PT\" \/>\n<meta property=\"og:type\" content=\"article\" \/>\n<meta property=\"og:title\" content=\"Optometria Pedi\u00e1trica - SENEGAL - Ocularis\" \/>\n<meta property=\"og:description\" content=\"Optometria Pedi\u00e1trica Senegal Os exames optom\u00e9tricos das crian\u00e7as s\u00e3o assim t\u00e3o importantes? 90% dos problemas de vis\u00e3o podem ser resolvidos com o simples uso de \u00f3culos. Simplesmente?&#8230; nem por isso.Na Europa, temos optometristas e \u00f3pticos ao nosso alcance, mas a situa\u00e7\u00e3o \u00e9 muito diferente no Senegal ou em Mo\u00e7ambique.O problema \u00e9 duplo:1. A falta de &hellip; Optometria Pedi\u00e1trica &#8211; SENEGAL Read More &raquo;\" \/>\n<meta property=\"og:url\" content=\"https:\/\/ocularis.ong\/pt-pt\/formacoes-e-accoes\/optometria-pediatrica-senegal\/\" \/>\n<meta property=\"og:site_name\" content=\"Ocularis\" \/>\n<meta property=\"article:modified_time\" content=\"2023-11-24T12:11:40+00:00\" \/>\n<meta name=\"twitter:card\" content=\"summary_large_image\" \/>\n<meta name=\"twitter:label1\" content=\"Tempo estimado de leitura\" \/>\n\t<meta name=\"twitter:data1\" content=\"2 minutos\" \/>\n<script type=\"application\/ld+json\" class=\"yoast-schema-graph\">{\"@context\":\"https:\/\/schema.org\",\"@graph\":[{\"@type\":\"WebPage\",\"@id\":\"https:\/\/ocularis.ong\/pt-pt\/formacoes-e-accoes\/optometria-pediatrica-senegal\/\",\"url\":\"https:\/\/ocularis.ong\/pt-pt\/formacoes-e-accoes\/optometria-pediatrica-senegal\/\",\"name\":\"Optometria Pedi\u00e1trica - SENEGAL - Ocularis\",\"isPartOf\":{\"@id\":\"https:\/\/ocularis.ong\/pt-pt\/#website\"},\"datePublished\":\"2023-10-13T10:20:27+00:00\",\"dateModified\":\"2023-11-24T12:11:40+00:00\",\"breadcrumb\":{\"@id\":\"https:\/\/ocularis.ong\/pt-pt\/formacoes-e-accoes\/optometria-pediatrica-senegal\/#breadcrumb\"},\"inLanguage\":\"pt-PT\",\"potentialAction\":[{\"@type\":\"ReadAction\",\"target\":[\"https:\/\/ocularis.ong\/pt-pt\/formacoes-e-accoes\/optometria-pediatrica-senegal\/\"]}]},{\"@type\":\"BreadcrumbList\",\"@id\":\"https:\/\/ocularis.ong\/pt-pt\/formacoes-e-accoes\/optometria-pediatrica-senegal\/#breadcrumb\",\"itemListElement\":[{\"@type\":\"ListItem\",\"position\":1,\"name\":\"Portada\",\"item\":\"https:\/\/ocularis.ong\/pt-pt\/\"},{\"@type\":\"ListItem\",\"position\":2,\"name\":\"Forma\u00e7\u00f5es e a\u00e7\u00f5es\",\"item\":\"https:\/\/ocularis.ong\/pt-pt\/formacoes-e-accoes\/\"},{\"@type\":\"ListItem\",\"position\":3,\"name\":\"Optometria Pedi\u00e1trica &#8211; SENEGAL\"}]},{\"@type\":\"WebSite\",\"@id\":\"https:\/\/ocularis.ong\/pt-pt\/#website\",\"url\":\"https:\/\/ocularis.ong\/pt-pt\/\",\"name\":\"Ocularis\",\"description\":\"Teaching to see\",\"publisher\":{\"@id\":\"https:\/\/ocularis.ong\/pt-pt\/#organization\"},\"potentialAction\":[{\"@type\":\"SearchAction\",\"target\":{\"@type\":\"EntryPoint\",\"urlTemplate\":\"https:\/\/ocularis.ong\/pt-pt\/?s={search_term_string}\"},\"query-input\":{\"@type\":\"PropertyValueSpecification\",\"valueRequired\":true,\"valueName\":\"search_term_string\"}}],\"inLanguage\":\"pt-PT\"},{\"@type\":\"Organization\",\"@id\":\"https:\/\/ocularis.ong\/pt-pt\/#organization\",\"name\":\"Ocularis\",\"url\":\"https:\/\/ocularis.ong\/pt-pt\/\",\"logo\":{\"@type\":\"ImageObject\",\"inLanguage\":\"pt-PT\",\"@id\":\"https:\/\/ocularis.ong\/pt-pt\/#\/schema\/logo\/image\/\",\"url\":\"https:\/\/ocularis.ong\/wp-content\/uploads\/2022\/09\/logo_r_139x200.jpg\",\"contentUrl\":\"https:\/\/ocularis.ong\/wp-content\/uploads\/2022\/09\/logo_r_139x200.jpg\",\"width\":139,\"height\":200,\"caption\":\"Ocularis\"},\"image\":{\"@id\":\"https:\/\/ocularis.ong\/pt-pt\/#\/schema\/logo\/image\/\"}}]}<\/script>\n<!-- \/ Yoast SEO plugin. -->","yoast_head_json":{"title":"Optometria Pedi\u00e1trica - SENEGAL - Ocularis","robots":{"index":"index","follow":"follow","max-snippet":"max-snippet:-1","max-image-preview":"max-image-preview:large","max-video-preview":"max-video-preview:-1"},"canonical":"https:\/\/ocularis.ong\/pt-pt\/formacoes-e-accoes\/optometria-pediatrica-senegal\/","og_locale":"pt_PT","og_type":"article","og_title":"Optometria Pedi\u00e1trica - SENEGAL - Ocularis","og_description":"Optometria Pedi\u00e1trica Senegal Os exames optom\u00e9tricos das crian\u00e7as s\u00e3o assim t\u00e3o importantes? 90% dos problemas de vis\u00e3o podem ser resolvidos com o simples uso de \u00f3culos. Simplesmente?&#8230; nem por isso.Na Europa, temos optometristas e \u00f3pticos ao nosso alcance, mas a situa\u00e7\u00e3o \u00e9 muito diferente no Senegal ou em Mo\u00e7ambique.O problema \u00e9 duplo:1. A falta de &hellip; Optometria Pedi\u00e1trica &#8211; SENEGAL Read More &raquo;","og_url":"https:\/\/ocularis.ong\/pt-pt\/formacoes-e-accoes\/optometria-pediatrica-senegal\/","og_site_name":"Ocularis","article_modified_time":"2023-11-24T12:11:40+00:00","twitter_card":"summary_large_image","twitter_misc":{"Tempo estimado de leitura":"2 minutos"},"schema":{"@context":"https:\/\/schema.org","@graph":[{"@type":"WebPage","@id":"https:\/\/ocularis.ong\/pt-pt\/formacoes-e-accoes\/optometria-pediatrica-senegal\/","url":"https:\/\/ocularis.ong\/pt-pt\/formacoes-e-accoes\/optometria-pediatrica-senegal\/","name":"Optometria Pedi\u00e1trica - SENEGAL - Ocularis","isPartOf":{"@id":"https:\/\/ocularis.ong\/pt-pt\/#website"},"datePublished":"2023-10-13T10:20:27+00:00","dateModified":"2023-11-24T12:11:40+00:00","breadcrumb":{"@id":"https:\/\/ocularis.ong\/pt-pt\/formacoes-e-accoes\/optometria-pediatrica-senegal\/#breadcrumb"},"inLanguage":"pt-PT","potentialAction":[{"@type":"ReadAction","target":["https:\/\/ocularis.ong\/pt-pt\/formacoes-e-accoes\/optometria-pediatrica-senegal\/"]}]},{"@type":"BreadcrumbList","@id":"https:\/\/ocularis.ong\/pt-pt\/formacoes-e-accoes\/optometria-pediatrica-senegal\/#breadcrumb","itemListElement":[{"@type":"ListItem","position":1,"name":"Portada","item":"https:\/\/ocularis.ong\/pt-pt\/"},{"@type":"ListItem","position":2,"name":"Forma\u00e7\u00f5es e a\u00e7\u00f5es","item":"https:\/\/ocularis.ong\/pt-pt\/formacoes-e-accoes\/"},{"@type":"ListItem","position":3,"name":"Optometria Pedi\u00e1trica &#8211; SENEGAL"}]},{"@type":"WebSite","@id":"https:\/\/ocularis.ong\/pt-pt\/#website","url":"https:\/\/ocularis.ong\/pt-pt\/","name":"Ocularis","description":"Teaching to see","publisher":{"@id":"https:\/\/ocularis.ong\/pt-pt\/#organization"},"potentialAction":[{"@type":"SearchAction","target":{"@type":"EntryPoint","urlTemplate":"https:\/\/ocularis.ong\/pt-pt\/?s={search_term_string}"},"query-input":{"@type":"PropertyValueSpecification","valueRequired":true,"valueName":"search_term_string"}}],"inLanguage":"pt-PT"},{"@type":"Organization","@id":"https:\/\/ocularis.ong\/pt-pt\/#organization","name":"Ocularis","url":"https:\/\/ocularis.ong\/pt-pt\/","logo":{"@type":"ImageObject","inLanguage":"pt-PT","@id":"https:\/\/ocularis.ong\/pt-pt\/#\/schema\/logo\/image\/","url":"https:\/\/ocularis.ong\/wp-content\/uploads\/2022\/09\/logo_r_139x200.jpg","contentUrl":"https:\/\/ocularis.ong\/wp-content\/uploads\/2022\/09\/logo_r_139x200.jpg","width":139,"height":200,"caption":"Ocularis"},"image":{"@id":"https:\/\/ocularis.ong\/pt-pt\/#\/schema\/logo\/image\/"}}]}},"_links":{"self":[{"href":"https:\/\/ocularis.ong\/pt-pt\/wp-json\/wp\/v2\/pages\/11933","targetHints":{"allow":["GET"]}}],"collection":[{"href":"https:\/\/ocularis.ong\/pt-pt\/wp-json\/wp\/v2\/pages"}],"about":[{"href":"https:\/\/ocularis.ong\/pt-pt\/wp-json\/wp\/v2\/types\/page"}],"author":[{"embeddable":true,"href":"https:\/\/ocularis.ong\/pt-pt\/wp-json\/wp\/v2\/users\/6"}],"replies":[{"embeddable":true,"href":"https:\/\/ocularis.ong\/pt-pt\/wp-json\/wp\/v2\/comments?post=11933"}],"version-history":[{"count":4,"href":"https:\/\/ocularis.ong\/pt-pt\/wp-json\/wp\/v2\/pages\/11933\/revisions"}],"predecessor-version":[{"id":12620,"href":"https:\/\/ocularis.ong\/pt-pt\/wp-json\/wp\/v2\/pages\/11933\/revisions\/12620"}],"up":[{"embeddable":true,"href":"https:\/\/ocularis.ong\/pt-pt\/wp-json\/wp\/v2\/pages\/11910"}],"wp:attachment":[{"href":"https:\/\/ocularis.ong\/pt-pt\/wp-json\/wp\/v2\/media?parent=11933"}],"curies":[{"name":"wp","href":"https:\/\/api.w.org\/{rel}","templated":true}]}}