{"id":11880,"date":"2023-11-16T14:36:43","date_gmt":"2023-11-16T14:36:43","guid":{"rendered":"https:\/\/ocularis.ong\/?page_id=11880"},"modified":"2023-11-23T09:49:52","modified_gmt":"2023-11-23T09:49:52","slug":"aviso-legal","status":"publish","type":"page","link":"https:\/\/ocularis.ong\/pt-pt\/aviso-legal\/","title":{"rendered":"Aviso legal"},"content":{"rendered":"\t\t<div data-elementor-type=\"wp-page\" data-elementor-id=\"11880\" class=\"elementor elementor-11880 elementor-9571\" data-elementor-post-type=\"page\">\n\t\t\t\t\t\t<section class=\"elementor-section elementor-top-section elementor-element elementor-element-293a981e elementor-section-full_width elementor-section-height-default elementor-section-height-default\" data-id=\"293a981e\" data-element_type=\"section\" data-e-type=\"section\" data-settings=\"{&quot;background_background&quot;:&quot;classic&quot;}\">\n\t\t\t\t\t\t\t<div class=\"elementor-background-overlay\"><\/div>\n\t\t\t\t\t\t\t<div class=\"elementor-container elementor-column-gap-no\">\n\t\t\t\t\t<div class=\"elementor-column elementor-col-100 elementor-top-column elementor-element elementor-element-6eae92ef\" data-id=\"6eae92ef\" data-element_type=\"column\" data-e-type=\"column\">\n\t\t\t<div class=\"elementor-widget-wrap elementor-element-populated\">\n\t\t\t\t\t\t<div class=\"elementor-element elementor-element-67c8e907 elementor-widget elementor-widget-heading\" data-id=\"67c8e907\" data-element_type=\"widget\" data-e-type=\"widget\" data-widget_type=\"heading.default\">\n\t\t\t\t<div class=\"elementor-widget-container\">\n\t\t\t\t\t<h1 class=\"elementor-heading-title elementor-size-default\">AVISO LEGAL<\/h1>\t\t\t\t<\/div>\n\t\t\t\t<\/div>\n\t\t\t\t\t<\/div>\n\t\t<\/div>\n\t\t\t\t\t<\/div>\n\t\t<\/section>\n\t\t\t\t<section class=\"elementor-section elementor-top-section elementor-element elementor-element-f9c5877 elementor-section-boxed elementor-section-height-default elementor-section-height-default\" data-id=\"f9c5877\" data-element_type=\"section\" data-e-type=\"section\">\n\t\t\t\t\t\t<div class=\"elementor-container elementor-column-gap-default\">\n\t\t\t\t\t<div class=\"elementor-column elementor-col-100 elementor-top-column elementor-element elementor-element-9afce09\" data-id=\"9afce09\" data-element_type=\"column\" data-e-type=\"column\">\n\t\t\t<div class=\"elementor-widget-wrap elementor-element-populated\">\n\t\t\t\t\t\t<div class=\"elementor-element elementor-element-b8e9ad3 elementor-widget elementor-widget-text-editor\" data-id=\"b8e9ad3\" data-element_type=\"widget\" data-e-type=\"widget\" data-widget_type=\"text-editor.default\">\n\t\t\t\t<div class=\"elementor-widget-container\">\n\t\t\t\t\t\t\t\t\t<h2>IDENTIFICA\u00c7\u00c3O E PROPRIEDADE<\/h2>\n<p>Em cumprimento do artigo 10 da Lei 34\/2002, de 11 de julho, de Servi\u00e7os da Sociedade da Informa\u00e7\u00e3o e do Com\u00e9rcio Eletr\u00f3nico, o Titular apresenta os seus dados de identifica\u00e7\u00e3o:<\/p>\n<ul>\n<li><strong>Titular: <\/strong>Ocularis<\/li>\n<li><strong>N.\u00ba DE IVA: <\/strong>G65335861<\/li>\n<li><b>Endere\u00e7o:<\/b>&nbsp;Calle An<b>t<\/b>onio Mui\u00f1o 6, 2\u00aa-1\u00aa, 08870 Sitges, Barcelona &#8211; Espanha.<\/li>\n<li><b>Correio eletr\u00f3nico:<\/b>&nbsp; hola@ocularis.ong<\/li>\n<li><b>N\u00famero de telefone de contacto:<\/b>&nbsp; +34 622 227 339<\/li>\n<li><b>S\u00edtio Web:<\/b>&nbsp; <a href=\"https:\/\/damevision.ocularis.ong\">https:\/\/ocularis.ong<\/a><\/li>\n<\/ul>\n<h2>OBJECTIVO&nbsp;<\/h2>\n<p>Forma\u00e7\u00e3o de especialistas em sa\u00fade ocular em pa\u00edses com baixos rendimentos.<\/p>\n<h2>CONDI\u00c7\u00d5ES DE UTILIZA\u00c7\u00c3O<\/h2>\n<p>A utiliza\u00e7\u00e3o do s\u00edtio Web confere-lhe o estatuto de Utilizador e implica a plena aceita\u00e7\u00e3o de todas as cl\u00e1usulas e condi\u00e7\u00f5es de utiliza\u00e7\u00e3o inclu\u00eddas nas p\u00e1ginas:<\/p>\n<ul>\n<li><a href=\"https:\/\/ocularis.ong\/aviso-legal\/\">Aviso legal<\/a><\/li>\n<li><a href=\"https:\/\/ocularis.ong\/politica-de-privacidad\/\">Pol\u00edtica de privacidade<\/a><\/li>\n<li><a href=\"https:\/\/ocularis.ong\/cookie-policy\/\">Pol\u00edtica de cookies<\/a><\/li>\n<\/ul>\n<p>Se o utilizador n\u00e3o concordar com todos e cada um destes termos e condi\u00e7\u00f5es, n\u00e3o deve utilizar o s\u00edtio Web.<\/p>\n<p>O acesso ao s\u00edtio Web n\u00e3o implica de modo algum o in\u00edcio de uma rela\u00e7\u00e3o comercial com o Propriet\u00e1rio.<\/p>\n<p>Atrav\u00e9s do Website, o Propriet\u00e1rio proporciona-lhe o acesso e a utiliza\u00e7\u00e3o de diversos conte\u00fados que o Propriet\u00e1rio e\/ou os seus colaboradores publicaram na Internet.<\/p>\n<p>Para o efeito, o utilizador obriga-se e compromete-se a N\u00c3O utilizar nenhum dos conte\u00fados do S\u00edtio Web para fins ou efeitos il\u00edcitos, proibidos no presente Aviso Legal ou na legisla\u00e7\u00e3o em vigor, lesivos dos direitos e interesses de terceiros, ou que de qualquer forma possam danificar, inutilizar, sobrecarregar, deteriorar ou impedir a normal utiliza\u00e7\u00e3o dos conte\u00fados, equipamentos inform\u00e1ticos ou documentos, ficheiros e todo o tipo de conte\u00fados armazenados em qualquer equipamento inform\u00e1tico propriedade ou contratado pelo Propriet\u00e1rio, por outros utilizadores ou por qualquer utilizador da Internet.<\/p>\n<p>O Propriet\u00e1rio reserva-se o direito de retirar todos os coment\u00e1rios que violem a legisla\u00e7\u00e3o em vigor, que sejam prejudiciais aos direitos ou interesses de terceiros ou que, na sua opini\u00e3o, n\u00e3o sejam adequados para publica\u00e7\u00e3o.<\/p>\n<p>O Propriet\u00e1rio n\u00e3o \u00e9 respons\u00e1vel pelas opini\u00f5es expressas pelos utilizadores atrav\u00e9s do sistema de coment\u00e1rios, das redes sociais ou de outras ferramentas de participa\u00e7\u00e3o, em conformidade com as disposi\u00e7\u00f5es da regulamenta\u00e7\u00e3o aplic\u00e1vel.<\/p>\n<h2>MEDIDAS DE SEGURAN\u00c7A<\/h2>\n<div>\n<p>Os dados pessoais fornecidos ao Titular podem ser armazenados em bases de dados automatizadas ou n\u00e3o automatizadas, cuja propriedade corresponde exclusivamente ao Titular, que assume todas as medidas t\u00e9cnicas, organizacionais e de seguran\u00e7a que garantam a confidencialidade, integridade e qualidade das informa\u00e7\u00f5es nelas contidas, de acordo com as disposi\u00e7\u00f5es da legisla\u00e7\u00e3o em vigor sobre prote\u00e7\u00e3o de dados.<\/p>\n<p>No entanto, deve estar ciente de que as medidas de seguran\u00e7a dos sistemas inform\u00e1ticos na Internet n\u00e3o s\u00e3o totalmente fi\u00e1veis e que, portanto, o Titular n\u00e3o pode garantir a inexist\u00eancia de v\u00edrus ou outros elementos que possam causar altera\u00e7\u00f5es nos sistemas inform\u00e1ticos do Utilizador (software e hardware) ou nos seus documentos electr\u00f3nicos e ficheiros neles contidos, embora o Titular fa\u00e7a todos os esfor\u00e7os e tome as medidas de seguran\u00e7a necess\u00e1rias para evitar a presen\u00e7a desses elementos nocivos.<\/p>\n<h2>TRATAMENTO DE DADOS PESSOAIS<\/h2>\n<\/div>\n<div>Pode consultar todas as informa\u00e7\u00f5es relativas ao tratamento dos dados pessoais recolhidos pelo respons\u00e1vel pelo tratamento de dados na p\u00e1gina&nbsp;<font color=\"#f77702\">Pol\u00edtica de privacidade.<\/font><\/div>\n<div><font color=\"#f77702\"><br><\/font><\/div>\n<div>\n<h2>\u00cdNDICE<\/h2>\n<p>O Propriet\u00e1rio obteve as informa\u00e7\u00f5es, conte\u00fados multim\u00e9dia e materiais contidos no Website a partir de fontes que acredita serem fi\u00e1veis, mas embora tenha tomado todas as medidas razo\u00e1veis para garantir que as informa\u00e7\u00f5es nele contidas s\u00e3o correctas, o Propriet\u00e1rio n\u00e3o garante que sejam exactas, completas ou actualizadas. O Propriet\u00e1rio renuncia expressamente a qualquer responsabilidade por erros ou omiss\u00f5es nas informa\u00e7\u00f5es contidas nas p\u00e1ginas do s\u00edtio Web.<\/p>\n<p>\u00c9 proibido transmitir ou enviar atrav\u00e9s do S\u00edtio Web qualquer conte\u00fado ilegal ou il\u00edcito, v\u00edrus inform\u00e1ticos ou mensagens que, em geral, afectem ou violem os direitos do Propriet\u00e1rio ou de terceiros.<\/p>\n<p>O conte\u00fado do s\u00edtio Web tem apenas fins informativos e n\u00e3o deve, em circunst\u00e2ncia alguma, ser utilizado ou considerado como uma oferta de venda, uma solicita\u00e7\u00e3o de uma oferta de compra ou uma recomenda\u00e7\u00e3o para efetuar qualquer outra transa\u00e7\u00e3o, salvo indica\u00e7\u00e3o expressa em contr\u00e1rio.<\/p>\n<p>O Propriet\u00e1rio reserva-se o direito de modificar, suspender, cancelar ou restringir o conte\u00fado do Website, liga\u00e7\u00f5es ou informa\u00e7\u00f5es obtidas atrav\u00e9s do Website, sem aviso pr\u00e9vio.<\/p>\n<p>O Propriet\u00e1rio n\u00e3o se responsabiliza por quaisquer danos que possam advir da utiliza\u00e7\u00e3o da informa\u00e7\u00e3o contida no Website ou nas redes sociais do Propriet\u00e1rio.<\/p>\n<h2>Pol\u00edtica de cookies<\/h2>\n<\/div>\n<p>Pode consultar todas as informa\u00e7\u00f5es relativas \u00e0 pol\u00edtica de recolha e tratamento de cookies na p\u00e1gina&nbsp;<a href=\"http:\/\/ocularis.ong\/cookie-policy\/\">Pol\u00edtica de Cookies<\/a>.<\/p>\n<h2>LIGA\u00c7\u00d5ES A OUTROS S\u00cdTIOS WEB<\/h2>\n<p>O Propriet\u00e1rio poder\u00e1 facultar ao Utilizador o acesso a sites de terceiros atrav\u00e9s de links com o \u00fanico objetivo de o informar da exist\u00eancia de outras fontes de informa\u00e7\u00e3o na Internet onde poder\u00e1 encontrar mais informa\u00e7\u00f5es sobre o Site.<\/p>\n<p>Estas liga\u00e7\u00f5es a outros s\u00edtios Web n\u00e3o constituem de modo algum uma sugest\u00e3o ou recomenda\u00e7\u00e3o para visitar os s\u00edtios Web de destino, que est\u00e3o fora do controlo do Titular, e este n\u00e3o \u00e9 respons\u00e1vel pelo conte\u00fado dos s\u00edtios Web ligados ou pelo resultado que obtiver ao seguir as liga\u00e7\u00f5es. Al\u00e9m disso, o Propriet\u00e1rio n\u00e3o \u00e9 respons\u00e1vel por quaisquer liga\u00e7\u00f5es ou indicadores localizados nos s\u00edtios Web ligados aos quais lhe d\u00e1 acesso.<\/p>\n<p>O estabelecimento da liga\u00e7\u00e3o n\u00e3o implica, em caso algum, a exist\u00eancia de uma rela\u00e7\u00e3o entre o Titular e o propriet\u00e1rio do s\u00edtio onde a liga\u00e7\u00e3o \u00e9 estabelecida, nem a aceita\u00e7\u00e3o ou aprova\u00e7\u00e3o pelo Titular dos seus conte\u00fados ou servi\u00e7os.<\/p>\n<p>Se aceder a um s\u00edtio Web externo a partir de uma liga\u00e7\u00e3o encontrada no s\u00edtio Web, deve ler a pol\u00edtica de privacidade do outro s\u00edtio Web, que pode ser diferente da deste s\u00edtio Web.<\/p>\n<h2>PROPRIEDADE INTELECTUAL E INDUSTRIAL<\/h2>\n<p>Todos os direitos reservados.<\/p>\n<p>O acesso a este s\u00edtio Web est\u00e1 sujeito \u00e0s seguintes condi\u00e7\u00f5es: a reprodu\u00e7\u00e3o, o armazenamento permanente e a divulga\u00e7\u00e3o dos conte\u00fados ou qualquer outra utiliza\u00e7\u00e3o para fins p\u00fablicos ou comerciais s\u00e3o expressamente proibidos sem o consentimento pr\u00e9vio e expresso por escrito do Propriet\u00e1rio.<\/p>\n<h2>LIMITA\u00c7\u00c3O DA RESPONSABILIDADE<\/h2>\n<p>As informa\u00e7\u00f5es e servi\u00e7os inclu\u00eddos ou dispon\u00edveis atrav\u00e9s do Website podem incluir imprecis\u00f5es ou erros tipogr\u00e1ficos. O Propriet\u00e1rio incorpora periodicamente melhorias e\/ou altera\u00e7\u00f5es \u00e0 informa\u00e7\u00e3o contida e\/ou aos Servi\u00e7os que possam ser introduzidos em qualquer altura.<\/p>\n<p><span style=\"font-style: inherit; font-weight: inherit; color: var(--ast-global-color-3);\">O Propriet\u00e1rio n\u00e3o representa ou garante que os servi\u00e7os ou conte\u00fados ser\u00e3o ininterruptos ou livres de erros, que os defeitos ser\u00e3o corrigidos, ou que o servi\u00e7o ou o servidor que o disponibiliza est\u00e3o livres de v\u00edrus ou outros componentes nocivos, n\u00e3o obstante o facto de o Propriet\u00e1rio fazer todos os esfor\u00e7os para evitar tais incidentes.<\/span><br><\/p>\n<div>\n<div>O Propriet\u00e1rio declina qualquer responsabilidade em caso de interrup\u00e7\u00e3o ou mau funcionamento dos Servi\u00e7os ou dos conte\u00fados oferecidos na Internet, qualquer que seja a sua causa. Do mesmo modo, o Propriet\u00e1rio n\u00e3o poder\u00e1 ser responsabilizado por falhas na rede, perda de neg\u00f3cios em consequ\u00eancia de tais falhas, suspens\u00f5es tempor\u00e1rias do fornecimento de eletricidade ou qualquer outro tipo de dano indireto que possa ser causado por causas fora do controlo do Propriet\u00e1rio.<\/div>\n<div><br><\/div>\n<div>Antes de tomar decis\u00f5es e\/ou ac\u00e7\u00f5es com base nas informa\u00e7\u00f5es contidas no s\u00edtio Web, o Propriet\u00e1rio recomenda que o utilizador verifique e compare as informa\u00e7\u00f5es recebidas com outras fontes.<\/div>\n<\/div>\n<div><br><\/div>\n<h2>JURISDI\u00c7\u00c3O<\/h2>\n<p>O presente Aviso Legal rege-se inteiramente pela legisla\u00e7\u00e3o espanhola.<\/p>\n<p>Desde que n\u00e3o exista uma norma que obrigue ao contr\u00e1rio, para quaisquer quest\u00f5es que possam surgir relativamente \u00e0 interpreta\u00e7\u00e3o, aplica\u00e7\u00e3o e cumprimento do presente Aviso Legal, bem como quaisquer reclama\u00e7\u00f5es que possam surgir da sua utiliza\u00e7\u00e3o, as partes concordam em submeter-se aos Tribunais da prov\u00edncia de Barcelona, renunciando expressamente a qualquer outra jurisdi\u00e7\u00e3o que lhes possa corresponder.<\/p>\n<div><br><\/div>\n<h2>Contacto<\/h2>\n<p>Se tiver alguma d\u00favida sobre este Aviso Legal ou quiser fazer coment\u00e1rios sobre o s\u00edtio Web, pode enviar uma mensagem de correio eletr\u00f3nico para o seguinte endere\u00e7o:&nbsp; hola@ocularis.ong<\/p>\t\t\t\t\t\t\t\t<\/div>\n\t\t\t\t<\/div>\n\t\t\t\t\t<\/div>\n\t\t<\/div>\n\t\t\t\t\t<\/div>\n\t\t<\/section>\n\t\t\t\t<\/div>\n\t\t","protected":false},"excerpt":{"rendered":"<p>AVISO LEGAL IDENTIFICA\u00c7\u00c3O E PROPRIEDADE Em cumprimento do artigo 10 da Lei 34\/2002, de 11 de julho, de Servi\u00e7os da Sociedade da Informa\u00e7\u00e3o e do Com\u00e9rcio Eletr\u00f3nico, o Titular apresenta os seus dados de identifica\u00e7\u00e3o: Titular: Ocularis N.\u00ba DE IVA: G65335861 Endere\u00e7o:&nbsp;Calle Antonio Mui\u00f1o 6, 2\u00aa-1\u00aa, 08870 Sitges, Barcelona &#8211; Espanha. Correio eletr\u00f3nico:&nbsp; hola@ocularis.ong N\u00famero &hellip;<\/p>\n<p class=\"read-more\"> <a class=\"\" href=\"https:\/\/ocularis.ong\/pt-pt\/aviso-legal\/\"> <span class=\"screen-reader-text\">Aviso legal<\/span> Read More &raquo;<\/a><\/p>\n","protected":false},"author":6,"featured_media":0,"parent":0,"menu_order":0,"comment_status":"closed","ping_status":"closed","template":"","meta":{"_mo_disable_npp":"","site-sidebar-layout":"no-sidebar","site-content-layout":"page-builder","ast-site-content-layout":"","site-content-style":"default","site-sidebar-style":"default","ast-global-header-display":"","ast-banner-title-visibility":"","ast-main-header-display":"","ast-hfb-above-header-display":"","ast-hfb-below-header-display":"","ast-hfb-mobile-header-display":"","site-post-title":"disabled","ast-breadcrumbs-content":"","ast-featured-img":"disabled","footer-sml-layout":"","theme-transparent-header-meta":"","adv-header-id-meta":"","stick-header-meta":"","header-above-stick-meta":"","header-main-stick-meta":"","header-below-stick-meta":"","astra-migrate-meta-layouts":"set","footnotes":""},"class_list":["post-11880","page","type-page","status-publish","hentry"],"yoast_head":"<!-- This site is optimized with the Yoast SEO plugin v26.3 - https:\/\/yoast.com\/wordpress\/plugins\/seo\/ -->\n<title>Aviso legal - Ocularis<\/title>\n<meta name=\"robots\" content=\"index, follow, max-snippet:-1, max-image-preview:large, max-video-preview:-1\" \/>\n<link rel=\"canonical\" href=\"https:\/\/ocularis.ong\/pt-pt\/aviso-legal\/\" \/>\n<meta property=\"og:locale\" content=\"pt_PT\" \/>\n<meta property=\"og:type\" content=\"article\" \/>\n<meta property=\"og:title\" content=\"Aviso legal - Ocularis\" \/>\n<meta property=\"og:description\" content=\"AVISO LEGAL IDENTIFICA\u00c7\u00c3O E PROPRIEDADE Em cumprimento do artigo 10 da Lei 34\/2002, de 11 de julho, de Servi\u00e7os da Sociedade da Informa\u00e7\u00e3o e do Com\u00e9rcio Eletr\u00f3nico, o Titular apresenta os seus dados de identifica\u00e7\u00e3o: Titular: Ocularis N.\u00ba DE IVA: G65335861 Endere\u00e7o:&nbsp;Calle Antonio Mui\u00f1o 6, 2\u00aa-1\u00aa, 08870 Sitges, Barcelona &#8211; Espanha. Correio eletr\u00f3nico:&nbsp; hola@ocularis.ong N\u00famero &hellip; Aviso legal Read More &raquo;\" \/>\n<meta property=\"og:url\" content=\"https:\/\/ocularis.ong\/pt-pt\/aviso-legal\/\" \/>\n<meta property=\"og:site_name\" content=\"Ocularis\" \/>\n<meta property=\"article:modified_time\" content=\"2023-11-23T09:49:52+00:00\" \/>\n<meta name=\"twitter:card\" content=\"summary_large_image\" \/>\n<meta name=\"twitter:label1\" content=\"Tempo estimado de leitura\" \/>\n\t<meta name=\"twitter:data1\" content=\"7 minutos\" \/>\n<script type=\"application\/ld+json\" class=\"yoast-schema-graph\">{\"@context\":\"https:\/\/schema.org\",\"@graph\":[{\"@type\":\"WebPage\",\"@id\":\"https:\/\/ocularis.ong\/pt-pt\/aviso-legal\/\",\"url\":\"https:\/\/ocularis.ong\/pt-pt\/aviso-legal\/\",\"name\":\"Aviso legal - Ocularis\",\"isPartOf\":{\"@id\":\"https:\/\/ocularis.ong\/pt-pt\/#website\"},\"datePublished\":\"2023-11-16T14:36:43+00:00\",\"dateModified\":\"2023-11-23T09:49:52+00:00\",\"breadcrumb\":{\"@id\":\"https:\/\/ocularis.ong\/pt-pt\/aviso-legal\/#breadcrumb\"},\"inLanguage\":\"pt-PT\",\"potentialAction\":[{\"@type\":\"ReadAction\",\"target\":[\"https:\/\/ocularis.ong\/pt-pt\/aviso-legal\/\"]}]},{\"@type\":\"BreadcrumbList\",\"@id\":\"https:\/\/ocularis.ong\/pt-pt\/aviso-legal\/#breadcrumb\",\"itemListElement\":[{\"@type\":\"ListItem\",\"position\":1,\"name\":\"Portada\",\"item\":\"https:\/\/ocularis.ong\/pt-pt\/\"},{\"@type\":\"ListItem\",\"position\":2,\"name\":\"Aviso legal\"}]},{\"@type\":\"WebSite\",\"@id\":\"https:\/\/ocularis.ong\/pt-pt\/#website\",\"url\":\"https:\/\/ocularis.ong\/pt-pt\/\",\"name\":\"Ocularis\",\"description\":\"Teaching to see\",\"publisher\":{\"@id\":\"https:\/\/ocularis.ong\/pt-pt\/#organization\"},\"potentialAction\":[{\"@type\":\"SearchAction\",\"target\":{\"@type\":\"EntryPoint\",\"urlTemplate\":\"https:\/\/ocularis.ong\/pt-pt\/?s={search_term_string}\"},\"query-input\":{\"@type\":\"PropertyValueSpecification\",\"valueRequired\":true,\"valueName\":\"search_term_string\"}}],\"inLanguage\":\"pt-PT\"},{\"@type\":\"Organization\",\"@id\":\"https:\/\/ocularis.ong\/pt-pt\/#organization\",\"name\":\"Ocularis\",\"url\":\"https:\/\/ocularis.ong\/pt-pt\/\",\"logo\":{\"@type\":\"ImageObject\",\"inLanguage\":\"pt-PT\",\"@id\":\"https:\/\/ocularis.ong\/pt-pt\/#\/schema\/logo\/image\/\",\"url\":\"https:\/\/ocularis.ong\/wp-content\/uploads\/2022\/09\/logo_r_139x200.jpg\",\"contentUrl\":\"https:\/\/ocularis.ong\/wp-content\/uploads\/2022\/09\/logo_r_139x200.jpg\",\"width\":139,\"height\":200,\"caption\":\"Ocularis\"},\"image\":{\"@id\":\"https:\/\/ocularis.ong\/pt-pt\/#\/schema\/logo\/image\/\"}}]}<\/script>\n<!-- \/ Yoast SEO plugin. -->","yoast_head_json":{"title":"Aviso legal - Ocularis","robots":{"index":"index","follow":"follow","max-snippet":"max-snippet:-1","max-image-preview":"max-image-preview:large","max-video-preview":"max-video-preview:-1"},"canonical":"https:\/\/ocularis.ong\/pt-pt\/aviso-legal\/","og_locale":"pt_PT","og_type":"article","og_title":"Aviso legal - Ocularis","og_description":"AVISO LEGAL IDENTIFICA\u00c7\u00c3O E PROPRIEDADE Em cumprimento do artigo 10 da Lei 34\/2002, de 11 de julho, de Servi\u00e7os da Sociedade da Informa\u00e7\u00e3o e do Com\u00e9rcio Eletr\u00f3nico, o Titular apresenta os seus dados de identifica\u00e7\u00e3o: Titular: Ocularis N.\u00ba DE IVA: G65335861 Endere\u00e7o:&nbsp;Calle Antonio Mui\u00f1o 6, 2\u00aa-1\u00aa, 08870 Sitges, Barcelona &#8211; Espanha. Correio eletr\u00f3nico:&nbsp; hola@ocularis.ong N\u00famero &hellip; Aviso legal Read More &raquo;","og_url":"https:\/\/ocularis.ong\/pt-pt\/aviso-legal\/","og_site_name":"Ocularis","article_modified_time":"2023-11-23T09:49:52+00:00","twitter_card":"summary_large_image","twitter_misc":{"Tempo estimado de leitura":"7 minutos"},"schema":{"@context":"https:\/\/schema.org","@graph":[{"@type":"WebPage","@id":"https:\/\/ocularis.ong\/pt-pt\/aviso-legal\/","url":"https:\/\/ocularis.ong\/pt-pt\/aviso-legal\/","name":"Aviso legal - Ocularis","isPartOf":{"@id":"https:\/\/ocularis.ong\/pt-pt\/#website"},"datePublished":"2023-11-16T14:36:43+00:00","dateModified":"2023-11-23T09:49:52+00:00","breadcrumb":{"@id":"https:\/\/ocularis.ong\/pt-pt\/aviso-legal\/#breadcrumb"},"inLanguage":"pt-PT","potentialAction":[{"@type":"ReadAction","target":["https:\/\/ocularis.ong\/pt-pt\/aviso-legal\/"]}]},{"@type":"BreadcrumbList","@id":"https:\/\/ocularis.ong\/pt-pt\/aviso-legal\/#breadcrumb","itemListElement":[{"@type":"ListItem","position":1,"name":"Portada","item":"https:\/\/ocularis.ong\/pt-pt\/"},{"@type":"ListItem","position":2,"name":"Aviso legal"}]},{"@type":"WebSite","@id":"https:\/\/ocularis.ong\/pt-pt\/#website","url":"https:\/\/ocularis.ong\/pt-pt\/","name":"Ocularis","description":"Teaching to see","publisher":{"@id":"https:\/\/ocularis.ong\/pt-pt\/#organization"},"potentialAction":[{"@type":"SearchAction","target":{"@type":"EntryPoint","urlTemplate":"https:\/\/ocularis.ong\/pt-pt\/?s={search_term_string}"},"query-input":{"@type":"PropertyValueSpecification","valueRequired":true,"valueName":"search_term_string"}}],"inLanguage":"pt-PT"},{"@type":"Organization","@id":"https:\/\/ocularis.ong\/pt-pt\/#organization","name":"Ocularis","url":"https:\/\/ocularis.ong\/pt-pt\/","logo":{"@type":"ImageObject","inLanguage":"pt-PT","@id":"https:\/\/ocularis.ong\/pt-pt\/#\/schema\/logo\/image\/","url":"https:\/\/ocularis.ong\/wp-content\/uploads\/2022\/09\/logo_r_139x200.jpg","contentUrl":"https:\/\/ocularis.ong\/wp-content\/uploads\/2022\/09\/logo_r_139x200.jpg","width":139,"height":200,"caption":"Ocularis"},"image":{"@id":"https:\/\/ocularis.ong\/pt-pt\/#\/schema\/logo\/image\/"}}]}},"_links":{"self":[{"href":"https:\/\/ocularis.ong\/pt-pt\/wp-json\/wp\/v2\/pages\/11880","targetHints":{"allow":["GET"]}}],"collection":[{"href":"https:\/\/ocularis.ong\/pt-pt\/wp-json\/wp\/v2\/pages"}],"about":[{"href":"https:\/\/ocularis.ong\/pt-pt\/wp-json\/wp\/v2\/types\/page"}],"author":[{"embeddable":true,"href":"https:\/\/ocularis.ong\/pt-pt\/wp-json\/wp\/v2\/users\/6"}],"replies":[{"embeddable":true,"href":"https:\/\/ocularis.ong\/pt-pt\/wp-json\/wp\/v2\/comments?post=11880"}],"version-history":[{"count":14,"href":"https:\/\/ocularis.ong\/pt-pt\/wp-json\/wp\/v2\/pages\/11880\/revisions"}],"predecessor-version":[{"id":12558,"href":"https:\/\/ocularis.ong\/pt-pt\/wp-json\/wp\/v2\/pages\/11880\/revisions\/12558"}],"wp:attachment":[{"href":"https:\/\/ocularis.ong\/pt-pt\/wp-json\/wp\/v2\/media?parent=11880"}],"curies":[{"name":"wp","href":"https:\/\/api.w.org\/{rel}","templated":true}]}}