{"id":10775,"date":"2023-08-29T10:49:31","date_gmt":"2023-08-29T10:49:31","guid":{"rendered":"https:\/\/ocularis.ong\/?page_id=10775"},"modified":"2023-09-15T09:21:02","modified_gmt":"2023-09-15T09:21:02","slug":"politique-de-cookies","status":"publish","type":"page","link":"https:\/\/ocularis.ong\/fr\/politique-de-cookies\/","title":{"rendered":"Politique de Cookies"},"content":{"rendered":"\t\t<div data-elementor-type=\"wp-page\" data-elementor-id=\"10775\" class=\"elementor elementor-10775 elementor-8533\" data-elementor-post-type=\"page\">\n\t\t\t\t\t\t<section class=\"elementor-section elementor-top-section elementor-element elementor-element-37dcbdfd elementor-section-boxed elementor-section-height-default elementor-section-height-default\" data-id=\"37dcbdfd\" data-element_type=\"section\" data-e-type=\"section\">\n\t\t\t\t\t\t<div class=\"elementor-container elementor-column-gap-default\">\n\t\t\t\t\t<div class=\"elementor-column elementor-col-100 elementor-top-column elementor-element elementor-element-493f7a2b\" data-id=\"493f7a2b\" data-element_type=\"column\" data-e-type=\"column\">\n\t\t\t<div class=\"elementor-widget-wrap elementor-element-populated\">\n\t\t\t\t\t\t<div class=\"elementor-element elementor-element-49d13335 elementor-widget elementor-widget-text-editor\" data-id=\"49d13335\" data-element_type=\"widget\" data-e-type=\"widget\" data-widget_type=\"text-editor.default\">\n\t\t\t\t<div class=\"elementor-widget-container\">\n\t\t\t\t\t\t\t\t\t<div class=\"cli_pg_page_contaner\"><h3>POLITIQUE DE COOKIES<\/h3><div><p>La pr\u00e9sente politique de cookies explique ce que sont les cookies et comment nous les utilisons. Elle explique aussi comment ces informations sont utilis\u00e9es, ainsi que la mani\u00e8re de contr\u00f4ler vos pr\u00e9f\u00e9rences en mati\u00e8re de cookies. Pour plus d&rsquo;informations sur la mani\u00e8re dont nous utilisons, stockons et s\u00e9curisons vos donn\u00e9es personnelles, veuillez consulter notre politique de confidentialit\u00e9.<\/p><p>Vous pouvez \u00e0 tout moment modifier ou retirer votre consentement \u00e0 la d\u00e9claration sur les cookies sur notre site web.<\/p><p>Pour en savoir plus sur qui nous sommes, comment vous pouvez nous contacter et comment nous traitons les donn\u00e9es personnelles, consultez notre politique de confidentialit\u00e9.<\/p><p>Votre consentement s&rsquo;applique au domaine suivant :<a href=\"http:\/\/ocularis.ong\">ocularis.ong<\/a><\/p><p><div class=\"wt-cli-element cli_user_consent_state\"><\/div><\/p><\/div><h3>Que sont les cookies?<\/h3><div>Les cookies sont de petits fichiers texte utilis\u00e9s pour stocker de petits \u00e9l\u00e9ments d&rsquo;information. Ils sont stock\u00e9s sur votre appareil lorsque le site web se charge dans votre navigateur. Ces cookies nous aident \u00e0 faire fonctionner le site web correctement, \u00e0 le rendre plus s\u00fbr, \u00e0 offrir une meilleure exp\u00e9rience \u00e0 l&rsquo;utilisateur, \u00e0 comprendre comment les internautes l&rsquo;utilisent et \u00e0 analyser ce qui fonctionne et ce qui doit \u00eatre am\u00e9lior\u00e9.<\/div><\/div><div>\u00a0<\/div><div class=\"cli_pg_page_contaner\"><h3>Quel usage faisons-nous des cookies?<\/h3><div><p>Comme la plupart des services en ligne, notre site web utilise des cookies de premi\u00e8re et de tierce parties. Les cookies de premi\u00e8re partie sont essentiellement n\u00e9cessaires au bon fonctionnement du site web et ne collectent aucune information permettant de vous identifier personnellement.<\/p><p>Les cookies de tiers utilis\u00e9s sur notre site web servent principalement \u00e0 analyser son fonctionnement, \u00e1 observer la mani\u00e8re dont les internautes l&rsquo;utilisent, \u00e0 assurer la s\u00e9curit\u00e9 de nos services, \u00e0 fournir des publicit\u00e9s pertinentes pour vous et, de mani\u00e8re g\u00e9n\u00e9rale, \u00e0 vous offrir une meilleure exp\u00e9rience d&rsquo;utilisation et \u00e0 acc\u00e9l\u00e9rer vos interactions futures avec notre site web.<\/p><\/div><h3>Quels types de cookies utilisons-nous?<\/h3><p>Les cookies utilis\u00e9s sur notre site web sont regroup\u00e9s dans les cat\u00e9gories suivantes:<\/p>CookieLawInfoConsentEnregistre l &lsquo;\u00e9tat du bouton par d\u00e9faut de la cat\u00e9gorie correspondante et l&rsquo;\u00e9tat de l&rsquo;ACCP. Fonctionne uniquement en coordination avec le cookie principal.<br \/>cookielawinfo-checkbox-advertisement D\u00e9fini par le module compl\u00e9mentaire de consentement aux cookies GDPR, ce cookie est utilis\u00e9 pour enregistrer le consentement de l&rsquo;utilisateur aux cookies de la cat\u00e9gorie \u00ab\u00a0Publicit\u00e9\u00a0\u00bb.<br \/>elementor Ce cookie est utilis\u00e9 par le th\u00e8me WordPress du site web. Il permet au propri\u00e9taire du site de d\u00e9ployer ou de modifier le contenu du site en temps r\u00e9el.<br \/>cookielawinfo-checkbox-functionalLe cookie est d\u00e9fini par le GDPR cookie consent pour enregistrer le consentement de l&rsquo;utilisateur pour les cookies de la cat\u00e9gorie \u00ab\u00a0Fonctionnel\u00a0\u00bb.<br \/>cookielawinfo-checkbox-performance Ce cookie est d\u00e9fini par le module compl\u00e9mentaire de consentement aux cookies GDPR. Il est utilis\u00e9 pour stocker le consentement de l&rsquo;utilisateur pour les cookies de la cat\u00e9gorie \u00ab\u00a0Performance\u00a0\u00bb.<br \/>cookielawinfo-checkbox-analytics Ce cookie est d\u00e9fini par le module compl\u00e9mentaire de consentement aux cookies GDPR. Il est utilis\u00e9 pour stocker le consentement de l&rsquo;utilisateur pour les cookies de la cat\u00e9gorie \u00ab\u00a0Analytics\u00a0\u00bb.<br \/>cookielawinfo-checkbox-others Ce cookie est d\u00e9fini par le module compl\u00e9mentaire de consentement aux cookies GDPR. Il est utilis\u00e9 pour stocker le consentement de l&rsquo;utilisateur pour les cookies de la cat\u00e9gorie \u00ab\u00a0Autres\u00a0\u00bb.<br \/>viewed_cookie_policyLe cookie est d\u00e9fini par le plugin de consentement aux cookies GDPR et est utilis\u00e9 pour enregistrer si l&rsquo;utilisateur a consenti ou non \u00e0 l&rsquo;utilisation de cookies. Il ne stocke aucune donn\u00e9e personnelle.<br \/>cookielawinfo-checkbox-necessary Ce cookie est d\u00e9fini par le module compl\u00e9mentaire de consentement aux cookies GDPR. Les cookies sont utilis\u00e9s pour stocker le consentement de l&rsquo;utilisateur pour les cookies de la cat\u00e9gorie \u00ab\u00a0N\u00e9cessaire\u00a0\u00bb.<br \/>Analyse<br \/>Le cookie _ga, d\u00e9fini par Google Analytics, calcule les donn\u00e9es relatives aux visiteurs, aux sessions et aux campagnes et suit l&rsquo;utilisation du site pour les rapports d&rsquo;analyse du site. Le cookie stocke les informations de mani\u00e8re anonyme et attribue un num\u00e9ro g\u00e9n\u00e9r\u00e9 de mani\u00e8re al\u00e9atoire pour reconna\u00eetre les visiteurs uniques.<br \/>_gid D\u00e9fini par Google Analytics, le cookie _gid stocke des informations sur la mani\u00e8re dont les visiteurs utilisent un site web, tout en cr\u00e9ant un rapport analytique sur les performances du site. Certaines des donn\u00e9es collect\u00e9es comprennent le nombre de visiteurs, leur source et les pages qu&rsquo;ils visitent de mani\u00e8re anonyme.<br \/><br \/><p>Autres<br \/>Les autres cookies non class\u00e9s sont ceux qui sont en cours d&rsquo;analyse et qui n&rsquo;ont pas encore \u00e9t\u00e9 class\u00e9s dans une cat\u00e9gorie.<\/p><\/div><div>\u00a0<\/div><div>\u00a0<\/div><div class=\"cli_pg_page_contaner\"><h3>Comment contr\u00f4ler vos pr\u00e9f\u00e9rences en mati\u00e8re de cookies?<\/h3><div><p>Vous pouvez g\u00e9rer vos pr\u00e9f\u00e9rences en mati\u00e8re de cookies en cliquant sur le bouton \u00ab\u00a0Param\u00e8tres\u00a0\u00bb et en activant ou d\u00e9sactivant les cat\u00e9gories de cookies dans la fen\u00eatre contextuelle en fonction de vos pr\u00e9f\u00e9rences.<\/p><p>Si vous d\u00e9cidez de modifier vos pr\u00e9f\u00e9rences plus tard au cours de votre session de navigation, vous pouvez cliquer sur l&rsquo;onglet \u00ab\u00a0G\u00e9rer le consentement\u00a0\u00bb sur votre \u00e9cran. L&rsquo;avis de consentement s&rsquo;affichera \u00e0 nouveau, ce qui vous permettra de modifier vos pr\u00e9f\u00e9rences ou de retirer compl\u00e8tement votre consentement.<\/p><p>En outre, les navigateurs proposent des m\u00e9thodes diff\u00e9rentes pour bloquer et supprimer les cookies utilis\u00e9s par les sites web. Vous pouvez modifier les param\u00e8tres de votre navigateur pour bloquer\/supprimer les cookies. Pour plus d&rsquo;informations sur la gestion et la suppression des cookies, consultez le site wikipedia.org, www.allaboutcookies.org.<\/p><\/div><\/div>\t\t\t\t\t\t\t\t<\/div>\n\t\t\t\t<\/div>\n\t\t\t\t\t<\/div>\n\t\t<\/div>\n\t\t\t\t\t<\/div>\n\t\t<\/section>\n\t\t\t\t<\/div>\n\t\t","protected":false},"excerpt":{"rendered":"<p>POLITIQUE DE COOKIES La pr\u00e9sente politique de cookies explique ce que sont les cookies et comment nous les utilisons. Elle explique aussi comment ces informations sont utilis\u00e9es, ainsi que la mani\u00e8re de contr\u00f4ler vos pr\u00e9f\u00e9rences en mati\u00e8re de cookies. Pour plus d&rsquo;informations sur la mani\u00e8re dont nous utilisons, stockons et s\u00e9curisons vos donn\u00e9es personnelles, veuillez &hellip;<\/p>\n<p class=\"read-more\"> <a class=\"\" href=\"https:\/\/ocularis.ong\/fr\/politique-de-cookies\/\"> <span class=\"screen-reader-text\">Politique de Cookies<\/span> Lire la suite\u00a0\u00bb<\/a><\/p>\n","protected":false},"author":6,"featured_media":0,"parent":0,"menu_order":0,"comment_status":"closed","ping_status":"closed","template":"","meta":{"_mo_disable_npp":"","site-sidebar-layout":"default","site-content-layout":"","ast-site-content-layout":"","site-content-style":"default","site-sidebar-style":"default","ast-global-header-display":"","ast-banner-title-visibility":"","ast-main-header-display":"","ast-hfb-above-header-display":"","ast-hfb-below-header-display":"","ast-hfb-mobile-header-display":"","site-post-title":"","ast-breadcrumbs-content":"","ast-featured-img":"","footer-sml-layout":"","theme-transparent-header-meta":"","adv-header-id-meta":"","stick-header-meta":"","header-above-stick-meta":"","header-main-stick-meta":"","header-below-stick-meta":"","astra-migrate-meta-layouts":"","footnotes":""},"class_list":["post-10775","page","type-page","status-publish","hentry"],"yoast_head":"<!-- This site is optimized with the Yoast SEO plugin v26.3 - https:\/\/yoast.com\/wordpress\/plugins\/seo\/ -->\n<title>Politique de Cookies - Ocularis<\/title>\n<meta name=\"robots\" content=\"index, follow, max-snippet:-1, max-image-preview:large, max-video-preview:-1\" \/>\n<link rel=\"canonical\" href=\"https:\/\/ocularis.ong\/fr\/politique-de-cookies\/\" \/>\n<meta property=\"og:locale\" content=\"fr_FR\" \/>\n<meta property=\"og:type\" content=\"article\" \/>\n<meta property=\"og:title\" content=\"Politique de Cookies - Ocularis\" \/>\n<meta property=\"og:description\" content=\"POLITIQUE DE COOKIES La pr\u00e9sente politique de cookies explique ce que sont les cookies et comment nous les utilisons. Elle explique aussi comment ces informations sont utilis\u00e9es, ainsi que la mani\u00e8re de contr\u00f4ler vos pr\u00e9f\u00e9rences en mati\u00e8re de cookies. Pour plus d&rsquo;informations sur la mani\u00e8re dont nous utilisons, stockons et s\u00e9curisons vos donn\u00e9es personnelles, veuillez &hellip; Politique de Cookies Lire la suite\u00a0\u00bb\" \/>\n<meta property=\"og:url\" content=\"https:\/\/ocularis.ong\/fr\/politique-de-cookies\/\" \/>\n<meta property=\"og:site_name\" content=\"Ocularis\" \/>\n<meta property=\"article:modified_time\" content=\"2023-09-15T09:21:02+00:00\" \/>\n<meta name=\"twitter:card\" content=\"summary_large_image\" \/>\n<meta name=\"twitter:label1\" content=\"Dur\u00e9e de lecture estim\u00e9e\" \/>\n\t<meta name=\"twitter:data1\" content=\"5 minutes\" \/>\n<script type=\"application\/ld+json\" class=\"yoast-schema-graph\">{\"@context\":\"https:\/\/schema.org\",\"@graph\":[{\"@type\":\"WebPage\",\"@id\":\"https:\/\/ocularis.ong\/fr\/politique-de-cookies\/\",\"url\":\"https:\/\/ocularis.ong\/fr\/politique-de-cookies\/\",\"name\":\"Politique de Cookies - Ocularis\",\"isPartOf\":{\"@id\":\"https:\/\/ocularis.ong\/fr\/#website\"},\"datePublished\":\"2023-08-29T10:49:31+00:00\",\"dateModified\":\"2023-09-15T09:21:02+00:00\",\"breadcrumb\":{\"@id\":\"https:\/\/ocularis.ong\/fr\/politique-de-cookies\/#breadcrumb\"},\"inLanguage\":\"fr-FR\",\"potentialAction\":[{\"@type\":\"ReadAction\",\"target\":[\"https:\/\/ocularis.ong\/fr\/politique-de-cookies\/\"]}]},{\"@type\":\"BreadcrumbList\",\"@id\":\"https:\/\/ocularis.ong\/fr\/politique-de-cookies\/#breadcrumb\",\"itemListElement\":[{\"@type\":\"ListItem\",\"position\":1,\"name\":\"Portada\",\"item\":\"https:\/\/ocularis.ong\/fr\/\"},{\"@type\":\"ListItem\",\"position\":2,\"name\":\"Politique de Cookies\"}]},{\"@type\":\"WebSite\",\"@id\":\"https:\/\/ocularis.ong\/fr\/#website\",\"url\":\"https:\/\/ocularis.ong\/fr\/\",\"name\":\"Ocularis\",\"description\":\"Teaching to see\",\"publisher\":{\"@id\":\"https:\/\/ocularis.ong\/fr\/#organization\"},\"potentialAction\":[{\"@type\":\"SearchAction\",\"target\":{\"@type\":\"EntryPoint\",\"urlTemplate\":\"https:\/\/ocularis.ong\/fr\/?s={search_term_string}\"},\"query-input\":{\"@type\":\"PropertyValueSpecification\",\"valueRequired\":true,\"valueName\":\"search_term_string\"}}],\"inLanguage\":\"fr-FR\"},{\"@type\":\"Organization\",\"@id\":\"https:\/\/ocularis.ong\/fr\/#organization\",\"name\":\"Ocularis\",\"url\":\"https:\/\/ocularis.ong\/fr\/\",\"logo\":{\"@type\":\"ImageObject\",\"inLanguage\":\"fr-FR\",\"@id\":\"https:\/\/ocularis.ong\/fr\/#\/schema\/logo\/image\/\",\"url\":\"https:\/\/ocularis.ong\/wp-content\/uploads\/2022\/09\/logo_r_139x200.jpg\",\"contentUrl\":\"https:\/\/ocularis.ong\/wp-content\/uploads\/2022\/09\/logo_r_139x200.jpg\",\"width\":139,\"height\":200,\"caption\":\"Ocularis\"},\"image\":{\"@id\":\"https:\/\/ocularis.ong\/fr\/#\/schema\/logo\/image\/\"}}]}<\/script>\n<!-- \/ Yoast SEO plugin. -->","yoast_head_json":{"title":"Politique de Cookies - Ocularis","robots":{"index":"index","follow":"follow","max-snippet":"max-snippet:-1","max-image-preview":"max-image-preview:large","max-video-preview":"max-video-preview:-1"},"canonical":"https:\/\/ocularis.ong\/fr\/politique-de-cookies\/","og_locale":"fr_FR","og_type":"article","og_title":"Politique de Cookies - Ocularis","og_description":"POLITIQUE DE COOKIES La pr\u00e9sente politique de cookies explique ce que sont les cookies et comment nous les utilisons. Elle explique aussi comment ces informations sont utilis\u00e9es, ainsi que la mani\u00e8re de contr\u00f4ler vos pr\u00e9f\u00e9rences en mati\u00e8re de cookies. Pour plus d&rsquo;informations sur la mani\u00e8re dont nous utilisons, stockons et s\u00e9curisons vos donn\u00e9es personnelles, veuillez &hellip; Politique de Cookies Lire la suite\u00a0\u00bb","og_url":"https:\/\/ocularis.ong\/fr\/politique-de-cookies\/","og_site_name":"Ocularis","article_modified_time":"2023-09-15T09:21:02+00:00","twitter_card":"summary_large_image","twitter_misc":{"Dur\u00e9e de lecture estim\u00e9e":"5 minutes"},"schema":{"@context":"https:\/\/schema.org","@graph":[{"@type":"WebPage","@id":"https:\/\/ocularis.ong\/fr\/politique-de-cookies\/","url":"https:\/\/ocularis.ong\/fr\/politique-de-cookies\/","name":"Politique de Cookies - Ocularis","isPartOf":{"@id":"https:\/\/ocularis.ong\/fr\/#website"},"datePublished":"2023-08-29T10:49:31+00:00","dateModified":"2023-09-15T09:21:02+00:00","breadcrumb":{"@id":"https:\/\/ocularis.ong\/fr\/politique-de-cookies\/#breadcrumb"},"inLanguage":"fr-FR","potentialAction":[{"@type":"ReadAction","target":["https:\/\/ocularis.ong\/fr\/politique-de-cookies\/"]}]},{"@type":"BreadcrumbList","@id":"https:\/\/ocularis.ong\/fr\/politique-de-cookies\/#breadcrumb","itemListElement":[{"@type":"ListItem","position":1,"name":"Portada","item":"https:\/\/ocularis.ong\/fr\/"},{"@type":"ListItem","position":2,"name":"Politique de Cookies"}]},{"@type":"WebSite","@id":"https:\/\/ocularis.ong\/fr\/#website","url":"https:\/\/ocularis.ong\/fr\/","name":"Ocularis","description":"Teaching to see","publisher":{"@id":"https:\/\/ocularis.ong\/fr\/#organization"},"potentialAction":[{"@type":"SearchAction","target":{"@type":"EntryPoint","urlTemplate":"https:\/\/ocularis.ong\/fr\/?s={search_term_string}"},"query-input":{"@type":"PropertyValueSpecification","valueRequired":true,"valueName":"search_term_string"}}],"inLanguage":"fr-FR"},{"@type":"Organization","@id":"https:\/\/ocularis.ong\/fr\/#organization","name":"Ocularis","url":"https:\/\/ocularis.ong\/fr\/","logo":{"@type":"ImageObject","inLanguage":"fr-FR","@id":"https:\/\/ocularis.ong\/fr\/#\/schema\/logo\/image\/","url":"https:\/\/ocularis.ong\/wp-content\/uploads\/2022\/09\/logo_r_139x200.jpg","contentUrl":"https:\/\/ocularis.ong\/wp-content\/uploads\/2022\/09\/logo_r_139x200.jpg","width":139,"height":200,"caption":"Ocularis"},"image":{"@id":"https:\/\/ocularis.ong\/fr\/#\/schema\/logo\/image\/"}}]}},"_links":{"self":[{"href":"https:\/\/ocularis.ong\/fr\/wp-json\/wp\/v2\/pages\/10775","targetHints":{"allow":["GET"]}}],"collection":[{"href":"https:\/\/ocularis.ong\/fr\/wp-json\/wp\/v2\/pages"}],"about":[{"href":"https:\/\/ocularis.ong\/fr\/wp-json\/wp\/v2\/types\/page"}],"author":[{"embeddable":true,"href":"https:\/\/ocularis.ong\/fr\/wp-json\/wp\/v2\/users\/6"}],"replies":[{"embeddable":true,"href":"https:\/\/ocularis.ong\/fr\/wp-json\/wp\/v2\/comments?post=10775"}],"version-history":[{"count":13,"href":"https:\/\/ocularis.ong\/fr\/wp-json\/wp\/v2\/pages\/10775\/revisions"}],"predecessor-version":[{"id":11476,"href":"https:\/\/ocularis.ong\/fr\/wp-json\/wp\/v2\/pages\/10775\/revisions\/11476"}],"wp:attachment":[{"href":"https:\/\/ocularis.ong\/fr\/wp-json\/wp\/v2\/media?parent=10775"}],"curies":[{"name":"wp","href":"https:\/\/api.w.org\/{rel}","templated":true}]}}