{"id":10763,"date":"2023-08-29T10:23:39","date_gmt":"2023-08-29T10:23:39","guid":{"rendered":"https:\/\/ocularis.ong\/?page_id=10763"},"modified":"2023-09-05T11:08:34","modified_gmt":"2023-09-05T11:08:34","slug":"optometrie-pediatrique","status":"publish","type":"page","link":"https:\/\/ocularis.ong\/fr\/formations-et-actions-solidaires\/optometrie-pediatrique\/","title":{"rendered":"Optom\u00e9trie p\u00e9diatrique"},"content":{"rendered":"\t\t<div data-elementor-type=\"wp-page\" data-elementor-id=\"10763\" class=\"elementor elementor-10763 elementor-4405\" data-elementor-post-type=\"page\">\n\t\t\t\t\t\t<section class=\"elementor-section elementor-top-section elementor-element elementor-element-3ddde6f7 elementor-section-full_width elementor-section-height-default elementor-section-height-default\" data-id=\"3ddde6f7\" data-element_type=\"section\" data-e-type=\"section\" data-settings=\"{&quot;background_background&quot;:&quot;classic&quot;}\">\n\t\t\t\t\t\t\t<div class=\"elementor-background-overlay\"><\/div>\n\t\t\t\t\t\t\t<div class=\"elementor-container elementor-column-gap-no\">\n\t\t\t\t\t<div class=\"elementor-column elementor-col-100 elementor-top-column elementor-element elementor-element-659e0063\" data-id=\"659e0063\" data-element_type=\"column\" data-e-type=\"column\">\n\t\t\t<div class=\"elementor-widget-wrap elementor-element-populated\">\n\t\t\t\t\t\t<div class=\"elementor-element elementor-element-6931aeb6 elementor-widget elementor-widget-heading\" data-id=\"6931aeb6\" data-element_type=\"widget\" data-e-type=\"widget\" data-widget_type=\"heading.default\">\n\t\t\t\t<div class=\"elementor-widget-container\">\n\t\t\t\t\t<h1 class=\"elementor-heading-title elementor-size-default\">Optom\u00e9trie p\u00e9diatrique<\/h1>\t\t\t\t<\/div>\n\t\t\t\t<\/div>\n\t\t\t\t\t<\/div>\n\t\t<\/div>\n\t\t\t\t\t<\/div>\n\t\t<\/section>\n\t\t\t\t<section class=\"elementor-section elementor-top-section elementor-element elementor-element-023d435 elementor-section-boxed elementor-section-height-default elementor-section-height-default\" data-id=\"023d435\" data-element_type=\"section\" data-e-type=\"section\">\n\t\t\t\t\t\t<div class=\"elementor-container elementor-column-gap-default\">\n\t\t\t\t\t<div class=\"elementor-column elementor-col-100 elementor-top-column elementor-element elementor-element-70eb6ed\" data-id=\"70eb6ed\" data-element_type=\"column\" data-e-type=\"column\">\n\t\t\t<div class=\"elementor-widget-wrap elementor-element-populated\">\n\t\t\t\t\t\t<div class=\"elementor-element elementor-element-fa184fd elementor-widget elementor-widget-heading\" data-id=\"fa184fd\" data-element_type=\"widget\" data-e-type=\"widget\" data-widget_type=\"heading.default\">\n\t\t\t\t<div class=\"elementor-widget-container\">\n\t\t\t\t\t<h4 class=\"elementor-heading-title elementor-size-default\">S\u00e9n\u00e9gal<\/h4>\t\t\t\t<\/div>\n\t\t\t\t<\/div>\n\t\t\t\t\t<\/div>\n\t\t<\/div>\n\t\t\t\t\t<\/div>\n\t\t<\/section>\n\t\t\t\t<section class=\"elementor-section elementor-top-section elementor-element elementor-element-bf9a4b1 elementor-section-boxed elementor-section-height-default elementor-section-height-default\" data-id=\"bf9a4b1\" data-element_type=\"section\" data-e-type=\"section\">\n\t\t\t\t\t\t<div class=\"elementor-container elementor-column-gap-default\">\n\t\t\t\t\t<div class=\"elementor-column elementor-col-100 elementor-top-column elementor-element elementor-element-70a1fa8\" data-id=\"70a1fa8\" data-element_type=\"column\" data-e-type=\"column\">\n\t\t\t<div class=\"elementor-widget-wrap elementor-element-populated\">\n\t\t\t\t\t\t<div class=\"elementor-element elementor-element-413f3a7 elementor-widget elementor-widget-heading\" data-id=\"413f3a7\" data-element_type=\"widget\" data-e-type=\"widget\" data-widget_type=\"heading.default\">\n\t\t\t\t<div class=\"elementor-widget-container\">\n\t\t\t\t\t<h2 class=\"elementor-heading-title elementor-size-default\">Les examens optom\u00e9triques des enfants sont-ils vraiment si importants ?<\/h2>\t\t\t\t<\/div>\n\t\t\t\t<\/div>\n\t\t\t\t<div class=\"elementor-element elementor-element-1efd5c5 elementor-widget elementor-widget-text-editor\" data-id=\"1efd5c5\" data-element_type=\"widget\" data-e-type=\"widget\" data-widget_type=\"text-editor.default\">\n\t\t\t\t<div class=\"elementor-widget-container\">\n\t\t\t\t\t\t\t\t\t<p>90 % des probl\u00e8mes de vue peuvent \u00eatre r\u00e9solus par le simple port de lunettes. Simple? Pas toujours\u2026<br \/>Si en Europe, nous avons des optom\u00e9tristes et des opticiens \u00e0 port\u00e9e de main, la situation est tr\u00e8s diff\u00e9rente au S\u00e9n\u00e9gal.<\/p><p>Le probl\u00e8me est double :<br \/>1. Le manque de professionnels laisse la grande majorit\u00e9 des enfants sans soins.<br \/>2. Le manque de formation de ces professionnels entra\u00eene des erreurs dans la prescription de lunettes.<\/p><p>\u00a0<\/p>\t\t\t\t\t\t\t\t<\/div>\n\t\t\t\t<\/div>\n\t\t\t\t\t<\/div>\n\t\t<\/div>\n\t\t\t\t\t<\/div>\n\t\t<\/section>\n\t\t\t\t<section class=\"elementor-section elementor-top-section elementor-element elementor-element-ac24195 elementor-section-boxed elementor-section-height-default elementor-section-height-default\" data-id=\"ac24195\" data-element_type=\"section\" data-e-type=\"section\">\n\t\t\t\t\t\t<div class=\"elementor-container elementor-column-gap-default\">\n\t\t\t\t\t<div class=\"elementor-column elementor-col-100 elementor-top-column elementor-element elementor-element-20d432a\" data-id=\"20d432a\" data-element_type=\"column\" data-e-type=\"column\">\n\t\t\t<div class=\"elementor-widget-wrap elementor-element-populated\">\n\t\t\t\t\t\t<div class=\"elementor-element elementor-element-52e089b elementor-widget elementor-widget-gallery\" data-id=\"52e089b\" data-element_type=\"widget\" data-e-type=\"widget\" data-settings=\"{&quot;lazyload&quot;:&quot;yes&quot;,&quot;gallery_layout&quot;:&quot;grid&quot;,&quot;columns&quot;:4,&quot;columns_tablet&quot;:2,&quot;columns_mobile&quot;:1,&quot;gap&quot;:{&quot;unit&quot;:&quot;px&quot;,&quot;size&quot;:10,&quot;sizes&quot;:[]},&quot;gap_tablet&quot;:{&quot;unit&quot;:&quot;px&quot;,&quot;size&quot;:10,&quot;sizes&quot;:[]},&quot;gap_mobile&quot;:{&quot;unit&quot;:&quot;px&quot;,&quot;size&quot;:10,&quot;sizes&quot;:[]},&quot;link_to&quot;:&quot;file&quot;,&quot;aspect_ratio&quot;:&quot;3:2&quot;,&quot;overlay_background&quot;:&quot;yes&quot;,&quot;content_hover_animation&quot;:&quot;fade-in&quot;}\" data-widget_type=\"gallery.default\">\n\t\t\t\t<div class=\"elementor-widget-container\">\n\t\t\t\t\t\t\t<div class=\"elementor-gallery__container\">\n\t\t\t\t\t\t\t<a class=\"e-gallery-item elementor-gallery-item elementor-animated-content\" href=\"https:\/\/ocularis.ong\/wp-content\/uploads\/2022\/10\/ocularis_optometria-pediatrica_0-1.jpg\" data-elementor-open-lightbox=\"yes\" data-elementor-lightbox-slideshow=\"52e089b\" data-elementor-lightbox-title=\"ocularis_optometria-pediatrica_0\" data-e-action-hash=\"#elementor-action%3Aaction%3Dlightbox%26settings%3DeyJpZCI6NjMxMSwidXJsIjoiaHR0cHM6XC9cL29jdWxhcmlzLm9uZ1wvd3AtY29udGVudFwvdXBsb2Fkc1wvMjAyMlwvMTBcL29jdWxhcmlzX29wdG9tZXRyaWEtcGVkaWF0cmljYV8wLTEuanBnIiwic2xpZGVzaG93IjoiNTJlMDg5YiJ9\">\n\t\t\t\t\t<div class=\"e-gallery-image elementor-gallery-item__image\" data-thumbnail=\"https:\/\/ocularis.ong\/wp-content\/uploads\/2022\/10\/ocularis_optometria-pediatrica_0-1-300x225.jpg\" data-width=\"300\" data-height=\"225\" aria-label=\"\" role=\"img\" ><\/div>\n\t\t\t\t\t\t\t\t\t\t\t<div class=\"elementor-gallery-item__overlay\"><\/div>\n\t\t\t\t\t\t\t\t\t\t\t\t\t\t<\/a>\n\t\t\t\t\t\t\t<a class=\"e-gallery-item elementor-gallery-item elementor-animated-content\" href=\"https:\/\/ocularis.ong\/wp-content\/uploads\/2022\/10\/ocularis_optometria-pediatrica_1-1.jpg\" data-elementor-open-lightbox=\"yes\" data-elementor-lightbox-slideshow=\"52e089b\" data-elementor-lightbox-title=\"ocularis_optometria-pediatrica_1\" data-e-action-hash=\"#elementor-action%3Aaction%3Dlightbox%26settings%3DeyJpZCI6NjMxNywidXJsIjoiaHR0cHM6XC9cL29jdWxhcmlzLm9uZ1wvd3AtY29udGVudFwvdXBsb2Fkc1wvMjAyMlwvMTBcL29jdWxhcmlzX29wdG9tZXRyaWEtcGVkaWF0cmljYV8xLTEuanBnIiwic2xpZGVzaG93IjoiNTJlMDg5YiJ9\">\n\t\t\t\t\t<div class=\"e-gallery-image elementor-gallery-item__image\" data-thumbnail=\"https:\/\/ocularis.ong\/wp-content\/uploads\/2022\/10\/ocularis_optometria-pediatrica_1-1-300x225.jpg\" data-width=\"300\" data-height=\"225\" aria-label=\"\" role=\"img\" ><\/div>\n\t\t\t\t\t\t\t\t\t\t\t<div class=\"elementor-gallery-item__overlay\"><\/div>\n\t\t\t\t\t\t\t\t\t\t\t\t\t\t<\/a>\n\t\t\t\t\t\t\t<a class=\"e-gallery-item elementor-gallery-item elementor-animated-content\" href=\"https:\/\/ocularis.ong\/wp-content\/uploads\/2022\/10\/ocularis_optometria-pediatrica_2-1.jpg\" data-elementor-open-lightbox=\"yes\" data-elementor-lightbox-slideshow=\"52e089b\" data-elementor-lightbox-title=\"ocularis_optometria-pediatrica_2\" data-e-action-hash=\"#elementor-action%3Aaction%3Dlightbox%26settings%3DeyJpZCI6NjMyMywidXJsIjoiaHR0cHM6XC9cL29jdWxhcmlzLm9uZ1wvd3AtY29udGVudFwvdXBsb2Fkc1wvMjAyMlwvMTBcL29jdWxhcmlzX29wdG9tZXRyaWEtcGVkaWF0cmljYV8yLTEuanBnIiwic2xpZGVzaG93IjoiNTJlMDg5YiJ9\">\n\t\t\t\t\t<div class=\"e-gallery-image elementor-gallery-item__image\" data-thumbnail=\"https:\/\/ocularis.ong\/wp-content\/uploads\/2022\/10\/ocularis_optometria-pediatrica_2-1-300x225.jpg\" data-width=\"300\" data-height=\"225\" aria-label=\"\" role=\"img\" ><\/div>\n\t\t\t\t\t\t\t\t\t\t\t<div class=\"elementor-gallery-item__overlay\"><\/div>\n\t\t\t\t\t\t\t\t\t\t\t\t\t\t<\/a>\n\t\t\t\t\t<\/div>\n\t\t\t\t\t<\/div>\n\t\t\t\t<\/div>\n\t\t\t\t\t<\/div>\n\t\t<\/div>\n\t\t\t\t\t<\/div>\n\t\t<\/section>\n\t\t\t\t<section class=\"elementor-section elementor-top-section elementor-element elementor-element-b108078 elementor-section-boxed elementor-section-height-default elementor-section-height-default\" data-id=\"b108078\" data-element_type=\"section\" data-e-type=\"section\">\n\t\t\t\t\t\t<div class=\"elementor-container elementor-column-gap-default\">\n\t\t\t\t\t<div class=\"elementor-column elementor-col-100 elementor-top-column elementor-element elementor-element-6178371\" data-id=\"6178371\" data-element_type=\"column\" data-e-type=\"column\">\n\t\t\t<div class=\"elementor-widget-wrap elementor-element-populated\">\n\t\t\t\t\t\t<div class=\"elementor-element elementor-element-4e71e53 elementor-widget elementor-widget-heading\" data-id=\"4e71e53\" data-element_type=\"widget\" data-e-type=\"widget\" data-widget_type=\"heading.default\">\n\t\t\t\t<div class=\"elementor-widget-container\">\n\t\t\t\t\t<h2 class=\"elementor-heading-title elementor-size-default\">Comment se d\u00e9roulent ces examens ?<\/h2>\t\t\t\t<\/div>\n\t\t\t\t<\/div>\n\t\t\t\t<div class=\"elementor-element elementor-element-3b902a2 elementor-widget elementor-widget-text-editor\" data-id=\"3b902a2\" data-element_type=\"widget\" data-e-type=\"widget\" data-widget_type=\"text-editor.default\">\n\t\t\t\t<div class=\"elementor-widget-container\">\n\t\t\t\t\t\t\t\t\t<p>Nous mettons \u00e0 profit nos voyages de formation pour effectuer un grand nombre d&rsquo;examens optom\u00e9triques p\u00e9diatriques dans des \u00e9coles de quartiers d\u00e9favoris\u00e9s ou dans des orphelinats : en plus de fournir des soins indispensables, nous apprenons aux \u00e9tudiants qui nous accompagnent \u00e0 effectuer les diff\u00e9rents tests d&rsquo;acuit\u00e9 visuelle des enfants. L\u2019un de ces tests est la r\u00e9tinoscopie, un examen indispensable pour d\u00e9terminer le statut r\u00e9fractif du patient, c&rsquo;est-\u00e0-dire s&rsquo;il a besoin de lunettes ou non.<\/p><p><br \/>Enfin, nous enseignons comment effectuer un bon examen des capacit\u00e9s visuelles des enfants, ce qui requiert des outils et des comp\u00e9tences sp\u00e9cifiques indispensables dans des pays peu habitu\u00e9s \u00e0 pratiquer la m\u00e9decine pr\u00e9ventive. Or, la d\u00e9tection pr\u00e9coce des alt\u00e9rations du syst\u00e8me visuel permet de les traiter plus rapidement et plus efficacement.<\/p>\t\t\t\t\t\t\t\t<\/div>\n\t\t\t\t<\/div>\n\t\t\t\t\t<\/div>\n\t\t<\/div>\n\t\t\t\t\t<\/div>\n\t\t<\/section>\n\t\t\t\t<section class=\"elementor-section elementor-top-section elementor-element elementor-element-0ea8856 elementor-section-boxed elementor-section-height-default elementor-section-height-default\" data-id=\"0ea8856\" data-element_type=\"section\" data-e-type=\"section\">\n\t\t\t\t\t\t<div class=\"elementor-container elementor-column-gap-default\">\n\t\t\t\t\t<div class=\"elementor-column elementor-col-100 elementor-top-column elementor-element elementor-element-766cea5\" data-id=\"766cea5\" data-element_type=\"column\" data-e-type=\"column\">\n\t\t\t<div class=\"elementor-widget-wrap elementor-element-populated\">\n\t\t\t\t\t\t<div class=\"elementor-element elementor-element-727d972 elementor-widget elementor-widget-gallery\" data-id=\"727d972\" data-element_type=\"widget\" data-e-type=\"widget\" data-settings=\"{&quot;lazyload&quot;:&quot;yes&quot;,&quot;gallery_layout&quot;:&quot;grid&quot;,&quot;columns&quot;:4,&quot;columns_tablet&quot;:2,&quot;columns_mobile&quot;:1,&quot;gap&quot;:{&quot;unit&quot;:&quot;px&quot;,&quot;size&quot;:10,&quot;sizes&quot;:[]},&quot;gap_tablet&quot;:{&quot;unit&quot;:&quot;px&quot;,&quot;size&quot;:10,&quot;sizes&quot;:[]},&quot;gap_mobile&quot;:{&quot;unit&quot;:&quot;px&quot;,&quot;size&quot;:10,&quot;sizes&quot;:[]},&quot;link_to&quot;:&quot;file&quot;,&quot;aspect_ratio&quot;:&quot;3:2&quot;,&quot;overlay_background&quot;:&quot;yes&quot;,&quot;content_hover_animation&quot;:&quot;fade-in&quot;}\" data-widget_type=\"gallery.default\">\n\t\t\t\t<div class=\"elementor-widget-container\">\n\t\t\t\t\t\t\t<div class=\"elementor-gallery__container\">\n\t\t\t\t\t<\/div>\n\t\t\t\t\t<\/div>\n\t\t\t\t<\/div>\n\t\t\t\t\t<\/div>\n\t\t<\/div>\n\t\t\t\t\t<\/div>\n\t\t<\/section>\n\t\t\t\t<\/div>\n\t\t","protected":false},"excerpt":{"rendered":"<p>Optom\u00e9trie p\u00e9diatrique S\u00e9n\u00e9gal Les examens optom\u00e9triques des enfants sont-ils vraiment si importants ? 90 % des probl\u00e8mes de vue peuvent \u00eatre r\u00e9solus par le simple port de lunettes. Simple? Pas toujours\u2026Si en Europe, nous avons des optom\u00e9tristes et des opticiens \u00e0 port\u00e9e de main, la situation est tr\u00e8s diff\u00e9rente au S\u00e9n\u00e9gal. Le probl\u00e8me est double &hellip;<\/p>\n<p class=\"read-more\"> <a class=\"\" href=\"https:\/\/ocularis.ong\/fr\/formations-et-actions-solidaires\/optometrie-pediatrique\/\"> <span class=\"screen-reader-text\">Optom\u00e9trie p\u00e9diatrique<\/span> Lire la suite\u00a0\u00bb<\/a><\/p>\n","protected":false},"author":6,"featured_media":0,"parent":10741,"menu_order":0,"comment_status":"closed","ping_status":"closed","template":"","meta":{"_mo_disable_npp":"","site-sidebar-layout":"no-sidebar","site-content-layout":"page-builder","ast-site-content-layout":"","site-content-style":"default","site-sidebar-style":"default","ast-global-header-display":"","ast-banner-title-visibility":"","ast-main-header-display":"","ast-hfb-above-header-display":"","ast-hfb-below-header-display":"","ast-hfb-mobile-header-display":"","site-post-title":"disabled","ast-breadcrumbs-content":"","ast-featured-img":"disabled","footer-sml-layout":"","theme-transparent-header-meta":"","adv-header-id-meta":"","stick-header-meta":"","header-above-stick-meta":"","header-main-stick-meta":"","header-below-stick-meta":"","astra-migrate-meta-layouts":"","footnotes":""},"class_list":["post-10763","page","type-page","status-publish","hentry"],"yoast_head":"<!-- This site is optimized with the Yoast SEO plugin v26.3 - https:\/\/yoast.com\/wordpress\/plugins\/seo\/ -->\n<title>Optom\u00e9trie p\u00e9diatrique - Ocularis<\/title>\n<meta name=\"robots\" content=\"index, follow, max-snippet:-1, max-image-preview:large, max-video-preview:-1\" \/>\n<link rel=\"canonical\" href=\"https:\/\/ocularis.ong\/fr\/formations-et-actions-solidaires\/optometrie-pediatrique\/\" \/>\n<meta property=\"og:locale\" content=\"fr_FR\" \/>\n<meta property=\"og:type\" content=\"article\" \/>\n<meta property=\"og:title\" content=\"Optom\u00e9trie p\u00e9diatrique - Ocularis\" \/>\n<meta property=\"og:description\" content=\"Optom\u00e9trie p\u00e9diatrique S\u00e9n\u00e9gal Les examens optom\u00e9triques des enfants sont-ils vraiment si importants ? 90 % des probl\u00e8mes de vue peuvent \u00eatre r\u00e9solus par le simple port de lunettes. Simple? Pas toujours\u2026Si en Europe, nous avons des optom\u00e9tristes et des opticiens \u00e0 port\u00e9e de main, la situation est tr\u00e8s diff\u00e9rente au S\u00e9n\u00e9gal. Le probl\u00e8me est double &hellip; Optom\u00e9trie p\u00e9diatrique Lire la suite\u00a0\u00bb\" \/>\n<meta property=\"og:url\" content=\"https:\/\/ocularis.ong\/fr\/formations-et-actions-solidaires\/optometrie-pediatrique\/\" \/>\n<meta property=\"og:site_name\" content=\"Ocularis\" \/>\n<meta property=\"article:modified_time\" content=\"2023-09-05T11:08:34+00:00\" \/>\n<meta name=\"twitter:card\" content=\"summary_large_image\" \/>\n<meta name=\"twitter:label1\" content=\"Dur\u00e9e de lecture estim\u00e9e\" \/>\n\t<meta name=\"twitter:data1\" content=\"2 minutes\" \/>\n<script type=\"application\/ld+json\" class=\"yoast-schema-graph\">{\"@context\":\"https:\/\/schema.org\",\"@graph\":[{\"@type\":\"WebPage\",\"@id\":\"https:\/\/ocularis.ong\/fr\/formations-et-actions-solidaires\/optometrie-pediatrique\/\",\"url\":\"https:\/\/ocularis.ong\/fr\/formations-et-actions-solidaires\/optometrie-pediatrique\/\",\"name\":\"Optom\u00e9trie p\u00e9diatrique - Ocularis\",\"isPartOf\":{\"@id\":\"https:\/\/ocularis.ong\/fr\/#website\"},\"datePublished\":\"2023-08-29T10:23:39+00:00\",\"dateModified\":\"2023-09-05T11:08:34+00:00\",\"breadcrumb\":{\"@id\":\"https:\/\/ocularis.ong\/fr\/formations-et-actions-solidaires\/optometrie-pediatrique\/#breadcrumb\"},\"inLanguage\":\"fr-FR\",\"potentialAction\":[{\"@type\":\"ReadAction\",\"target\":[\"https:\/\/ocularis.ong\/fr\/formations-et-actions-solidaires\/optometrie-pediatrique\/\"]}]},{\"@type\":\"BreadcrumbList\",\"@id\":\"https:\/\/ocularis.ong\/fr\/formations-et-actions-solidaires\/optometrie-pediatrique\/#breadcrumb\",\"itemListElement\":[{\"@type\":\"ListItem\",\"position\":1,\"name\":\"Portada\",\"item\":\"https:\/\/ocularis.ong\/fr\/\"},{\"@type\":\"ListItem\",\"position\":2,\"name\":\"Formations et actions solidaires\",\"item\":\"https:\/\/ocularis.ong\/fr\/formations-et-actions-solidaires\/\"},{\"@type\":\"ListItem\",\"position\":3,\"name\":\"Optom\u00e9trie p\u00e9diatrique\"}]},{\"@type\":\"WebSite\",\"@id\":\"https:\/\/ocularis.ong\/fr\/#website\",\"url\":\"https:\/\/ocularis.ong\/fr\/\",\"name\":\"Ocularis\",\"description\":\"Teaching to see\",\"publisher\":{\"@id\":\"https:\/\/ocularis.ong\/fr\/#organization\"},\"potentialAction\":[{\"@type\":\"SearchAction\",\"target\":{\"@type\":\"EntryPoint\",\"urlTemplate\":\"https:\/\/ocularis.ong\/fr\/?s={search_term_string}\"},\"query-input\":{\"@type\":\"PropertyValueSpecification\",\"valueRequired\":true,\"valueName\":\"search_term_string\"}}],\"inLanguage\":\"fr-FR\"},{\"@type\":\"Organization\",\"@id\":\"https:\/\/ocularis.ong\/fr\/#organization\",\"name\":\"Ocularis\",\"url\":\"https:\/\/ocularis.ong\/fr\/\",\"logo\":{\"@type\":\"ImageObject\",\"inLanguage\":\"fr-FR\",\"@id\":\"https:\/\/ocularis.ong\/fr\/#\/schema\/logo\/image\/\",\"url\":\"https:\/\/ocularis.ong\/wp-content\/uploads\/2022\/09\/logo_r_139x200.jpg\",\"contentUrl\":\"https:\/\/ocularis.ong\/wp-content\/uploads\/2022\/09\/logo_r_139x200.jpg\",\"width\":139,\"height\":200,\"caption\":\"Ocularis\"},\"image\":{\"@id\":\"https:\/\/ocularis.ong\/fr\/#\/schema\/logo\/image\/\"}}]}<\/script>\n<!-- \/ Yoast SEO plugin. -->","yoast_head_json":{"title":"Optom\u00e9trie p\u00e9diatrique - Ocularis","robots":{"index":"index","follow":"follow","max-snippet":"max-snippet:-1","max-image-preview":"max-image-preview:large","max-video-preview":"max-video-preview:-1"},"canonical":"https:\/\/ocularis.ong\/fr\/formations-et-actions-solidaires\/optometrie-pediatrique\/","og_locale":"fr_FR","og_type":"article","og_title":"Optom\u00e9trie p\u00e9diatrique - Ocularis","og_description":"Optom\u00e9trie p\u00e9diatrique S\u00e9n\u00e9gal Les examens optom\u00e9triques des enfants sont-ils vraiment si importants ? 90 % des probl\u00e8mes de vue peuvent \u00eatre r\u00e9solus par le simple port de lunettes. Simple? Pas toujours\u2026Si en Europe, nous avons des optom\u00e9tristes et des opticiens \u00e0 port\u00e9e de main, la situation est tr\u00e8s diff\u00e9rente au S\u00e9n\u00e9gal. Le probl\u00e8me est double &hellip; Optom\u00e9trie p\u00e9diatrique Lire la suite\u00a0\u00bb","og_url":"https:\/\/ocularis.ong\/fr\/formations-et-actions-solidaires\/optometrie-pediatrique\/","og_site_name":"Ocularis","article_modified_time":"2023-09-05T11:08:34+00:00","twitter_card":"summary_large_image","twitter_misc":{"Dur\u00e9e de lecture estim\u00e9e":"2 minutes"},"schema":{"@context":"https:\/\/schema.org","@graph":[{"@type":"WebPage","@id":"https:\/\/ocularis.ong\/fr\/formations-et-actions-solidaires\/optometrie-pediatrique\/","url":"https:\/\/ocularis.ong\/fr\/formations-et-actions-solidaires\/optometrie-pediatrique\/","name":"Optom\u00e9trie p\u00e9diatrique - Ocularis","isPartOf":{"@id":"https:\/\/ocularis.ong\/fr\/#website"},"datePublished":"2023-08-29T10:23:39+00:00","dateModified":"2023-09-05T11:08:34+00:00","breadcrumb":{"@id":"https:\/\/ocularis.ong\/fr\/formations-et-actions-solidaires\/optometrie-pediatrique\/#breadcrumb"},"inLanguage":"fr-FR","potentialAction":[{"@type":"ReadAction","target":["https:\/\/ocularis.ong\/fr\/formations-et-actions-solidaires\/optometrie-pediatrique\/"]}]},{"@type":"BreadcrumbList","@id":"https:\/\/ocularis.ong\/fr\/formations-et-actions-solidaires\/optometrie-pediatrique\/#breadcrumb","itemListElement":[{"@type":"ListItem","position":1,"name":"Portada","item":"https:\/\/ocularis.ong\/fr\/"},{"@type":"ListItem","position":2,"name":"Formations et actions solidaires","item":"https:\/\/ocularis.ong\/fr\/formations-et-actions-solidaires\/"},{"@type":"ListItem","position":3,"name":"Optom\u00e9trie p\u00e9diatrique"}]},{"@type":"WebSite","@id":"https:\/\/ocularis.ong\/fr\/#website","url":"https:\/\/ocularis.ong\/fr\/","name":"Ocularis","description":"Teaching to see","publisher":{"@id":"https:\/\/ocularis.ong\/fr\/#organization"},"potentialAction":[{"@type":"SearchAction","target":{"@type":"EntryPoint","urlTemplate":"https:\/\/ocularis.ong\/fr\/?s={search_term_string}"},"query-input":{"@type":"PropertyValueSpecification","valueRequired":true,"valueName":"search_term_string"}}],"inLanguage":"fr-FR"},{"@type":"Organization","@id":"https:\/\/ocularis.ong\/fr\/#organization","name":"Ocularis","url":"https:\/\/ocularis.ong\/fr\/","logo":{"@type":"ImageObject","inLanguage":"fr-FR","@id":"https:\/\/ocularis.ong\/fr\/#\/schema\/logo\/image\/","url":"https:\/\/ocularis.ong\/wp-content\/uploads\/2022\/09\/logo_r_139x200.jpg","contentUrl":"https:\/\/ocularis.ong\/wp-content\/uploads\/2022\/09\/logo_r_139x200.jpg","width":139,"height":200,"caption":"Ocularis"},"image":{"@id":"https:\/\/ocularis.ong\/fr\/#\/schema\/logo\/image\/"}}]}},"_links":{"self":[{"href":"https:\/\/ocularis.ong\/fr\/wp-json\/wp\/v2\/pages\/10763","targetHints":{"allow":["GET"]}}],"collection":[{"href":"https:\/\/ocularis.ong\/fr\/wp-json\/wp\/v2\/pages"}],"about":[{"href":"https:\/\/ocularis.ong\/fr\/wp-json\/wp\/v2\/types\/page"}],"author":[{"embeddable":true,"href":"https:\/\/ocularis.ong\/fr\/wp-json\/wp\/v2\/users\/6"}],"replies":[{"embeddable":true,"href":"https:\/\/ocularis.ong\/fr\/wp-json\/wp\/v2\/comments?post=10763"}],"version-history":[{"count":13,"href":"https:\/\/ocularis.ong\/fr\/wp-json\/wp\/v2\/pages\/10763\/revisions"}],"predecessor-version":[{"id":11119,"href":"https:\/\/ocularis.ong\/fr\/wp-json\/wp\/v2\/pages\/10763\/revisions\/11119"}],"up":[{"embeddable":true,"href":"https:\/\/ocularis.ong\/fr\/wp-json\/wp\/v2\/pages\/10741"}],"wp:attachment":[{"href":"https:\/\/ocularis.ong\/fr\/wp-json\/wp\/v2\/media?parent=10763"}],"curies":[{"name":"wp","href":"https:\/\/api.w.org\/{rel}","templated":true}]}}