{"id":10668,"date":"2023-08-28T12:14:02","date_gmt":"2023-08-28T12:14:02","guid":{"rendered":"https:\/\/ocularis.ong\/?page_id=10668"},"modified":"2024-03-22T17:52:23","modified_gmt":"2024-03-22T17:52:23","slug":"mention-legale","status":"publish","type":"page","link":"https:\/\/ocularis.ong\/fr\/mention-legale\/","title":{"rendered":"Mention l\u00e9gale"},"content":{"rendered":"\t\t<div data-elementor-type=\"wp-page\" data-elementor-id=\"10668\" class=\"elementor elementor-10668 elementor-9571\" data-elementor-post-type=\"page\">\n\t\t\t\t\t\t<section class=\"elementor-section elementor-top-section elementor-element elementor-element-293a981e elementor-section-full_width elementor-section-height-default elementor-section-height-default\" data-id=\"293a981e\" data-element_type=\"section\" data-e-type=\"section\" data-settings=\"{&quot;background_background&quot;:&quot;classic&quot;}\">\n\t\t\t\t\t\t\t<div class=\"elementor-background-overlay\"><\/div>\n\t\t\t\t\t\t\t<div class=\"elementor-container elementor-column-gap-no\">\n\t\t\t\t\t<div class=\"elementor-column elementor-col-100 elementor-top-column elementor-element elementor-element-6eae92ef\" data-id=\"6eae92ef\" data-element_type=\"column\" data-e-type=\"column\">\n\t\t\t<div class=\"elementor-widget-wrap elementor-element-populated\">\n\t\t\t\t\t\t<div class=\"elementor-element elementor-element-67c8e907 elementor-widget elementor-widget-heading\" data-id=\"67c8e907\" data-element_type=\"widget\" data-e-type=\"widget\" data-widget_type=\"heading.default\">\n\t\t\t\t<div class=\"elementor-widget-container\">\n\t\t\t\t\t<h1 class=\"elementor-heading-title elementor-size-default\">MENTION L\u00c9GALE<\/h1>\t\t\t\t<\/div>\n\t\t\t\t<\/div>\n\t\t\t\t\t<\/div>\n\t\t<\/div>\n\t\t\t\t\t<\/div>\n\t\t<\/section>\n\t\t\t\t<section class=\"elementor-section elementor-top-section elementor-element elementor-element-f9c5877 elementor-section-boxed elementor-section-height-default elementor-section-height-default\" data-id=\"f9c5877\" data-element_type=\"section\" data-e-type=\"section\">\n\t\t\t\t\t\t<div class=\"elementor-container elementor-column-gap-default\">\n\t\t\t\t\t<div class=\"elementor-column elementor-col-100 elementor-top-column elementor-element elementor-element-9afce09\" data-id=\"9afce09\" data-element_type=\"column\" data-e-type=\"column\">\n\t\t\t<div class=\"elementor-widget-wrap elementor-element-populated\">\n\t\t\t\t\t\t<div class=\"elementor-element elementor-element-b8e9ad3 elementor-widget elementor-widget-text-editor\" data-id=\"b8e9ad3\" data-element_type=\"widget\" data-e-type=\"widget\" data-widget_type=\"text-editor.default\">\n\t\t\t\t<div class=\"elementor-widget-container\">\n\t\t\t\t\t\t\t\t\t<h2>Identification et propri\u00e9t\u00e9<\/h2><p>Conform\u00e9ment \u00e0 l&rsquo;article 10 de la loi 34\/2002, du 11 juillet, sur les services de la soci\u00e9t\u00e9 de l&rsquo;information et le commerce \u00e9lectronique, le titulaire indique ses donn\u00e9es d&rsquo;identification :<\/p><ul><li><strong>Titulaire: <\/strong>Ocularis<\/li><li><strong>n\u00ba TVA \/NIF: <\/strong>G65335861<\/li><li><b>Adresse:<\/b>\u00a0 Calle Antonio Mui\u00f1o 6, 2\u00aa-1\u00aa, 08870 Sitges, Barcelona &#8211; Espagne.<\/li><li><b>Courriel:<\/b>\u00a0 hola@ocularis.ong<\/li><li><b>T\u00e9l\u00e9phone:<\/b>\u00a0 622 227 339<\/li><li><b>Site Web:<\/b>\u00a0 <a href=\"https:\/\/ocularis.ong\">https:\/\/ocularis.ong<\/a><\/li><\/ul><h2>Finalit\u00e9<\/h2><p>Former des sp\u00e9cialistes de la sant\u00e9 oculaire dans les pays \u00e0 faible revenu<\/p><h2>Conditions d&rsquo;utilisation du site<\/h2><p>L&rsquo;utilisation du site Web vous conf\u00e8re le statut d&rsquo;utilisateur et implique la pleine acceptation de toutes les clauses et conditions d&rsquo;utilisation incluses dans les pages :<\/p><ul><li><a href=\"https:\/\/ocularis.ong\/fr\/mention-legale\/\">Mention l\u00e9gale<\/a><\/li><li><a href=\"https:\/\/ocularis.ong\/fr\/donnees-personnelles\/\">Donn\u00e9es personnelles<\/a><\/li><li><a href=\"https:\/\/ocularis.ong\/fr\/politique-de-cookies\/\">Pol\u00edtique de cookies<\/a><\/li><\/ul><p>Si vous n&rsquo;\u00eates pas d&rsquo;accord avec chacun de ces termes et conditions, veuillez ne pas utiliser le site web.<\/p><p>L&rsquo;acc\u00e8s au site web n&rsquo;implique en aucun cas le d\u00e9but d&rsquo;une relation commerciale avec le propri\u00e9taire.<\/p><p>\u00c0 cet effet, vous avez l&rsquo;obligation et l&rsquo;engagement de NE PAS utiliser les contenus du site Web \u00e0 des fins ou \u00e0 des effets illicites, interdits par le pr\u00e9sent avis juridique ou par la l\u00e9gislation en vigueur, pr\u00e9judiciables aux droits et aux int\u00e9r\u00eats de tiers, ou susceptibles d&rsquo;endommager, de d\u00e9sactiver, de surcharger, de d\u00e9t\u00e9riorer ou d&#8217;emp\u00eacher l&rsquo;utilisation normale des contenus, des \u00e9quipements informatiques ou des documents, des fichiers et de tout type de contenu stock\u00e9 sur tout \u00e9quipement informatique appartenant ou souscrit par le propri\u00e9taire, d&rsquo;autres utilisateurs ou tout internaute.<\/p><p>Le Propri\u00e9taire se r\u00e9serve le droit de supprimer tout commentaire qui violerait la l\u00e9gislation en vigueur, porterait atteinte aux droits ou aux int\u00e9r\u00eats de tiers, ou qui, \u00e0 son avis, ne serait pas appropri\u00e9 \u00e0 la publication.<\/p><p>Le Propri\u00e9taire n&rsquo;est pas responsable des opinions exprim\u00e9es par les utilisateurs \u00e0 travers le syst\u00e8me de commentaires, les r\u00e9seaux sociaux ou d&rsquo;autres outils de participation, conform\u00e9ment aux dispositions de la r\u00e9glementation applicable.<\/p><h2>Mesures de s\u00e9curit\u00e9<\/h2><div><p>Les donn\u00e9es personnelles fournies au Titulaire peuvent \u00eatre stock\u00e9es dans des bases de donn\u00e9es automatis\u00e9es ou non, dont la propri\u00e9t\u00e9 revient exclusivement au Titulaire, qui assume toutes les mesures techniques, organisationnelles et de s\u00e9curit\u00e9 garantissant la confidentialit\u00e9, l&rsquo;int\u00e9grit\u00e9 et la qualit\u00e9 des informations contenues dans ces bases, conform\u00e9ment aux dispositions de la l\u00e9gislation en vigueur en mati\u00e8re de protection des donn\u00e9es.<\/p><p>Toutefois, vous devez savoir que les mesures de s\u00e9curit\u00e9 des syst\u00e8mes informatiques sur Internet ne sont pas enti\u00e8rement fiables et que, par cons\u00e9quent, le Titulaire ne peut pas garantir l&rsquo;absence de virus ou d&rsquo;autres \u00e9l\u00e9ments susceptibles de provoquer des alt\u00e9rations dans les syst\u00e8mes informatiques (logiciels et mat\u00e9riels) de l&rsquo;Utilisateur ou dans ses documents \u00e9lectroniques et les fichiers qu&rsquo;ils contiennent, bien que le Titulaire fasse tout son possible et prenne les mesures de s\u00e9curit\u00e9 n\u00e9cessaires pour \u00e9viter la pr\u00e9sence de ces \u00e9l\u00e9ments nocifs.<\/p><h2>Traitement des donn\u00e9es \u00e0 caract\u00e8re personnel<\/h2><\/div><div><p>Vous pouvez consulter toutes les informations relatives au traitement des donn\u00e9es personnelles collect\u00e9es par le responsable du traitement sur la page <a href=\"https:\/\/ocularis.ong\/fr\/donnees-personnelles\/\">Donn\u00e9es personnelles<\/a>.<\/p><\/div><div><h2>Sommaire<\/h2><p>Le propri\u00e9taire a obtenu les informations, le contenu multim\u00e9dia et les mat\u00e9riaux contenus sur le site Web \u00e0 partir de sources qu&rsquo;il estime fiables, mais bien qu&rsquo;il ait pris toutes les mesures raisonnables pour s&rsquo;assurer que les informations contenues sont correctes, le propri\u00e9taire ne garantit pas qu&rsquo;elles sont exactes, compl\u00e8tes ou \u00e0 jour. Le propri\u00e9taire d\u00e9cline express\u00e9ment toute responsabilit\u00e9 en cas d&rsquo;erreurs ou d&rsquo;omissions dans les informations contenues dans les pages du site web.<\/p><p>Il est interdit de transmettre ou d&rsquo;envoyer par l&rsquo;interm\u00e9diaire du site web tout contenu ill\u00e9gal ou illicite, des virus informatiques ou des messages qui, en g\u00e9n\u00e9ral, affectent ou violent les droits du propri\u00e9taire ou de tiers.<\/p><p>Le contenu du site Internet est fourni \u00e0 titre d&rsquo;information uniquement et ne doit en aucun cas \u00eatre utilis\u00e9 ou consid\u00e9r\u00e9 comme une offre de vente, une sollicitation d&rsquo;offre d&rsquo;achat ou une recommandation d&rsquo;effectuer toute autre transaction, sauf mention expresse.<\/p><p>Le propri\u00e9taire se r\u00e9serve le droit de modifier, suspendre, annuler ou restreindre le contenu du site web, les liens ou les informations obtenues par le biais du site web, sans pr\u00e9avis.<\/p><p>Le Propri\u00e9taire n&rsquo;est pas responsable des dommages qui pourraient r\u00e9sulter de l&rsquo;utilisation des informations sur le site web ou contenues dans les r\u00e9seaux sociaux du Propri\u00e9taire.<\/p><h2>Politique de cookies<\/h2><\/div><p>Vous pouvez consulter toutes les informations relatives \u00e0 la politique de collecte et de traitement des cookies sur la page <a href=\"https:\/\/ocularis.ong\/fr\/politique-de-cookies\/\">Pol\u00edtique de Cookies<\/a>.<\/p><h2>Liens vers d&rsquo;autres sites web<\/h2><p>Le propri\u00e9taire peut vous donner acc\u00e8s \u00e0 des sites web de tiers au moyen de liens dans le seul but de vous informer de l&rsquo;existence d&rsquo;autres sources d&rsquo;information sur Internet o\u00f9 vous pouvez trouver des informations compl\u00e9mentaires.<\/p><p>Ces liens vers d&rsquo;autres sites web ne constituent en aucun cas une suggestion ou une recommandation de visiter les sites web de destination, qui \u00e9chappent au contr\u00f4le du Titulaire, et le Titulaire n&rsquo;est pas responsable du contenu des sites web li\u00e9s ou du r\u00e9sultat que vous obtenez en suivant les liens. En outre, le Propri\u00e9taire n&rsquo;est pas responsable des liens ou des pointeurs situ\u00e9s sur les sites web li\u00e9s auxquels il vous donne acc\u00e8s.<\/p><p>L&rsquo;\u00e9tablissement du lien n&rsquo;implique en aucun cas l&rsquo;existence d&rsquo;une relation entre le titulaire et le propri\u00e9taire du site o\u00f9 le lien est \u00e9tabli, ni l&rsquo;acceptation ou l&rsquo;approbation par le titulaire de son contenu ou de ses services.<\/p><p>Si vous acc\u00e9dez \u00e0 un site web externe \u00e0 partir d&rsquo;un lien trouv\u00e9 sur le site web, vous devez lire la politique de confidentialit\u00e9 de l&rsquo;autre site web, qui peut diff\u00e9rer de celle du pr\u00e9sent site web.<\/p><h2>Propri\u00e9t\u00e9 intellectuelle et industrielle<\/h2><p>Tous droits r\u00e9serv\u00e9s.<\/p><p>Tout acc\u00e8s \u00e0 ce site Web est soumis aux conditions suivantes : la reproduction, le stockage permanent et la diffusion du contenu ou toute autre utilisation \u00e0 des fins publiques ou commerciales sont express\u00e9ment interdits sans l&rsquo;accord \u00e9crit pr\u00e9alable du propri\u00e9taire.<\/p><h2>Limitation de responsabilit\u00e9<\/h2><p>Les informations et les services inclus ou disponibles sur le site web peuvent comporter des inexactitudes ou des erreurs typographiques. Le propri\u00e9taire incorpore p\u00e9riodiquement des am\u00e9liorations et\/ou des modifications aux informations contenues et\/ou aux services qui peuvent \u00eatre introduits \u00e0 tout moment.<\/p><p>Le propri\u00e9taire ne d\u00e9clare ni ne garantit que les services ou le contenu seront ininterrompus ou exempts d&rsquo;erreurs, que les d\u00e9fauts seront corrig\u00e9s ou que le service ou le serveur qui le met \u00e0 disposition sont exempts de virus ou d&rsquo;autres \u00e9l\u00e9ments nuisibles, m\u00eame si le propri\u00e9taire met tout en \u0153uvre pour \u00e9viter de tels incidents.<\/p><p>Le Propri\u00e9taire d\u00e9cline toute responsabilit\u00e9 en cas d&rsquo;interruption ou de dysfonctionnement des services ou des contenus propos\u00e9s sur l&rsquo;Internet, quelle qu&rsquo;en soit la cause. De m\u00eame, le Propri\u00e9taire n&rsquo;est pas responsable des pannes de r\u00e9seau, des pertes d&rsquo;exploitation r\u00e9sultant de ces pannes, des suspensions temporaires de l&rsquo;approvisionnement en \u00e9lectricit\u00e9 ou de tout autre type de dommage indirect pouvant \u00eatre caus\u00e9 par des causes ind\u00e9pendantes de la volont\u00e9 du Propri\u00e9taire.<\/p><p>Avant de prendre des d\u00e9cisions et\/ou des mesures sur la base des informations contenues dans le site web, le propri\u00e9taire vous recommande de v\u00e9rifier et de confronter les informations re\u00e7ues avec d&rsquo;autres sources.<\/p><h2>Jurisdiction<\/h2><p>Le pr\u00e9sent avis juridique est enti\u00e8rement r\u00e9gi par la l\u00e9gislation espagnole.<\/p><p>Sauf disposition contraire, pour toute question relative \u00e0 l&rsquo;interpr\u00e9tation, \u00e0 l&rsquo;application et au respect du pr\u00e9sent avis juridique, ainsi que pour toute r\u00e9clamation d\u00e9coulant de son utilisation, les parties conviennent de s&rsquo;en remettre aux cours et tribunaux de la province de Barcelone, en renon\u00e7ant express\u00e9ment \u00e0 toute autre juridiction qui pourrait leur correspondre.<\/p><h2>Contact<\/h2><p>Si vous avez des questions concernant le pr\u00e9sent avis juridique ou si vous souhaitez faire des commentaires sur le site web, vous pouvez envoyer un courrier \u00e9lectronique \u00e0 l&rsquo;adresse suivante: hola@ocularis.ong<\/p>\t\t\t\t\t\t\t\t<\/div>\n\t\t\t\t<\/div>\n\t\t\t\t\t<\/div>\n\t\t<\/div>\n\t\t\t\t\t<\/div>\n\t\t<\/section>\n\t\t\t\t<\/div>\n\t\t","protected":false},"excerpt":{"rendered":"<p>MENTION L\u00c9GALE Identification et propri\u00e9t\u00e9 Conform\u00e9ment \u00e0 l&rsquo;article 10 de la loi 34\/2002, du 11 juillet, sur les services de la soci\u00e9t\u00e9 de l&rsquo;information et le commerce \u00e9lectronique, le titulaire indique ses donn\u00e9es d&rsquo;identification : Titulaire: Ocularis n\u00ba TVA \/NIF: G65335861 Adresse:\u00a0 Calle Antonio Mui\u00f1o 6, 2\u00aa-1\u00aa, 08870 Sitges, Barcelona &#8211; Espagne. Courriel:\u00a0 hola@ocularis.ong T\u00e9l\u00e9phone:\u00a0 &hellip;<\/p>\n<p class=\"read-more\"> <a class=\"\" href=\"https:\/\/ocularis.ong\/fr\/mention-legale\/\"> <span class=\"screen-reader-text\">Mention l\u00e9gale<\/span> Lire la suite\u00a0\u00bb<\/a><\/p>\n","protected":false},"author":6,"featured_media":0,"parent":0,"menu_order":0,"comment_status":"closed","ping_status":"closed","template":"","meta":{"_mo_disable_npp":"","site-sidebar-layout":"no-sidebar","site-content-layout":"page-builder","ast-site-content-layout":"","site-content-style":"default","site-sidebar-style":"default","ast-global-header-display":"","ast-banner-title-visibility":"","ast-main-header-display":"","ast-hfb-above-header-display":"","ast-hfb-below-header-display":"","ast-hfb-mobile-header-display":"","site-post-title":"disabled","ast-breadcrumbs-content":"","ast-featured-img":"disabled","footer-sml-layout":"","theme-transparent-header-meta":"","adv-header-id-meta":"","stick-header-meta":"","header-above-stick-meta":"","header-main-stick-meta":"","header-below-stick-meta":"","astra-migrate-meta-layouts":"","footnotes":""},"class_list":["post-10668","page","type-page","status-publish","hentry"],"yoast_head":"<!-- This site is optimized with the Yoast SEO plugin v26.3 - https:\/\/yoast.com\/wordpress\/plugins\/seo\/ -->\n<title>Mention l\u00e9gale - Ocularis<\/title>\n<meta name=\"robots\" content=\"index, follow, max-snippet:-1, max-image-preview:large, max-video-preview:-1\" \/>\n<link rel=\"canonical\" href=\"https:\/\/ocularis.ong\/fr\/mention-legale\/\" \/>\n<meta property=\"og:locale\" content=\"fr_FR\" \/>\n<meta property=\"og:type\" content=\"article\" \/>\n<meta property=\"og:title\" content=\"Mention l\u00e9gale - Ocularis\" \/>\n<meta property=\"og:description\" content=\"MENTION L\u00c9GALE Identification et propri\u00e9t\u00e9 Conform\u00e9ment \u00e0 l&rsquo;article 10 de la loi 34\/2002, du 11 juillet, sur les services de la soci\u00e9t\u00e9 de l&rsquo;information et le commerce \u00e9lectronique, le titulaire indique ses donn\u00e9es d&rsquo;identification : Titulaire: Ocularis n\u00ba TVA \/NIF: G65335861 Adresse:\u00a0 Calle Antonio Mui\u00f1o 6, 2\u00aa-1\u00aa, 08870 Sitges, Barcelona &#8211; Espagne. Courriel:\u00a0 hola@ocularis.ong T\u00e9l\u00e9phone:\u00a0 &hellip; Mention l\u00e9gale Lire la suite\u00a0\u00bb\" \/>\n<meta property=\"og:url\" content=\"https:\/\/ocularis.ong\/fr\/mention-legale\/\" \/>\n<meta property=\"og:site_name\" content=\"Ocularis\" \/>\n<meta property=\"article:modified_time\" content=\"2024-03-22T17:52:23+00:00\" \/>\n<meta name=\"twitter:card\" content=\"summary_large_image\" \/>\n<meta name=\"twitter:label1\" content=\"Dur\u00e9e de lecture estim\u00e9e\" \/>\n\t<meta name=\"twitter:data1\" content=\"7 minutes\" \/>\n<script type=\"application\/ld+json\" class=\"yoast-schema-graph\">{\"@context\":\"https:\/\/schema.org\",\"@graph\":[{\"@type\":\"WebPage\",\"@id\":\"https:\/\/ocularis.ong\/fr\/mention-legale\/\",\"url\":\"https:\/\/ocularis.ong\/fr\/mention-legale\/\",\"name\":\"Mention l\u00e9gale - Ocularis\",\"isPartOf\":{\"@id\":\"https:\/\/ocularis.ong\/fr\/#website\"},\"datePublished\":\"2023-08-28T12:14:02+00:00\",\"dateModified\":\"2024-03-22T17:52:23+00:00\",\"breadcrumb\":{\"@id\":\"https:\/\/ocularis.ong\/fr\/mention-legale\/#breadcrumb\"},\"inLanguage\":\"fr-FR\",\"potentialAction\":[{\"@type\":\"ReadAction\",\"target\":[\"https:\/\/ocularis.ong\/fr\/mention-legale\/\"]}]},{\"@type\":\"BreadcrumbList\",\"@id\":\"https:\/\/ocularis.ong\/fr\/mention-legale\/#breadcrumb\",\"itemListElement\":[{\"@type\":\"ListItem\",\"position\":1,\"name\":\"Portada\",\"item\":\"https:\/\/ocularis.ong\/fr\/\"},{\"@type\":\"ListItem\",\"position\":2,\"name\":\"Mention l\u00e9gale\"}]},{\"@type\":\"WebSite\",\"@id\":\"https:\/\/ocularis.ong\/fr\/#website\",\"url\":\"https:\/\/ocularis.ong\/fr\/\",\"name\":\"Ocularis\",\"description\":\"Teaching to see\",\"publisher\":{\"@id\":\"https:\/\/ocularis.ong\/fr\/#organization\"},\"potentialAction\":[{\"@type\":\"SearchAction\",\"target\":{\"@type\":\"EntryPoint\",\"urlTemplate\":\"https:\/\/ocularis.ong\/fr\/?s={search_term_string}\"},\"query-input\":{\"@type\":\"PropertyValueSpecification\",\"valueRequired\":true,\"valueName\":\"search_term_string\"}}],\"inLanguage\":\"fr-FR\"},{\"@type\":\"Organization\",\"@id\":\"https:\/\/ocularis.ong\/fr\/#organization\",\"name\":\"Ocularis\",\"url\":\"https:\/\/ocularis.ong\/fr\/\",\"logo\":{\"@type\":\"ImageObject\",\"inLanguage\":\"fr-FR\",\"@id\":\"https:\/\/ocularis.ong\/fr\/#\/schema\/logo\/image\/\",\"url\":\"https:\/\/ocularis.ong\/wp-content\/uploads\/2022\/09\/logo_r_139x200.jpg\",\"contentUrl\":\"https:\/\/ocularis.ong\/wp-content\/uploads\/2022\/09\/logo_r_139x200.jpg\",\"width\":139,\"height\":200,\"caption\":\"Ocularis\"},\"image\":{\"@id\":\"https:\/\/ocularis.ong\/fr\/#\/schema\/logo\/image\/\"}}]}<\/script>\n<!-- \/ Yoast SEO plugin. -->","yoast_head_json":{"title":"Mention l\u00e9gale - Ocularis","robots":{"index":"index","follow":"follow","max-snippet":"max-snippet:-1","max-image-preview":"max-image-preview:large","max-video-preview":"max-video-preview:-1"},"canonical":"https:\/\/ocularis.ong\/fr\/mention-legale\/","og_locale":"fr_FR","og_type":"article","og_title":"Mention l\u00e9gale - Ocularis","og_description":"MENTION L\u00c9GALE Identification et propri\u00e9t\u00e9 Conform\u00e9ment \u00e0 l&rsquo;article 10 de la loi 34\/2002, du 11 juillet, sur les services de la soci\u00e9t\u00e9 de l&rsquo;information et le commerce \u00e9lectronique, le titulaire indique ses donn\u00e9es d&rsquo;identification : Titulaire: Ocularis n\u00ba TVA \/NIF: G65335861 Adresse:\u00a0 Calle Antonio Mui\u00f1o 6, 2\u00aa-1\u00aa, 08870 Sitges, Barcelona &#8211; Espagne. Courriel:\u00a0 hola@ocularis.ong T\u00e9l\u00e9phone:\u00a0 &hellip; Mention l\u00e9gale Lire la suite\u00a0\u00bb","og_url":"https:\/\/ocularis.ong\/fr\/mention-legale\/","og_site_name":"Ocularis","article_modified_time":"2024-03-22T17:52:23+00:00","twitter_card":"summary_large_image","twitter_misc":{"Dur\u00e9e de lecture estim\u00e9e":"7 minutes"},"schema":{"@context":"https:\/\/schema.org","@graph":[{"@type":"WebPage","@id":"https:\/\/ocularis.ong\/fr\/mention-legale\/","url":"https:\/\/ocularis.ong\/fr\/mention-legale\/","name":"Mention l\u00e9gale - Ocularis","isPartOf":{"@id":"https:\/\/ocularis.ong\/fr\/#website"},"datePublished":"2023-08-28T12:14:02+00:00","dateModified":"2024-03-22T17:52:23+00:00","breadcrumb":{"@id":"https:\/\/ocularis.ong\/fr\/mention-legale\/#breadcrumb"},"inLanguage":"fr-FR","potentialAction":[{"@type":"ReadAction","target":["https:\/\/ocularis.ong\/fr\/mention-legale\/"]}]},{"@type":"BreadcrumbList","@id":"https:\/\/ocularis.ong\/fr\/mention-legale\/#breadcrumb","itemListElement":[{"@type":"ListItem","position":1,"name":"Portada","item":"https:\/\/ocularis.ong\/fr\/"},{"@type":"ListItem","position":2,"name":"Mention l\u00e9gale"}]},{"@type":"WebSite","@id":"https:\/\/ocularis.ong\/fr\/#website","url":"https:\/\/ocularis.ong\/fr\/","name":"Ocularis","description":"Teaching to see","publisher":{"@id":"https:\/\/ocularis.ong\/fr\/#organization"},"potentialAction":[{"@type":"SearchAction","target":{"@type":"EntryPoint","urlTemplate":"https:\/\/ocularis.ong\/fr\/?s={search_term_string}"},"query-input":{"@type":"PropertyValueSpecification","valueRequired":true,"valueName":"search_term_string"}}],"inLanguage":"fr-FR"},{"@type":"Organization","@id":"https:\/\/ocularis.ong\/fr\/#organization","name":"Ocularis","url":"https:\/\/ocularis.ong\/fr\/","logo":{"@type":"ImageObject","inLanguage":"fr-FR","@id":"https:\/\/ocularis.ong\/fr\/#\/schema\/logo\/image\/","url":"https:\/\/ocularis.ong\/wp-content\/uploads\/2022\/09\/logo_r_139x200.jpg","contentUrl":"https:\/\/ocularis.ong\/wp-content\/uploads\/2022\/09\/logo_r_139x200.jpg","width":139,"height":200,"caption":"Ocularis"},"image":{"@id":"https:\/\/ocularis.ong\/fr\/#\/schema\/logo\/image\/"}}]}},"_links":{"self":[{"href":"https:\/\/ocularis.ong\/fr\/wp-json\/wp\/v2\/pages\/10668","targetHints":{"allow":["GET"]}}],"collection":[{"href":"https:\/\/ocularis.ong\/fr\/wp-json\/wp\/v2\/pages"}],"about":[{"href":"https:\/\/ocularis.ong\/fr\/wp-json\/wp\/v2\/types\/page"}],"author":[{"embeddable":true,"href":"https:\/\/ocularis.ong\/fr\/wp-json\/wp\/v2\/users\/6"}],"replies":[{"embeddable":true,"href":"https:\/\/ocularis.ong\/fr\/wp-json\/wp\/v2\/comments?post=10668"}],"version-history":[{"count":40,"href":"https:\/\/ocularis.ong\/fr\/wp-json\/wp\/v2\/pages\/10668\/revisions"}],"predecessor-version":[{"id":16733,"href":"https:\/\/ocularis.ong\/fr\/wp-json\/wp\/v2\/pages\/10668\/revisions\/16733"}],"wp:attachment":[{"href":"https:\/\/ocularis.ong\/fr\/wp-json\/wp\/v2\/media?parent=10668"}],"curies":[{"name":"wp","href":"https:\/\/api.w.org\/{rel}","templated":true}]}}