{"id":10661,"date":"2023-08-28T12:06:27","date_gmt":"2023-08-28T12:06:27","guid":{"rendered":"https:\/\/ocularis.ong\/?page_id=10661"},"modified":"2024-03-22T16:20:56","modified_gmt":"2024-03-22T16:20:56","slug":"comment-nous-aider","status":"publish","type":"page","link":"https:\/\/ocularis.ong\/fr\/comment-nous-aider\/","title":{"rendered":"Comment nous aider"},"content":{"rendered":"\t\t<div data-elementor-type=\"wp-page\" data-elementor-id=\"10661\" class=\"elementor elementor-10661 elementor-4440\" data-elementor-post-type=\"page\">\n\t\t\t\t\t\t<section class=\"elementor-section elementor-top-section elementor-element elementor-element-7217b65 elementor-section-full_width elementor-section-height-default elementor-section-height-default\" data-id=\"7217b65\" data-element_type=\"section\" data-e-type=\"section\" data-settings=\"{&quot;background_background&quot;:&quot;classic&quot;}\">\n\t\t\t\t\t\t\t<div class=\"elementor-background-overlay\"><\/div>\n\t\t\t\t\t\t\t<div class=\"elementor-container elementor-column-gap-no\">\n\t\t\t\t\t<div class=\"elementor-column elementor-col-100 elementor-top-column elementor-element elementor-element-12b8711\" data-id=\"12b8711\" data-element_type=\"column\" data-e-type=\"column\">\n\t\t\t<div class=\"elementor-widget-wrap elementor-element-populated\">\n\t\t\t\t\t\t<div class=\"elementor-element elementor-element-9fd2e7f elementor-widget elementor-widget-heading\" data-id=\"9fd2e7f\" data-element_type=\"widget\" data-e-type=\"widget\" data-widget_type=\"heading.default\">\n\t\t\t\t<div class=\"elementor-widget-container\">\n\t\t\t\t\t<h1 class=\"elementor-heading-title elementor-size-default\">Envie de nous aider?<\/h1>\t\t\t\t<\/div>\n\t\t\t\t<\/div>\n\t\t\t\t\t<\/div>\n\t\t<\/div>\n\t\t\t\t\t<\/div>\n\t\t<\/section>\n\t\t\t\t<section class=\"elementor-section elementor-top-section elementor-element elementor-element-67cfcff elementor-section-boxed elementor-section-height-default elementor-section-height-default\" data-id=\"67cfcff\" data-element_type=\"section\" data-e-type=\"section\">\n\t\t\t\t\t\t<div class=\"elementor-container elementor-column-gap-default\">\n\t\t\t\t\t<div class=\"elementor-column elementor-col-50 elementor-top-column elementor-element elementor-element-5a0ef1c\" data-id=\"5a0ef1c\" data-element_type=\"column\" data-e-type=\"column\">\n\t\t\t<div class=\"elementor-widget-wrap elementor-element-populated\">\n\t\t\t\t\t\t<div class=\"elementor-element elementor-element-922efa1 elementor-widget elementor-widget-heading\" data-id=\"922efa1\" data-element_type=\"widget\" data-e-type=\"widget\" data-widget_type=\"heading.default\">\n\t\t\t\t<div class=\"elementor-widget-container\">\n\t\t\t\t\t<h2 class=\"elementor-heading-title elementor-size-default\">AIDEZ-NOUS D\u00c8S AUJOURD'HUI<\/h2>\t\t\t\t<\/div>\n\t\t\t\t<\/div>\n\t\t\t\t<div class=\"elementor-element elementor-element-02e74fb elementor-widget elementor-widget-heading\" data-id=\"02e74fb\" data-element_type=\"widget\" data-e-type=\"widget\" data-widget_type=\"heading.default\">\n\t\t\t\t<div class=\"elementor-widget-container\">\n\t\t\t\t\t<h3 class=\"elementor-heading-title elementor-size-default\">pour qu'un jour cela ne soit plus n\u00e9cessaire.<\/h3>\t\t\t\t<\/div>\n\t\t\t\t<\/div>\n\t\t\t\t<div class=\"elementor-element elementor-element-33c823f elementor-widget elementor-widget-text-editor\" data-id=\"33c823f\" data-element_type=\"widget\" data-e-type=\"widget\" data-widget_type=\"text-editor.default\">\n\t\t\t\t<div class=\"elementor-widget-container\">\n\t\t\t\t\t\t\t\t\t<p>Soutenir OCULARIS, c&rsquo;est aider les pays o\u00f9 nous intervenons \u00e0 devenir autosuffisants.<\/p><p><strong>Votre aide ira au-del\u00e0 de la sant\u00e9 oculaire :<\/strong> les enfants malvoyants pourront poursuivre leur scolarit\u00e9, les familles ne verront plus leur vie quotidienne boulevers\u00e9e par la c\u00e9cit\u00e9 de l&rsquo;un de leurs membres et les habitants des zones rurales pourront acc\u00e9der aux soins dont ils ont besoin.<\/p>\t\t\t\t\t\t\t\t<\/div>\n\t\t\t\t<\/div>\n\t\t\t\t<div class=\"elementor-element elementor-element-22bf824 elementor-align-center elementor-widget elementor-widget-button\" data-id=\"22bf824\" data-element_type=\"widget\" data-e-type=\"widget\" data-widget_type=\"button.default\">\n\t\t\t\t<div class=\"elementor-widget-container\">\n\t\t\t\t\t\t\t\t\t<div class=\"elementor-button-wrapper\">\n\t\t\t\t\t<a class=\"elementor-button elementor-button-link elementor-size-sm\" href=\"\/fr\/deductions-fiscales\/\" target=\"_blank\">\n\t\t\t\t\t\t<span class=\"elementor-button-content-wrapper\">\n\t\t\t\t\t\t\t\t\t<span class=\"elementor-button-text\">Consullter les d\u00e9ductions fiscales<\/span>\n\t\t\t\t\t<\/span>\n\t\t\t\t\t<\/a>\n\t\t\t\t<\/div>\n\t\t\t\t\t\t\t\t<\/div>\n\t\t\t\t<\/div>\n\t\t\t\t\t<\/div>\n\t\t<\/div>\n\t\t\t\t<div class=\"elementor-column elementor-col-50 elementor-top-column elementor-element elementor-element-3e31b6e\" data-id=\"3e31b6e\" data-element_type=\"column\" data-e-type=\"column\">\n\t\t\t<div class=\"elementor-widget-wrap elementor-element-populated\">\n\t\t\t\t\t\t<div class=\"elementor-element elementor-element-918582c elementor-widget elementor-widget-ucaddon_uc_slider_image\" data-id=\"918582c\" data-element_type=\"widget\" data-e-type=\"widget\" data-widget_type=\"ucaddon_uc_slider_image.default\">\n\t\t\t\t<div class=\"elementor-widget-container\">\n\t\t\t\t\t\n<!-- start Slider Gallery -->\n\t\t<link id='unitegallery-css' href='https:\/\/ocularis.ong\/wp-content\/plugins\/unlimited-elements-for-elementor-premium\/assets_libraries\/unitegallery\/css\/unite-gallery.css' type='text\/css' rel='stylesheet' >\n\n\n<div id=\"uc_uc_slider_image_elementor_918582c\" class=\"uc-items-wrapper  \" style=\"display:none; margin:0 auto;\"  data-remote-type=\"gallery\" data-custom-sethtml=\"true\" >\n\n\n<img decoding=\"async\" alt=\"\"\n   src=\"https:\/\/ocularis.ong\/wp-content\/uploads\/2022\/11\/ocularis_colabora_1.jpg\"\n    data-image=\"https:\/\/ocularis.ong\/wp-content\/uploads\/2022\/11\/ocularis_colabora_1.jpg\">\n\n<img decoding=\"async\" alt=\"\"\n   src=\"https:\/\/ocularis.ong\/wp-content\/uploads\/2022\/11\/ocularis_colabora_2.jpg\"\n    data-image=\"https:\/\/ocularis.ong\/wp-content\/uploads\/2022\/11\/ocularis_colabora_2.jpg\">\n\n<img decoding=\"async\" alt=\"\"\n   src=\"https:\/\/ocularis.ong\/wp-content\/uploads\/2022\/11\/ocularis_colabora_3.jpg\"\n    data-image=\"https:\/\/ocularis.ong\/wp-content\/uploads\/2022\/11\/ocularis_colabora_3.jpg\">\n\n<img decoding=\"async\" alt=\"\"\n   src=\"https:\/\/ocularis.ong\/wp-content\/uploads\/2022\/11\/ocularis_colabora_4.jpg\"\n    data-image=\"https:\/\/ocularis.ong\/wp-content\/uploads\/2022\/11\/ocularis_colabora_4.jpg\">\n\n<img decoding=\"async\" alt=\"\"\n   src=\"https:\/\/ocularis.ong\/wp-content\/uploads\/2022\/11\/ocularis_colabora_5.jpg\"\n    data-image=\"https:\/\/ocularis.ong\/wp-content\/uploads\/2022\/11\/ocularis_colabora_5.jpg\">\n\n  \n<\/div>\n<!-- end Slider Gallery -->\t\t\t\t<\/div>\n\t\t\t\t<\/div>\n\t\t\t\t\t<\/div>\n\t\t<\/div>\n\t\t\t\t\t<\/div>\n\t\t<\/section>\n\t\t\t\t<section class=\"elementor-section elementor-top-section elementor-element elementor-element-ce967f0 elementor-section-boxed elementor-section-height-default elementor-section-height-default\" data-id=\"ce967f0\" data-element_type=\"section\" data-e-type=\"section\" data-settings=\"{&quot;background_background&quot;:&quot;classic&quot;}\">\n\t\t\t\t\t\t<div class=\"elementor-container elementor-column-gap-default\">\n\t\t\t\t\t<div class=\"elementor-column elementor-col-100 elementor-top-column elementor-element elementor-element-b00ce76\" data-id=\"b00ce76\" data-element_type=\"column\" data-e-type=\"column\">\n\t\t\t<div class=\"elementor-widget-wrap elementor-element-populated\">\n\t\t\t\t\t\t<section class=\"elementor-section elementor-inner-section elementor-element elementor-element-00fe1cf elementor-section-boxed elementor-section-height-default elementor-section-height-default\" data-id=\"00fe1cf\" data-element_type=\"section\" data-e-type=\"section\">\n\t\t\t\t\t\t<div class=\"elementor-container elementor-column-gap-default\">\n\t\t\t\t\t<div class=\"elementor-column elementor-col-33 elementor-inner-column elementor-element elementor-element-622eb53\" data-id=\"622eb53\" data-element_type=\"column\" data-e-type=\"column\" data-settings=\"{&quot;background_background&quot;:&quot;classic&quot;}\">\n\t\t\t<div class=\"elementor-widget-wrap elementor-element-populated\">\n\t\t\t\t\t\t<div class=\"elementor-element elementor-element-c467abe elementor-view-stacked elementor-widget__width-initial elementor-shape-circle elementor-position-block-start elementor-mobile-position-block-start elementor-widget elementor-widget-icon-box\" data-id=\"c467abe\" data-element_type=\"widget\" data-e-type=\"widget\" data-widget_type=\"icon-box.default\">\n\t\t\t\t<div class=\"elementor-widget-container\">\n\t\t\t\t\t\t\t<div class=\"elementor-icon-box-wrapper\">\n\n\t\t\t\t\t\t<div class=\"elementor-icon-box-icon\">\n\t\t\t\t<span  class=\"elementor-icon\">\n\t\t\t\t<i aria-hidden=\"true\" class=\"fas fa-heartbeat\"><\/i>\t\t\t\t<\/span>\n\t\t\t<\/div>\n\t\t\t\n\t\t\t\t\t\t<div class=\"elementor-icon-box-content\">\n\n\t\t\t\t\t\t\t\t\t<h4 class=\"elementor-icon-box-title\">\n\t\t\t\t\t\t<span  >\n\t\t\t\t\t\t\tJe suis une personne engag\u00e9e\t\t\t\t\t\t<\/span>\n\t\t\t\t\t<\/h4>\n\t\t\t\t\n\t\t\t\t\t\t\t\t\t<p class=\"elementor-icon-box-description\">\n\t\t\t\t\t\tVotre don \u00e0 OCULARIS  est plus qu'une aide ponctuelle: il alimente un cercle vertueux qui change la r\u00e9alit\u00e9 d'un pays.<br>\t\t\t\t\t<\/p>\n\t\t\t\t\n\t\t\t<\/div>\n\t\t\t\n\t\t<\/div>\n\t\t\t\t\t\t<\/div>\n\t\t\t\t<\/div>\n\t\t\t\t<div class=\"elementor-element elementor-element-14c9336 elementor-align-left elementor-widget elementor-widget-button\" data-id=\"14c9336\" data-element_type=\"widget\" data-e-type=\"widget\" data-widget_type=\"button.default\">\n\t\t\t\t<div class=\"elementor-widget-container\">\n\t\t\t\t\t\t\t\t\t<div class=\"elementor-button-wrapper\">\n\t\t\t\t\t<a class=\"elementor-button elementor-button-link elementor-size-sm\" href=\"\/fr\/comment-nous-aider\/je-suis-une-personne-engagee\/\">\n\t\t\t\t\t\t<span class=\"elementor-button-content-wrapper\">\n\t\t\t\t\t\t<span class=\"elementor-button-icon\">\n\t\t\t\t<i aria-hidden=\"true\" class=\"fas fa-long-arrow-alt-right\"><\/i>\t\t\t<\/span>\n\t\t\t\t\t\t\t\t\t<span class=\"elementor-button-text\">En savoir plus<\/span>\n\t\t\t\t\t<\/span>\n\t\t\t\t\t<\/a>\n\t\t\t\t<\/div>\n\t\t\t\t\t\t\t\t<\/div>\n\t\t\t\t<\/div>\n\t\t\t\t\t<\/div>\n\t\t<\/div>\n\t\t\t\t<div class=\"elementor-column elementor-col-33 elementor-inner-column elementor-element elementor-element-28404cd\" data-id=\"28404cd\" data-element_type=\"column\" data-e-type=\"column\" data-settings=\"{&quot;background_background&quot;:&quot;classic&quot;}\">\n\t\t\t<div class=\"elementor-widget-wrap elementor-element-populated\">\n\t\t\t\t\t\t<div class=\"elementor-element elementor-element-aae2767 elementor-view-stacked elementor-shape-circle elementor-position-block-start elementor-mobile-position-block-start elementor-widget elementor-widget-icon-box\" data-id=\"aae2767\" data-element_type=\"widget\" data-e-type=\"widget\" data-widget_type=\"icon-box.default\">\n\t\t\t\t<div class=\"elementor-widget-container\">\n\t\t\t\t\t\t\t<div class=\"elementor-icon-box-wrapper\">\n\n\t\t\t\t\t\t<div class=\"elementor-icon-box-icon\">\n\t\t\t\t<span  class=\"elementor-icon\">\n\t\t\t\t<i aria-hidden=\"true\" class=\"far fa-building\"><\/i>\t\t\t\t<\/span>\n\t\t\t<\/div>\n\t\t\t\n\t\t\t\t\t\t<div class=\"elementor-icon-box-content\">\n\n\t\t\t\t\t\t\t\t\t<h4 class=\"elementor-icon-box-title\">\n\t\t\t\t\t\t<span  >\n\t\t\t\t\t\t\tJe suis entreprise aux valeurs fortes\t\t\t\t\t\t<\/span>\n\t\t\t\t\t<\/h4>\n\t\t\t\t\n\t\t\t\t\t\t\t\t\t<p class=\"elementor-icon-box-description\">\n\t\t\t\t\t\tPour vos \u00e9quipes comme pour vos clients, vos valeurs sont source d'engagement et de fid\u00e9lit\u00e9.&nbsp;&nbsp;\t\t\t\t\t<\/p>\n\t\t\t\t\n\t\t\t<\/div>\n\t\t\t\n\t\t<\/div>\n\t\t\t\t\t\t<\/div>\n\t\t\t\t<\/div>\n\t\t\t\t<div class=\"elementor-element elementor-element-50ef2fa elementor-align-left elementor-widget elementor-widget-button\" data-id=\"50ef2fa\" data-element_type=\"widget\" data-e-type=\"widget\" data-widget_type=\"button.default\">\n\t\t\t\t<div class=\"elementor-widget-container\">\n\t\t\t\t\t\t\t\t\t<div class=\"elementor-button-wrapper\">\n\t\t\t\t\t<a class=\"elementor-button elementor-button-link elementor-size-sm\" href=\"\/fr\/comment-nous-aider\/je-suis-entreprise-aux-valeurs-fortes\/\">\n\t\t\t\t\t\t<span class=\"elementor-button-content-wrapper\">\n\t\t\t\t\t\t<span class=\"elementor-button-icon\">\n\t\t\t\t<i aria-hidden=\"true\" class=\"fas fa-long-arrow-alt-right\"><\/i>\t\t\t<\/span>\n\t\t\t\t\t\t\t\t\t<span class=\"elementor-button-text\">En savoir plus<\/span>\n\t\t\t\t\t<\/span>\n\t\t\t\t\t<\/a>\n\t\t\t\t<\/div>\n\t\t\t\t\t\t\t\t<\/div>\n\t\t\t\t<\/div>\n\t\t\t\t\t<\/div>\n\t\t<\/div>\n\t\t\t\t<div class=\"elementor-column elementor-col-33 elementor-inner-column elementor-element elementor-element-55b9e9c\" data-id=\"55b9e9c\" data-element_type=\"column\" data-e-type=\"column\" data-settings=\"{&quot;background_background&quot;:&quot;classic&quot;}\">\n\t\t\t<div class=\"elementor-widget-wrap elementor-element-populated\">\n\t\t\t\t\t\t<div class=\"elementor-element elementor-element-fa12b35 elementor-view-stacked elementor-shape-circle elementor-position-block-start elementor-mobile-position-block-start elementor-widget elementor-widget-icon-box\" data-id=\"fa12b35\" data-element_type=\"widget\" data-e-type=\"widget\" data-widget_type=\"icon-box.default\">\n\t\t\t\t<div class=\"elementor-widget-container\">\n\t\t\t\t\t\t\t<div class=\"elementor-icon-box-wrapper\">\n\n\t\t\t\t\t\t<div class=\"elementor-icon-box-icon\">\n\t\t\t\t<span  class=\"elementor-icon\">\n\t\t\t\t<i aria-hidden=\"true\" class=\"fas fa-glasses\"><\/i>\t\t\t\t<\/span>\n\t\t\t<\/div>\n\t\t\t\n\t\t\t\t\t\t<div class=\"elementor-icon-box-content\">\n\n\t\t\t\t\t\t\t\t\t<h4 class=\"elementor-icon-box-title\">\n\t\t\t\t\t\t<span  >\n\t\t\t\t\t\t\tJe travaille dans la sant\u00e9 oculaire\t\t\t\t\t\t<\/span>\n\t\t\t\t\t<\/h4>\n\t\t\t\t\n\t\t\t\t\t\t\t\t\t<p class=\"elementor-icon-box-description\">\n\t\t\t\t\t\tVous \u00eates ophtalmologiste, optom\u00e9triste ou oculiste ? Mettez votre exp\u00e9rience au service d'une bonne cause.\t\t\t\t\t<\/p>\n\t\t\t\t\n\t\t\t<\/div>\n\t\t\t\n\t\t<\/div>\n\t\t\t\t\t\t<\/div>\n\t\t\t\t<\/div>\n\t\t\t\t<div class=\"elementor-element elementor-element-bff4a22 elementor-align-left elementor-widget elementor-widget-button\" data-id=\"bff4a22\" data-element_type=\"widget\" data-e-type=\"widget\" data-widget_type=\"button.default\">\n\t\t\t\t<div class=\"elementor-widget-container\">\n\t\t\t\t\t\t\t\t\t<div class=\"elementor-button-wrapper\">\n\t\t\t\t\t<a class=\"elementor-button elementor-button-link elementor-size-sm\" href=\"\/fr\/comment-nous-aider\/je-travaille-dans-la-sante-oculaire\/\">\n\t\t\t\t\t\t<span class=\"elementor-button-content-wrapper\">\n\t\t\t\t\t\t<span class=\"elementor-button-icon\">\n\t\t\t\t<i aria-hidden=\"true\" class=\"fas fa-long-arrow-alt-right\"><\/i>\t\t\t<\/span>\n\t\t\t\t\t\t\t\t\t<span class=\"elementor-button-text\">En savoir plus<\/span>\n\t\t\t\t\t<\/span>\n\t\t\t\t\t<\/a>\n\t\t\t\t<\/div>\n\t\t\t\t\t\t\t\t<\/div>\n\t\t\t\t<\/div>\n\t\t\t\t\t<\/div>\n\t\t<\/div>\n\t\t\t\t\t<\/div>\n\t\t<\/section>\n\t\t\t\t\t<\/div>\n\t\t<\/div>\n\t\t\t\t\t<\/div>\n\t\t<\/section>\n\t\t\t\t<\/div>\n\t\t","protected":false},"excerpt":{"rendered":"<p>Envie de nous aider? AIDEZ-NOUS D\u00c8S AUJOURD&rsquo;HUI pour qu&rsquo;un jour cela ne soit plus n\u00e9cessaire. Soutenir OCULARIS, c&rsquo;est aider les pays o\u00f9 nous intervenons \u00e0 devenir autosuffisants. Votre aide ira au-del\u00e0 de la sant\u00e9 oculaire : les enfants malvoyants pourront poursuivre leur scolarit\u00e9, les familles ne verront plus leur vie quotidienne boulevers\u00e9e par la c\u00e9cit\u00e9 &hellip;<\/p>\n<p class=\"read-more\"> <a class=\"\" href=\"https:\/\/ocularis.ong\/fr\/comment-nous-aider\/\"> <span class=\"screen-reader-text\">Comment nous aider<\/span> Lire la suite\u00a0\u00bb<\/a><\/p>\n","protected":false},"author":6,"featured_media":0,"parent":0,"menu_order":0,"comment_status":"closed","ping_status":"closed","template":"","meta":{"_mo_disable_npp":"","site-sidebar-layout":"no-sidebar","site-content-layout":"page-builder","ast-site-content-layout":"full-width-container","site-content-style":"unboxed","site-sidebar-style":"unboxed","ast-global-header-display":"","ast-banner-title-visibility":"","ast-main-header-display":"","ast-hfb-above-header-display":"","ast-hfb-below-header-display":"","ast-hfb-mobile-header-display":"","site-post-title":"disabled","ast-breadcrumbs-content":"","ast-featured-img":"disabled","footer-sml-layout":"","theme-transparent-header-meta":"","adv-header-id-meta":"","stick-header-meta":"","header-above-stick-meta":"","header-main-stick-meta":"","header-below-stick-meta":"","astra-migrate-meta-layouts":"","footnotes":""},"class_list":["post-10661","page","type-page","status-publish","hentry"],"yoast_head":"<!-- This site is optimized with the Yoast SEO plugin v26.3 - https:\/\/yoast.com\/wordpress\/plugins\/seo\/ -->\n<title>Comment nous aider - Ocularis<\/title>\n<meta name=\"robots\" content=\"index, follow, max-snippet:-1, max-image-preview:large, max-video-preview:-1\" \/>\n<link rel=\"canonical\" href=\"https:\/\/ocularis.ong\/fr\/comment-nous-aider\/\" \/>\n<meta property=\"og:locale\" content=\"fr_FR\" \/>\n<meta property=\"og:type\" content=\"article\" \/>\n<meta property=\"og:title\" content=\"Comment nous aider - Ocularis\" \/>\n<meta property=\"og:description\" content=\"Envie de nous aider? AIDEZ-NOUS D\u00c8S AUJOURD&rsquo;HUI pour qu&rsquo;un jour cela ne soit plus n\u00e9cessaire. Soutenir OCULARIS, c&rsquo;est aider les pays o\u00f9 nous intervenons \u00e0 devenir autosuffisants. Votre aide ira au-del\u00e0 de la sant\u00e9 oculaire : les enfants malvoyants pourront poursuivre leur scolarit\u00e9, les familles ne verront plus leur vie quotidienne boulevers\u00e9e par la c\u00e9cit\u00e9 &hellip; Comment nous aider Lire la suite\u00a0\u00bb\" \/>\n<meta property=\"og:url\" content=\"https:\/\/ocularis.ong\/fr\/comment-nous-aider\/\" \/>\n<meta property=\"og:site_name\" content=\"Ocularis\" \/>\n<meta property=\"article:modified_time\" content=\"2024-03-22T16:20:56+00:00\" \/>\n<meta property=\"og:image\" content=\"https:\/\/ocularis.ong\/wp-content\/uploads\/2022\/11\/ocularis_colabora_1.jpg\" \/>\n<meta name=\"twitter:card\" content=\"summary_large_image\" \/>\n<meta name=\"twitter:label1\" content=\"Dur\u00e9e de lecture estim\u00e9e\" \/>\n\t<meta name=\"twitter:data1\" content=\"1 minute\" \/>\n<script type=\"application\/ld+json\" class=\"yoast-schema-graph\">{\"@context\":\"https:\/\/schema.org\",\"@graph\":[{\"@type\":\"WebPage\",\"@id\":\"https:\/\/ocularis.ong\/fr\/comment-nous-aider\/\",\"url\":\"https:\/\/ocularis.ong\/fr\/comment-nous-aider\/\",\"name\":\"Comment nous aider - Ocularis\",\"isPartOf\":{\"@id\":\"https:\/\/ocularis.ong\/fr\/#website\"},\"primaryImageOfPage\":{\"@id\":\"https:\/\/ocularis.ong\/fr\/comment-nous-aider\/#primaryimage\"},\"image\":{\"@id\":\"https:\/\/ocularis.ong\/fr\/comment-nous-aider\/#primaryimage\"},\"thumbnailUrl\":\"https:\/\/ocularis.ong\/wp-content\/uploads\/2022\/11\/ocularis_colabora_1.jpg\",\"datePublished\":\"2023-08-28T12:06:27+00:00\",\"dateModified\":\"2024-03-22T16:20:56+00:00\",\"breadcrumb\":{\"@id\":\"https:\/\/ocularis.ong\/fr\/comment-nous-aider\/#breadcrumb\"},\"inLanguage\":\"fr-FR\",\"potentialAction\":[{\"@type\":\"ReadAction\",\"target\":[\"https:\/\/ocularis.ong\/fr\/comment-nous-aider\/\"]}]},{\"@type\":\"ImageObject\",\"inLanguage\":\"fr-FR\",\"@id\":\"https:\/\/ocularis.ong\/fr\/comment-nous-aider\/#primaryimage\",\"url\":\"https:\/\/ocularis.ong\/wp-content\/uploads\/2022\/11\/ocularis_colabora_1.jpg\",\"contentUrl\":\"https:\/\/ocularis.ong\/wp-content\/uploads\/2022\/11\/ocularis_colabora_1.jpg\"},{\"@type\":\"BreadcrumbList\",\"@id\":\"https:\/\/ocularis.ong\/fr\/comment-nous-aider\/#breadcrumb\",\"itemListElement\":[{\"@type\":\"ListItem\",\"position\":1,\"name\":\"Portada\",\"item\":\"https:\/\/ocularis.ong\/fr\/\"},{\"@type\":\"ListItem\",\"position\":2,\"name\":\"Comment nous aider\"}]},{\"@type\":\"WebSite\",\"@id\":\"https:\/\/ocularis.ong\/fr\/#website\",\"url\":\"https:\/\/ocularis.ong\/fr\/\",\"name\":\"Ocularis\",\"description\":\"Teaching to see\",\"publisher\":{\"@id\":\"https:\/\/ocularis.ong\/fr\/#organization\"},\"potentialAction\":[{\"@type\":\"SearchAction\",\"target\":{\"@type\":\"EntryPoint\",\"urlTemplate\":\"https:\/\/ocularis.ong\/fr\/?s={search_term_string}\"},\"query-input\":{\"@type\":\"PropertyValueSpecification\",\"valueRequired\":true,\"valueName\":\"search_term_string\"}}],\"inLanguage\":\"fr-FR\"},{\"@type\":\"Organization\",\"@id\":\"https:\/\/ocularis.ong\/fr\/#organization\",\"name\":\"Ocularis\",\"url\":\"https:\/\/ocularis.ong\/fr\/\",\"logo\":{\"@type\":\"ImageObject\",\"inLanguage\":\"fr-FR\",\"@id\":\"https:\/\/ocularis.ong\/fr\/#\/schema\/logo\/image\/\",\"url\":\"https:\/\/ocularis.ong\/wp-content\/uploads\/2022\/09\/logo_r_139x200.jpg\",\"contentUrl\":\"https:\/\/ocularis.ong\/wp-content\/uploads\/2022\/09\/logo_r_139x200.jpg\",\"width\":139,\"height\":200,\"caption\":\"Ocularis\"},\"image\":{\"@id\":\"https:\/\/ocularis.ong\/fr\/#\/schema\/logo\/image\/\"}}]}<\/script>\n<!-- \/ Yoast SEO plugin. -->","yoast_head_json":{"title":"Comment nous aider - Ocularis","robots":{"index":"index","follow":"follow","max-snippet":"max-snippet:-1","max-image-preview":"max-image-preview:large","max-video-preview":"max-video-preview:-1"},"canonical":"https:\/\/ocularis.ong\/fr\/comment-nous-aider\/","og_locale":"fr_FR","og_type":"article","og_title":"Comment nous aider - Ocularis","og_description":"Envie de nous aider? AIDEZ-NOUS D\u00c8S AUJOURD&rsquo;HUI pour qu&rsquo;un jour cela ne soit plus n\u00e9cessaire. Soutenir OCULARIS, c&rsquo;est aider les pays o\u00f9 nous intervenons \u00e0 devenir autosuffisants. Votre aide ira au-del\u00e0 de la sant\u00e9 oculaire : les enfants malvoyants pourront poursuivre leur scolarit\u00e9, les familles ne verront plus leur vie quotidienne boulevers\u00e9e par la c\u00e9cit\u00e9 &hellip; Comment nous aider Lire la suite\u00a0\u00bb","og_url":"https:\/\/ocularis.ong\/fr\/comment-nous-aider\/","og_site_name":"Ocularis","article_modified_time":"2024-03-22T16:20:56+00:00","og_image":[{"url":"https:\/\/ocularis.ong\/wp-content\/uploads\/2022\/11\/ocularis_colabora_1.jpg","type":"","width":"","height":""}],"twitter_card":"summary_large_image","twitter_misc":{"Dur\u00e9e de lecture estim\u00e9e":"1 minute"},"schema":{"@context":"https:\/\/schema.org","@graph":[{"@type":"WebPage","@id":"https:\/\/ocularis.ong\/fr\/comment-nous-aider\/","url":"https:\/\/ocularis.ong\/fr\/comment-nous-aider\/","name":"Comment nous aider - Ocularis","isPartOf":{"@id":"https:\/\/ocularis.ong\/fr\/#website"},"primaryImageOfPage":{"@id":"https:\/\/ocularis.ong\/fr\/comment-nous-aider\/#primaryimage"},"image":{"@id":"https:\/\/ocularis.ong\/fr\/comment-nous-aider\/#primaryimage"},"thumbnailUrl":"https:\/\/ocularis.ong\/wp-content\/uploads\/2022\/11\/ocularis_colabora_1.jpg","datePublished":"2023-08-28T12:06:27+00:00","dateModified":"2024-03-22T16:20:56+00:00","breadcrumb":{"@id":"https:\/\/ocularis.ong\/fr\/comment-nous-aider\/#breadcrumb"},"inLanguage":"fr-FR","potentialAction":[{"@type":"ReadAction","target":["https:\/\/ocularis.ong\/fr\/comment-nous-aider\/"]}]},{"@type":"ImageObject","inLanguage":"fr-FR","@id":"https:\/\/ocularis.ong\/fr\/comment-nous-aider\/#primaryimage","url":"https:\/\/ocularis.ong\/wp-content\/uploads\/2022\/11\/ocularis_colabora_1.jpg","contentUrl":"https:\/\/ocularis.ong\/wp-content\/uploads\/2022\/11\/ocularis_colabora_1.jpg"},{"@type":"BreadcrumbList","@id":"https:\/\/ocularis.ong\/fr\/comment-nous-aider\/#breadcrumb","itemListElement":[{"@type":"ListItem","position":1,"name":"Portada","item":"https:\/\/ocularis.ong\/fr\/"},{"@type":"ListItem","position":2,"name":"Comment nous aider"}]},{"@type":"WebSite","@id":"https:\/\/ocularis.ong\/fr\/#website","url":"https:\/\/ocularis.ong\/fr\/","name":"Ocularis","description":"Teaching to see","publisher":{"@id":"https:\/\/ocularis.ong\/fr\/#organization"},"potentialAction":[{"@type":"SearchAction","target":{"@type":"EntryPoint","urlTemplate":"https:\/\/ocularis.ong\/fr\/?s={search_term_string}"},"query-input":{"@type":"PropertyValueSpecification","valueRequired":true,"valueName":"search_term_string"}}],"inLanguage":"fr-FR"},{"@type":"Organization","@id":"https:\/\/ocularis.ong\/fr\/#organization","name":"Ocularis","url":"https:\/\/ocularis.ong\/fr\/","logo":{"@type":"ImageObject","inLanguage":"fr-FR","@id":"https:\/\/ocularis.ong\/fr\/#\/schema\/logo\/image\/","url":"https:\/\/ocularis.ong\/wp-content\/uploads\/2022\/09\/logo_r_139x200.jpg","contentUrl":"https:\/\/ocularis.ong\/wp-content\/uploads\/2022\/09\/logo_r_139x200.jpg","width":139,"height":200,"caption":"Ocularis"},"image":{"@id":"https:\/\/ocularis.ong\/fr\/#\/schema\/logo\/image\/"}}]}},"_links":{"self":[{"href":"https:\/\/ocularis.ong\/fr\/wp-json\/wp\/v2\/pages\/10661","targetHints":{"allow":["GET"]}}],"collection":[{"href":"https:\/\/ocularis.ong\/fr\/wp-json\/wp\/v2\/pages"}],"about":[{"href":"https:\/\/ocularis.ong\/fr\/wp-json\/wp\/v2\/types\/page"}],"author":[{"embeddable":true,"href":"https:\/\/ocularis.ong\/fr\/wp-json\/wp\/v2\/users\/6"}],"replies":[{"embeddable":true,"href":"https:\/\/ocularis.ong\/fr\/wp-json\/wp\/v2\/comments?post=10661"}],"version-history":[{"count":47,"href":"https:\/\/ocularis.ong\/fr\/wp-json\/wp\/v2\/pages\/10661\/revisions"}],"predecessor-version":[{"id":16567,"href":"https:\/\/ocularis.ong\/fr\/wp-json\/wp\/v2\/pages\/10661\/revisions\/16567"}],"wp:attachment":[{"href":"https:\/\/ocularis.ong\/fr\/wp-json\/wp\/v2\/media?parent=10661"}],"curies":[{"name":"wp","href":"https:\/\/api.w.org\/{rel}","templated":true}]}}