{"id":9909,"date":"2023-08-18T06:04:34","date_gmt":"2023-08-18T06:04:34","guid":{"rendered":"https:\/\/ocularis.ong\/?page_id=9909"},"modified":"2023-08-25T09:28:33","modified_gmt":"2023-08-25T09:28:33","slug":"cookie-politika","status":"publish","type":"page","link":"https:\/\/ocularis.ong\/eu\/cookie-politika\/","title":{"rendered":"Cookie-politika"},"content":{"rendered":"\t\t<div data-elementor-type=\"wp-page\" data-elementor-id=\"9909\" class=\"elementor elementor-9909 elementor-8533\" data-elementor-post-type=\"page\">\n\t\t\t\t\t\t<section class=\"elementor-section elementor-top-section elementor-element elementor-element-37dcbdfd elementor-section-boxed elementor-section-height-default elementor-section-height-default\" data-id=\"37dcbdfd\" data-element_type=\"section\" data-e-type=\"section\">\n\t\t\t\t\t\t<div class=\"elementor-container elementor-column-gap-default\">\n\t\t\t\t\t<div class=\"elementor-column elementor-col-100 elementor-top-column elementor-element elementor-element-493f7a2b\" data-id=\"493f7a2b\" data-element_type=\"column\" data-e-type=\"column\">\n\t\t\t<div class=\"elementor-widget-wrap elementor-element-populated\">\n\t\t\t\t\t\t<div class=\"elementor-element elementor-element-49d13335 elementor-widget elementor-widget-text-editor\" data-id=\"49d13335\" data-element_type=\"widget\" data-e-type=\"widget\" data-widget_type=\"text-editor.default\">\n\t\t\t\t<div class=\"elementor-widget-container\">\n\t\t\t\t\t\t\t\t\t<div class=\"cli_pg_page_contaner\"><h3>Sobre esta pol\u00edtica de cookies<\/h3><div><p>Esta Pol\u00edtica de cookies explica qu\u00e9 son las cookies y c\u00f3mo las usamos. Debe leer esta pol\u00edtica para comprender qu\u00e9 son las cookies, c\u00f3mo las usamos, los tipos de cookies que usamos, es decir, la informaci\u00f3n que recopilamos usando cookies y c\u00f3mo se usa esa informaci\u00f3n y c\u00f3mo controlar las preferencias de cookies. Para obtener m\u00e1s informaci\u00f3n sobre c\u00f3mo usamos, almacenamos y mantenemos seguros sus datos personales, consulte nuestra Pol\u00edtica de privacidad.<\/p><p>En cualquier momento puede cambiar o retirar su consentimiento de la Declaraci\u00f3n de cookies en nuestro sitio web.<\/p><p>Obtenga m\u00e1s informaci\u00f3n sobre qui\u00e9nes somos, c\u00f3mo puede contactarnos y c\u00f3mo procesamos los datos personales en nuestra Pol\u00edtica de privacidad.<\/p><p>Su consentimiento se aplica a los siguientes dominios: <a href=\"http:\/\/ocularis.ong\">ocularis.ong<\/a><\/p><p><br \/><div class=\"wt-cli-element cli_user_consent_state\"><\/div><\/p><p>\u00a0<\/p><\/div><h3>\u00bfQu\u00e9 son las cookies?<\/h3><div>Las cookies son peque\u00f1os archivos de texto que se utilizan para almacenar peque\u00f1os fragmentos de informaci\u00f3n. Las cookies se almacenan en su dispositivo cuando el sitio web se carga en su navegador. Estas cookies nos ayudan a hacer que el sitio web funcione correctamente, hacer que el sitio web sea m\u00e1s seguro, brindar una mejor experiencia de usuario y comprender c\u00f3mo funciona el sitio web y analizar qu\u00e9 funciona y d\u00f3nde necesita mejorar.<\/div><\/div><div>\u00a0<\/div><div>\u00a0<\/div><div class=\"cli_pg_page_contaner\"><h3>\u00bfC\u00f3mo usamos las cookies?<\/h3><div><p>Como la mayor\u00eda de los servicios en l\u00ednea, nuestro sitio web utiliza cookies propias y de terceros para una serie de prop\u00f3sitos. Las cookies de origen son en su mayor\u00eda necesarias para que el sitio web funcione correctamente y no recopilan ninguno de sus datos de identificaci\u00f3n personal.<\/p><p>Las cookies de terceros utilizadas en nuestros sitios web se utilizan principalmente para comprender c\u00f3mo funciona el sitio web, c\u00f3mo interact\u00faa con nuestro sitio web, mantener nuestros servicios seguros, proporcionar anuncios que son relevantes para usted y, en general, brindarle una mejor y mejorada experiencia de usuario y ayudar a acelerar sus futuras interacciones con nuestro sitio web.<\/p><p>\u00a0<\/p><\/div><h3>\u00bfQu\u00e9 tipos de cookies utilizamos?<\/h3><div>Las cookies utilizadas en nuestro sitio web se agrupan en las siguientes categor\u00edas.<\/div><div><br \/><div class=\"wt-cli-element cli_cookie_category_single\"><\/div><\/div><div><br \/>La siguiente lista detalla las cookies utilizadas en nuestro sitio web.<\/div><div><br \/><table class=\"wt-cli-element cookielawinfo-classic cookielawinfo-row-cat-table\"><thead><tr><th scope=\"col\" class=\"cookielawinfo-column-1\">Cookie<\/th><th scope=\"col\" class=\"cookielawinfo-column-4\">Description<\/th><\/thead><tbody><tr class=\"cookielawinfo-row\"><td colspan=\"2\" class=\"cookielawinfo-column-empty\"><\/td><\/tr><\/tbody><\/table><\/div><\/div><div>\u00a0<\/div><div>\u00a0<\/div><div class=\"cli_pg_page_contaner\"><h3>\u00bfC\u00f3mo puedo controlar las preferencias de cookies?<\/h3><div><p>Puede administrar sus preferencias de cookies haciendo clic en el bot\u00f3n &#8220;Configuraci\u00f3n&#8221; y habilitando o deshabilitando las categor\u00edas de cookies en la ventana emergente seg\u00fan sus preferencias.<\/p><p>Si decide cambiar sus preferencias m\u00e1s tarde a trav\u00e9s de su sesi\u00f3n de navegaci\u00f3n, puede hacer clic en la pesta\u00f1a &#8220;Administrar consentimiento&#8221; en su pantalla. Esto mostrar\u00e1 el aviso de consentimiento nuevamente, lo que le permitir\u00e1 cambiar sus preferencias o retirar su consentimiento por completo.<\/p><p>Adem\u00e1s de esto, los diferentes navegadores brindan diferentes m\u00e9todos para bloquear y eliminar las cookies utilizadas por los sitios web. Puede cambiar la configuraci\u00f3n de su navegador para bloquear\/eliminar las cookies. Para obtener m\u00e1s informaci\u00f3n sobre c\u00f3mo administrar y eliminar cookies, visite <a href=\"http:\/\/wikipedia.org\" target=\"_blank\" rel=\"noopener\">wikipedia.org<\/a>, <a href=\"http:\/\/www.allaboutcookies.org\" target=\"_blank\" rel=\"noopener\">www.allaboutcookies.org<\/a>.<\/p><p>\u00a0<\/p><\/div><p><p class=\"wt-cli-element\" style=\"color:#333; clear:both; font-style:italic; font-size:12px; margin-top:15px;\">Powered By <a href=\"https:\/\/www.webtoffee.com\/\" style=\"color:#333; font-weight:600; font-size:12px;\">WebToffee<\/a><\/p><\/p><\/div>\t\t\t\t\t\t\t\t<\/div>\n\t\t\t\t<\/div>\n\t\t\t\t\t<\/div>\n\t\t<\/div>\n\t\t\t\t\t<\/div>\n\t\t<\/section>\n\t\t\t\t<\/div>\n\t\t","protected":false},"excerpt":{"rendered":"","protected":false},"author":4,"featured_media":0,"parent":0,"menu_order":0,"comment_status":"closed","ping_status":"closed","template":"","meta":{"_mo_disable_npp":"","site-sidebar-layout":"default","site-content-layout":"","ast-site-content-layout":"","site-content-style":"default","site-sidebar-style":"default","ast-global-header-display":"","ast-banner-title-visibility":"","ast-main-header-display":"","ast-hfb-above-header-display":"","ast-hfb-below-header-display":"","ast-hfb-mobile-header-display":"","site-post-title":"","ast-breadcrumbs-content":"","ast-featured-img":"","footer-sml-layout":"","theme-transparent-header-meta":"","adv-header-id-meta":"","stick-header-meta":"","header-above-stick-meta":"","header-main-stick-meta":"","header-below-stick-meta":"","astra-migrate-meta-layouts":"","footnotes":""},"class_list":["post-9909","page","type-page","status-publish","hentry"],"yoast_head":"<!-- This site is optimized with the Yoast SEO plugin v26.3 - https:\/\/yoast.com\/wordpress\/plugins\/seo\/ -->\n<title>Cookie-politika - Ocularis<\/title>\n<meta name=\"robots\" content=\"index, follow, max-snippet:-1, max-image-preview:large, max-video-preview:-1\" \/>\n<link rel=\"canonical\" href=\"https:\/\/ocularis.ong\/eu\/cookie-politika\/\" \/>\n<meta property=\"og:locale\" content=\"eu_ES\" \/>\n<meta property=\"og:type\" content=\"article\" \/>\n<meta property=\"og:title\" content=\"Cookie-politika - Ocularis\" \/>\n<meta property=\"og:url\" content=\"https:\/\/ocularis.ong\/eu\/cookie-politika\/\" \/>\n<meta property=\"og:site_name\" content=\"Ocularis\" \/>\n<meta property=\"article:modified_time\" content=\"2023-08-25T09:28:33+00:00\" \/>\n<meta name=\"twitter:card\" content=\"summary_large_image\" \/>\n<script type=\"application\/ld+json\" class=\"yoast-schema-graph\">{\"@context\":\"https:\/\/schema.org\",\"@graph\":[{\"@type\":\"WebPage\",\"@id\":\"https:\/\/ocularis.ong\/eu\/cookie-politika\/\",\"url\":\"https:\/\/ocularis.ong\/eu\/cookie-politika\/\",\"name\":\"Cookie-politika - Ocularis\",\"isPartOf\":{\"@id\":\"https:\/\/ocularis.ong\/eu\/#website\"},\"datePublished\":\"2023-08-18T06:04:34+00:00\",\"dateModified\":\"2023-08-25T09:28:33+00:00\",\"breadcrumb\":{\"@id\":\"https:\/\/ocularis.ong\/eu\/cookie-politika\/#breadcrumb\"},\"inLanguage\":\"eu-ES\",\"potentialAction\":[{\"@type\":\"ReadAction\",\"target\":[\"https:\/\/ocularis.ong\/eu\/cookie-politika\/\"]}]},{\"@type\":\"BreadcrumbList\",\"@id\":\"https:\/\/ocularis.ong\/eu\/cookie-politika\/#breadcrumb\",\"itemListElement\":[{\"@type\":\"ListItem\",\"position\":1,\"name\":\"Portada\",\"item\":\"https:\/\/ocularis.ong\/eu\/\"},{\"@type\":\"ListItem\",\"position\":2,\"name\":\"Cookie-politika\"}]},{\"@type\":\"WebSite\",\"@id\":\"https:\/\/ocularis.ong\/eu\/#website\",\"url\":\"https:\/\/ocularis.ong\/eu\/\",\"name\":\"Ocularis\",\"description\":\"Teaching to see\",\"publisher\":{\"@id\":\"https:\/\/ocularis.ong\/eu\/#organization\"},\"potentialAction\":[{\"@type\":\"SearchAction\",\"target\":{\"@type\":\"EntryPoint\",\"urlTemplate\":\"https:\/\/ocularis.ong\/eu\/?s={search_term_string}\"},\"query-input\":{\"@type\":\"PropertyValueSpecification\",\"valueRequired\":true,\"valueName\":\"search_term_string\"}}],\"inLanguage\":\"eu-ES\"},{\"@type\":\"Organization\",\"@id\":\"https:\/\/ocularis.ong\/eu\/#organization\",\"name\":\"Ocularis\",\"url\":\"https:\/\/ocularis.ong\/eu\/\",\"logo\":{\"@type\":\"ImageObject\",\"inLanguage\":\"eu-ES\",\"@id\":\"https:\/\/ocularis.ong\/eu\/#\/schema\/logo\/image\/\",\"url\":\"https:\/\/ocularis.ong\/wp-content\/uploads\/2022\/09\/logo_r_139x200.jpg\",\"contentUrl\":\"https:\/\/ocularis.ong\/wp-content\/uploads\/2022\/09\/logo_r_139x200.jpg\",\"width\":139,\"height\":200,\"caption\":\"Ocularis\"},\"image\":{\"@id\":\"https:\/\/ocularis.ong\/eu\/#\/schema\/logo\/image\/\"}}]}<\/script>\n<!-- \/ Yoast SEO plugin. -->","yoast_head_json":{"title":"Cookie-politika - Ocularis","robots":{"index":"index","follow":"follow","max-snippet":"max-snippet:-1","max-image-preview":"max-image-preview:large","max-video-preview":"max-video-preview:-1"},"canonical":"https:\/\/ocularis.ong\/eu\/cookie-politika\/","og_locale":"eu_ES","og_type":"article","og_title":"Cookie-politika - Ocularis","og_url":"https:\/\/ocularis.ong\/eu\/cookie-politika\/","og_site_name":"Ocularis","article_modified_time":"2023-08-25T09:28:33+00:00","twitter_card":"summary_large_image","schema":{"@context":"https:\/\/schema.org","@graph":[{"@type":"WebPage","@id":"https:\/\/ocularis.ong\/eu\/cookie-politika\/","url":"https:\/\/ocularis.ong\/eu\/cookie-politika\/","name":"Cookie-politika - Ocularis","isPartOf":{"@id":"https:\/\/ocularis.ong\/eu\/#website"},"datePublished":"2023-08-18T06:04:34+00:00","dateModified":"2023-08-25T09:28:33+00:00","breadcrumb":{"@id":"https:\/\/ocularis.ong\/eu\/cookie-politika\/#breadcrumb"},"inLanguage":"eu-ES","potentialAction":[{"@type":"ReadAction","target":["https:\/\/ocularis.ong\/eu\/cookie-politika\/"]}]},{"@type":"BreadcrumbList","@id":"https:\/\/ocularis.ong\/eu\/cookie-politika\/#breadcrumb","itemListElement":[{"@type":"ListItem","position":1,"name":"Portada","item":"https:\/\/ocularis.ong\/eu\/"},{"@type":"ListItem","position":2,"name":"Cookie-politika"}]},{"@type":"WebSite","@id":"https:\/\/ocularis.ong\/eu\/#website","url":"https:\/\/ocularis.ong\/eu\/","name":"Ocularis","description":"Teaching to see","publisher":{"@id":"https:\/\/ocularis.ong\/eu\/#organization"},"potentialAction":[{"@type":"SearchAction","target":{"@type":"EntryPoint","urlTemplate":"https:\/\/ocularis.ong\/eu\/?s={search_term_string}"},"query-input":{"@type":"PropertyValueSpecification","valueRequired":true,"valueName":"search_term_string"}}],"inLanguage":"eu-ES"},{"@type":"Organization","@id":"https:\/\/ocularis.ong\/eu\/#organization","name":"Ocularis","url":"https:\/\/ocularis.ong\/eu\/","logo":{"@type":"ImageObject","inLanguage":"eu-ES","@id":"https:\/\/ocularis.ong\/eu\/#\/schema\/logo\/image\/","url":"https:\/\/ocularis.ong\/wp-content\/uploads\/2022\/09\/logo_r_139x200.jpg","contentUrl":"https:\/\/ocularis.ong\/wp-content\/uploads\/2022\/09\/logo_r_139x200.jpg","width":139,"height":200,"caption":"Ocularis"},"image":{"@id":"https:\/\/ocularis.ong\/eu\/#\/schema\/logo\/image\/"}}]}},"_links":{"self":[{"href":"https:\/\/ocularis.ong\/eu\/wp-json\/wp\/v2\/pages\/9909","targetHints":{"allow":["GET"]}}],"collection":[{"href":"https:\/\/ocularis.ong\/eu\/wp-json\/wp\/v2\/pages"}],"about":[{"href":"https:\/\/ocularis.ong\/eu\/wp-json\/wp\/v2\/types\/page"}],"author":[{"embeddable":true,"href":"https:\/\/ocularis.ong\/eu\/wp-json\/wp\/v2\/users\/4"}],"replies":[{"embeddable":true,"href":"https:\/\/ocularis.ong\/eu\/wp-json\/wp\/v2\/comments?post=9909"}],"version-history":[{"count":1,"href":"https:\/\/ocularis.ong\/eu\/wp-json\/wp\/v2\/pages\/9909\/revisions"}],"predecessor-version":[{"id":9910,"href":"https:\/\/ocularis.ong\/eu\/wp-json\/wp\/v2\/pages\/9909\/revisions\/9910"}],"wp:attachment":[{"href":"https:\/\/ocularis.ong\/eu\/wp-json\/wp\/v2\/media?parent=9909"}],"curies":[{"name":"wp","href":"https:\/\/api.w.org\/{rel}","templated":true}]}}