{"id":9701,"date":"2023-08-15T10:55:23","date_gmt":"2023-08-15T10:55:23","guid":{"rendered":"https:\/\/ocularis.ong\/?page_id=9701"},"modified":"2023-12-17T12:12:27","modified_gmt":"2023-12-17T12:12:27","slug":"diplomak_eta_ekintzak","status":"publish","type":"page","link":"https:\/\/ocularis.ong\/eu\/diplomak_eta_ekintzak\/","title":{"rendered":"Diplomak eta Ekintzak"},"content":{"rendered":"\t\t<div data-elementor-type=\"wp-page\" data-elementor-id=\"9701\" class=\"elementor elementor-9701 elementor-2099\" data-elementor-post-type=\"page\">\n\t\t\t\t\t\t<section class=\"elementor-section elementor-top-section elementor-element elementor-element-e5fe427 elementor-section-full_width elementor-section-height-default elementor-section-height-default\" data-id=\"e5fe427\" data-element_type=\"section\" data-e-type=\"section\" data-settings=\"{&quot;background_background&quot;:&quot;classic&quot;}\">\n\t\t\t\t\t\t\t<div class=\"elementor-background-overlay\"><\/div>\n\t\t\t\t\t\t\t<div class=\"elementor-container elementor-column-gap-no\">\n\t\t\t\t\t<div class=\"elementor-column elementor-col-100 elementor-top-column elementor-element elementor-element-9920a84\" data-id=\"9920a84\" data-element_type=\"column\" data-e-type=\"column\">\n\t\t\t<div class=\"elementor-widget-wrap elementor-element-populated\">\n\t\t\t\t\t\t<div class=\"elementor-element elementor-element-5c879a4 elementor-widget elementor-widget-heading\" data-id=\"5c879a4\" data-element_type=\"widget\" data-e-type=\"widget\" data-widget_type=\"heading.default\">\n\t\t\t\t<div class=\"elementor-widget-container\">\n\t\t\t\t\t<h1 class=\"elementor-heading-title elementor-size-default\">Diplomak eta Ekintzak<\/h1>\t\t\t\t<\/div>\n\t\t\t\t<\/div>\n\t\t\t\t\t<\/div>\n\t\t<\/div>\n\t\t\t\t\t<\/div>\n\t\t<\/section>\n\t\t\t\t<section class=\"elementor-section elementor-top-section elementor-element elementor-element-55dc6a3 elementor-section-boxed elementor-section-height-default elementor-section-height-default\" data-id=\"55dc6a3\" data-element_type=\"section\" data-e-type=\"section\">\n\t\t\t\t\t\t<div class=\"elementor-container elementor-column-gap-default\">\n\t\t\t\t\t<div class=\"elementor-column elementor-col-100 elementor-top-column elementor-element elementor-element-cf78bd7\" data-id=\"cf78bd7\" data-element_type=\"column\" data-e-type=\"column\">\n\t\t\t<div class=\"elementor-widget-wrap elementor-element-populated\">\n\t\t\t\t\t\t<div class=\"elementor-element elementor-element-6fab92e elementor-widget elementor-widget-text-editor\" data-id=\"6fab92e\" data-element_type=\"widget\" data-e-type=\"widget\" data-widget_type=\"text-editor.default\">\n\t\t\t\t<div class=\"elementor-widget-container\">\n\t\t\t\t\t\t\t\t\t<p>Gehiago jakin nahi duzu gure prestakuntza eta ekintza sozialei buruz? Hurbildu eta argi ikusiko duzu.<\/p>\t\t\t\t\t\t\t\t<\/div>\n\t\t\t\t<\/div>\n\t\t\t\t\t<\/div>\n\t\t<\/div>\n\t\t\t\t\t<\/div>\n\t\t<\/section>\n\t\t\t\t<section class=\"elementor-section elementor-top-section elementor-element elementor-element-aa01abf elementor-section-boxed elementor-section-height-default elementor-section-height-default\" data-id=\"aa01abf\" data-element_type=\"section\" data-e-type=\"section\">\n\t\t\t\t\t\t<div class=\"elementor-container elementor-column-gap-default\">\n\t\t\t\t\t<div class=\"elementor-column elementor-col-100 elementor-top-column elementor-element elementor-element-6d12c26\" data-id=\"6d12c26\" data-element_type=\"column\" data-e-type=\"column\">\n\t\t\t<div class=\"elementor-widget-wrap elementor-element-populated\">\n\t\t\t\t\t\t<div class=\"elementor-element elementor-element-4733db0 elementor-widget elementor-widget-heading\" data-id=\"4733db0\" data-element_type=\"widget\" data-e-type=\"widget\" data-widget_type=\"heading.default\">\n\t\t\t\t<div class=\"elementor-widget-container\">\n\t\t\t\t\t<h2 class=\"elementor-heading-title elementor-size-default\">Unibertsitateko diplomak<\/h2>\t\t\t\t<\/div>\n\t\t\t\t<\/div>\n\t\t\t\t<section class=\"elementor-section elementor-inner-section elementor-element elementor-element-d23553f elementor-section-boxed elementor-section-height-default elementor-section-height-default\" data-id=\"d23553f\" data-element_type=\"section\" data-e-type=\"section\">\n\t\t\t\t\t\t<div class=\"elementor-container elementor-column-gap-default\">\n\t\t\t\t\t<div class=\"elementor-column elementor-col-50 elementor-inner-column elementor-element elementor-element-3301774\" data-id=\"3301774\" data-element_type=\"column\" data-e-type=\"column\">\n\t\t\t<div class=\"elementor-widget-wrap elementor-element-populated\">\n\t\t\t\t\t\t<div class=\"elementor-element elementor-element-3fc4bb3 elementor-widget elementor-widget-image\" data-id=\"3fc4bb3\" data-element_type=\"widget\" data-e-type=\"widget\" data-widget_type=\"image.default\">\n\t\t\t\t<div class=\"elementor-widget-container\">\n\t\t\t\t\t\t\t\t\t\t\t\t\t\t\t\t<a href=\"\/diplomas-y-acciones\/posgrado-en-oftalmopediatria-oculares\/\">\n\t\t\t\t\t\t\t<img fetchpriority=\"high\" decoding=\"async\" width=\"898\" height=\"445\" src=\"https:\/\/ocularis.ong\/wp-content\/uploads\/2022\/05\/ocularis-oftalmopediatria-senegal.jpg\" class=\"attachment-large size-large wp-image-1425\" alt=\"\" srcset=\"https:\/\/ocularis.ong\/wp-content\/uploads\/2022\/05\/ocularis-oftalmopediatria-senegal.jpg 898w, https:\/\/ocularis.ong\/wp-content\/uploads\/2022\/05\/ocularis-oftalmopediatria-senegal-300x149.jpg 300w, https:\/\/ocularis.ong\/wp-content\/uploads\/2022\/05\/ocularis-oftalmopediatria-senegal-768x381.jpg 768w\" sizes=\"(max-width: 898px) 100vw, 898px\" \/>\t\t\t\t\t\t\t\t<\/a>\n\t\t\t\t\t\t\t\t\t\t\t\t\t\t\t<\/div>\n\t\t\t\t<\/div>\n\t\t\t\t<div class=\"elementor-element elementor-element-92699ae elementor-widget elementor-widget-heading\" data-id=\"92699ae\" data-element_type=\"widget\" data-e-type=\"widget\" data-widget_type=\"heading.default\">\n\t\t\t\t<div class=\"elementor-widget-container\">\n\t\t\t\t\t<h4 class=\"elementor-heading-title elementor-size-default\"><a href=\"\/diplomas-y-acciones\/posgrado-en-oftalmopediatria-oculares\/\">Oftalmopediatriako graduondokoa<br>\n<span style=\"color:#666666;font-size:15px;font-weight:200\">Dakar, Senegal<\/span><\/a><\/h4>\t\t\t\t<\/div>\n\t\t\t\t<\/div>\n\t\t\t\t<div class=\"elementor-element elementor-element-80370ba elementor-widget elementor-widget-image\" data-id=\"80370ba\" data-element_type=\"widget\" data-e-type=\"widget\" data-widget_type=\"image.default\">\n\t\t\t\t<div class=\"elementor-widget-container\">\n\t\t\t\t\t\t\t\t\t\t\t\t\t\t\t\t<a href=\"\/diplomas-y-acciones\/licenciatura-en-ortoptica\/\">\n\t\t\t\t\t\t\t<img decoding=\"async\" src=\"https:\/\/ocularis.ong\/wp-content\/uploads\/elementor\/thumbs\/3-e1711015622550-qlj7bl7gupw5h2qxxc0dnipkw6btnvdwur6bpqryle.jpg\" title=\"titulo ortoptica\" alt=\"Formaci\u00f3n pr\u00e1ctica ort\u00f3ptica\" loading=\"lazy\" \/>\t\t\t\t\t\t\t\t<\/a>\n\t\t\t\t\t\t\t\t\t\t\t\t\t\t\t<\/div>\n\t\t\t\t<\/div>\n\t\t\t\t<div class=\"elementor-element elementor-element-4519993 elementor-widget elementor-widget-heading\" data-id=\"4519993\" data-element_type=\"widget\" data-e-type=\"widget\" data-widget_type=\"heading.default\">\n\t\t\t\t<div class=\"elementor-widget-container\">\n\t\t\t\t\t<h4 class=\"elementor-heading-title elementor-size-default\"><a href=\"\/diplomas-y-acciones\/posgrado-en-oftalmopediatria-oculares\/\">Ortoptikako lizentziatura<br>\n<span style=\"color:#666666;font-size:15px;font-weight:200\">Thies, Senegal<\/span><\/a><\/h4>\t\t\t\t<\/div>\n\t\t\t\t<\/div>\n\t\t\t\t\t<\/div>\n\t\t<\/div>\n\t\t\t\t<div class=\"elementor-column elementor-col-50 elementor-inner-column elementor-element elementor-element-afa4a80\" data-id=\"afa4a80\" data-element_type=\"column\" data-e-type=\"column\">\n\t\t\t<div class=\"elementor-widget-wrap elementor-element-populated\">\n\t\t\t\t\t\t<div class=\"elementor-element elementor-element-4853196 elementor-widget elementor-widget-image\" data-id=\"4853196\" data-element_type=\"widget\" data-e-type=\"widget\" data-widget_type=\"image.default\">\n\t\t\t\t<div class=\"elementor-widget-container\">\n\t\t\t\t\t\t\t\t\t\t\t\t\t\t\t\t<a href=\"\/diplomas-y-acciones\/master-en-oculoplastia-tropical-y-tumores-orbitarios\/\">\n\t\t\t\t\t\t\t<img decoding=\"async\" width=\"898\" height=\"445\" src=\"https:\/\/ocularis.ong\/wp-content\/uploads\/2022\/05\/ocularis_oculoplastia-mozambique.jpg\" class=\"attachment-large size-large wp-image-1431\" alt=\"\" srcset=\"https:\/\/ocularis.ong\/wp-content\/uploads\/2022\/05\/ocularis_oculoplastia-mozambique.jpg 898w, https:\/\/ocularis.ong\/wp-content\/uploads\/2022\/05\/ocularis_oculoplastia-mozambique-300x149.jpg 300w, https:\/\/ocularis.ong\/wp-content\/uploads\/2022\/05\/ocularis_oculoplastia-mozambique-768x381.jpg 768w\" sizes=\"(max-width: 898px) 100vw, 898px\" \/>\t\t\t\t\t\t\t\t<\/a>\n\t\t\t\t\t\t\t\t\t\t\t\t\t\t\t<\/div>\n\t\t\t\t<\/div>\n\t\t\t\t<div class=\"elementor-element elementor-element-504e9f8 elementor-widget elementor-widget-heading\" data-id=\"504e9f8\" data-element_type=\"widget\" data-e-type=\"widget\" data-widget_type=\"heading.default\">\n\t\t\t\t<div class=\"elementor-widget-container\">\n\t\t\t\t\t<h4 class=\"elementor-heading-title elementor-size-default\"><a href=\"\/diplomas-y-acciones\/master-en-oculoplastia-tropical-y-tumores-orbitarios\/\">Oftalmologiako masterra okuloplastikoarekin <br>\n<span style=\"color:#666666;font-size:15px;font-weight:200\">Mozambike<\/span><\/a><\/h4>\t\t\t\t<\/div>\n\t\t\t\t<\/div>\n\t\t\t\t\t<\/div>\n\t\t<\/div>\n\t\t\t\t\t<\/div>\n\t\t<\/section>\n\t\t\t\t\t<\/div>\n\t\t<\/div>\n\t\t\t\t\t<\/div>\n\t\t<\/section>\n\t\t\t\t<section class=\"elementor-section elementor-top-section elementor-element elementor-element-d4d3a45 elementor-section-boxed elementor-section-height-default elementor-section-height-default\" data-id=\"d4d3a45\" data-element_type=\"section\" data-e-type=\"section\">\n\t\t\t\t\t\t<div class=\"elementor-container elementor-column-gap-default\">\n\t\t\t\t\t<div class=\"elementor-column elementor-col-100 elementor-top-column elementor-element elementor-element-1aeff56\" data-id=\"1aeff56\" data-element_type=\"column\" data-e-type=\"column\">\n\t\t\t<div class=\"elementor-widget-wrap elementor-element-populated\">\n\t\t\t\t\t\t<div class=\"elementor-element elementor-element-a61634d elementor-widget elementor-widget-heading\" data-id=\"a61634d\" data-element_type=\"widget\" data-e-type=\"widget\" data-widget_type=\"heading.default\">\n\t\t\t\t<div class=\"elementor-widget-container\">\n\t\t\t\t\t<h2 class=\"elementor-heading-title elementor-size-default\">BESTELAKO PRESTAKUNTZA ETA EKINTZA SOZIALAK<\/h2>\t\t\t\t<\/div>\n\t\t\t\t<\/div>\n\t\t\t\t<section class=\"elementor-section elementor-inner-section elementor-element elementor-element-d3f244d elementor-section-boxed elementor-section-height-default elementor-section-height-default\" data-id=\"d3f244d\" data-element_type=\"section\" data-e-type=\"section\">\n\t\t\t\t\t\t<div class=\"elementor-container elementor-column-gap-default\">\n\t\t\t\t\t<div class=\"elementor-column elementor-col-50 elementor-inner-column elementor-element elementor-element-ae14e9b\" data-id=\"ae14e9b\" data-element_type=\"column\" data-e-type=\"column\">\n\t\t\t<div class=\"elementor-widget-wrap elementor-element-populated\">\n\t\t\t\t\t\t<div class=\"elementor-element elementor-element-6da590f elementor-widget elementor-widget-image\" data-id=\"6da590f\" data-element_type=\"widget\" data-e-type=\"widget\" data-widget_type=\"image.default\">\n\t\t\t\t<div class=\"elementor-widget-container\">\n\t\t\t\t\t\t\t\t\t\t\t\t\t\t\t\t<a href=\"\/diplomas-y-acciones\/formacion-en-protesis-oculares\/\">\n\t\t\t\t\t\t\t<img decoding=\"async\" width=\"898\" height=\"445\" src=\"https:\/\/ocularis.ong\/wp-content\/uploads\/2022\/05\/ocularis_protesis-oculares-mozambique.jpg\" class=\"attachment-large size-large wp-image-1437\" alt=\"\" srcset=\"https:\/\/ocularis.ong\/wp-content\/uploads\/2022\/05\/ocularis_protesis-oculares-mozambique.jpg 898w, https:\/\/ocularis.ong\/wp-content\/uploads\/2022\/05\/ocularis_protesis-oculares-mozambique-300x149.jpg 300w, https:\/\/ocularis.ong\/wp-content\/uploads\/2022\/05\/ocularis_protesis-oculares-mozambique-768x381.jpg 768w\" sizes=\"(max-width: 898px) 100vw, 898px\" \/>\t\t\t\t\t\t\t\t<\/a>\n\t\t\t\t\t\t\t\t\t\t\t\t\t\t\t<\/div>\n\t\t\t\t<\/div>\n\t\t\t\t<div class=\"elementor-element elementor-element-8792802 elementor-widget elementor-widget-heading\" data-id=\"8792802\" data-element_type=\"widget\" data-e-type=\"widget\" data-widget_type=\"heading.default\">\n\t\t\t\t<div class=\"elementor-widget-container\">\n\t\t\t\t\t<h4 class=\"elementor-heading-title elementor-size-default\"><a href=\"\/diplomas-y-acciones\/formacion-en-protesis-oculares\/\">Begi-protesiak<br>\n<span style=\"color:#666666;font-size:15px;font-weight:200\">Mozambike<\/span><\/a><\/h4>\t\t\t\t<\/div>\n\t\t\t\t<\/div>\n\t\t\t\t\t<\/div>\n\t\t<\/div>\n\t\t\t\t<div class=\"elementor-column elementor-col-50 elementor-inner-column elementor-element elementor-element-2989332\" data-id=\"2989332\" data-element_type=\"column\" data-e-type=\"column\">\n\t\t\t<div class=\"elementor-widget-wrap elementor-element-populated\">\n\t\t\t\t\t\t<div class=\"elementor-element elementor-element-10f1cdd elementor-widget elementor-widget-image\" data-id=\"10f1cdd\" data-element_type=\"widget\" data-e-type=\"widget\" data-widget_type=\"image.default\">\n\t\t\t\t<div class=\"elementor-widget-container\">\n\t\t\t\t\t\t\t\t\t\t\t\t\t\t\t\t<a href=\"\/diplomas-y-acciones\/optometria-pediatrica-senegal\/\">\n\t\t\t\t\t\t\t<img loading=\"lazy\" decoding=\"async\" width=\"898\" height=\"445\" src=\"https:\/\/ocularis.ong\/wp-content\/uploads\/2022\/05\/ocularis_optometria-pediatrica-senegal.jpg\" class=\"attachment-large size-large wp-image-1413\" alt=\"\" srcset=\"https:\/\/ocularis.ong\/wp-content\/uploads\/2022\/05\/ocularis_optometria-pediatrica-senegal.jpg 898w, https:\/\/ocularis.ong\/wp-content\/uploads\/2022\/05\/ocularis_optometria-pediatrica-senegal-300x149.jpg 300w, https:\/\/ocularis.ong\/wp-content\/uploads\/2022\/05\/ocularis_optometria-pediatrica-senegal-768x381.jpg 768w\" sizes=\"(max-width: 898px) 100vw, 898px\" \/>\t\t\t\t\t\t\t\t<\/a>\n\t\t\t\t\t\t\t\t\t\t\t\t\t\t\t<\/div>\n\t\t\t\t<\/div>\n\t\t\t\t<div class=\"elementor-element elementor-element-3d65676 elementor-widget elementor-widget-heading\" data-id=\"3d65676\" data-element_type=\"widget\" data-e-type=\"widget\" data-widget_type=\"heading.default\">\n\t\t\t\t<div class=\"elementor-widget-container\">\n\t\t\t\t\t<h4 class=\"elementor-heading-title elementor-size-default\"><a href=\"\/diplomas-y-acciones\/optometria-pediatrica-senegal\/\">Optometria pediatrikoa<br>\n<span style=\"color:#666666;font-size:15px;font-weight:200\">Senegal<\/span><\/a><\/h4>\t\t\t\t<\/div>\n\t\t\t\t<\/div>\n\t\t\t\t\t<\/div>\n\t\t<\/div>\n\t\t\t\t\t<\/div>\n\t\t<\/section>\n\t\t\t\t<section class=\"elementor-section elementor-inner-section elementor-element elementor-element-634dc06 elementor-section-boxed elementor-section-height-default elementor-section-height-default\" data-id=\"634dc06\" data-element_type=\"section\" data-e-type=\"section\">\n\t\t\t\t\t\t<div class=\"elementor-container elementor-column-gap-default\">\n\t\t\t\t\t<div class=\"elementor-column elementor-col-50 elementor-inner-column elementor-element elementor-element-9f5bad6\" data-id=\"9f5bad6\" data-element_type=\"column\" data-e-type=\"column\">\n\t\t\t<div class=\"elementor-widget-wrap elementor-element-populated\">\n\t\t\t\t\t\t<div class=\"elementor-element elementor-element-b24b4e3 elementor-widget elementor-widget-image\" data-id=\"b24b4e3\" data-element_type=\"widget\" data-e-type=\"widget\" data-widget_type=\"image.default\">\n\t\t\t\t<div class=\"elementor-widget-container\">\n\t\t\t\t\t\t\t\t\t\t\t\t\t\t\t\t<a href=\"\/diplomas-y-acciones\/acciones-sociales\/\">\n\t\t\t\t\t\t\t<img loading=\"lazy\" decoding=\"async\" width=\"898\" height=\"445\" src=\"https:\/\/ocularis.ong\/wp-content\/uploads\/2022\/05\/ocularis-petra-1.jpg\" class=\"attachment-large size-large wp-image-1443\" alt=\"\" srcset=\"https:\/\/ocularis.ong\/wp-content\/uploads\/2022\/05\/ocularis-petra-1.jpg 898w, https:\/\/ocularis.ong\/wp-content\/uploads\/2022\/05\/ocularis-petra-1-300x149.jpg 300w, https:\/\/ocularis.ong\/wp-content\/uploads\/2022\/05\/ocularis-petra-1-768x381.jpg 768w\" sizes=\"(max-width: 898px) 100vw, 898px\" \/>\t\t\t\t\t\t\t\t<\/a>\n\t\t\t\t\t\t\t\t\t\t\t\t\t\t\t<\/div>\n\t\t\t\t<\/div>\n\t\t\t\t<div class=\"elementor-element elementor-element-197b730 elementor-widget elementor-widget-heading\" data-id=\"197b730\" data-element_type=\"widget\" data-e-type=\"widget\" data-widget_type=\"heading.default\">\n\t\t\t\t<div class=\"elementor-widget-container\">\n\t\t\t\t\t<h4 class=\"elementor-heading-title elementor-size-default\"><a href=\"\/diplomas-y-acciones\/acciones-sociales\/\">Gizarte-ekintzak<\/a><\/h4>\t\t\t\t<\/div>\n\t\t\t\t<\/div>\n\t\t\t\t\t<\/div>\n\t\t<\/div>\n\t\t\t\t<div class=\"elementor-column elementor-col-50 elementor-inner-column elementor-element elementor-element-3434103\" data-id=\"3434103\" data-element_type=\"column\" data-e-type=\"column\">\n\t\t\t<div class=\"elementor-widget-wrap\">\n\t\t\t\t\t\t\t<\/div>\n\t\t<\/div>\n\t\t\t\t\t<\/div>\n\t\t<\/section>\n\t\t\t\t\t<\/div>\n\t\t<\/div>\n\t\t\t\t\t<\/div>\n\t\t<\/section>\n\t\t\t\t<\/div>\n\t\t","protected":false},"excerpt":{"rendered":"<p>Diplomak eta Ekintzak Gehiago jakin nahi duzu gure prestakuntza eta ekintza sozialei buruz? Hurbildu eta argi ikusiko duzu. Unibertsitateko diplomak Oftalmopediatriako graduondokoa Dakar, Senegal Ortoptikako lizentziatura Thies, Senegal Oftalmologiako masterra okuloplastikoarekin Mozambike BESTELAKO PRESTAKUNTZA ETA EKINTZA SOZIALAK Begi-protesiak Mozambike Optometria pediatrikoa Senegal Gizarte-ekintzak<\/p>\n","protected":false},"author":6,"featured_media":0,"parent":0,"menu_order":0,"comment_status":"closed","ping_status":"closed","template":"","meta":{"_mo_disable_npp":"","site-sidebar-layout":"no-sidebar","site-content-layout":"page-builder","ast-site-content-layout":"","site-content-style":"default","site-sidebar-style":"default","ast-global-header-display":"","ast-banner-title-visibility":"","ast-main-header-display":"","ast-hfb-above-header-display":"","ast-hfb-below-header-display":"","ast-hfb-mobile-header-display":"","site-post-title":"disabled","ast-breadcrumbs-content":"","ast-featured-img":"disabled","footer-sml-layout":"","theme-transparent-header-meta":"","adv-header-id-meta":"","stick-header-meta":"","header-above-stick-meta":"","header-main-stick-meta":"","header-below-stick-meta":"","astra-migrate-meta-layouts":"set","footnotes":""},"class_list":["post-9701","page","type-page","status-publish","hentry"],"yoast_head":"<!-- This site is optimized with the Yoast SEO plugin v26.3 - https:\/\/yoast.com\/wordpress\/plugins\/seo\/ -->\n<title>Diplomak eta Ekintzak - Ocularis<\/title>\n<meta name=\"robots\" content=\"index, follow, max-snippet:-1, max-image-preview:large, max-video-preview:-1\" \/>\n<link rel=\"canonical\" href=\"https:\/\/ocularis.ong\/eu\/diplomak_eta_ekintzak\/\" \/>\n<meta property=\"og:locale\" content=\"eu_ES\" \/>\n<meta property=\"og:type\" content=\"article\" \/>\n<meta property=\"og:title\" content=\"Diplomak eta Ekintzak - Ocularis\" \/>\n<meta property=\"og:description\" content=\"Diplomak eta Ekintzak Gehiago jakin nahi duzu gure prestakuntza eta ekintza sozialei buruz? Hurbildu eta argi ikusiko duzu. Unibertsitateko diplomak Oftalmopediatriako graduondokoa Dakar, Senegal Ortoptikako lizentziatura Thies, Senegal Oftalmologiako masterra okuloplastikoarekin Mozambike BESTELAKO PRESTAKUNTZA ETA EKINTZA SOZIALAK Begi-protesiak Mozambike Optometria pediatrikoa Senegal Gizarte-ekintzak\" \/>\n<meta property=\"og:url\" content=\"https:\/\/ocularis.ong\/eu\/diplomak_eta_ekintzak\/\" \/>\n<meta property=\"og:site_name\" content=\"Ocularis\" \/>\n<meta property=\"article:modified_time\" content=\"2023-12-17T12:12:27+00:00\" \/>\n<meta property=\"og:image\" content=\"https:\/\/ocularis.ong\/wp-content\/uploads\/2022\/05\/ocularis-oftalmopediatria-senegal.jpg\" \/>\n<meta name=\"twitter:card\" content=\"summary_large_image\" \/>\n<meta name=\"twitter:label1\" content=\"Est. reading time\" \/>\n\t<meta name=\"twitter:data1\" content=\"2 minutes\" \/>\n<script type=\"application\/ld+json\" class=\"yoast-schema-graph\">{\"@context\":\"https:\/\/schema.org\",\"@graph\":[{\"@type\":\"WebPage\",\"@id\":\"https:\/\/ocularis.ong\/eu\/diplomak_eta_ekintzak\/\",\"url\":\"https:\/\/ocularis.ong\/eu\/diplomak_eta_ekintzak\/\",\"name\":\"Diplomak eta Ekintzak - Ocularis\",\"isPartOf\":{\"@id\":\"https:\/\/ocularis.ong\/eu\/#website\"},\"primaryImageOfPage\":{\"@id\":\"https:\/\/ocularis.ong\/eu\/diplomak_eta_ekintzak\/#primaryimage\"},\"image\":{\"@id\":\"https:\/\/ocularis.ong\/eu\/diplomak_eta_ekintzak\/#primaryimage\"},\"thumbnailUrl\":\"https:\/\/ocularis.ong\/wp-content\/uploads\/2022\/05\/ocularis-oftalmopediatria-senegal.jpg\",\"datePublished\":\"2023-08-15T10:55:23+00:00\",\"dateModified\":\"2023-12-17T12:12:27+00:00\",\"breadcrumb\":{\"@id\":\"https:\/\/ocularis.ong\/eu\/diplomak_eta_ekintzak\/#breadcrumb\"},\"inLanguage\":\"eu-ES\",\"potentialAction\":[{\"@type\":\"ReadAction\",\"target\":[\"https:\/\/ocularis.ong\/eu\/diplomak_eta_ekintzak\/\"]}]},{\"@type\":\"ImageObject\",\"inLanguage\":\"eu-ES\",\"@id\":\"https:\/\/ocularis.ong\/eu\/diplomak_eta_ekintzak\/#primaryimage\",\"url\":\"https:\/\/ocularis.ong\/wp-content\/uploads\/2022\/05\/ocularis-oftalmopediatria-senegal.jpg\",\"contentUrl\":\"https:\/\/ocularis.ong\/wp-content\/uploads\/2022\/05\/ocularis-oftalmopediatria-senegal.jpg\"},{\"@type\":\"BreadcrumbList\",\"@id\":\"https:\/\/ocularis.ong\/eu\/diplomak_eta_ekintzak\/#breadcrumb\",\"itemListElement\":[{\"@type\":\"ListItem\",\"position\":1,\"name\":\"Portada\",\"item\":\"https:\/\/ocularis.ong\/eu\/\"},{\"@type\":\"ListItem\",\"position\":2,\"name\":\"Diplomak eta Ekintzak\"}]},{\"@type\":\"WebSite\",\"@id\":\"https:\/\/ocularis.ong\/eu\/#website\",\"url\":\"https:\/\/ocularis.ong\/eu\/\",\"name\":\"Ocularis\",\"description\":\"Teaching to see\",\"publisher\":{\"@id\":\"https:\/\/ocularis.ong\/eu\/#organization\"},\"potentialAction\":[{\"@type\":\"SearchAction\",\"target\":{\"@type\":\"EntryPoint\",\"urlTemplate\":\"https:\/\/ocularis.ong\/eu\/?s={search_term_string}\"},\"query-input\":{\"@type\":\"PropertyValueSpecification\",\"valueRequired\":true,\"valueName\":\"search_term_string\"}}],\"inLanguage\":\"eu-ES\"},{\"@type\":\"Organization\",\"@id\":\"https:\/\/ocularis.ong\/eu\/#organization\",\"name\":\"Ocularis\",\"url\":\"https:\/\/ocularis.ong\/eu\/\",\"logo\":{\"@type\":\"ImageObject\",\"inLanguage\":\"eu-ES\",\"@id\":\"https:\/\/ocularis.ong\/eu\/#\/schema\/logo\/image\/\",\"url\":\"https:\/\/ocularis.ong\/wp-content\/uploads\/2022\/09\/logo_r_139x200.jpg\",\"contentUrl\":\"https:\/\/ocularis.ong\/wp-content\/uploads\/2022\/09\/logo_r_139x200.jpg\",\"width\":139,\"height\":200,\"caption\":\"Ocularis\"},\"image\":{\"@id\":\"https:\/\/ocularis.ong\/eu\/#\/schema\/logo\/image\/\"}}]}<\/script>\n<!-- \/ Yoast SEO plugin. -->","yoast_head_json":{"title":"Diplomak eta Ekintzak - Ocularis","robots":{"index":"index","follow":"follow","max-snippet":"max-snippet:-1","max-image-preview":"max-image-preview:large","max-video-preview":"max-video-preview:-1"},"canonical":"https:\/\/ocularis.ong\/eu\/diplomak_eta_ekintzak\/","og_locale":"eu_ES","og_type":"article","og_title":"Diplomak eta Ekintzak - Ocularis","og_description":"Diplomak eta Ekintzak Gehiago jakin nahi duzu gure prestakuntza eta ekintza sozialei buruz? Hurbildu eta argi ikusiko duzu. Unibertsitateko diplomak Oftalmopediatriako graduondokoa Dakar, Senegal Ortoptikako lizentziatura Thies, Senegal Oftalmologiako masterra okuloplastikoarekin Mozambike BESTELAKO PRESTAKUNTZA ETA EKINTZA SOZIALAK Begi-protesiak Mozambike Optometria pediatrikoa Senegal Gizarte-ekintzak","og_url":"https:\/\/ocularis.ong\/eu\/diplomak_eta_ekintzak\/","og_site_name":"Ocularis","article_modified_time":"2023-12-17T12:12:27+00:00","og_image":[{"url":"https:\/\/ocularis.ong\/wp-content\/uploads\/2022\/05\/ocularis-oftalmopediatria-senegal.jpg","type":"","width":"","height":""}],"twitter_card":"summary_large_image","twitter_misc":{"Est. reading time":"2 minutes"},"schema":{"@context":"https:\/\/schema.org","@graph":[{"@type":"WebPage","@id":"https:\/\/ocularis.ong\/eu\/diplomak_eta_ekintzak\/","url":"https:\/\/ocularis.ong\/eu\/diplomak_eta_ekintzak\/","name":"Diplomak eta Ekintzak - Ocularis","isPartOf":{"@id":"https:\/\/ocularis.ong\/eu\/#website"},"primaryImageOfPage":{"@id":"https:\/\/ocularis.ong\/eu\/diplomak_eta_ekintzak\/#primaryimage"},"image":{"@id":"https:\/\/ocularis.ong\/eu\/diplomak_eta_ekintzak\/#primaryimage"},"thumbnailUrl":"https:\/\/ocularis.ong\/wp-content\/uploads\/2022\/05\/ocularis-oftalmopediatria-senegal.jpg","datePublished":"2023-08-15T10:55:23+00:00","dateModified":"2023-12-17T12:12:27+00:00","breadcrumb":{"@id":"https:\/\/ocularis.ong\/eu\/diplomak_eta_ekintzak\/#breadcrumb"},"inLanguage":"eu-ES","potentialAction":[{"@type":"ReadAction","target":["https:\/\/ocularis.ong\/eu\/diplomak_eta_ekintzak\/"]}]},{"@type":"ImageObject","inLanguage":"eu-ES","@id":"https:\/\/ocularis.ong\/eu\/diplomak_eta_ekintzak\/#primaryimage","url":"https:\/\/ocularis.ong\/wp-content\/uploads\/2022\/05\/ocularis-oftalmopediatria-senegal.jpg","contentUrl":"https:\/\/ocularis.ong\/wp-content\/uploads\/2022\/05\/ocularis-oftalmopediatria-senegal.jpg"},{"@type":"BreadcrumbList","@id":"https:\/\/ocularis.ong\/eu\/diplomak_eta_ekintzak\/#breadcrumb","itemListElement":[{"@type":"ListItem","position":1,"name":"Portada","item":"https:\/\/ocularis.ong\/eu\/"},{"@type":"ListItem","position":2,"name":"Diplomak eta Ekintzak"}]},{"@type":"WebSite","@id":"https:\/\/ocularis.ong\/eu\/#website","url":"https:\/\/ocularis.ong\/eu\/","name":"Ocularis","description":"Teaching to see","publisher":{"@id":"https:\/\/ocularis.ong\/eu\/#organization"},"potentialAction":[{"@type":"SearchAction","target":{"@type":"EntryPoint","urlTemplate":"https:\/\/ocularis.ong\/eu\/?s={search_term_string}"},"query-input":{"@type":"PropertyValueSpecification","valueRequired":true,"valueName":"search_term_string"}}],"inLanguage":"eu-ES"},{"@type":"Organization","@id":"https:\/\/ocularis.ong\/eu\/#organization","name":"Ocularis","url":"https:\/\/ocularis.ong\/eu\/","logo":{"@type":"ImageObject","inLanguage":"eu-ES","@id":"https:\/\/ocularis.ong\/eu\/#\/schema\/logo\/image\/","url":"https:\/\/ocularis.ong\/wp-content\/uploads\/2022\/09\/logo_r_139x200.jpg","contentUrl":"https:\/\/ocularis.ong\/wp-content\/uploads\/2022\/09\/logo_r_139x200.jpg","width":139,"height":200,"caption":"Ocularis"},"image":{"@id":"https:\/\/ocularis.ong\/eu\/#\/schema\/logo\/image\/"}}]}},"_links":{"self":[{"href":"https:\/\/ocularis.ong\/eu\/wp-json\/wp\/v2\/pages\/9701","targetHints":{"allow":["GET"]}}],"collection":[{"href":"https:\/\/ocularis.ong\/eu\/wp-json\/wp\/v2\/pages"}],"about":[{"href":"https:\/\/ocularis.ong\/eu\/wp-json\/wp\/v2\/types\/page"}],"author":[{"embeddable":true,"href":"https:\/\/ocularis.ong\/eu\/wp-json\/wp\/v2\/users\/6"}],"replies":[{"embeddable":true,"href":"https:\/\/ocularis.ong\/eu\/wp-json\/wp\/v2\/comments?post=9701"}],"version-history":[{"count":6,"href":"https:\/\/ocularis.ong\/eu\/wp-json\/wp\/v2\/pages\/9701\/revisions"}],"predecessor-version":[{"id":14207,"href":"https:\/\/ocularis.ong\/eu\/wp-json\/wp\/v2\/pages\/9701\/revisions\/14207"}],"wp:attachment":[{"href":"https:\/\/ocularis.ong\/eu\/wp-json\/wp\/v2\/media?parent=9701"}],"curies":[{"name":"wp","href":"https:\/\/api.w.org\/{rel}","templated":true}]}}