{"id":10641,"date":"2023-08-25T09:23:26","date_gmt":"2023-08-25T09:23:26","guid":{"rendered":"https:\/\/ocularis.ong\/?page_id=10641"},"modified":"2023-08-25T09:26:15","modified_gmt":"2023-08-25T09:26:15","slug":"pribatutasun-politika","status":"publish","type":"page","link":"https:\/\/ocularis.ong\/eu\/pribatutasun-politika\/","title":{"rendered":"Pribatutasun Politika"},"content":{"rendered":"\t\t<div data-elementor-type=\"wp-page\" data-elementor-id=\"10641\" class=\"elementor elementor-10641 elementor-3452\" data-elementor-post-type=\"page\">\n\t\t\t\t\t\t<section class=\"elementor-section elementor-top-section elementor-element elementor-element-293a981e elementor-section-full_width elementor-section-height-default elementor-section-height-default\" data-id=\"293a981e\" data-element_type=\"section\" data-e-type=\"section\" data-settings=\"{&quot;background_background&quot;:&quot;classic&quot;}\">\n\t\t\t\t\t\t\t<div class=\"elementor-background-overlay\"><\/div>\n\t\t\t\t\t\t\t<div class=\"elementor-container elementor-column-gap-no\">\n\t\t\t\t\t<div class=\"elementor-column elementor-col-100 elementor-top-column elementor-element elementor-element-6eae92ef\" data-id=\"6eae92ef\" data-element_type=\"column\" data-e-type=\"column\">\n\t\t\t<div class=\"elementor-widget-wrap elementor-element-populated\">\n\t\t\t\t\t\t<div class=\"elementor-element elementor-element-67c8e907 elementor-widget elementor-widget-heading\" data-id=\"67c8e907\" data-element_type=\"widget\" data-e-type=\"widget\" data-widget_type=\"heading.default\">\n\t\t\t\t<div class=\"elementor-widget-container\">\n\t\t\t\t\t<h1 class=\"elementor-heading-title elementor-size-default\">Pribatutasun Politika<\/h1>\t\t\t\t<\/div>\n\t\t\t\t<\/div>\n\t\t\t\t\t<\/div>\n\t\t<\/div>\n\t\t\t\t\t<\/div>\n\t\t<\/section>\n\t\t\t\t<section class=\"elementor-section elementor-top-section elementor-element elementor-element-f9c5877 elementor-section-boxed elementor-section-height-default elementor-section-height-default\" data-id=\"f9c5877\" data-element_type=\"section\" data-e-type=\"section\">\n\t\t\t\t\t\t<div class=\"elementor-container elementor-column-gap-default\">\n\t\t\t\t\t<div class=\"elementor-column elementor-col-100 elementor-top-column elementor-element elementor-element-9afce09\" data-id=\"9afce09\" data-element_type=\"column\" data-e-type=\"column\">\n\t\t\t<div class=\"elementor-widget-wrap elementor-element-populated\">\n\t\t\t\t\t\t<div class=\"elementor-element elementor-element-b8e9ad3 elementor-widget elementor-widget-text-editor\" data-id=\"b8e9ad3\" data-element_type=\"widget\" data-e-type=\"widget\" data-widget_type=\"text-editor.default\">\n\t\t\t\t<div class=\"elementor-widget-container\">\n\t\t\t\t\t\t\t\t\t<p>OCULARIS, conforme a la legislaci\u00f3n vigente en materia de Protecci\u00f3n de Datos de Car\u00e1cter Personal, pone en conocimiento de los usuarios de la p\u00e1gina web <a href=\"http:\/\/www.ocularis.ong\">www.ocularis.ong<\/a> (en adelante, la P\u00e1gina) la Pol\u00edtica de Privacidad y Protecci\u00f3n de Datos que aplicar\u00e1 en el tratamiento de los datos personales que el Usuario facilite voluntariamente al acceder a su web o a la correspondiente aplicaci\u00f3n m\u00f3vil.<\/p><p>El Usuario, al proporcionar a OCULARIS sus datos de car\u00e1cter personal a trav\u00e9s de los formularios electr\u00f3nicos de la Web, marcando la correspondiente casilla de aceptaci\u00f3n de la cl\u00e1usula y la Pol\u00edtica de Privacidad y Protecci\u00f3n de Datos, consiente expresamente que OCULARIS pueda tratar esos datos en los t\u00e9rminos establecidos en cada cl\u00e1usula y en la Pol\u00edtica de Privacidad y Protecci\u00f3n de Datos.<\/p><p>OCULARIS pone en conocimiento de los usuarios de la P\u00e1gina, que sus datos de car\u00e1cter personal s\u00f3lo podr\u00e1n obtenerse para su tratamiento cuando sean adecuados, pertinentes y no excesivos en relaci\u00f3n con el \u00e1mbito y las finalidades determinadas, expl\u00edcitas y leg\u00edtimas para las que se hayan obtenido.<\/p><p>OCULARIS manifiesta su compromiso de cumplir con la legislaci\u00f3n vigente en cada momento en materia de protecci\u00f3n de datos.<br \/>El usuario ser\u00e1 el \u00fanico responsable de la veracidad de los datos facilitados a OCULARIS.<\/p><p>La Organizaci\u00f3n administra su entorno de servidores de forma adecuada, teniendo una infraestructura firewall de estricto cumplimiento. Utiliza continuamente tecnolog\u00edas actuales para asegurarse de que la confidencialidad y la privacidad de la informaci\u00f3n no est\u00e1 comprometida. La P\u00e1gina utiliza el protocolo SSL (Secure Socket Layer) para mejorar la seguridad. SSL es la tecnolog\u00eda est\u00e1ndar del sector que se utiliza para proteger y mantener la seguridad de las transmisiones de mensajes a trav\u00e9s de Internet. Al acceder a sus cuentas o enviar informaci\u00f3n desde p\u00e1ginas de Internet seguras, el cifrado codificar\u00e1 sus datos en un formato ilegible para impedir que usuarios no autorizados accedan a este tipo de datos.<\/p><p>Para ello, se adoptan las medidas de \u00edndole t\u00e9cnica y organizativa necesarias para garantizar la seguridad de los datos de car\u00e1cter personal contenidos en los mismos y para evitar su alteraci\u00f3n, p\u00e9rdida, tratamiento o acceso no autorizado, habida cuenta del estado de la tecnolog\u00eda, la naturaleza de los datos y los riesgos a los que est\u00e1n expuestos.<\/p><p>Cualquier cambio realizado en la Pol\u00edtica de Privacidad y en las pr\u00e1cticas de administraci\u00f3n de la informaci\u00f3n se reflejar\u00e1 de forma oportuna, pudiendo OCULARIS agregar, modificar o eliminar dicha pol\u00edtica de privacidad cuando lo estime necesario.<\/p><p>De todas formas, en ning\u00fan caso, OCULARIS modificar\u00e1 las pol\u00edticas ni pr\u00e1cticas para hacerlas menos eficaces en la protecci\u00f3n de los datos personales de nuestros clientes almacenados anteriormente, sin el consentimiento previo de los clientes afectados.<\/p>\t\t\t\t\t\t\t\t<\/div>\n\t\t\t\t<\/div>\n\t\t\t\t\t<\/div>\n\t\t<\/div>\n\t\t\t\t\t<\/div>\n\t\t<\/section>\n\t\t\t\t<\/div>\n\t\t","protected":false},"excerpt":{"rendered":"<p>Pribatutasun Politika OCULARIS, conforme a la legislaci\u00f3n vigente en materia de Protecci\u00f3n de Datos de Car\u00e1cter Personal, pone en conocimiento de los usuarios de la p\u00e1gina web www.ocularis.ong (en adelante, la P\u00e1gina) la Pol\u00edtica de Privacidad y Protecci\u00f3n de Datos que aplicar\u00e1 en el tratamiento de los datos personales que el Usuario facilite voluntariamente al &hellip;<\/p>\n<p class=\"read-more\"> <a class=\"\" href=\"https:\/\/ocularis.ong\/eu\/pribatutasun-politika\/\"> <span class=\"screen-reader-text\">Pribatutasun Politika<\/span> Read More &raquo;<\/a><\/p>\n","protected":false},"author":6,"featured_media":0,"parent":0,"menu_order":0,"comment_status":"closed","ping_status":"closed","template":"","meta":{"_mo_disable_npp":"","site-sidebar-layout":"no-sidebar","site-content-layout":"page-builder","ast-site-content-layout":"","site-content-style":"default","site-sidebar-style":"default","ast-global-header-display":"","ast-banner-title-visibility":"","ast-main-header-display":"","ast-hfb-above-header-display":"","ast-hfb-below-header-display":"","ast-hfb-mobile-header-display":"","site-post-title":"disabled","ast-breadcrumbs-content":"","ast-featured-img":"disabled","footer-sml-layout":"","theme-transparent-header-meta":"","adv-header-id-meta":"","stick-header-meta":"","header-above-stick-meta":"","header-main-stick-meta":"","header-below-stick-meta":"","astra-migrate-meta-layouts":"","footnotes":""},"class_list":["post-10641","page","type-page","status-publish","hentry"],"yoast_head":"<!-- This site is optimized with the Yoast SEO plugin v26.3 - https:\/\/yoast.com\/wordpress\/plugins\/seo\/ -->\n<title>Pribatutasun Politika - Ocularis<\/title>\n<meta name=\"robots\" content=\"index, follow, max-snippet:-1, max-image-preview:large, max-video-preview:-1\" \/>\n<link rel=\"canonical\" href=\"https:\/\/ocularis.ong\/eu\/pribatutasun-politika\/\" \/>\n<meta property=\"og:locale\" content=\"eu_ES\" \/>\n<meta property=\"og:type\" content=\"article\" \/>\n<meta property=\"og:title\" content=\"Pribatutasun Politika - Ocularis\" \/>\n<meta property=\"og:description\" content=\"Pribatutasun Politika OCULARIS, conforme a la legislaci\u00f3n vigente en materia de Protecci\u00f3n de Datos de Car\u00e1cter Personal, pone en conocimiento de los usuarios de la p\u00e1gina web www.ocularis.ong (en adelante, la P\u00e1gina) la Pol\u00edtica de Privacidad y Protecci\u00f3n de Datos que aplicar\u00e1 en el tratamiento de los datos personales que el Usuario facilite voluntariamente al &hellip; Pribatutasun Politika Read More &raquo;\" \/>\n<meta property=\"og:url\" content=\"https:\/\/ocularis.ong\/eu\/pribatutasun-politika\/\" \/>\n<meta property=\"og:site_name\" content=\"Ocularis\" \/>\n<meta property=\"article:modified_time\" content=\"2023-08-25T09:26:15+00:00\" \/>\n<meta name=\"twitter:card\" content=\"summary_large_image\" \/>\n<meta name=\"twitter:label1\" content=\"Est. reading time\" \/>\n\t<meta name=\"twitter:data1\" content=\"3 minutes\" \/>\n<script type=\"application\/ld+json\" class=\"yoast-schema-graph\">{\"@context\":\"https:\/\/schema.org\",\"@graph\":[{\"@type\":\"WebPage\",\"@id\":\"https:\/\/ocularis.ong\/eu\/pribatutasun-politika\/\",\"url\":\"https:\/\/ocularis.ong\/eu\/pribatutasun-politika\/\",\"name\":\"Pribatutasun Politika - Ocularis\",\"isPartOf\":{\"@id\":\"https:\/\/ocularis.ong\/eu\/#website\"},\"datePublished\":\"2023-08-25T09:23:26+00:00\",\"dateModified\":\"2023-08-25T09:26:15+00:00\",\"breadcrumb\":{\"@id\":\"https:\/\/ocularis.ong\/eu\/pribatutasun-politika\/#breadcrumb\"},\"inLanguage\":\"eu-ES\",\"potentialAction\":[{\"@type\":\"ReadAction\",\"target\":[\"https:\/\/ocularis.ong\/eu\/pribatutasun-politika\/\"]}]},{\"@type\":\"BreadcrumbList\",\"@id\":\"https:\/\/ocularis.ong\/eu\/pribatutasun-politika\/#breadcrumb\",\"itemListElement\":[{\"@type\":\"ListItem\",\"position\":1,\"name\":\"Portada\",\"item\":\"https:\/\/ocularis.ong\/eu\/\"},{\"@type\":\"ListItem\",\"position\":2,\"name\":\"Pribatutasun Politika\"}]},{\"@type\":\"WebSite\",\"@id\":\"https:\/\/ocularis.ong\/eu\/#website\",\"url\":\"https:\/\/ocularis.ong\/eu\/\",\"name\":\"Ocularis\",\"description\":\"Teaching to see\",\"publisher\":{\"@id\":\"https:\/\/ocularis.ong\/eu\/#organization\"},\"potentialAction\":[{\"@type\":\"SearchAction\",\"target\":{\"@type\":\"EntryPoint\",\"urlTemplate\":\"https:\/\/ocularis.ong\/eu\/?s={search_term_string}\"},\"query-input\":{\"@type\":\"PropertyValueSpecification\",\"valueRequired\":true,\"valueName\":\"search_term_string\"}}],\"inLanguage\":\"eu-ES\"},{\"@type\":\"Organization\",\"@id\":\"https:\/\/ocularis.ong\/eu\/#organization\",\"name\":\"Ocularis\",\"url\":\"https:\/\/ocularis.ong\/eu\/\",\"logo\":{\"@type\":\"ImageObject\",\"inLanguage\":\"eu-ES\",\"@id\":\"https:\/\/ocularis.ong\/eu\/#\/schema\/logo\/image\/\",\"url\":\"https:\/\/ocularis.ong\/wp-content\/uploads\/2022\/09\/logo_r_139x200.jpg\",\"contentUrl\":\"https:\/\/ocularis.ong\/wp-content\/uploads\/2022\/09\/logo_r_139x200.jpg\",\"width\":139,\"height\":200,\"caption\":\"Ocularis\"},\"image\":{\"@id\":\"https:\/\/ocularis.ong\/eu\/#\/schema\/logo\/image\/\"}}]}<\/script>\n<!-- \/ Yoast SEO plugin. -->","yoast_head_json":{"title":"Pribatutasun Politika - Ocularis","robots":{"index":"index","follow":"follow","max-snippet":"max-snippet:-1","max-image-preview":"max-image-preview:large","max-video-preview":"max-video-preview:-1"},"canonical":"https:\/\/ocularis.ong\/eu\/pribatutasun-politika\/","og_locale":"eu_ES","og_type":"article","og_title":"Pribatutasun Politika - Ocularis","og_description":"Pribatutasun Politika OCULARIS, conforme a la legislaci\u00f3n vigente en materia de Protecci\u00f3n de Datos de Car\u00e1cter Personal, pone en conocimiento de los usuarios de la p\u00e1gina web www.ocularis.ong (en adelante, la P\u00e1gina) la Pol\u00edtica de Privacidad y Protecci\u00f3n de Datos que aplicar\u00e1 en el tratamiento de los datos personales que el Usuario facilite voluntariamente al &hellip; Pribatutasun Politika Read More &raquo;","og_url":"https:\/\/ocularis.ong\/eu\/pribatutasun-politika\/","og_site_name":"Ocularis","article_modified_time":"2023-08-25T09:26:15+00:00","twitter_card":"summary_large_image","twitter_misc":{"Est. reading time":"3 minutes"},"schema":{"@context":"https:\/\/schema.org","@graph":[{"@type":"WebPage","@id":"https:\/\/ocularis.ong\/eu\/pribatutasun-politika\/","url":"https:\/\/ocularis.ong\/eu\/pribatutasun-politika\/","name":"Pribatutasun Politika - Ocularis","isPartOf":{"@id":"https:\/\/ocularis.ong\/eu\/#website"},"datePublished":"2023-08-25T09:23:26+00:00","dateModified":"2023-08-25T09:26:15+00:00","breadcrumb":{"@id":"https:\/\/ocularis.ong\/eu\/pribatutasun-politika\/#breadcrumb"},"inLanguage":"eu-ES","potentialAction":[{"@type":"ReadAction","target":["https:\/\/ocularis.ong\/eu\/pribatutasun-politika\/"]}]},{"@type":"BreadcrumbList","@id":"https:\/\/ocularis.ong\/eu\/pribatutasun-politika\/#breadcrumb","itemListElement":[{"@type":"ListItem","position":1,"name":"Portada","item":"https:\/\/ocularis.ong\/eu\/"},{"@type":"ListItem","position":2,"name":"Pribatutasun Politika"}]},{"@type":"WebSite","@id":"https:\/\/ocularis.ong\/eu\/#website","url":"https:\/\/ocularis.ong\/eu\/","name":"Ocularis","description":"Teaching to see","publisher":{"@id":"https:\/\/ocularis.ong\/eu\/#organization"},"potentialAction":[{"@type":"SearchAction","target":{"@type":"EntryPoint","urlTemplate":"https:\/\/ocularis.ong\/eu\/?s={search_term_string}"},"query-input":{"@type":"PropertyValueSpecification","valueRequired":true,"valueName":"search_term_string"}}],"inLanguage":"eu-ES"},{"@type":"Organization","@id":"https:\/\/ocularis.ong\/eu\/#organization","name":"Ocularis","url":"https:\/\/ocularis.ong\/eu\/","logo":{"@type":"ImageObject","inLanguage":"eu-ES","@id":"https:\/\/ocularis.ong\/eu\/#\/schema\/logo\/image\/","url":"https:\/\/ocularis.ong\/wp-content\/uploads\/2022\/09\/logo_r_139x200.jpg","contentUrl":"https:\/\/ocularis.ong\/wp-content\/uploads\/2022\/09\/logo_r_139x200.jpg","width":139,"height":200,"caption":"Ocularis"},"image":{"@id":"https:\/\/ocularis.ong\/eu\/#\/schema\/logo\/image\/"}}]}},"_links":{"self":[{"href":"https:\/\/ocularis.ong\/eu\/wp-json\/wp\/v2\/pages\/10641","targetHints":{"allow":["GET"]}}],"collection":[{"href":"https:\/\/ocularis.ong\/eu\/wp-json\/wp\/v2\/pages"}],"about":[{"href":"https:\/\/ocularis.ong\/eu\/wp-json\/wp\/v2\/types\/page"}],"author":[{"embeddable":true,"href":"https:\/\/ocularis.ong\/eu\/wp-json\/wp\/v2\/users\/6"}],"replies":[{"embeddable":true,"href":"https:\/\/ocularis.ong\/eu\/wp-json\/wp\/v2\/comments?post=10641"}],"version-history":[{"count":4,"href":"https:\/\/ocularis.ong\/eu\/wp-json\/wp\/v2\/pages\/10641\/revisions"}],"predecessor-version":[{"id":10645,"href":"https:\/\/ocularis.ong\/eu\/wp-json\/wp\/v2\/pages\/10641\/revisions\/10645"}],"wp:attachment":[{"href":"https:\/\/ocularis.ong\/eu\/wp-json\/wp\/v2\/media?parent=10641"}],"curies":[{"name":"wp","href":"https:\/\/api.w.org\/{rel}","templated":true}]}}