{"id":6735,"date":"2022-05-10T08:49:06","date_gmt":"2022-05-10T08:49:06","guid":{"rendered":"http:\/\/www.ocularis.ong.mialias.net\/politica-de-privacidad\/"},"modified":"2022-10-13T15:48:57","modified_gmt":"2022-10-13T15:48:57","slug":"politica-de-privacitat","status":"publish","type":"page","link":"https:\/\/ocularis.ong\/ca\/politica-de-privacitat\/","title":{"rendered":"Pol\u00edtica de privacitat"},"content":{"rendered":"\t\t<div data-elementor-type=\"wp-page\" data-elementor-id=\"6735\" class=\"elementor elementor-6735 elementor-3452\" data-elementor-post-type=\"page\">\n\t\t\t\t\t\t<section class=\"elementor-section elementor-top-section elementor-element elementor-element-293a981e elementor-section-full_width elementor-section-height-default elementor-section-height-default\" data-id=\"293a981e\" data-element_type=\"section\" data-e-type=\"section\" data-settings=\"{&quot;background_background&quot;:&quot;classic&quot;}\">\n\t\t\t\t\t\t\t<div class=\"elementor-background-overlay\"><\/div>\n\t\t\t\t\t\t\t<div class=\"elementor-container elementor-column-gap-no\">\n\t\t\t\t\t<div class=\"elementor-column elementor-col-100 elementor-top-column elementor-element elementor-element-6eae92ef\" data-id=\"6eae92ef\" data-element_type=\"column\" data-e-type=\"column\">\n\t\t\t<div class=\"elementor-widget-wrap elementor-element-populated\">\n\t\t\t\t\t\t<div class=\"elementor-element elementor-element-67c8e907 elementor-widget elementor-widget-heading\" data-id=\"67c8e907\" data-element_type=\"widget\" data-e-type=\"widget\" data-widget_type=\"heading.default\">\n\t\t\t\t<div class=\"elementor-widget-container\">\n\t\t\t\t\t<h1 class=\"elementor-heading-title elementor-size-default\">Pol\u00edtica de privacitat<\/h1>\t\t\t\t<\/div>\n\t\t\t\t<\/div>\n\t\t\t\t\t<\/div>\n\t\t<\/div>\n\t\t\t\t\t<\/div>\n\t\t<\/section>\n\t\t\t\t<section class=\"elementor-section elementor-top-section elementor-element elementor-element-f9c5877 elementor-section-boxed elementor-section-height-default elementor-section-height-default\" data-id=\"f9c5877\" data-element_type=\"section\" data-e-type=\"section\">\n\t\t\t\t\t\t<div class=\"elementor-container elementor-column-gap-default\">\n\t\t\t\t\t<div class=\"elementor-column elementor-col-100 elementor-top-column elementor-element elementor-element-9afce09\" data-id=\"9afce09\" data-element_type=\"column\" data-e-type=\"column\">\n\t\t\t<div class=\"elementor-widget-wrap elementor-element-populated\">\n\t\t\t\t\t\t<div class=\"elementor-element elementor-element-b8e9ad3 elementor-widget elementor-widget-text-editor\" data-id=\"b8e9ad3\" data-element_type=\"widget\" data-e-type=\"widget\" data-widget_type=\"text-editor.default\">\n\t\t\t\t<div class=\"elementor-widget-container\">\n\t\t\t\t\t\t\t\t\t<p>OCULARIS, d&#8217;acord amb la legislaci\u00f3 vigent en mat\u00e8ria de Protecci\u00f3 de Dades de Car\u00e0cter Personal, posa en coneixement dels usuaris de la p\u00e0gina web <a href=\"http:\/\/www.ocularis.ong\">www.ocularis.ong<\/a> (d&#8217;ara endavant, la P\u00e0gina) la Pol\u00edtica de Privadesa i Protecci\u00f3 de Dades que aplicar\u00e0 en el tractament de les dades personals que l&#8217;Usuari faciliti volunt\u00e0riament en accedir a la seva web oa la corresponent aplicaci\u00f3 m\u00f2bil.<\/p><p>L&#8217;Usuari, en proporcionar a OCULARIS les seves dades de car\u00e0cter personal a trav\u00e9s dels formularis electr\u00f2nics de la Web, marcant la corresponent casella d&#8217;acceptaci\u00f3 de la cl\u00e0usula i la Pol\u00edtica de Privadesa i Protecci\u00f3 de Dades, consent expressament que OCULARIS pugui tractar aquestes dades als termes establerts a cada cl\u00e0usula i a la Pol\u00edtica de Privadesa i Protecci\u00f3 de Dades.<\/p><p>OCULARIS posa en coneixement dels usuaris de la P\u00e0gina, que les seves dades de car\u00e0cter personal nom\u00e9s es podran obtenir per al tractament quan siguin adequades, pertinents i no excessives en relaci\u00f3 amb l&#8217;\u00e0mbit i les finalitats determinades, expl\u00edcites i leg\u00edtimes per a les quals s&#8217;hagin obtingut .<\/p><p>OCULARIS manifesta el seu comprom\u00eds de complir amb la legislaci\u00f3 vigent a cada moment en mat\u00e8ria de protecci\u00f3 de dades.<\/p><p>L&#8217;usuari ser\u00e0 l&#8217;\u00fanic responsable de la veracitat de les dades facilitades a OCULARIS.<\/p><p>L&#8217;Organitzaci\u00f3 administra el seu entorn de servidors de manera adequada, tenint una infraestructura firewall de compliment estricte. Utilitza cont\u00ednuament tecnologies actuals per assegurar-se que la confidencialitat i la privadesa de la informaci\u00f3 no est\u00e0 compromesa. La p\u00e0gina fa servir el protocol SSL (Secure Socket Layer) per millorar la seguretat. SSL \u00e9s la tecnologia est\u00e0ndard del sector que es fa servir per protegir i mantenir la seguretat de les transmissions de missatges a trav\u00e9s d&#8217;Internet. En accedir als vostres comptes o enviar informaci\u00f3 des de p\u00e0gines d&#8217;Internet segures, el xifratge codificar\u00e0 les vostres dades en un format il\u00b7legible per impedir que usuaris no autoritzats accedeixin a aquest tipus de dades.<\/p><p>Per aix\u00f2, s&#8217;adopten les mesures d&#8217;\u00edndole t\u00e8cnica i organitzativa necess\u00e0ries per garantir la seguretat de les dades de car\u00e0cter personal contingudes en aquestes i per evitar-ne l&#8217;alteraci\u00f3, la p\u00e8rdua, el tractament o l&#8217;acc\u00e9s no autoritzat, tenint en compte l&#8217;estat de la tecnologia, la naturalesa de les dades i els riscos a qu\u00e8 estan exposats.<\/p><p>Qualsevol canvi realitzat a la Pol\u00edtica de Privadesa i a les pr\u00e0ctiques d&#8217;administraci\u00f3 de la informaci\u00f3 es reflectir\u00e0 de forma oportuna, podent OCULARIS afegir, modificar o eliminar aquesta pol\u00edtica de privadesa quan ho estimi necessari.<\/p><p>De tota manera, en cap cas, OCULARIS modificar\u00e0 les pol\u00edtiques ni pr\u00e0ctiques per fer-les menys eficaces en la protecci\u00f3 de les dades personals dels nostres clients emmagatzemades anteriorment, sense el consentiment previ dels clients afectats.<\/p>\t\t\t\t\t\t\t\t<\/div>\n\t\t\t\t<\/div>\n\t\t\t\t\t<\/div>\n\t\t<\/div>\n\t\t\t\t\t<\/div>\n\t\t<\/section>\n\t\t\t\t<\/div>\n\t\t","protected":false},"excerpt":{"rendered":"<p>Pol\u00edtica de privacitat OCULARIS, d&#8217;acord amb la legislaci\u00f3 vigent en mat\u00e8ria de Protecci\u00f3 de Dades de Car\u00e0cter Personal, posa en coneixement dels usuaris de la p\u00e0gina web www.ocularis.ong (d&#8217;ara endavant, la P\u00e0gina) la Pol\u00edtica de Privadesa i Protecci\u00f3 de Dades que aplicar\u00e0 en el tractament de les dades personals que l&#8217;Usuari faciliti volunt\u00e0riament en accedir &hellip;<\/p>\n<p class=\"read-more\"> <a class=\"\" href=\"https:\/\/ocularis.ong\/ca\/politica-de-privacitat\/\"> <span class=\"screen-reader-text\">Pol\u00edtica de privacitat<\/span> Llegeix m\u00e9s &raquo;<\/a><\/p>\n","protected":false},"author":6,"featured_media":0,"parent":0,"menu_order":0,"comment_status":"closed","ping_status":"closed","template":"","meta":{"_mo_disable_npp":"","site-sidebar-layout":"no-sidebar","site-content-layout":"page-builder","ast-site-content-layout":"","site-content-style":"default","site-sidebar-style":"default","ast-global-header-display":"","ast-banner-title-visibility":"","ast-main-header-display":"","ast-hfb-above-header-display":"","ast-hfb-below-header-display":"","ast-hfb-mobile-header-display":"","site-post-title":"disabled","ast-breadcrumbs-content":"","ast-featured-img":"disabled","footer-sml-layout":"","theme-transparent-header-meta":"","adv-header-id-meta":"","stick-header-meta":"","header-above-stick-meta":"","header-main-stick-meta":"","header-below-stick-meta":"","astra-migrate-meta-layouts":"","footnotes":""},"class_list":["post-6735","page","type-page","status-publish","hentry"],"yoast_head":"<!-- This site is optimized with the Yoast SEO plugin v26.3 - https:\/\/yoast.com\/wordpress\/plugins\/seo\/ -->\n<title>Pol\u00edtica de privacitat - Ocularis<\/title>\n<meta name=\"robots\" content=\"index, follow, max-snippet:-1, max-image-preview:large, max-video-preview:-1\" \/>\n<link rel=\"canonical\" href=\"https:\/\/ocularis.ong\/ca\/politica-de-privacitat\/\" \/>\n<meta property=\"og:locale\" content=\"ca_ES\" \/>\n<meta property=\"og:type\" content=\"article\" \/>\n<meta property=\"og:title\" content=\"Pol\u00edtica de privacitat - Ocularis\" \/>\n<meta property=\"og:description\" content=\"Pol\u00edtica de privacitat OCULARIS, d&#8217;acord amb la legislaci\u00f3 vigent en mat\u00e8ria de Protecci\u00f3 de Dades de Car\u00e0cter Personal, posa en coneixement dels usuaris de la p\u00e0gina web www.ocularis.ong (d&#8217;ara endavant, la P\u00e0gina) la Pol\u00edtica de Privadesa i Protecci\u00f3 de Dades que aplicar\u00e0 en el tractament de les dades personals que l&#8217;Usuari faciliti volunt\u00e0riament en accedir &hellip; Pol\u00edtica de privacitat Llegeix m\u00e9s &raquo;\" \/>\n<meta property=\"og:url\" content=\"https:\/\/ocularis.ong\/ca\/politica-de-privacitat\/\" \/>\n<meta property=\"og:site_name\" content=\"Ocularis\" \/>\n<meta property=\"article:modified_time\" content=\"2022-10-13T15:48:57+00:00\" \/>\n<meta name=\"twitter:card\" content=\"summary_large_image\" \/>\n<meta name=\"twitter:label1\" content=\"Temps estimat de lectura\" \/>\n\t<meta name=\"twitter:data1\" content=\"2 minuts\" \/>\n<script type=\"application\/ld+json\" class=\"yoast-schema-graph\">{\"@context\":\"https:\/\/schema.org\",\"@graph\":[{\"@type\":\"WebPage\",\"@id\":\"https:\/\/ocularis.ong\/ca\/politica-de-privacitat\/\",\"url\":\"https:\/\/ocularis.ong\/ca\/politica-de-privacitat\/\",\"name\":\"Pol\u00edtica de privacitat - Ocularis\",\"isPartOf\":{\"@id\":\"https:\/\/ocularis.ong\/ca\/#website\"},\"datePublished\":\"2022-05-10T08:49:06+00:00\",\"dateModified\":\"2022-10-13T15:48:57+00:00\",\"breadcrumb\":{\"@id\":\"https:\/\/ocularis.ong\/ca\/politica-de-privacitat\/#breadcrumb\"},\"inLanguage\":\"ca\",\"potentialAction\":[{\"@type\":\"ReadAction\",\"target\":[\"https:\/\/ocularis.ong\/ca\/politica-de-privacitat\/\"]}]},{\"@type\":\"BreadcrumbList\",\"@id\":\"https:\/\/ocularis.ong\/ca\/politica-de-privacitat\/#breadcrumb\",\"itemListElement\":[{\"@type\":\"ListItem\",\"position\":1,\"name\":\"Portada\",\"item\":\"https:\/\/ocularis.ong\/ca\/\"},{\"@type\":\"ListItem\",\"position\":2,\"name\":\"Pol\u00edtica de privacitat\"}]},{\"@type\":\"WebSite\",\"@id\":\"https:\/\/ocularis.ong\/ca\/#website\",\"url\":\"https:\/\/ocularis.ong\/ca\/\",\"name\":\"Ocularis\",\"description\":\"Teaching to see\",\"publisher\":{\"@id\":\"https:\/\/ocularis.ong\/ca\/#organization\"},\"potentialAction\":[{\"@type\":\"SearchAction\",\"target\":{\"@type\":\"EntryPoint\",\"urlTemplate\":\"https:\/\/ocularis.ong\/ca\/?s={search_term_string}\"},\"query-input\":{\"@type\":\"PropertyValueSpecification\",\"valueRequired\":true,\"valueName\":\"search_term_string\"}}],\"inLanguage\":\"ca\"},{\"@type\":\"Organization\",\"@id\":\"https:\/\/ocularis.ong\/ca\/#organization\",\"name\":\"Ocularis\",\"url\":\"https:\/\/ocularis.ong\/ca\/\",\"logo\":{\"@type\":\"ImageObject\",\"inLanguage\":\"ca\",\"@id\":\"https:\/\/ocularis.ong\/ca\/#\/schema\/logo\/image\/\",\"url\":\"https:\/\/ocularis.ong\/wp-content\/uploads\/2022\/09\/logo_r_139x200.jpg\",\"contentUrl\":\"https:\/\/ocularis.ong\/wp-content\/uploads\/2022\/09\/logo_r_139x200.jpg\",\"width\":139,\"height\":200,\"caption\":\"Ocularis\"},\"image\":{\"@id\":\"https:\/\/ocularis.ong\/ca\/#\/schema\/logo\/image\/\"}}]}<\/script>\n<!-- \/ Yoast SEO plugin. -->","yoast_head_json":{"title":"Pol\u00edtica de privacitat - Ocularis","robots":{"index":"index","follow":"follow","max-snippet":"max-snippet:-1","max-image-preview":"max-image-preview:large","max-video-preview":"max-video-preview:-1"},"canonical":"https:\/\/ocularis.ong\/ca\/politica-de-privacitat\/","og_locale":"ca_ES","og_type":"article","og_title":"Pol\u00edtica de privacitat - Ocularis","og_description":"Pol\u00edtica de privacitat OCULARIS, d&#8217;acord amb la legislaci\u00f3 vigent en mat\u00e8ria de Protecci\u00f3 de Dades de Car\u00e0cter Personal, posa en coneixement dels usuaris de la p\u00e0gina web www.ocularis.ong (d&#8217;ara endavant, la P\u00e0gina) la Pol\u00edtica de Privadesa i Protecci\u00f3 de Dades que aplicar\u00e0 en el tractament de les dades personals que l&#8217;Usuari faciliti volunt\u00e0riament en accedir &hellip; Pol\u00edtica de privacitat Llegeix m\u00e9s &raquo;","og_url":"https:\/\/ocularis.ong\/ca\/politica-de-privacitat\/","og_site_name":"Ocularis","article_modified_time":"2022-10-13T15:48:57+00:00","twitter_card":"summary_large_image","twitter_misc":{"Temps estimat de lectura":"2 minuts"},"schema":{"@context":"https:\/\/schema.org","@graph":[{"@type":"WebPage","@id":"https:\/\/ocularis.ong\/ca\/politica-de-privacitat\/","url":"https:\/\/ocularis.ong\/ca\/politica-de-privacitat\/","name":"Pol\u00edtica de privacitat - Ocularis","isPartOf":{"@id":"https:\/\/ocularis.ong\/ca\/#website"},"datePublished":"2022-05-10T08:49:06+00:00","dateModified":"2022-10-13T15:48:57+00:00","breadcrumb":{"@id":"https:\/\/ocularis.ong\/ca\/politica-de-privacitat\/#breadcrumb"},"inLanguage":"ca","potentialAction":[{"@type":"ReadAction","target":["https:\/\/ocularis.ong\/ca\/politica-de-privacitat\/"]}]},{"@type":"BreadcrumbList","@id":"https:\/\/ocularis.ong\/ca\/politica-de-privacitat\/#breadcrumb","itemListElement":[{"@type":"ListItem","position":1,"name":"Portada","item":"https:\/\/ocularis.ong\/ca\/"},{"@type":"ListItem","position":2,"name":"Pol\u00edtica de privacitat"}]},{"@type":"WebSite","@id":"https:\/\/ocularis.ong\/ca\/#website","url":"https:\/\/ocularis.ong\/ca\/","name":"Ocularis","description":"Teaching to see","publisher":{"@id":"https:\/\/ocularis.ong\/ca\/#organization"},"potentialAction":[{"@type":"SearchAction","target":{"@type":"EntryPoint","urlTemplate":"https:\/\/ocularis.ong\/ca\/?s={search_term_string}"},"query-input":{"@type":"PropertyValueSpecification","valueRequired":true,"valueName":"search_term_string"}}],"inLanguage":"ca"},{"@type":"Organization","@id":"https:\/\/ocularis.ong\/ca\/#organization","name":"Ocularis","url":"https:\/\/ocularis.ong\/ca\/","logo":{"@type":"ImageObject","inLanguage":"ca","@id":"https:\/\/ocularis.ong\/ca\/#\/schema\/logo\/image\/","url":"https:\/\/ocularis.ong\/wp-content\/uploads\/2022\/09\/logo_r_139x200.jpg","contentUrl":"https:\/\/ocularis.ong\/wp-content\/uploads\/2022\/09\/logo_r_139x200.jpg","width":139,"height":200,"caption":"Ocularis"},"image":{"@id":"https:\/\/ocularis.ong\/ca\/#\/schema\/logo\/image\/"}}]}},"_links":{"self":[{"href":"https:\/\/ocularis.ong\/ca\/wp-json\/wp\/v2\/pages\/6735","targetHints":{"allow":["GET"]}}],"collection":[{"href":"https:\/\/ocularis.ong\/ca\/wp-json\/wp\/v2\/pages"}],"about":[{"href":"https:\/\/ocularis.ong\/ca\/wp-json\/wp\/v2\/types\/page"}],"author":[{"embeddable":true,"href":"https:\/\/ocularis.ong\/ca\/wp-json\/wp\/v2\/users\/6"}],"replies":[{"embeddable":true,"href":"https:\/\/ocularis.ong\/ca\/wp-json\/wp\/v2\/comments?post=6735"}],"version-history":[{"count":4,"href":"https:\/\/ocularis.ong\/ca\/wp-json\/wp\/v2\/pages\/6735\/revisions"}],"predecessor-version":[{"id":6739,"href":"https:\/\/ocularis.ong\/ca\/wp-json\/wp\/v2\/pages\/6735\/revisions\/6739"}],"wp:attachment":[{"href":"https:\/\/ocularis.ong\/ca\/wp-json\/wp\/v2\/media?parent=6735"}],"curies":[{"name":"wp","href":"https:\/\/api.w.org\/{rel}","templated":true}]}}