{"id":6706,"date":"2022-07-25T14:51:29","date_gmt":"2022-07-25T14:51:29","guid":{"rendered":"http:\/\/www.ocularis.ong.mialias.net\/memorias-anuales\/"},"modified":"2022-10-13T15:21:47","modified_gmt":"2022-10-13T15:21:47","slug":"memories-anuals","status":"publish","type":"page","link":"https:\/\/ocularis.ong\/ca\/memories-anuals\/","title":{"rendered":"Mem\u00f2ries anuals"},"content":{"rendered":"\t\t<div data-elementor-type=\"wp-page\" data-elementor-id=\"6706\" class=\"elementor elementor-6706 elementor-4724\" data-elementor-post-type=\"page\">\n\t\t\t\t\t\t<section class=\"elementor-section elementor-top-section elementor-element elementor-element-65edab08 elementor-section-full_width elementor-section-height-default elementor-section-height-default\" data-id=\"65edab08\" data-element_type=\"section\" data-e-type=\"section\" data-settings=\"{&quot;background_background&quot;:&quot;classic&quot;}\">\n\t\t\t\t\t\t\t<div class=\"elementor-background-overlay\"><\/div>\n\t\t\t\t\t\t\t<div class=\"elementor-container elementor-column-gap-no\">\n\t\t\t\t\t<div class=\"elementor-column elementor-col-100 elementor-top-column elementor-element elementor-element-3e1f4b7f\" data-id=\"3e1f4b7f\" data-element_type=\"column\" data-e-type=\"column\">\n\t\t\t<div class=\"elementor-widget-wrap elementor-element-populated\">\n\t\t\t\t\t\t<div class=\"elementor-element elementor-element-121d3882 elementor-widget elementor-widget-heading\" data-id=\"121d3882\" data-element_type=\"widget\" data-e-type=\"widget\" data-widget_type=\"heading.default\">\n\t\t\t\t<div class=\"elementor-widget-container\">\n\t\t\t\t\t<h1 class=\"elementor-heading-title elementor-size-default\">Mem\u00f2ries anuals<\/h1>\t\t\t\t<\/div>\n\t\t\t\t<\/div>\n\t\t\t\t\t<\/div>\n\t\t<\/div>\n\t\t\t\t\t<\/div>\n\t\t<\/section>\n\t\t\t\t<section class=\"elementor-section elementor-top-section elementor-element elementor-element-e9c1fcc elementor-section-boxed elementor-section-height-default elementor-section-height-default\" data-id=\"e9c1fcc\" data-element_type=\"section\" data-e-type=\"section\">\n\t\t\t\t\t\t<div class=\"elementor-container elementor-column-gap-default\">\n\t\t\t\t\t<div class=\"elementor-column elementor-col-100 elementor-top-column elementor-element elementor-element-3d0e3d4\" data-id=\"3d0e3d4\" data-element_type=\"column\" data-e-type=\"column\">\n\t\t\t<div class=\"elementor-widget-wrap elementor-element-populated\">\n\t\t\t\t\t\t<div class=\"elementor-element elementor-element-19618b6 elementor-widget elementor-widget-text-editor\" data-id=\"19618b6\" data-element_type=\"widget\" data-e-type=\"widget\" data-widget_type=\"text-editor.default\">\n\t\t\t\t<div class=\"elementor-widget-container\">\n\t\t\t\t\t\t\t\t\tDescarrega les mem\u00f2ries anuals:\t\t\t\t\t\t\t\t<\/div>\n\t\t\t\t<\/div>\n\t\t\t\t\t<\/div>\n\t\t<\/div>\n\t\t\t\t\t<\/div>\n\t\t<\/section>\n\t\t\t\t<section class=\"elementor-section elementor-top-section elementor-element elementor-element-f453b8a elementor-section-boxed elementor-section-height-default elementor-section-height-default\" data-id=\"f453b8a\" data-element_type=\"section\" data-e-type=\"section\">\n\t\t\t\t\t\t<div class=\"elementor-container elementor-column-gap-default\">\n\t\t\t\t\t<div class=\"elementor-column elementor-col-33 elementor-top-column elementor-element elementor-element-ea69b84\" data-id=\"ea69b84\" data-element_type=\"column\" data-e-type=\"column\">\n\t\t\t<div class=\"elementor-widget-wrap elementor-element-populated\">\n\t\t\t\t\t\t<div class=\"elementor-element elementor-element-8b2cd44 elementor-position-top elementor-widget elementor-widget-image-box\" data-id=\"8b2cd44\" data-element_type=\"widget\" data-e-type=\"widget\" data-widget_type=\"image-box.default\">\n\t\t\t\t<div class=\"elementor-widget-container\">\n\t\t\t\t\t<div class=\"elementor-image-box-wrapper\"><figure class=\"elementor-image-box-img\"><a href=\"\/wp-content\/uploads\/2022\/07\/2019-memoria-actividades-es.pdf\" tabindex=\"-1\"><img fetchpriority=\"high\" decoding=\"async\" width=\"300\" height=\"200\" src=\"https:\/\/ocularis.ong\/wp-content\/uploads\/2022\/07\/300_x_200_memoria2009.png\" class=\"attachment-full size-full wp-image-4730\" alt=\"\" \/><\/a><\/figure><div class=\"elementor-image-box-content\"><h3 class=\"elementor-image-box-title\"><a href=\"\/wp-content\/uploads\/2022\/07\/2019-memoria-actividades-es.pdf\">Mem\u00f2ria 2019<\/a><\/h3><p class=\"elementor-image-box-description\">Desc\u00e0rrega PDF<\/p><\/div><\/div>\t\t\t\t<\/div>\n\t\t\t\t<\/div>\n\t\t\t\t\t<\/div>\n\t\t<\/div>\n\t\t\t\t<div class=\"elementor-column elementor-col-33 elementor-top-column elementor-element elementor-element-dc038eb\" data-id=\"dc038eb\" data-element_type=\"column\" data-e-type=\"column\">\n\t\t\t<div class=\"elementor-widget-wrap elementor-element-populated\">\n\t\t\t\t\t\t<div class=\"elementor-element elementor-element-8c9174c elementor-position-top elementor-widget elementor-widget-image-box\" data-id=\"8c9174c\" data-element_type=\"widget\" data-e-type=\"widget\" data-widget_type=\"image-box.default\">\n\t\t\t\t<div class=\"elementor-widget-container\">\n\t\t\t\t\t<div class=\"elementor-image-box-wrapper\"><figure class=\"elementor-image-box-img\"><a href=\"\/wp-content\/uploads\/2022\/07\/2018-memoria-actividades-es.pdf\" tabindex=\"-1\"><img decoding=\"async\" width=\"300\" height=\"200\" src=\"https:\/\/ocularis.ong\/wp-content\/uploads\/2022\/07\/300_x_200_memoria2008.png\" class=\"attachment-full size-full wp-image-4736\" alt=\"\" \/><\/a><\/figure><div class=\"elementor-image-box-content\"><h3 class=\"elementor-image-box-title\"><a href=\"\/wp-content\/uploads\/2022\/07\/2018-memoria-actividades-es.pdf\">Mem\u00f2ria 2018<\/a><\/h3><p class=\"elementor-image-box-description\">Desc\u00e0rrega PDF<\/p><\/div><\/div>\t\t\t\t<\/div>\n\t\t\t\t<\/div>\n\t\t\t\t\t<\/div>\n\t\t<\/div>\n\t\t\t\t<div class=\"elementor-column elementor-col-33 elementor-top-column elementor-element elementor-element-a3e886c\" data-id=\"a3e886c\" data-element_type=\"column\" data-e-type=\"column\">\n\t\t\t<div class=\"elementor-widget-wrap\">\n\t\t\t\t\t\t\t<\/div>\n\t\t<\/div>\n\t\t\t\t\t<\/div>\n\t\t<\/section>\n\t\t\t\t<\/div>\n\t\t","protected":false},"excerpt":{"rendered":"<p>Mem\u00f2ries anuals Descarrega les mem\u00f2ries anuals: Mem\u00f2ria 2019 Desc\u00e0rrega PDF Mem\u00f2ria 2018 Desc\u00e0rrega PDF<\/p>\n","protected":false},"author":6,"featured_media":0,"parent":0,"menu_order":0,"comment_status":"closed","ping_status":"closed","template":"","meta":{"_mo_disable_npp":"","site-sidebar-layout":"no-sidebar","site-content-layout":"page-builder","ast-site-content-layout":"","site-content-style":"default","site-sidebar-style":"default","ast-global-header-display":"","ast-banner-title-visibility":"","ast-main-header-display":"","ast-hfb-above-header-display":"","ast-hfb-below-header-display":"","ast-hfb-mobile-header-display":"","site-post-title":"disabled","ast-breadcrumbs-content":"","ast-featured-img":"disabled","footer-sml-layout":"","theme-transparent-header-meta":"","adv-header-id-meta":"","stick-header-meta":"","header-above-stick-meta":"","header-main-stick-meta":"","header-below-stick-meta":"","astra-migrate-meta-layouts":"","footnotes":""},"class_list":["post-6706","page","type-page","status-publish","hentry"],"yoast_head":"<!-- This site is optimized with the Yoast SEO plugin v26.3 - https:\/\/yoast.com\/wordpress\/plugins\/seo\/ -->\n<title>Mem\u00f2ries anuals - Ocularis<\/title>\n<meta name=\"robots\" content=\"index, follow, max-snippet:-1, max-image-preview:large, max-video-preview:-1\" \/>\n<link rel=\"canonical\" href=\"https:\/\/ocularis.ong\/ca\/memories-anuals\/\" \/>\n<meta property=\"og:locale\" content=\"ca_ES\" \/>\n<meta property=\"og:type\" content=\"article\" \/>\n<meta property=\"og:title\" content=\"Mem\u00f2ries anuals - Ocularis\" \/>\n<meta property=\"og:description\" content=\"Mem\u00f2ries anuals Descarrega les mem\u00f2ries anuals: Mem\u00f2ria 2019 Desc\u00e0rrega PDF Mem\u00f2ria 2018 Desc\u00e0rrega PDF\" \/>\n<meta property=\"og:url\" content=\"https:\/\/ocularis.ong\/ca\/memories-anuals\/\" \/>\n<meta property=\"og:site_name\" content=\"Ocularis\" \/>\n<meta property=\"article:modified_time\" content=\"2022-10-13T15:21:47+00:00\" \/>\n<meta property=\"og:image\" content=\"https:\/\/ocularis.ong\/wp-content\/uploads\/2022\/07\/300_x_200_memoria2009.png\" \/>\n<meta name=\"twitter:card\" content=\"summary_large_image\" \/>\n<script type=\"application\/ld+json\" class=\"yoast-schema-graph\">{\"@context\":\"https:\/\/schema.org\",\"@graph\":[{\"@type\":\"WebPage\",\"@id\":\"https:\/\/ocularis.ong\/ca\/memories-anuals\/\",\"url\":\"https:\/\/ocularis.ong\/ca\/memories-anuals\/\",\"name\":\"Mem\u00f2ries anuals - Ocularis\",\"isPartOf\":{\"@id\":\"https:\/\/ocularis.ong\/ca\/#website\"},\"primaryImageOfPage\":{\"@id\":\"https:\/\/ocularis.ong\/ca\/memories-anuals\/#primaryimage\"},\"image\":{\"@id\":\"https:\/\/ocularis.ong\/ca\/memories-anuals\/#primaryimage\"},\"thumbnailUrl\":\"https:\/\/ocularis.ong\/wp-content\/uploads\/2022\/07\/300_x_200_memoria2009.png\",\"datePublished\":\"2022-07-25T14:51:29+00:00\",\"dateModified\":\"2022-10-13T15:21:47+00:00\",\"breadcrumb\":{\"@id\":\"https:\/\/ocularis.ong\/ca\/memories-anuals\/#breadcrumb\"},\"inLanguage\":\"ca\",\"potentialAction\":[{\"@type\":\"ReadAction\",\"target\":[\"https:\/\/ocularis.ong\/ca\/memories-anuals\/\"]}]},{\"@type\":\"ImageObject\",\"inLanguage\":\"ca\",\"@id\":\"https:\/\/ocularis.ong\/ca\/memories-anuals\/#primaryimage\",\"url\":\"https:\/\/ocularis.ong\/wp-content\/uploads\/2022\/07\/300_x_200_memoria2009.png\",\"contentUrl\":\"https:\/\/ocularis.ong\/wp-content\/uploads\/2022\/07\/300_x_200_memoria2009.png\"},{\"@type\":\"BreadcrumbList\",\"@id\":\"https:\/\/ocularis.ong\/ca\/memories-anuals\/#breadcrumb\",\"itemListElement\":[{\"@type\":\"ListItem\",\"position\":1,\"name\":\"Portada\",\"item\":\"https:\/\/ocularis.ong\/ca\/\"},{\"@type\":\"ListItem\",\"position\":2,\"name\":\"Mem\u00f2ries anuals\"}]},{\"@type\":\"WebSite\",\"@id\":\"https:\/\/ocularis.ong\/ca\/#website\",\"url\":\"https:\/\/ocularis.ong\/ca\/\",\"name\":\"Ocularis\",\"description\":\"Teaching to see\",\"publisher\":{\"@id\":\"https:\/\/ocularis.ong\/ca\/#organization\"},\"potentialAction\":[{\"@type\":\"SearchAction\",\"target\":{\"@type\":\"EntryPoint\",\"urlTemplate\":\"https:\/\/ocularis.ong\/ca\/?s={search_term_string}\"},\"query-input\":{\"@type\":\"PropertyValueSpecification\",\"valueRequired\":true,\"valueName\":\"search_term_string\"}}],\"inLanguage\":\"ca\"},{\"@type\":\"Organization\",\"@id\":\"https:\/\/ocularis.ong\/ca\/#organization\",\"name\":\"Ocularis\",\"url\":\"https:\/\/ocularis.ong\/ca\/\",\"logo\":{\"@type\":\"ImageObject\",\"inLanguage\":\"ca\",\"@id\":\"https:\/\/ocularis.ong\/ca\/#\/schema\/logo\/image\/\",\"url\":\"https:\/\/ocularis.ong\/wp-content\/uploads\/2022\/09\/logo_r_139x200.jpg\",\"contentUrl\":\"https:\/\/ocularis.ong\/wp-content\/uploads\/2022\/09\/logo_r_139x200.jpg\",\"width\":139,\"height\":200,\"caption\":\"Ocularis\"},\"image\":{\"@id\":\"https:\/\/ocularis.ong\/ca\/#\/schema\/logo\/image\/\"}}]}<\/script>\n<!-- \/ Yoast SEO plugin. -->","yoast_head_json":{"title":"Mem\u00f2ries anuals - Ocularis","robots":{"index":"index","follow":"follow","max-snippet":"max-snippet:-1","max-image-preview":"max-image-preview:large","max-video-preview":"max-video-preview:-1"},"canonical":"https:\/\/ocularis.ong\/ca\/memories-anuals\/","og_locale":"ca_ES","og_type":"article","og_title":"Mem\u00f2ries anuals - Ocularis","og_description":"Mem\u00f2ries anuals Descarrega les mem\u00f2ries anuals: Mem\u00f2ria 2019 Desc\u00e0rrega PDF Mem\u00f2ria 2018 Desc\u00e0rrega PDF","og_url":"https:\/\/ocularis.ong\/ca\/memories-anuals\/","og_site_name":"Ocularis","article_modified_time":"2022-10-13T15:21:47+00:00","og_image":[{"url":"https:\/\/ocularis.ong\/wp-content\/uploads\/2022\/07\/300_x_200_memoria2009.png","type":"","width":"","height":""}],"twitter_card":"summary_large_image","schema":{"@context":"https:\/\/schema.org","@graph":[{"@type":"WebPage","@id":"https:\/\/ocularis.ong\/ca\/memories-anuals\/","url":"https:\/\/ocularis.ong\/ca\/memories-anuals\/","name":"Mem\u00f2ries anuals - Ocularis","isPartOf":{"@id":"https:\/\/ocularis.ong\/ca\/#website"},"primaryImageOfPage":{"@id":"https:\/\/ocularis.ong\/ca\/memories-anuals\/#primaryimage"},"image":{"@id":"https:\/\/ocularis.ong\/ca\/memories-anuals\/#primaryimage"},"thumbnailUrl":"https:\/\/ocularis.ong\/wp-content\/uploads\/2022\/07\/300_x_200_memoria2009.png","datePublished":"2022-07-25T14:51:29+00:00","dateModified":"2022-10-13T15:21:47+00:00","breadcrumb":{"@id":"https:\/\/ocularis.ong\/ca\/memories-anuals\/#breadcrumb"},"inLanguage":"ca","potentialAction":[{"@type":"ReadAction","target":["https:\/\/ocularis.ong\/ca\/memories-anuals\/"]}]},{"@type":"ImageObject","inLanguage":"ca","@id":"https:\/\/ocularis.ong\/ca\/memories-anuals\/#primaryimage","url":"https:\/\/ocularis.ong\/wp-content\/uploads\/2022\/07\/300_x_200_memoria2009.png","contentUrl":"https:\/\/ocularis.ong\/wp-content\/uploads\/2022\/07\/300_x_200_memoria2009.png"},{"@type":"BreadcrumbList","@id":"https:\/\/ocularis.ong\/ca\/memories-anuals\/#breadcrumb","itemListElement":[{"@type":"ListItem","position":1,"name":"Portada","item":"https:\/\/ocularis.ong\/ca\/"},{"@type":"ListItem","position":2,"name":"Mem\u00f2ries anuals"}]},{"@type":"WebSite","@id":"https:\/\/ocularis.ong\/ca\/#website","url":"https:\/\/ocularis.ong\/ca\/","name":"Ocularis","description":"Teaching to see","publisher":{"@id":"https:\/\/ocularis.ong\/ca\/#organization"},"potentialAction":[{"@type":"SearchAction","target":{"@type":"EntryPoint","urlTemplate":"https:\/\/ocularis.ong\/ca\/?s={search_term_string}"},"query-input":{"@type":"PropertyValueSpecification","valueRequired":true,"valueName":"search_term_string"}}],"inLanguage":"ca"},{"@type":"Organization","@id":"https:\/\/ocularis.ong\/ca\/#organization","name":"Ocularis","url":"https:\/\/ocularis.ong\/ca\/","logo":{"@type":"ImageObject","inLanguage":"ca","@id":"https:\/\/ocularis.ong\/ca\/#\/schema\/logo\/image\/","url":"https:\/\/ocularis.ong\/wp-content\/uploads\/2022\/09\/logo_r_139x200.jpg","contentUrl":"https:\/\/ocularis.ong\/wp-content\/uploads\/2022\/09\/logo_r_139x200.jpg","width":139,"height":200,"caption":"Ocularis"},"image":{"@id":"https:\/\/ocularis.ong\/ca\/#\/schema\/logo\/image\/"}}]}},"_links":{"self":[{"href":"https:\/\/ocularis.ong\/ca\/wp-json\/wp\/v2\/pages\/6706","targetHints":{"allow":["GET"]}}],"collection":[{"href":"https:\/\/ocularis.ong\/ca\/wp-json\/wp\/v2\/pages"}],"about":[{"href":"https:\/\/ocularis.ong\/ca\/wp-json\/wp\/v2\/types\/page"}],"author":[{"embeddable":true,"href":"https:\/\/ocularis.ong\/ca\/wp-json\/wp\/v2\/users\/6"}],"replies":[{"embeddable":true,"href":"https:\/\/ocularis.ong\/ca\/wp-json\/wp\/v2\/comments?post=6706"}],"version-history":[{"count":4,"href":"https:\/\/ocularis.ong\/ca\/wp-json\/wp\/v2\/pages\/6706\/revisions"}],"predecessor-version":[{"id":6710,"href":"https:\/\/ocularis.ong\/ca\/wp-json\/wp\/v2\/pages\/6706\/revisions\/6710"}],"wp:attachment":[{"href":"https:\/\/ocularis.ong\/ca\/wp-json\/wp\/v2\/media?parent=6706"}],"curies":[{"name":"wp","href":"https:\/\/api.w.org\/{rel}","templated":true}]}}