{"id":6633,"date":"2022-07-25T07:57:19","date_gmt":"2022-07-25T07:57:19","guid":{"rendered":"http:\/\/www.ocularis.ong.mialias.net\/diplomes-i-accions\/acciones-sociales\/"},"modified":"2023-07-20T08:34:08","modified_gmt":"2023-07-20T08:34:08","slug":"accions-socials","status":"publish","type":"page","link":"https:\/\/ocularis.ong\/ca\/diplomes-i-accions\/accions-socials\/","title":{"rendered":"Accions socials"},"content":{"rendered":"\t\t<div data-elementor-type=\"wp-page\" data-elementor-id=\"6633\" class=\"elementor elementor-6633 elementor-4387\" data-elementor-post-type=\"page\">\n\t\t\t\t\t\t<section class=\"elementor-section elementor-top-section elementor-element elementor-element-3ddde6f7 elementor-section-full_width elementor-section-height-default elementor-section-height-default\" data-id=\"3ddde6f7\" data-element_type=\"section\" data-e-type=\"section\" data-settings=\"{&quot;background_background&quot;:&quot;classic&quot;}\">\n\t\t\t\t\t\t\t<div class=\"elementor-background-overlay\"><\/div>\n\t\t\t\t\t\t\t<div class=\"elementor-container elementor-column-gap-no\">\n\t\t\t\t\t<div class=\"elementor-column elementor-col-100 elementor-top-column elementor-element elementor-element-659e0063\" data-id=\"659e0063\" data-element_type=\"column\" data-e-type=\"column\">\n\t\t\t<div class=\"elementor-widget-wrap elementor-element-populated\">\n\t\t\t\t\t\t<div class=\"elementor-element elementor-element-6931aeb6 elementor-widget elementor-widget-heading\" data-id=\"6931aeb6\" data-element_type=\"widget\" data-e-type=\"widget\" data-widget_type=\"heading.default\">\n\t\t\t\t<div class=\"elementor-widget-container\">\n\t\t\t\t\t<h1 class=\"elementor-heading-title elementor-size-default\">accions socials<\/h1>\t\t\t\t<\/div>\n\t\t\t\t<\/div>\n\t\t\t\t\t<\/div>\n\t\t<\/div>\n\t\t\t\t\t<\/div>\n\t\t<\/section>\n\t\t\t\t<section class=\"elementor-section elementor-top-section elementor-element elementor-element-a04c638 elementor-section-boxed elementor-section-height-default elementor-section-height-default\" data-id=\"a04c638\" data-element_type=\"section\" data-e-type=\"section\">\n\t\t\t\t\t\t<div class=\"elementor-container elementor-column-gap-default\">\n\t\t\t\t\t<div class=\"elementor-column elementor-col-100 elementor-top-column elementor-element elementor-element-0560e59\" data-id=\"0560e59\" data-element_type=\"column\" data-e-type=\"column\">\n\t\t\t<div class=\"elementor-widget-wrap elementor-element-populated\">\n\t\t\t\t\t\t<div class=\"elementor-element elementor-element-883c745 elementor-widget elementor-widget-heading\" data-id=\"883c745\" data-element_type=\"widget\" data-e-type=\"widget\" data-widget_type=\"heading.default\">\n\t\t\t\t<div class=\"elementor-widget-container\">\n\t\t\t\t\t<h2 class=\"elementor-heading-title elementor-size-default\">Perqu\u00e8 accions socials i no nom\u00e9s formaci\u00f3?<\/h2>\t\t\t\t<\/div>\n\t\t\t\t<\/div>\n\t\t\t\t<section class=\"elementor-section elementor-inner-section elementor-element elementor-element-a2b2f45 elementor-section-boxed elementor-section-height-default elementor-section-height-default\" data-id=\"a2b2f45\" data-element_type=\"section\" data-e-type=\"section\">\n\t\t\t\t\t\t<div class=\"elementor-container elementor-column-gap-default\">\n\t\t\t\t\t<div class=\"elementor-column elementor-col-100 elementor-inner-column elementor-element elementor-element-7c3352a\" data-id=\"7c3352a\" data-element_type=\"column\" data-e-type=\"column\">\n\t\t\t<div class=\"elementor-widget-wrap elementor-element-populated\">\n\t\t\t\t\t\t<div class=\"elementor-element elementor-element-ca27dff elementor-widget elementor-widget-text-editor\" data-id=\"ca27dff\" data-element_type=\"widget\" data-e-type=\"widget\" data-widget_type=\"text-editor.default\">\n\t\t\t\t<div class=\"elementor-widget-container\">\n\t\t\t\t\t\t\t\t\tPerqu\u00e8 els problemes de salut visual afecten tamb\u00e9 persones en situacions excepcionals, que no permeten la posada en marxa de diplomes formatius a llarg termini i requereixen una atenci\u00f3 immediata.\t\t\t\t\t\t\t\t<\/div>\n\t\t\t\t<\/div>\n\t\t\t\t\t<\/div>\n\t\t<\/div>\n\t\t\t\t\t<\/div>\n\t\t<\/section>\n\t\t\t\t\t<\/div>\n\t\t<\/div>\n\t\t\t\t\t<\/div>\n\t\t<\/section>\n\t\t\t\t<section class=\"elementor-section elementor-top-section elementor-element elementor-element-97294dc elementor-section-boxed elementor-section-height-default elementor-section-height-default\" data-id=\"97294dc\" data-element_type=\"section\" data-e-type=\"section\">\n\t\t\t\t\t\t<div class=\"elementor-container elementor-column-gap-default\">\n\t\t\t\t\t<div class=\"elementor-column elementor-col-100 elementor-top-column elementor-element elementor-element-b747465\" data-id=\"b747465\" data-element_type=\"column\" data-e-type=\"column\">\n\t\t\t<div class=\"elementor-widget-wrap elementor-element-populated\">\n\t\t\t\t\t\t<div class=\"elementor-element elementor-element-4616707 elementor-widget elementor-widget-gallery\" data-id=\"4616707\" data-element_type=\"widget\" data-e-type=\"widget\" data-settings=\"{&quot;lazyload&quot;:&quot;yes&quot;,&quot;gallery_layout&quot;:&quot;grid&quot;,&quot;columns&quot;:4,&quot;columns_tablet&quot;:2,&quot;columns_mobile&quot;:1,&quot;gap&quot;:{&quot;unit&quot;:&quot;px&quot;,&quot;size&quot;:10,&quot;sizes&quot;:[]},&quot;gap_tablet&quot;:{&quot;unit&quot;:&quot;px&quot;,&quot;size&quot;:10,&quot;sizes&quot;:[]},&quot;gap_mobile&quot;:{&quot;unit&quot;:&quot;px&quot;,&quot;size&quot;:10,&quot;sizes&quot;:[]},&quot;link_to&quot;:&quot;file&quot;,&quot;aspect_ratio&quot;:&quot;3:2&quot;,&quot;overlay_background&quot;:&quot;yes&quot;,&quot;content_hover_animation&quot;:&quot;fade-in&quot;}\" data-widget_type=\"gallery.default\">\n\t\t\t\t<div class=\"elementor-widget-container\">\n\t\t\t\t\t\t\t<div class=\"elementor-gallery__container\">\n\t\t\t\t\t\t\t<a class=\"e-gallery-item elementor-gallery-item elementor-animated-content\" href=\"https:\/\/ocularis.ong\/wp-content\/uploads\/2022\/10\/ocularis_acciones-sociales_1.jpg\" data-elementor-open-lightbox=\"yes\" data-elementor-lightbox-slideshow=\"4616707\" data-elementor-lightbox-title=\"ocularis_acciones-sociales_1\" data-e-action-hash=\"#elementor-action%3Aaction%3Dlightbox%26settings%3DeyJpZCI6NTU4OCwidXJsIjoiaHR0cHM6XC9cL29jdWxhcmlzLm9uZ1wvd3AtY29udGVudFwvdXBsb2Fkc1wvMjAyMlwvMTBcL29jdWxhcmlzX2FjY2lvbmVzLXNvY2lhbGVzXzEuanBnIiwic2xpZGVzaG93IjoiNDYxNjcwNyJ9\">\n\t\t\t\t\t<div class=\"e-gallery-image elementor-gallery-item__image\" data-thumbnail=\"https:\/\/ocularis.ong\/wp-content\/uploads\/2022\/10\/ocularis_acciones-sociales_1-300x170.jpg\" data-width=\"300\" data-height=\"170\" aria-label=\"\" role=\"img\" ><\/div>\n\t\t\t\t\t\t\t\t\t\t\t<div class=\"elementor-gallery-item__overlay\"><\/div>\n\t\t\t\t\t\t\t\t\t\t\t\t\t\t<\/a>\n\t\t\t\t\t\t\t<a class=\"e-gallery-item elementor-gallery-item elementor-animated-content\" href=\"https:\/\/ocularis.ong\/wp-content\/uploads\/2022\/10\/ocularis_acciones-sociales_2.jpg\" data-elementor-open-lightbox=\"yes\" data-elementor-lightbox-slideshow=\"4616707\" data-elementor-lightbox-title=\"ocularis_acciones-sociales_2\" data-e-action-hash=\"#elementor-action%3Aaction%3Dlightbox%26settings%3DeyJpZCI6NTUzNCwidXJsIjoiaHR0cHM6XC9cL29jdWxhcmlzLm9uZ1wvd3AtY29udGVudFwvdXBsb2Fkc1wvMjAyMlwvMTBcL29jdWxhcmlzX2FjY2lvbmVzLXNvY2lhbGVzXzIuanBnIiwic2xpZGVzaG93IjoiNDYxNjcwNyJ9\">\n\t\t\t\t\t<div class=\"e-gallery-image elementor-gallery-item__image\" data-thumbnail=\"https:\/\/ocularis.ong\/wp-content\/uploads\/2022\/10\/ocularis_acciones-sociales_2-300x300.jpg\" data-width=\"300\" data-height=\"300\" aria-label=\"\" role=\"img\" ><\/div>\n\t\t\t\t\t\t\t\t\t\t\t<div class=\"elementor-gallery-item__overlay\"><\/div>\n\t\t\t\t\t\t\t\t\t\t\t\t\t\t<\/a>\n\t\t\t\t\t\t\t<a class=\"e-gallery-item elementor-gallery-item elementor-animated-content\" href=\"https:\/\/ocularis.ong\/wp-content\/uploads\/2022\/10\/ocularis_acciones-sociales_4.jpg\" data-elementor-open-lightbox=\"yes\" data-elementor-lightbox-slideshow=\"4616707\" data-elementor-lightbox-title=\"ocularis_acciones-sociales_4\" data-e-action-hash=\"#elementor-action%3Aaction%3Dlightbox%26settings%3DeyJpZCI6NTU0NiwidXJsIjoiaHR0cHM6XC9cL29jdWxhcmlzLm9uZ1wvd3AtY29udGVudFwvdXBsb2Fkc1wvMjAyMlwvMTBcL29jdWxhcmlzX2FjY2lvbmVzLXNvY2lhbGVzXzQuanBnIiwic2xpZGVzaG93IjoiNDYxNjcwNyJ9\">\n\t\t\t\t\t<div class=\"e-gallery-image elementor-gallery-item__image\" data-thumbnail=\"https:\/\/ocularis.ong\/wp-content\/uploads\/2022\/10\/ocularis_acciones-sociales_4-300x225.jpg\" data-width=\"300\" data-height=\"225\" aria-label=\"\" role=\"img\" ><\/div>\n\t\t\t\t\t\t\t\t\t\t\t<div class=\"elementor-gallery-item__overlay\"><\/div>\n\t\t\t\t\t\t\t\t\t\t\t\t\t\t<\/a>\n\t\t\t\t\t\t\t<a class=\"e-gallery-item elementor-gallery-item elementor-animated-content\" href=\"https:\/\/ocularis.ong\/wp-content\/uploads\/2022\/10\/ocularis_acciones-sociales_5.jpg\" data-elementor-open-lightbox=\"yes\" data-elementor-lightbox-slideshow=\"4616707\" data-elementor-lightbox-title=\"ocularis_acciones-sociales_5\" data-e-action-hash=\"#elementor-action%3Aaction%3Dlightbox%26settings%3DeyJpZCI6NTU1MiwidXJsIjoiaHR0cHM6XC9cL29jdWxhcmlzLm9uZ1wvd3AtY29udGVudFwvdXBsb2Fkc1wvMjAyMlwvMTBcL29jdWxhcmlzX2FjY2lvbmVzLXNvY2lhbGVzXzUuanBnIiwic2xpZGVzaG93IjoiNDYxNjcwNyJ9\">\n\t\t\t\t\t<div class=\"e-gallery-image elementor-gallery-item__image\" data-thumbnail=\"https:\/\/ocularis.ong\/wp-content\/uploads\/2022\/10\/ocularis_acciones-sociales_5-300x225.jpg\" data-width=\"300\" data-height=\"225\" aria-label=\"\" role=\"img\" ><\/div>\n\t\t\t\t\t\t\t\t\t\t\t<div class=\"elementor-gallery-item__overlay\"><\/div>\n\t\t\t\t\t\t\t\t\t\t\t\t\t\t<\/a>\n\t\t\t\t\t\t\t<a class=\"e-gallery-item elementor-gallery-item elementor-animated-content\" href=\"https:\/\/ocularis.ong\/wp-content\/uploads\/2022\/10\/ocularis_acciones-sociales_6.jpg\" data-elementor-open-lightbox=\"yes\" data-elementor-lightbox-slideshow=\"4616707\" data-elementor-lightbox-title=\"ocularis_acciones-sociales_6\" data-e-action-hash=\"#elementor-action%3Aaction%3Dlightbox%26settings%3DeyJpZCI6NTU1OCwidXJsIjoiaHR0cHM6XC9cL29jdWxhcmlzLm9uZ1wvd3AtY29udGVudFwvdXBsb2Fkc1wvMjAyMlwvMTBcL29jdWxhcmlzX2FjY2lvbmVzLXNvY2lhbGVzXzYuanBnIiwic2xpZGVzaG93IjoiNDYxNjcwNyJ9\">\n\t\t\t\t\t<div class=\"e-gallery-image elementor-gallery-item__image\" data-thumbnail=\"https:\/\/ocularis.ong\/wp-content\/uploads\/2022\/10\/ocularis_acciones-sociales_6-225x300.jpg\" data-width=\"225\" data-height=\"300\" aria-label=\"\" role=\"img\" ><\/div>\n\t\t\t\t\t\t\t\t\t\t\t<div class=\"elementor-gallery-item__overlay\"><\/div>\n\t\t\t\t\t\t\t\t\t\t\t\t\t\t<\/a>\n\t\t\t\t\t\t\t<a class=\"e-gallery-item elementor-gallery-item elementor-animated-content\" href=\"https:\/\/ocularis.ong\/wp-content\/uploads\/2022\/10\/ocularis_acciones-sociales_7.jpg\" data-elementor-open-lightbox=\"yes\" data-elementor-lightbox-slideshow=\"4616707\" data-elementor-lightbox-title=\"ocularis_acciones-sociales_7\" data-e-action-hash=\"#elementor-action%3Aaction%3Dlightbox%26settings%3DeyJpZCI6NTU2NCwidXJsIjoiaHR0cHM6XC9cL29jdWxhcmlzLm9uZ1wvd3AtY29udGVudFwvdXBsb2Fkc1wvMjAyMlwvMTBcL29jdWxhcmlzX2FjY2lvbmVzLXNvY2lhbGVzXzcuanBnIiwic2xpZGVzaG93IjoiNDYxNjcwNyJ9\">\n\t\t\t\t\t<div class=\"e-gallery-image elementor-gallery-item__image\" data-thumbnail=\"https:\/\/ocularis.ong\/wp-content\/uploads\/2022\/10\/ocularis_acciones-sociales_7-225x300.jpg\" data-width=\"225\" data-height=\"300\" aria-label=\"\" role=\"img\" ><\/div>\n\t\t\t\t\t\t\t\t\t\t\t<div class=\"elementor-gallery-item__overlay\"><\/div>\n\t\t\t\t\t\t\t\t\t\t\t\t\t\t<\/a>\n\t\t\t\t\t\t\t<a class=\"e-gallery-item elementor-gallery-item elementor-animated-content\" href=\"https:\/\/ocularis.ong\/wp-content\/uploads\/2022\/10\/ocularis_acciones-sociales_10.jpg\" data-elementor-open-lightbox=\"yes\" data-elementor-lightbox-slideshow=\"4616707\" data-elementor-lightbox-title=\"ocularis_acciones-sociales_10\" data-e-action-hash=\"#elementor-action%3Aaction%3Dlightbox%26settings%3DeyJpZCI6NTU3MCwidXJsIjoiaHR0cHM6XC9cL29jdWxhcmlzLm9uZ1wvd3AtY29udGVudFwvdXBsb2Fkc1wvMjAyMlwvMTBcL29jdWxhcmlzX2FjY2lvbmVzLXNvY2lhbGVzXzEwLmpwZyIsInNsaWRlc2hvdyI6IjQ2MTY3MDcifQ%3D%3D\">\n\t\t\t\t\t<div class=\"e-gallery-image elementor-gallery-item__image\" data-thumbnail=\"https:\/\/ocularis.ong\/wp-content\/uploads\/2022\/10\/ocularis_acciones-sociales_10-300x225.jpg\" data-width=\"300\" data-height=\"225\" aria-label=\"\" role=\"img\" ><\/div>\n\t\t\t\t\t\t\t\t\t\t\t<div class=\"elementor-gallery-item__overlay\"><\/div>\n\t\t\t\t\t\t\t\t\t\t\t\t\t\t<\/a>\n\t\t\t\t\t\t\t<a class=\"e-gallery-item elementor-gallery-item elementor-animated-content\" href=\"https:\/\/ocularis.ong\/wp-content\/uploads\/2022\/10\/ocularis_acciones-sociales_12.jpg\" data-elementor-open-lightbox=\"yes\" data-elementor-lightbox-slideshow=\"4616707\" data-elementor-lightbox-title=\"ocularis_acciones-sociales_12\" data-e-action-hash=\"#elementor-action%3Aaction%3Dlightbox%26settings%3DeyJpZCI6NTU4MiwidXJsIjoiaHR0cHM6XC9cL29jdWxhcmlzLm9uZ1wvd3AtY29udGVudFwvdXBsb2Fkc1wvMjAyMlwvMTBcL29jdWxhcmlzX2FjY2lvbmVzLXNvY2lhbGVzXzEyLmpwZyIsInNsaWRlc2hvdyI6IjQ2MTY3MDcifQ%3D%3D\">\n\t\t\t\t\t<div class=\"e-gallery-image elementor-gallery-item__image\" data-thumbnail=\"https:\/\/ocularis.ong\/wp-content\/uploads\/2022\/10\/ocularis_acciones-sociales_12-300x225.jpg\" data-width=\"300\" data-height=\"225\" aria-label=\"\" role=\"img\" ><\/div>\n\t\t\t\t\t\t\t\t\t\t\t<div class=\"elementor-gallery-item__overlay\"><\/div>\n\t\t\t\t\t\t\t\t\t\t\t\t\t\t<\/a>\n\t\t\t\t\t<\/div>\n\t\t\t\t\t<\/div>\n\t\t\t\t<\/div>\n\t\t\t\t\t<\/div>\n\t\t<\/div>\n\t\t\t\t\t<\/div>\n\t\t<\/section>\n\t\t\t\t<section class=\"elementor-section elementor-top-section elementor-element elementor-element-b108078 elementor-section-boxed elementor-section-height-default elementor-section-height-default\" data-id=\"b108078\" data-element_type=\"section\" data-e-type=\"section\">\n\t\t\t\t\t\t<div class=\"elementor-container elementor-column-gap-default\">\n\t\t\t\t\t<div class=\"elementor-column elementor-col-100 elementor-top-column elementor-element elementor-element-6178371\" data-id=\"6178371\" data-element_type=\"column\" data-e-type=\"column\">\n\t\t\t<div class=\"elementor-widget-wrap elementor-element-populated\">\n\t\t\t\t\t\t<div class=\"elementor-element elementor-element-4e71e53 elementor-widget elementor-widget-heading\" data-id=\"4e71e53\" data-element_type=\"widget\" data-e-type=\"widget\" data-widget_type=\"heading.default\">\n\t\t\t\t<div class=\"elementor-widget-container\">\n\t\t\t\t\t<h2 class=\"elementor-heading-title elementor-size-default\">Quina mena d'accions socials?<\/h2>\t\t\t\t<\/div>\n\t\t\t\t<\/div>\n\t\t\t\t<div class=\"elementor-element elementor-element-3b902a2 elementor-widget elementor-widget-text-editor\" data-id=\"3b902a2\" data-element_type=\"widget\" data-e-type=\"widget\" data-widget_type=\"text-editor.default\">\n\t\t\t\t<div class=\"elementor-widget-container\">\n\t\t\t\t\t\t\t\t\tRealitzem puntualment revisions visuals i lliurem ulleres persones amb risc d&#8217;exclusi\u00f3 social.\t\t\t\t\t\t\t\t<\/div>\n\t\t\t\t<\/div>\n\t\t\t\t<div class=\"elementor-element elementor-element-bb25174 elementor-widget elementor-widget-heading\" data-id=\"bb25174\" data-element_type=\"widget\" data-e-type=\"widget\" data-widget_type=\"heading.default\">\n\t\t\t\t<div class=\"elementor-widget-container\">\n\t\t\t\t\t<h3 class=\"elementor-heading-title elementor-size-default\">Al nostre pa\u00eds<\/h3>\t\t\t\t<\/div>\n\t\t\t\t<\/div>\n\t\t\t\t<div class=\"elementor-element elementor-element-06140bc elementor-widget elementor-widget-text-editor\" data-id=\"06140bc\" data-element_type=\"widget\" data-e-type=\"widget\" data-widget_type=\"text-editor.default\">\n\t\t\t\t<div class=\"elementor-widget-container\">\n\t\t\t\t\t\t\t\t\t<p>Col\u00b7laborem amb la Comissi\u00f3 Catalana d&#8217;Ajuda al Refugiat (CCAR-CEAR), amb l&#8217;associaci\u00f3 Acci\u00f3 Solid\u00e0ria amb el S\u00e0hara les fam\u00edlies volunt\u00e0ries de la qual acullen infants procedents dels campaments de refugiats sahrau\u00eds a Tindouf per estiuejar al nostre pa\u00eds. Tamb\u00e9 actuem en orfenats i entitats de persones sense llar: oferim revisions peri\u00f2diques i atenci\u00f3 en salut visual.<\/p>\t\t\t\t\t\t\t\t<\/div>\n\t\t\t\t<\/div>\n\t\t\t\t<div class=\"elementor-element elementor-element-00eb792 elementor-widget elementor-widget-heading\" data-id=\"00eb792\" data-element_type=\"widget\" data-e-type=\"widget\" data-widget_type=\"heading.default\">\n\t\t\t\t<div class=\"elementor-widget-container\">\n\t\t\t\t\t<h3 class=\"elementor-heading-title elementor-size-default\">A pa\u00efsos on cooperem<\/h3>\t\t\t\t<\/div>\n\t\t\t\t<\/div>\n\t\t\t\t<div class=\"elementor-element elementor-element-7ddcfe4 elementor-widget elementor-widget-text-editor\" data-id=\"7ddcfe4\" data-element_type=\"widget\" data-e-type=\"widget\" data-widget_type=\"text-editor.default\">\n\t\t\t\t<div class=\"elementor-widget-container\">\n\t\t\t\t\t\t\t\t\tAprofitem els nostres viatges formatius per col\u00b7laborar amb revisions visuals a orfenats i a escoles p\u00fabliques de les zones m\u00e9s desafavorides.\t\t\t\t\t\t\t\t<\/div>\n\t\t\t\t<\/div>\n\t\t\t\t<div class=\"elementor-element elementor-element-14d1f28 elementor-widget elementor-widget-heading\" data-id=\"14d1f28\" data-element_type=\"widget\" data-e-type=\"widget\" data-widget_type=\"heading.default\">\n\t\t\t\t<div class=\"elementor-widget-container\">\n\t\t\t\t\t<h3 class=\"elementor-heading-title elementor-size-default\">A camps de refugiats<\/h3>\t\t\t\t<\/div>\n\t\t\t\t<\/div>\n\t\t\t\t<div class=\"elementor-element elementor-element-d25a93f elementor-widget elementor-widget-text-editor\" data-id=\"d25a93f\" data-element_type=\"widget\" data-e-type=\"widget\" data-widget_type=\"text-editor.default\">\n\t\t\t\t<div class=\"elementor-widget-container\">\n\t\t\t\t\t\t\t\t\tPer aportar la nostra ajuda a les persones refugiades. Ens desplacem en dues ocasions als camps de PETRA (Oct.2016) i als de SINATEX, KILKIS, POLYKASTRO i ELPIDA (Mar\u00e7 2017).\t\t\t\t\t\t\t\t<\/div>\n\t\t\t\t<\/div>\n\t\t\t\t\t<\/div>\n\t\t<\/div>\n\t\t\t\t\t<\/div>\n\t\t<\/section>\n\t\t\t\t<\/div>\n\t\t","protected":false},"excerpt":{"rendered":"<p>accions socials Perqu\u00e8 accions socials i no nom\u00e9s formaci\u00f3? Perqu\u00e8 els problemes de salut visual afecten tamb\u00e9 persones en situacions excepcionals, que no permeten la posada en marxa de diplomes formatius a llarg termini i requereixen una atenci\u00f3 immediata. Quina mena d&#8217;accions socials? Realitzem puntualment revisions visuals i lliurem ulleres persones amb risc d&#8217;exclusi\u00f3 social. &hellip;<\/p>\n<p class=\"read-more\"> <a class=\"\" href=\"https:\/\/ocularis.ong\/ca\/diplomes-i-accions\/accions-socials\/\"> <span class=\"screen-reader-text\">Accions socials<\/span> Llegeix m\u00e9s &raquo;<\/a><\/p>\n","protected":false},"author":6,"featured_media":0,"parent":6422,"menu_order":0,"comment_status":"closed","ping_status":"closed","template":"","meta":{"_mo_disable_npp":"","site-sidebar-layout":"no-sidebar","site-content-layout":"page-builder","ast-site-content-layout":"","site-content-style":"default","site-sidebar-style":"default","ast-global-header-display":"","ast-banner-title-visibility":"","ast-main-header-display":"","ast-hfb-above-header-display":"","ast-hfb-below-header-display":"","ast-hfb-mobile-header-display":"","site-post-title":"disabled","ast-breadcrumbs-content":"","ast-featured-img":"disabled","footer-sml-layout":"","theme-transparent-header-meta":"","adv-header-id-meta":"","stick-header-meta":"","header-above-stick-meta":"","header-main-stick-meta":"","header-below-stick-meta":"","astra-migrate-meta-layouts":"","footnotes":""},"class_list":["post-6633","page","type-page","status-publish","hentry"],"yoast_head":"<!-- This site is optimized with the Yoast SEO plugin v26.3 - https:\/\/yoast.com\/wordpress\/plugins\/seo\/ -->\n<title>Accions socials - Ocularis<\/title>\n<meta name=\"robots\" content=\"index, follow, max-snippet:-1, max-image-preview:large, max-video-preview:-1\" \/>\n<link rel=\"canonical\" href=\"https:\/\/ocularis.ong\/ca\/diplomes-i-accions\/accions-socials\/\" \/>\n<meta property=\"og:locale\" content=\"ca_ES\" \/>\n<meta property=\"og:type\" content=\"article\" \/>\n<meta property=\"og:title\" content=\"Accions socials - Ocularis\" \/>\n<meta property=\"og:description\" content=\"accions socials Perqu\u00e8 accions socials i no nom\u00e9s formaci\u00f3? Perqu\u00e8 els problemes de salut visual afecten tamb\u00e9 persones en situacions excepcionals, que no permeten la posada en marxa de diplomes formatius a llarg termini i requereixen una atenci\u00f3 immediata. Quina mena d&#8217;accions socials? Realitzem puntualment revisions visuals i lliurem ulleres persones amb risc d&#8217;exclusi\u00f3 social. &hellip; Accions socials Llegeix m\u00e9s &raquo;\" \/>\n<meta property=\"og:url\" content=\"https:\/\/ocularis.ong\/ca\/diplomes-i-accions\/accions-socials\/\" \/>\n<meta property=\"og:site_name\" content=\"Ocularis\" \/>\n<meta property=\"article:modified_time\" content=\"2023-07-20T08:34:08+00:00\" \/>\n<meta name=\"twitter:card\" content=\"summary_large_image\" \/>\n<meta name=\"twitter:label1\" content=\"Temps estimat de lectura\" \/>\n\t<meta name=\"twitter:data1\" content=\"1 minut\" \/>\n<script type=\"application\/ld+json\" class=\"yoast-schema-graph\">{\"@context\":\"https:\/\/schema.org\",\"@graph\":[{\"@type\":\"WebPage\",\"@id\":\"https:\/\/ocularis.ong\/ca\/diplomes-i-accions\/accions-socials\/\",\"url\":\"https:\/\/ocularis.ong\/ca\/diplomes-i-accions\/accions-socials\/\",\"name\":\"Accions socials - Ocularis\",\"isPartOf\":{\"@id\":\"https:\/\/ocularis.ong\/ca\/#website\"},\"datePublished\":\"2022-07-25T07:57:19+00:00\",\"dateModified\":\"2023-07-20T08:34:08+00:00\",\"breadcrumb\":{\"@id\":\"https:\/\/ocularis.ong\/ca\/diplomes-i-accions\/accions-socials\/#breadcrumb\"},\"inLanguage\":\"ca\",\"potentialAction\":[{\"@type\":\"ReadAction\",\"target\":[\"https:\/\/ocularis.ong\/ca\/diplomes-i-accions\/accions-socials\/\"]}]},{\"@type\":\"BreadcrumbList\",\"@id\":\"https:\/\/ocularis.ong\/ca\/diplomes-i-accions\/accions-socials\/#breadcrumb\",\"itemListElement\":[{\"@type\":\"ListItem\",\"position\":1,\"name\":\"Portada\",\"item\":\"https:\/\/ocularis.ong\/ca\/\"},{\"@type\":\"ListItem\",\"position\":2,\"name\":\"Diplomes i Accions\",\"item\":\"https:\/\/ocularis.ong\/ca\/diplomas-y-acciones\/\"},{\"@type\":\"ListItem\",\"position\":3,\"name\":\"Accions socials\"}]},{\"@type\":\"WebSite\",\"@id\":\"https:\/\/ocularis.ong\/ca\/#website\",\"url\":\"https:\/\/ocularis.ong\/ca\/\",\"name\":\"Ocularis\",\"description\":\"Teaching to see\",\"publisher\":{\"@id\":\"https:\/\/ocularis.ong\/ca\/#organization\"},\"potentialAction\":[{\"@type\":\"SearchAction\",\"target\":{\"@type\":\"EntryPoint\",\"urlTemplate\":\"https:\/\/ocularis.ong\/ca\/?s={search_term_string}\"},\"query-input\":{\"@type\":\"PropertyValueSpecification\",\"valueRequired\":true,\"valueName\":\"search_term_string\"}}],\"inLanguage\":\"ca\"},{\"@type\":\"Organization\",\"@id\":\"https:\/\/ocularis.ong\/ca\/#organization\",\"name\":\"Ocularis\",\"url\":\"https:\/\/ocularis.ong\/ca\/\",\"logo\":{\"@type\":\"ImageObject\",\"inLanguage\":\"ca\",\"@id\":\"https:\/\/ocularis.ong\/ca\/#\/schema\/logo\/image\/\",\"url\":\"https:\/\/ocularis.ong\/wp-content\/uploads\/2022\/09\/logo_r_139x200.jpg\",\"contentUrl\":\"https:\/\/ocularis.ong\/wp-content\/uploads\/2022\/09\/logo_r_139x200.jpg\",\"width\":139,\"height\":200,\"caption\":\"Ocularis\"},\"image\":{\"@id\":\"https:\/\/ocularis.ong\/ca\/#\/schema\/logo\/image\/\"}}]}<\/script>\n<!-- \/ Yoast SEO plugin. -->","yoast_head_json":{"title":"Accions socials - Ocularis","robots":{"index":"index","follow":"follow","max-snippet":"max-snippet:-1","max-image-preview":"max-image-preview:large","max-video-preview":"max-video-preview:-1"},"canonical":"https:\/\/ocularis.ong\/ca\/diplomes-i-accions\/accions-socials\/","og_locale":"ca_ES","og_type":"article","og_title":"Accions socials - Ocularis","og_description":"accions socials Perqu\u00e8 accions socials i no nom\u00e9s formaci\u00f3? Perqu\u00e8 els problemes de salut visual afecten tamb\u00e9 persones en situacions excepcionals, que no permeten la posada en marxa de diplomes formatius a llarg termini i requereixen una atenci\u00f3 immediata. Quina mena d&#8217;accions socials? Realitzem puntualment revisions visuals i lliurem ulleres persones amb risc d&#8217;exclusi\u00f3 social. &hellip; Accions socials Llegeix m\u00e9s &raquo;","og_url":"https:\/\/ocularis.ong\/ca\/diplomes-i-accions\/accions-socials\/","og_site_name":"Ocularis","article_modified_time":"2023-07-20T08:34:08+00:00","twitter_card":"summary_large_image","twitter_misc":{"Temps estimat de lectura":"1 minut"},"schema":{"@context":"https:\/\/schema.org","@graph":[{"@type":"WebPage","@id":"https:\/\/ocularis.ong\/ca\/diplomes-i-accions\/accions-socials\/","url":"https:\/\/ocularis.ong\/ca\/diplomes-i-accions\/accions-socials\/","name":"Accions socials - Ocularis","isPartOf":{"@id":"https:\/\/ocularis.ong\/ca\/#website"},"datePublished":"2022-07-25T07:57:19+00:00","dateModified":"2023-07-20T08:34:08+00:00","breadcrumb":{"@id":"https:\/\/ocularis.ong\/ca\/diplomes-i-accions\/accions-socials\/#breadcrumb"},"inLanguage":"ca","potentialAction":[{"@type":"ReadAction","target":["https:\/\/ocularis.ong\/ca\/diplomes-i-accions\/accions-socials\/"]}]},{"@type":"BreadcrumbList","@id":"https:\/\/ocularis.ong\/ca\/diplomes-i-accions\/accions-socials\/#breadcrumb","itemListElement":[{"@type":"ListItem","position":1,"name":"Portada","item":"https:\/\/ocularis.ong\/ca\/"},{"@type":"ListItem","position":2,"name":"Diplomes i Accions","item":"https:\/\/ocularis.ong\/ca\/diplomas-y-acciones\/"},{"@type":"ListItem","position":3,"name":"Accions socials"}]},{"@type":"WebSite","@id":"https:\/\/ocularis.ong\/ca\/#website","url":"https:\/\/ocularis.ong\/ca\/","name":"Ocularis","description":"Teaching to see","publisher":{"@id":"https:\/\/ocularis.ong\/ca\/#organization"},"potentialAction":[{"@type":"SearchAction","target":{"@type":"EntryPoint","urlTemplate":"https:\/\/ocularis.ong\/ca\/?s={search_term_string}"},"query-input":{"@type":"PropertyValueSpecification","valueRequired":true,"valueName":"search_term_string"}}],"inLanguage":"ca"},{"@type":"Organization","@id":"https:\/\/ocularis.ong\/ca\/#organization","name":"Ocularis","url":"https:\/\/ocularis.ong\/ca\/","logo":{"@type":"ImageObject","inLanguage":"ca","@id":"https:\/\/ocularis.ong\/ca\/#\/schema\/logo\/image\/","url":"https:\/\/ocularis.ong\/wp-content\/uploads\/2022\/09\/logo_r_139x200.jpg","contentUrl":"https:\/\/ocularis.ong\/wp-content\/uploads\/2022\/09\/logo_r_139x200.jpg","width":139,"height":200,"caption":"Ocularis"},"image":{"@id":"https:\/\/ocularis.ong\/ca\/#\/schema\/logo\/image\/"}}]}},"_links":{"self":[{"href":"https:\/\/ocularis.ong\/ca\/wp-json\/wp\/v2\/pages\/6633","targetHints":{"allow":["GET"]}}],"collection":[{"href":"https:\/\/ocularis.ong\/ca\/wp-json\/wp\/v2\/pages"}],"about":[{"href":"https:\/\/ocularis.ong\/ca\/wp-json\/wp\/v2\/types\/page"}],"author":[{"embeddable":true,"href":"https:\/\/ocularis.ong\/ca\/wp-json\/wp\/v2\/users\/6"}],"replies":[{"embeddable":true,"href":"https:\/\/ocularis.ong\/ca\/wp-json\/wp\/v2\/comments?post=6633"}],"version-history":[{"count":10,"href":"https:\/\/ocularis.ong\/ca\/wp-json\/wp\/v2\/pages\/6633\/revisions"}],"predecessor-version":[{"id":9627,"href":"https:\/\/ocularis.ong\/ca\/wp-json\/wp\/v2\/pages\/6633\/revisions\/9627"}],"up":[{"embeddable":true,"href":"https:\/\/ocularis.ong\/ca\/wp-json\/wp\/v2\/pages\/6422"}],"wp:attachment":[{"href":"https:\/\/ocularis.ong\/ca\/wp-json\/wp\/v2\/media?parent=6633"}],"curies":[{"name":"wp","href":"https:\/\/api.w.org\/{rel}","templated":true}]}}